{"id":3272,"date":"2017-02-08T14:24:50","date_gmt":"2017-02-08T14:24:50","guid":{"rendered":"http:\/\/www.erplybooks.com\/?page_id=3272\/"},"modified":"2025-03-03T11:53:56","modified_gmt":"2025-03-03T11:53:56","slug":"raamatupidaja","status":"publish","type":"page","link":"https:\/\/www.erplybooks.com\/et\/raamatupidaja\/","title":{"rendered":"Raamatupidamisfirmale"},"content":{"rendered":"<h3 style=\"text-align: left;\"><span style=\"font-weight: 400;\">Raamatupidamisfirma saab hallata k\u00f5iki ettev\u00f5tteid \u00fches kohas!<\/span><\/h3>\r\n\r\n<figure class=\"wp-block-table temp-table\">\r\n<table>\r\n<tbody>\r\n<tr>\r\n<td><iframe loading=\"lazy\" src=\"https:\/\/www.youtube.com\/embed\/zYAipfculgs\" width=\"560\" height=\"315\" frameborder=\"0\" allowfullscreen=\"allowfullscreen\"><\/iframe><\/td>\r\n<td>\r\n<h2><strong>Igap\u00e4evane raamatupidamine<\/strong><\/h2>\r\n<br \/>\r\n<ul>\r\n<li style=\"font-weight: 400;\"><span style=\"font-weight: 400;\"><strong><a href=\"https:\/\/www.erplybooks.com\/et\/eterply-books-raamatupidamistarkvara-funktsioonid\/\">Baasfunktsioonid<\/a><\/strong> &#8211; kontoplaanist pearaamatu ja k\u00e4ibeandmikuni<\/span><\/li>\r\n<\/ul>\r\n<br \/>\r\n<ul>\r\n<li style=\"font-weight: 400;\"><span style=\"font-weight: 400;\"><a href=\"https:\/\/www.erplybooks.com\/et\/juhendid\/laekumiste-haldamine\/\"><strong>Arvete ja laekumiste haldamine<\/strong><\/a> \u2013 t\u00e4isautomatiseerimise v\u00f5imalused<\/span><\/li>\r\n<\/ul>\r\n<br \/>\r\n<ul>\r\n<li style=\"font-weight: 400;\"><span style=\"font-weight: 400;\"><strong><a href=\"https:\/\/www.erplybooks.com\/et\/juhendid\/finantsaruanded\/\">Aruandlus<\/a> <\/strong>&#8211; erinevatele tasemetele: raamatupidaja, ettev\u00f5tte juht, audiitor, frantsiisi juhataja<\/span><\/li>\r\n<\/ul>\r\n<\/td>\r\n<\/tr>\r\n<\/tbody>\r\n<\/table>\r\n<\/figure>\r\n\r\n\r\n\r\n<div class=\"wp-block-spacer\" style=\"height: 52px;\" aria-hidden=\"true\">\u00a0<\/div>\r\n\r\n<h2><b>Pilvep\u00f5hine platvorm<img loading=\"lazy\" decoding=\"async\" class=\" wp-image-5282 alignright\" src=\"https:\/\/www.erplybooks.com\/wp-content\/uploads\/2017\/02\/ERPLY-Books-functionalities-map-EN-to-Website-300x156.jpg\" alt=\"\" width=\"409\" height=\"213\" srcset=\"https:\/\/www.erplybooks.com\/wp-content\/uploads\/2017\/02\/ERPLY-Books-functionalities-map-EN-to-Website-300x156.jpg 300w, https:\/\/www.erplybooks.com\/wp-content\/uploads\/2017\/02\/ERPLY-Books-functionalities-map-EN-to-Website-768x399.jpg 768w, https:\/\/www.erplybooks.com\/wp-content\/uploads\/2017\/02\/ERPLY-Books-functionalities-map-EN-to-Website-1024x531.jpg 1024w, https:\/\/www.erplybooks.com\/wp-content\/uploads\/2017\/02\/ERPLY-Books-functionalities-map-EN-to-Website.jpg 1763w\" sizes=\"auto, (max-width: 409px) 100vw, 409px\" \/><\/b><\/h2>\r\n<p><strong>ERPLY Booksi pilvep\u00f5hine tarkvara v\u00f5imaldab ligip\u00e4\u00e4su andmetele igal ajal ja igas kohas.<\/strong><\/p>\r\n<ul>\r\n<li>ERPLY Booksi saab kasutada igast kohast ja seadmest, kus on internet ja veebilehitseja<\/li>\r\n<li>Tarkvara on pidevalt uuenev ja uuendused toimuvad reaalajas<\/li>\r\n<\/ul>\r\n\r\n<div class=\"wp-block-spacer\" style=\"height: 52px;\" aria-hidden=\"true\">\u00a0<\/div>\r\n\r\n<h2 style=\"text-align: left;\"><strong> <img loading=\"lazy\" decoding=\"async\" class=\" wp-image-5228 alignleft\" src=\"https:\/\/www.erplybooks.com\/wp-content\/uploads\/2017\/02\/Capture59-300x191.png\" alt=\"\" width=\"486\" height=\"309\" srcset=\"https:\/\/www.erplybooks.com\/wp-content\/uploads\/2017\/02\/Capture59-300x191.png 300w, https:\/\/www.erplybooks.com\/wp-content\/uploads\/2017\/02\/Capture59.png 497w\" sizes=\"auto, (max-width: 486px) 100vw, 486px\" \/>Mitme ettev\u00f5tte haldamine<\/strong><\/h2>\r\n<p><strong>ERPLY Books on ideaalne raamatupidamisfirmale, kes tegeleb mitme ettev\u00f5tte raamatupidamisega.\u00a0<\/strong><\/p>\r\n<ul>\r\n<li>K\u00f5ik informatsioon ja andmed on \u00fches kohas<\/li>\r\n<li>V\u00f5imalus j\u00e4lgida ettev\u00f5tete statistikat<\/li>\r\n<li>V\u00f5imalus kopeerida j\u00e4rgmine ettev\u00f5te, <span style=\"font-weight: 400;\">v\u00f5ttes aluseks juba loodud ettev\u00f5tte seadistused (kontoplaan, s\u00fcsteemikontod, k\u00e4ibemaksuliigid)<\/span><\/li>\r\n<li>Vaata v\u00f5imalusi videost\u00a0 t\u00e4psemalt <a href=\"https:\/\/www.youtube.com\/watch?v=eq6YnCLi-Xs\">SIIN<\/a><\/li>\r\n<\/ul>\r\n\r\n<div class=\"wp-block-spacer\" style=\"height: 52px;\" aria-hidden=\"true\">\u00a0<\/div>\r\n\r\n<h2><b>Anna klientidele ligip\u00e4\u00e4s<br \/><img loading=\"lazy\" decoding=\"async\" class=\" wp-image-5230 alignright\" src=\"https:\/\/www.erplybooks.com\/wp-content\/uploads\/2017\/02\/Capture56-300x182.png\" alt=\"\" width=\"466\" height=\"283\" srcset=\"https:\/\/www.erplybooks.com\/wp-content\/uploads\/2017\/02\/Capture56-300x182.png 300w, https:\/\/www.erplybooks.com\/wp-content\/uploads\/2017\/02\/Capture56.png 706w\" sizes=\"auto, (max-width: 466px) 100vw, 466px\" \/><\/b><\/h2>\r\n<p><strong>Raamatupidajatel on v\u00f5imalik anda enda klientidele erinevaid <a href=\"https:\/\/www.erplybooks.com\/et\/?page_id=1422\">privileege.<\/a> N\u00e4iteks on klientidel v\u00f5imalik sistada m\u00fc\u00fcgiarveid ja vaadata aruandeid samal ajal, kui raamatupidajad tegelevad muude vajalike toimingutega.<\/strong><\/p>\r\n<ul>\r\n<li style=\"font-weight: 400;\"><span style=\"font-weight: 400;\">V\u00f5imalik anda vajaminevaid privileege, kui tavaline kasutajaroll ei ole piisav<\/span><\/li>\r\n<li style=\"font-weight: 400;\">Lihtroll, kus saab anda privileegi ainult vaadata<\/li>\r\n<li style=\"font-weight: 400;\"><span style=\"font-weight: 400;\">Lihtroll, kus saab arveid sisestada ja aruandeid vaadata, aga mitte kandeid muuta<\/span><\/li>\r\n<li><span style=\"font-weight: 400;\">Kontroll andmete \u00fcle<\/span><\/li>\r\n<\/ul>\r\n\r\n<div class=\"wp-block-spacer\" style=\"height: 52px;\" aria-hidden=\"true\">\u00a0<\/div>\r\n\r\n<h2><b>Paindlikkus<img loading=\"lazy\" decoding=\"async\" class=\"wp-image-5232 alignleft\" src=\"https:\/\/www.erplybooks.com\/wp-content\/uploads\/2017\/02\/capture57-300x174.png\" alt=\"\" width=\"586\" height=\"340\" srcset=\"https:\/\/www.erplybooks.com\/wp-content\/uploads\/2017\/02\/capture57-300x174.png 300w, https:\/\/www.erplybooks.com\/wp-content\/uploads\/2017\/02\/capture57-768x446.png 768w, https:\/\/www.erplybooks.com\/wp-content\/uploads\/2017\/02\/capture57-1024x594.png 1024w, https:\/\/www.erplybooks.com\/wp-content\/uploads\/2017\/02\/capture57.png 1065w\" sizes=\"auto, (max-width: 586px) 100vw, 586px\" \/><\/b><\/h2>\r\n<p><strong>Kui lood uue firma, siis saad kohandada vaikimisi seadistatud reegleid endale sobivaks:<\/strong><\/p>\r\n<ul>\r\n<li>Seadista kontoplaan, k\u00e4ibemaksud, artiklid, lisa neile omavahelised reeglid<\/li>\r\n<li>Koosta ise aruandeid\u00a0<a href=\"https:\/\/www.erplybooks.com\/et\/juhendid\/aruandegeneraator\/\">aruandegeneraatoris<\/a><\/li>\r\n<li>Koosta kohandatud bilanss ja kasumiaruanne<\/li>\r\n<li>Aruanded p\u00f5hi- ja aruandlusvaluutas<\/li>\r\n<li><a href=\"https:\/\/www.erplybooks.com\/et\/juhendid\/pangareeglid\/\">Automatiseeri pank,<\/a>\u00a0ostud ja lisa kontode reeglid<\/li>\r\n<li>Lisa kiirvaliku nupud<\/li>\r\n<\/ul>\r\n\r\n<div class=\"wp-block-spacer\" style=\"height: 52px;\" aria-hidden=\"true\">\u00a0<\/div>\r\n\r\n\r\n\r\n<h2 class=\"has-text-align-left wp-block-heading\"><strong><a href=\"https:\/\/www.erplybooks.com\/et\/juhendid\/ostuarvete-automatiseerimine\/\">Ostuarvete postkast<\/a><\/strong><\/h2>\r\n\r\n\r\n\r\n<div class=\"wp-block-image\">\r\n<figure class=\"alignright is-resized\"><img loading=\"lazy\" decoding=\"async\" class=\"wp-image-15848\" src=\"https:\/\/www.erplybooks.com\/wp-content\/uploads\/2019\/04\/postkast-2.png\" alt=\"\" width=\"535\" height=\"278\" \/><\/figure>\r\n<\/div>\r\n\r\n\r\n\r\n<p><strong><strong>ERPLY Booksi ostuarvete postkast s\u00e4\u00e4stab kuni 80% ostuarvetele kuluvast ajast. Ostuarveid saab sisestada lihtsalt: paremal n\u00e4ed arvet ning samal ajal saad vasakul seda sisestada.<\/strong><\/strong><\/p>\r\n\r\n\r\n\r\n<ul class=\"wp-block-list\">\r\n<li>Jaga hankijatele oma isiklik ERPLY Booksi e-maili address, kuhu saadetud e-mail koos failidega salvestub<\/li>\r\n<li>K\u00f5ik dokumendid on \u00fches kohas ja arhiveeritud<\/li>\r\n<li>Arvete koostamisel on abiks PDF lugeja ja e-arvete automaatne t\u00f6\u00f6tlemine<\/li>\r\n<li>Arhiveeri PDF, pilt v\u00f5i e-arve<\/li>\r\n<li>Koosta maksefailid arvete tasumiseks<\/li>\r\n<li>Lisa reeglid automaatseks arve sisestuseks, kui fail postkasti j\u00f5uab<\/li>\r\n<\/ul>\r\n\r\n\r\n\r\n<div class=\"wp-block-spacer\" style=\"height: 52px;\" aria-hidden=\"true\">\u00a0<\/div>\r\n\r\n\r\n\r\n<h2 class=\"has-text-align-right wp-block-heading\"><strong>Pangaimport<\/strong><\/h2>\r\n\r\n\r\n\r\n<div class=\"wp-block-image\">\r\n<figure class=\"alignleft is-resized\"><img loading=\"lazy\" decoding=\"async\" class=\"wp-image-15853\" src=\"https:\/\/www.erplybooks.com\/wp-content\/uploads\/2019\/04\/pangaimport.png\" alt=\"\" width=\"546\" height=\"285\" \/><\/figure>\r\n<\/div>\r\n\r\n\r\n\r\n<p><strong><strong> Lae fail pangaimpordi kaudu s\u00fcsteemi ning ERPLY Books \u00fchendab maksed arvetega automaatselt.<\/strong> <\/strong><\/p>\r\n\r\n\r\n\r\n<ul class=\"wp-block-list\">\r\n<li>Pangaimport tuvastab kuni 100% tehingutest<\/li>\r\n<li>Automatiseeri pangaimporti veelgi l\u00e4bi <a href=\"https:\/\/www.erplybooks.com\/et\/juhendid\/pangareeglid\/\">pangareeglite<\/a><\/li>\r\n<li>Toetame paljude riikide ja ka PayPal\u2019i pangav\u00e4ljav\u00f5tte importimist<\/li>\r\n<li>SEPA maksefaile saab koostada ostuarvete, palkade ja muude maksete sooritamiseks<\/li>\r\n<li><a href=\"https:\/\/www.erplybooks.com\/et\/juhendid\/maksefaili-koostamine-ja-selle-eriparad-erply-booksis\/\">Maksefaili koostades<\/a> koondatakse sama hankija arved \u00fcheks makseks (viitenumbrit arvesse v\u00f5ttes)<\/li>\r\n<\/ul>\r\n\r\n\r\n\r\n<div class=\"wp-block-spacer\" style=\"height: 52px;\" aria-hidden=\"true\">\u00a0<\/div>\r\n\r\n\r\n\r\n<h2 class=\"wp-block-heading\"><strong>Massimportimine<\/strong><\/h2>\r\n\r\n\r\n\r\n<div class=\"wp-block-image\">\r\n<figure class=\"alignright is-resized\"><img loading=\"lazy\" decoding=\"async\" class=\"wp-image-15858\" src=\"https:\/\/www.erplybooks.com\/wp-content\/uploads\/2019\/04\/massimport.png\" alt=\"\" width=\"499\" height=\"264\" \/><\/figure>\r\n<\/div>\r\n\r\n\r\n\r\n<p><strong><strong>ERPLY Booksis on andmete <\/strong><a href=\"https:\/\/www.erplybooks.com\/et\/juhendid\/andmete-importimine-erply-booksis\/\"><strong>massiliseks importimiseks<\/strong><\/a><strong> mugav kasutada <\/strong><a href=\"https:\/\/www.erplybooks.com\/et\/kuidas-avada-csv-faile\/\"><strong>CSV<\/strong><\/a><strong> faili v\u00f5i lihtsalt kopeerida ja kleepida andmed Excelist ERPLY Booksi importimise moodulisse.<\/strong><\/strong><\/p>\r\n\r\n\r\n\r\n<ul class=\"wp-block-list\">\r\n<li>Rohkem kui 1000 arve importimisel kasuta CSV faili<\/li>\r\n<li><strong>Ctrl+C<\/strong> ja <strong>Ctrl+V<\/strong> abil saab andmed importida Excelist ERPLY Booksi<\/li>\r\n<li>Andmete pidevaks impordiks \u00fchilda andmed tarkvaraga, mis teostab impordi Sinu eest<\/li>\r\n<\/ul>\r\n\r\n\r\n\r\n<div class=\"wp-block-spacer\" style=\"height: 52px;\" aria-hidden=\"true\">\u00a0<\/div>\r\n\r\n<h2 style=\"text-align: left;\"><b><img loading=\"lazy\" decoding=\"async\" class=\" wp-image-5234 alignleft\" src=\"https:\/\/www.erplybooks.com\/wp-content\/uploads\/2017\/02\/Capture61-300x196.png\" alt=\"\" width=\"427\" height=\"279\" srcset=\"https:\/\/www.erplybooks.com\/wp-content\/uploads\/2017\/02\/Capture61-300x196.png 300w, https:\/\/www.erplybooks.com\/wp-content\/uploads\/2017\/02\/Capture61.png 488w\" sizes=\"auto, (max-width: 427px) 100vw, 427px\" \/><a href=\"https:\/\/www.erplybooks.com\/et\/juhendid\/kaibedeklaratsiooni-lisa\/\">K\u00e4ibemaks<\/a><\/b><strong><br \/><\/strong><\/h2>\r\n<p style=\"text-align: left;\"><strong>Tarkvara v\u00f5imaldab siduda k\u00e4ibemaksu erinevate artiklitega. Lisaks saab rakendada p\u00f6\u00f6rdk\u00e4ibemaksu ning erinevaid k\u00e4ibemaksuliike saab seadistada vastavalt sellele, kuidas nad deklaratsioonis kajastuvad.<\/strong><\/p>\r\n<ul>\r\n<li style=\"font-weight: 400;\"><span style=\"font-weight: 400;\">Lisa vajadusel erinevaid k\u00e4ibemaksuliike<\/span><\/li>\r\n<li style=\"font-weight: 400;\"><span style=\"font-weight: 400;\">Vastavalt EU arve t\u00fc\u00fcbile saab lisada k\u00e4ibemaksureegleid<\/span><\/li>\r\n<li style=\"font-weight: 400;\"><span style=\"font-weight: 400;\">\u00dchenda erinevad kliendigrupid k\u00e4ibemaksum\u00e4\u00e4radega<\/span><\/li>\r\n<li style=\"font-weight: 400;\"><span style=\"font-weight: 400;\">Arvesta automaatselt <a href=\"https:\/\/www.erplybooks.com\/et\/juhendid\/ettemakse-kaibemaks\/\">ettemakse k\u00e4ibemaksu<\/a><\/span><\/li>\r\n<\/ul>\r\n\r\n<div class=\"wp-block-spacer\" style=\"height: 52px;\" aria-hidden=\"true\">\u00a0<\/div>\r\n\r\n<h2><strong>E-arved<img loading=\"lazy\" decoding=\"async\" class=\" wp-image-5235 alignright\" src=\"https:\/\/www.erplybooks.com\/wp-content\/uploads\/2017\/02\/earve-300x240.png\" alt=\"\" width=\"420\" height=\"336\" srcset=\"https:\/\/www.erplybooks.com\/wp-content\/uploads\/2017\/02\/earve-300x240.png 300w, https:\/\/www.erplybooks.com\/wp-content\/uploads\/2017\/02\/earve.png 600w\" sizes=\"auto, (max-width: 420px) 100vw, 420px\" \/><\/strong><\/h2>\r\n<p><strong>ERPLY Books toetab <a href=\"https:\/\/www.erplybooks.com\/et\/fitekin-integratsioon\/\">Fitekin<\/a> (endine Fitek) ja <a href=\"https:\/\/www.erplybooks.com\/et\/finbite-integratsioon\/\">Finbite <\/a>arvete lahendusi. Arvete automaatne t\u00f6\u00f6tlemine hoiab Sinu aega kokku k\u00e4sitsi sisestamise arvelt.<\/strong><\/p>\r\n<ul>\r\n<li>Saada m\u00fc\u00fcgiarved e-arve operaatorile<\/li>\r\n<li>T\u00f5mba ostuarved e-arve operaatorilt<\/li>\r\n<li>Lisa reeglid automaatseks arve sisestuseks, kui fail postkasti j\u00f5uab<\/li>\r\n<\/ul>\r\n\r\n<div class=\"wp-block-spacer\" style=\"height: 52px;\" aria-hidden=\"true\">\u00a0<\/div>\r\n\r\n<p style=\"text-align: center;\"><a class=\"btn-filled btn\" href=\"https:\/\/app.erplybooks.com\/register\" target=\"_blank\" rel=\"noopener noreferrer\">Proovi tasuta<\/a><\/p>\r\n<h2 style=\"text-align: center;\">\u00a0<\/h2>","protected":false},"excerpt":{"rendered":"<p>Raamatupidamisfirma saab hallata k\u00f5iki ettev\u00f5tteid \u00fches kohas! Igap\u00e4evane raamatupidamine Baasfunktsioonid &#8211; kontoplaanist pearaamatu ja k\u00e4ibeandmikuni Arvete ja laekumiste haldamine \u2013 t\u00e4isautomatiseerimise v\u00f5imalused Aruandlus &#8211; erinevatele tasemetele: raamatupidaja, ettev\u00f5tte juht, audiitor, frantsiisi juhataja Pilvep\u00f5hine platvorm ERPLY Booksi pilvep\u00f5hine tarkvara v\u00f5imaldab ligip\u00e4\u00e4su andmetele igal ajal ja igas kohas. ERPLY Booksi saab kasutada igast kohast ja seadmest, kus [&hellip;]<\/p>\n","protected":false},"author":1,"featured_media":0,"parent":0,"menu_order":60,"comment_status":"closed","ping_status":"closed","template":"","meta":{"_et_pb_use_builder":"","_et_pb_old_content":"","_et_gb_content_width":"","footnotes":""},"categories":[1165],"tags":[171,846,821],"class_list":["post-3272","page","type-page","status-publish","hentry","category-tarkvara","tag-raamatupidaja","tag-raamatupidamistarkvara","tag-tarkvara"],"_links":{"self":[{"href":"https:\/\/www.erplybooks.com\/et\/wp-json\/wp\/v2\/pages\/3272","targetHints":{"allow":["GET"]}}],"collection":[{"href":"https:\/\/www.erplybooks.com\/et\/wp-json\/wp\/v2\/pages"}],"about":[{"href":"https:\/\/www.erplybooks.com\/et\/wp-json\/wp\/v2\/types\/page"}],"author":[{"embeddable":true,"href":"https:\/\/www.erplybooks.com\/et\/wp-json\/wp\/v2\/users\/1"}],"replies":[{"embeddable":true,"href":"https:\/\/www.erplybooks.com\/et\/wp-json\/wp\/v2\/comments?post=3272"}],"version-history":[{"count":0,"href":"https:\/\/www.erplybooks.com\/et\/wp-json\/wp\/v2\/pages\/3272\/revisions"}],"wp:attachment":[{"href":"https:\/\/www.erplybooks.com\/et\/wp-json\/wp\/v2\/media?parent=3272"}],"wp:term":[{"taxonomy":"category","embeddable":true,"href":"https:\/\/www.erplybooks.com\/et\/wp-json\/wp\/v2\/categories?post=3272"},{"taxonomy":"post_tag","embeddable":true,"href":"https:\/\/www.erplybooks.com\/et\/wp-json\/wp\/v2\/tags?post=3272"}],"curies":[{"name":"wp","href":"https:\/\/api.w.org\/{rel}","templated":true}]}}