{"id":3269,"date":"2017-02-08T14:24:00","date_gmt":"2017-02-08T14:24:00","guid":{"rendered":"http:\/\/www.erplybooks.com\/?page_id=3269\/"},"modified":"2023-07-11T11:38:02","modified_gmt":"2023-07-11T11:38:02","slug":"vaikeettevote","status":"publish","type":"page","link":"https:\/\/www.erplybooks.com\/et\/vaikeettevote\/","title":{"rendered":"V\u00e4iksele ettev\u00f5ttele"},"content":{"rendered":"<div id=\"pl-3269\" class=\"panel-layout\">\n<div id=\"pg-3269-0\" class=\"panel-grid panel-no-style\">\n<div id=\"pgc-3269-0-0\" class=\"panel-grid-cell\" data-weight=\"1\">\n<h1 id=\"panel-3269-0-0-0\" class=\"so-panel widget panel-first-child panel-last-child\" style=\"text-align: center;\" data-index=\"0\" data-style=\"{&quot;background_image_attachment&quot;:false,&quot;background_display&quot;:&quot;tile&quot;}\"><span style=\"font-weight: 400;\">ERPLY Books teeb k\u00f5ik, et aidata Teid enda v\u00e4ikeettev\u00f5tte kasvatamisega. Me pakume mitmeid funktsioone ja lisav\u00f5imalusi, mis aitavad Teil h\u00f5lpsasti v\u00e4ikeettev\u00f5tte raamatupidamise ja aruandlusega toimetada.<\/span><\/h1>\n<p>&nbsp;<\/p>\n<\/div>\n<h3><span style=\"font-weight: 400;\">Kuidas ERPLY Books t\u00f6\u00f6tab?<\/span><\/h3>\n<p><span style=\"font-weight: 400;\">ERPLY Booksil on mitmeid funktsioone, mis automatiseerivad v\u00e4ikeettev\u00f5tte raamatupidamisprotsesse ja parendab teie raamatupidamiskogemust. Leia nimekiri k\u00f5ikidest ERPLY Booksis olemasolevatest funktsioonidest <\/span><a href=\"https:\/\/www.erplybooks.com\/et\/eterply-books-raamatupidamistarkvara-funktsioonid\/\"><span style=\"font-weight: 400;\">SIIT<\/span><\/a><span style=\"font-weight: 400;\">!<\/span><\/p>\n<p><span style=\"font-weight: 400;\">J\u00e4rgnevad l\u00f5igud kirjeldavad p\u00f5hifunktsioone, mis meie arvates v\u00f5ivad Teie ning Teie ettev\u00f5tte jaoks v\u00e4\u00e4rtuslikud olla. Kui teil on t\u00e4iendavaid k\u00fcsimusi selle kohta, kuidas antud protsessid toimivad, siis k\u00f5ikide kirjelduste juurde on lisatud ka link \u00f5petusega. Loomulikult vastame lisak\u00fcsimustele ka telefoni v\u00f5i meili teel.<\/span><\/p>\n<p>&nbsp;<\/p>\n<\/div>\n<h3><b>Igap\u00e4evane raamatupidamine<\/b><\/h3>\n<p>&nbsp;<\/p>\n<table class=\"temp-table\" style=\"width: 980px;\">\n<tbody>\n<tr>\n<td style=\"width: 529.5625px;\"><strong>ERPLY Books katab k\u00f5ik raamatupidamisega seotud toimingud ja palju enamat. V\u00e4ikeettev\u00f5tte raamatupidamine toimib vaikimisi seadistusega ja suured ettev\u00f5tted saavad kohandada raamatupidamistarkvara endale sobivaks.<\/strong><\/p>\n<ul>\n<li><span style=\"font-weight: 400;\">Raamatupidamisprogramm sisaldab k\u00f5iki baasfunktsioone kontoplaanist, pearaamatu ja k\u00e4ibeandmikuni;<\/span><\/li>\n<li><span style=\"font-family: inherit; font-size: inherit;\">Halda arveid ja laekumisi uuel tasemel \u2013 tavalise k\u00e4sitsi sisestamise funktsionaalsuse k\u00f5rval on nende t\u00e4isautomatiseerimise v\u00f5imalused;<\/span><\/li>\n<li><span style=\"font-family: inherit; font-size: inherit;\"><a href=\"https:\/\/www.erplybooks.com\/et\/aruandlus-2\/\">Aruandlus<\/a> v\u00f5imaldab teha aruandeid nii raamatupidajale, ettev\u00f5tte juhile, audiitorile, frantsiisijuhile jne.<\/span><\/li>\n<\/ul>\n<\/td>\n<\/tr>\n<\/tbody>\n<\/table>\n<h3><\/h3>\n<h3><b>Halda oma m\u00fc\u00fcke<\/b><\/h3>\n<p>&nbsp;<\/p>\n<table class=\"temp-table\">\n<tbody>\n<tr>\n<td width=\"50%\"><strong>ERPLY Books toetab teie m\u00fc\u00fcgiprotsessi: saate lihtsalt lisada uusi arveid, muuta need korduvaks, importida arveid jne.\u00a0<\/strong><\/p>\n<ul>\n<li><span style=\"font-weight: 400;\"><a href=\"https:\/\/www.erplybooks.com\/et\/juhendid\/e-mailide-jalgimine\/\">Saatke arveid meili teel ja j\u00e4lgige<\/a>, kes on arve avanud (v\u00f5i kas meil on tagasi tulnud);\u00a0<\/span><\/li>\n<li><span style=\"font-family: inherit; font-size: inherit;\">Lisa <a href=\"https:\/\/www.erplybooks.com\/et\/juhendid\/perioodilised-arved\/\">korduvarveid<\/a>;\u00a0<\/span><\/li>\n<li><span style=\"font-family: inherit; font-size: inherit;\">Tasumata arvete haldamine \u2013 maksete lisamine, <a href=\"https:\/\/www.erplybooks.com\/et\/juhendid\/andmete-importimine-erply-booksis\/\">maksete importimine<\/a> ja <a href=\"https:\/\/www.erplybooks.com\/et\/juhendid\/laekumata-arvete-meeldetuletused\/\">klientidele meeldetuletuste saatmine<\/a>;\u00a0<\/span><\/li>\n<li><span style=\"font-family: inherit; font-size: inherit;\">Erinevad valuutad, erinevad arvemallid (ja keeled); &#8211; Kas kasutate m\u00f5nda muud m\u00fc\u00fcgis\u00fcsteemi? Importige arveid <a href=\"https:\/\/www.erplybooks.com\/et\/api\/\">API<\/a> abil v\u00f5i otse Excelist.<\/span><\/li>\n<\/ul>\n<\/td>\n<td><\/td>\n<\/tr>\n<\/tbody>\n<\/table>\n<\/div>\n<h3><\/h3>\n<h3><b>Ostuarvete automatiseerimine<\/b><\/h3>\n<p>&nbsp;<\/p>\n<table class=\"temp-table\">\n<tbody>\n<tr>\n<td width=\"50%\"><strong>ERPLY Books\u2019is on <a href=\"https:\/\/www.erplybooks.com\/et\/ostuarvete-automatiseerimine-3\/\">ostuarvete automatiseerimine<\/a> imelihtne ning s\u00e4\u00e4stad kuni 80% ostuarvetele kuluvast ajast. Sisesta ostuarved lihtsalt: vasakul saad sisestada andmed ning samal ajal n\u00e4ed paremal arve vormistust. <\/strong><\/p>\n<ul>\n<li><span style=\"font-weight: 400;\">Jaga hankijatele oma isiklik ERPLY Booksi e-maili address, kuhu saadetud e-mail koos failidega salvestub.<\/span><\/li>\n<li><span style=\"font-family: inherit; font-size: inherit;\">K\u00f5ik dokumendid on <a href=\"https:\/\/www.erplybooks.com\/et\/juhendid\/andmete-importimine-erply-booksis\/\">ostuarvete postkastis<\/a> \u00fches kohas ja arhiveeritud.<\/span><\/li>\n<li><span style=\"font-family: inherit; font-size: inherit;\">Arvete koostamisel on abiks PDF lugeja ja e-arvete automaatne t\u00f6\u00f6tlemine.<\/span><\/li>\n<li><span style=\"font-family: inherit; font-size: inherit;\">Arhiveeri PDF, pilt v\u00f5i e-arve.<\/span><\/li>\n<li><span style=\"font-family: inherit; font-size: inherit;\">Koosta maksefailid arvete tasumiseks.<\/span><\/li>\n<li><span style=\"font-family: inherit; font-size: inherit;\">Lisa reeglid automaatseks arve sisestuseks, kui fail postkasti j\u00f5uab.<\/span><\/li>\n<\/ul>\n<\/td>\n<td><\/td>\n<\/tr>\n<\/tbody>\n<\/table>\n<p>&nbsp;<\/p>\n<h3><b>Palgaarvestused<\/b><\/h3>\n<p>&nbsp;<\/p>\n<table class=\"temp-table\">\n<tbody>\n<tr>\n<td width=\"50%\"><span style=\"font-weight: 400;\"><strong>V\u00f5imalus lisada s\u00fcsteemi palgaarvestuse reeglid, <a href=\"https:\/\/www.erplybooks.com\/et\/tootajate-lisamine\/\">t\u00f6\u00f6tajate kontaktid<\/a>, erinevad palgaliigid, maksum\u00e4\u00e4rad, <a href=\"https:\/\/www.erplybooks.com\/et\/puhkusepaevade-jaak\/\">kogutud puhkusep\u00e4evad<\/a>, <a href=\"https:\/\/www.erplybooks.com\/et\/haigushuvitise-arvestus\/\">haiguslehep\u00e4evad<\/a>, mis teeb palgaarvestuse v\u00f5imalikult lihtsaks.<\/strong>\u00a0<\/span><\/p>\n<ul>\n<li><span style=\"font-weight: 400;\">Looge t\u00e4iesti omad <a href=\"https:\/\/www.erplybooks.com\/et\/palgamooduli-juhendid\/\">palgaarvestuse reeglid<\/a>;\u00a0<\/span><\/li>\n<li><span style=\"font-family: inherit; font-size: inherit;\">Hallake kogu vajalikku p\u00f5hiteavet oma t\u00f6\u00f6tajate kohta;\u00a0<\/span><\/li>\n<li><span style=\"font-family: inherit; font-size: inherit;\">P\u00f5hjalik palgaarvestusaruanne, mis n\u00e4itab kogu infot palgaarvestuse kohta;\u00a0<\/span><\/li>\n<li><span style=\"font-family: inherit; font-size: inherit;\"><a href=\"https:\/\/www.erplybooks.com\/et\/maksete-tegemine\/\">T\u00f6\u00f6tasu v\u00e4lja maksmine<\/a> sarnaselt tarnijatele maksefailide loomisele.<\/span><\/li>\n<\/ul>\n<\/td>\n<td><\/td>\n<\/tr>\n<\/tbody>\n<\/table>\n<p>&nbsp;<\/p>\n<h3><b>Pangaliides ja pangaimport<\/b><\/h3>\n<p>&nbsp;<\/p>\n<table class=\"temp-table\">\n<tbody>\n<tr>\n<td width=\"50%\"><strong><a href=\"https:\/\/www.erplybooks.com\/et\/pangaliides-ja-pangaimport\/\">Pangaliides<\/a> ja pangaimport teevad pangatehingute ja raamatupidamise sidumise imelihtsaks ja automaatseks. Lae fail pangaimpordi kaudu s\u00fcsteemi ning ERPLY Books \u00fchendab maksed automaatselt arvetega. &#8211; Pangaimport tuvastab 99% tehingutest.<\/strong><\/p>\n<ul>\n<li><span style=\"font-weight: 400;\">Automatiseeri pangaimporti veelgi l\u00e4bi personaliseeritud pangareeglite.<\/span><\/li>\n<li><span style=\"font-family: inherit; font-size: inherit;\">Toetame paljude riikide ja ka PayPal\u2019i pangav\u00e4ljav\u00f5tte importimist.<\/span><\/li>\n<li><span style=\"font-family: inherit; font-size: inherit;\">SEPA maksefaile saab koostada ostuarvete, palkade ja muude maksete sooritamiseks.<\/span><\/li>\n<li><span style=\"font-family: inherit; font-size: inherit;\">Maksefaili koostades koondatakse sama hankija arved \u00fcheks makseks (viitenumbrit arvesse v\u00f5ttes).<\/span><\/li>\n<\/ul>\n<\/td>\n<td><\/td>\n<\/tr>\n<\/tbody>\n<\/table>\n<p>&nbsp;<\/p>\n<h3><b>Professionaalne aruandlus<\/b><\/h3>\n<p>&nbsp;<\/p>\n<table class=\"temp-table\">\n<tbody>\n<tr>\n<td width=\"50%\"><strong>ERPLY Books toetab nii teie kui teie raamatupidajate aruandlusvajadusi.\u00a0<\/strong><\/p>\n<ul>\n<li><span style=\"font-weight: 400;\">Laadige aruanded alla Excelina v\u00f5i PDF-failina;\u00a0<\/span><\/li>\n<li><span style=\"font-family: inherit; font-size: inherit;\">V\u00f5lgade haldamiseks ning meeldetuletuste saatmiseks <a href=\"https:\/\/www.erplybooks.com\/et\/juhendid\/laekumata-arvete-meeldetuletused\/\">eraldi sektsioon<\/a>, vt ,,Vanad n\u00f5uded&#8221; ja ,,V\u00f5lad&#8221;;\u00a0<\/span><\/li>\n<li><span style=\"font-family: inherit; font-size: inherit;\">V\u00e4ikesele ettev\u00f5ttele vajalikud maksuaruanded;\u00a0<\/span><\/li>\n<li><span style=\"font-family: inherit; font-size: inherit;\">\u00dclevaade ettev\u00f5tte k\u00e4ek\u00e4igust, vaadates 12 kuu <a href=\"https:\/\/www.erplybooks.com\/et\/juhendid\/finantsaruanded\/\">kasumiaruannet<\/a>, v\u00f5rdlevaid aruandeid ja <a href=\"https:\/\/www.erplybooks.com\/et\/juhendid\/finantsaruanded\/\">rahavoogude<\/a> aruandeid.<\/span><\/li>\n<\/ul>\n<\/td>\n<td><\/td>\n<\/tr>\n<\/tbody>\n<\/table>\n<p>&nbsp;<\/p>\n<p style=\"text-align: center;\"><a href=\"https:\/\/app.erplybooks.com\/register\">PROOVI 30 P\u00c4EVA TASUTA!<\/a><\/p>\n","protected":false},"excerpt":{"rendered":"<p>ERPLY Books teeb k\u00f5ik, et aidata Teid enda v\u00e4ikeettev\u00f5tte kasvatamisega. Me pakume mitmeid funktsioone ja lisav\u00f5imalusi, mis aitavad Teil h\u00f5lpsasti v\u00e4ikeettev\u00f5tte raamatupidamise ja aruandlusega toimetada. &nbsp; Kuidas ERPLY Books t\u00f6\u00f6tab? ERPLY Booksil on mitmeid funktsioone, mis automatiseerivad v\u00e4ikeettev\u00f5tte raamatupidamisprotsesse ja parendab teie raamatupidamiskogemust. Leia nimekiri k\u00f5ikidest ERPLY Booksis olemasolevatest funktsioonidest SIIT! J\u00e4rgnevad l\u00f5igud kirjeldavad p\u00f5hifunktsioone, [&hellip;]<\/p>\n","protected":false},"author":1,"featured_media":0,"parent":0,"menu_order":59,"comment_status":"closed","ping_status":"closed","template":"","meta":{"_et_pb_use_builder":"","_et_pb_old_content":"<h1 style=\"text-align: center;\">Meie loodud lahendused aitavad igap\u00e4evaste toimingutega iseseisvalt toime tulla!<\/h1>\r\n<p>\u00a0<\/p>\r\n<h3><strong>Igap\u00e4evase raamatupidamise alla kuuluvad toimetused, nagu n\u00e4iteks:<\/strong><\/h3>\r\n<ul>\r\n<li style=\"font-weight: 400;\"><span style=\"font-weight: 400;\"><strong><a href=\"https:\/\/www.erplybooks.com\/et\/juhendid\/uldine-juhend\/\">Baasfunktsioonid<\/a><\/strong> kontoplaanist pearaamatu ja k\u00e4ibeandmikuni<\/span><\/li>\r\n<li style=\"font-weight: 400;\"><span style=\"font-weight: 400;\"><a href=\"https:\/\/www.erplybooks.com\/et\/juhendid\/laekumiste-haldamine\/\"><strong>Arvete ja laekumiste haldamine<\/strong><\/a> \u2013 t\u00e4isautomatiseerimise v\u00f5imalused<\/span><\/li>\r\n<li style=\"font-weight: 400;\"><span style=\"font-weight: 400;\"><strong><a href=\"https:\/\/www.erplybooks.com\/et\/juhendid\/erinevad-aruanded-ja-nende-kasutamine-erply-booksis\/\">Aruandlus<\/a> <\/strong>erinevatele tasemetele: raamatupidaja, ettev\u00f5tte juht, audiitor, frantsiisi juhataja<\/span><\/li>\r\n<\/ul>\r\n<!-- wp:table {\"className\":\"temp-table\"} -->\r\n<figure class=\"wp-block-table temp-table\"><\/figure>\r\n<!-- \/wp:table -->\r\n<h3 style=\"text-align: left;\"><b>M\u00fc\u00fck<\/b><b><img class=\"wp-image-5237 alignright\" src=\"https:\/\/www.erplybooks.com\/wp-content\/uploads\/2017\/02\/Capture58-300x204.png\" alt=\"\" width=\"432\" height=\"294\" \/><\/b><\/h3>\r\n<p style=\"text-align: left;\"><b>M\u00fc\u00fcgiarvete koostamisel saab <\/b><a href=\"https:\/\/www.erplybooks.com\/et\/juhendid\/andmete-importimine-erply-booksis\/\"><b>importida<\/b><\/a><b> suures mahus andmeid (n\u00e4iteks Excelist) l\u00e4bi ostu- v\u00f5i m\u00fc\u00fcgiarvete mooduli. M\u00fc\u00fcgiarvetest koostatakse PDF ja HTML failid, mida on lihtne ja mugav kliendile saata.<\/b><\/p>\r\n<ul>\r\n<li>Saada arve e-mailiga ja j\u00e4lgi, kes on arve avanud<\/li>\r\n<li>Saada automaatselt <a href=\"https:\/\/www.erplybooks.com\/et\/juhendid\/perioodilised-arved\/\">perioodilisi arveid<\/a><\/li>\r\n<li>Erinevad arve mallid<\/li>\r\n<li>Erinevad <a href=\"https:\/\/www.erplybooks.com\/et\/valuutadega-arveldamine-erply-booksis\/\">valuutad<\/a><\/li>\r\n<li>Mugavusv\u00f5imalused: andmete import failist, arve kopeerimine, automaatne uue kliendi ja artikli loomine<\/li>\r\n<\/ul>\r\n<h3><a href=\"https:\/\/www.erplybooks.com\/et\/juhendid\/ostuarvete-automatiseerimine\/\"><b>Ostuarvete postkast<\/b><\/a><\/h3>\r\n<p><strong><img class=\"alignright\" src=\"https:\/\/www.erplybooks.com\/wp-content\/uploads\/2019\/05\/PI.png\" alt=\"This image has an empty alt attribute; its file name is PI.png\" width=\"557\" height=\"291\" \/><\/strong><\/p>\r\n<p><b>ERPLY Booksi ostuarvete postkast s\u00e4\u00e4stab kuni 80% ostuarvetele kuluvast ajast. Igal ettev\u00f5ttel on ERPLY Booksis oma isiklik e-mail, kuhu kliendid ja hankijad saavad saata ostuarveid. Saabunud ostuarveid saab sisestada mugavalt: paremal on n\u00e4ha arve ning samal ajal saab vasakul seda sisestada.<\/b><\/p>\r\n<ul>\r\n<li><span style=\"font-weight: 400;\">Jaga hankijatele oma isiklik ERPLY Booksi e-maili address, kuhu saadetud e-mail koos failidega salvestub<\/span><\/li>\r\n<li><span style=\"font-weight: 400;\">K\u00f5ik dokumendid on \u00fches kohas ja arhiveeritud<\/span><\/li>\r\n<li><span style=\"font-weight: 400;\">Arvete koostamisel on abiks PDF lugeja ja e-arvete automaatne t\u00f6\u00f6tlemine<\/span><\/li>\r\n<li><span style=\"font-weight: 400;\">Arhiveeri PDF, pilt, e-arve<\/span><\/li>\r\n<li>Koosta maksefailid arvete maksmiseks<\/li>\r\n<li>Lisa reeglid automaatseks arve sisestuseks, kui fail postkasti j\u00f5uab<\/li>\r\n<\/ul>\r\n<h3><strong>E-arved<img class=\"wp-image-5239 alignright\" src=\"https:\/\/www.erplybooks.com\/wp-content\/uploads\/2017\/02\/earve-1-300x240.png\" alt=\"\" width=\"467\" height=\"373\" \/><\/strong><\/h3>\r\n<p><b>ERPLY Books toetab Fitek ja <\/b><a href=\"https:\/\/www.erplybooks.com\/et\/2015\/09\/omnivae-arve-integratsioon\/\"><b>Omniva <\/b><\/a><b>e-arvete lahendusi. Arvete automaatne t\u00f6\u00f6tlemine hoiab aega kokku k\u00e4sitsi sisestamise arvelt.<\/b><\/p>\r\n<ul>\r\n<li>Saada m\u00fc\u00fcgiarved e-arve operaatorile<\/li>\r\n<li>T\u00f5mba ostuarved e-arve operaatorilt<\/li>\r\n<li>Lisa reeglid automaatseks arve sisestuseks, kui fail postkasti j\u00f5uab<\/li>\r\n<\/ul>\r\n<p style=\"text-align: center;\">\u00a0<\/p>\r\n<h3>\u00a0<\/h3>\r\n<h3>\u00a0<\/h3>\r\n<h3>\u00a0<\/h3>\r\n<h3>\u00a0<\/h3>\r\n<h3 style=\"text-align: left;\"><b>Pangaimport<img class=\"wp-image-5231 alignright\" src=\"https:\/\/www.erplybooks.com\/wp-content\/uploads\/2017\/02\/Capture33-300x224.png\" alt=\"\" width=\"506\" height=\"378\" \/><\/b><\/h3>\r\n<p><b>ERPLY Books toetab k\u00f5iki Eesti pankasid <\/b><a href=\"https:\/\/www.erplybooks.com\/et\/juhendid\/pangaimport-erply-booksis\/\"><b>pangaimpordil<\/b><\/a><b> ja maksefaili koostamises. Lae fail pangaimpordi kaudu s\u00fcsteemi ning\u00a0 maksed \u00fchendatakse arvetega automaatselt.<\/b><\/p>\r\n<ul>\r\n<li style=\"list-style-type: none;\">\r\n<ul>\r\n<li style=\"font-weight: 400;\"><span style=\"font-weight: 400;\">Pangaimport suudab tuvastada kuni 100% tehingutest<\/span><\/li>\r\n<li><span style=\"font-weight: 400;\">Automatiseeri pangaimporti veelgi l\u00e4bi <a href=\"https:\/\/www.erplybooks.com\/et\/juhendid\/pangareeglid\/\">pangareeglite<\/a><\/span><\/li>\r\n<li style=\"font-weight: 400;\"><span style=\"font-weight: 400;\">Toetame paljude riikide ja ka PayPal\u2019i pangav\u00e4ljav\u00f5tte importimist<\/span><\/li>\r\n<li style=\"font-weight: 400;\"><span style=\"font-weight: 400;\">SEPA maksefaile saab koostada ostuarvete, palkade ja muude maksete sooritamiseks<\/span><\/li>\r\n<li style=\"font-weight: 400;\"><span style=\"font-weight: 400;\"><a href=\"https:\/\/www.erplybooks.com\/et\/juhendid\/maksefaili-staatuse-jalgimine\/\">Maksefaili<\/a> koostades koondab sama hankija arved \u00fcheks makseks (viitenumbrit arvesse v\u00f5ttes)<\/span><\/li>\r\n<\/ul>\r\n<\/li>\r\n<\/ul>\r\n<p>\u00a0<\/p>\r\n<h3><b><img class=\"wp-image-5232 alignright\" src=\"https:\/\/www.erplybooks.com\/wp-content\/uploads\/2017\/02\/capture57-300x174.png\" alt=\"\" width=\"529\" height=\"307\" \/>Aruandlus<\/b><\/h3>\r\n<p><b>ERPLY Booksis on olemas igap\u00e4evased aruanded nagu pearaamat, k\u00e4ibeandmik, kohaldatavad bilanss, kasumiaruanne ja rahavoogude aruanne. Lisaks saab ise disainida aruandeid vastavalt enda soovile, kasutades selleks <a href=\"https:\/\/www.erplybooks.com\/et\/juhendid\/aruandegeneraator\/\">aruandegeneraatorit<\/a>.\u00a0<\/b><\/p>\r\n<ul>\r\n<li style=\"list-style-type: none;\">\r\n<ul>\r\n<li style=\"font-weight: 400;\"><span style=\"font-weight: 400;\">Suur hulk v\u00e4ljundeid, mida saad ise aruandesse valida<\/span><\/li>\r\n<li style=\"font-weight: 400;\"><span style=\"font-weight: 400;\">Vaata aruandeid projektide l\u00f5ikes<\/span><\/li>\r\n<li style=\"font-weight: 400;\"><span style=\"font-weight: 400;\">Vigade otsingud<\/span><\/li>\r\n<li style=\"font-weight: 400;\"><span style=\"font-weight: 400;\">Lisa aruannetesse suhtarvud<\/span><\/li>\r\n<li style=\"font-weight: 400;\"><span style=\"font-weight: 400;\">Saad kohandada iga aruande v\u00e4limust PDF\u2019s ja Excelis<\/span><\/li>\r\n<\/ul>\r\n<\/li>\r\n<\/ul>\r\n<h3><b><a href=\"https:\/\/www.erplybooks.com\/et\/juhendid\/tootajaga-arveldamine\/\"><img class=\"alignright\" src=\"https:\/\/www.erplybooks.com\/wp-content\/uploads\/2019\/05\/palk.png\" alt=\"This image has an empty alt attribute; its file name is palk.png\" width=\"473\" height=\"380\" \/><\/a><\/b><\/h3>\r\n<h3>\u00a0<\/h3>\r\n<h3><b><a href=\"https:\/\/www.erplybooks.com\/et\/juhendid\/tootajaga-arveldamine\/\">Palgaarvestus<\/a><\/b><\/h3>\r\n<p><b>M\u00e4\u00e4ra palgareeglid, t\u00f6\u00f6tajate kontaktandmed, erinevad palgaliigid, maksum\u00e4\u00e4rad, kogutud puhkuse seis, haiguslehel oldud p\u00e4evade arv ning arvesta kord kuus m\u00f5ne nupuvajutusega palgad.<\/b><\/p>\r\n<ul>\r\n<li style=\"list-style-type: none;\">\r\n<ul>\r\n<li style=\"font-weight: 400;\"><span style=\"font-weight: 400;\">Koosta t\u00f6\u00f6tajatele vajalikud palgareeglid<\/span><\/li>\r\n<li style=\"font-weight: 400;\"><span style=\"font-weight: 400;\">\u00dclevaade t\u00f6\u00f6tajate registrist<\/span><\/li>\r\n<li style=\"font-weight: 400;\"><span style=\"font-weight: 400;\">V\u00f5imalus arvestada t\u00f6\u00f6tasu k\u00f5igile korraga<\/span><\/li>\r\n<li style=\"font-weight: 400;\"><span style=\"font-weight: 400;\">TSD faili koostamine<\/span><\/li>\r\n<\/ul>\r\n<\/li>\r\n<\/ul>\r\n<ul>\r\n<li style=\"list-style-type: none;\">\u00a0<\/li>\r\n<\/ul>\r\n<ul>\r\n<li style=\"list-style-type: none;\">\u00a0<\/li>\r\n<\/ul>\r\n<ul>\r\n<li style=\"list-style-type: none;\">\u00a0<\/li>\r\n<\/ul>\r\n<h1>\u00a0<\/h1>\r\n<h2 style=\"text-align: center;\"><a class=\"btn-filled btn\" href=\"https:\/\/app.erplybooks.com\/register\" target=\"_blank\" rel=\"noopener noreferrer\">Proovi tasuta<\/a><\/h2>\r\n<h4>\u00a0<\/h4>\r\n<h4>\u00a0<\/h4>\r\n<!-- wp:paragraph -->\r\n<p>\u00a0<\/p>\r\n<!-- \/wp:paragraph -->","_et_gb_content_width":"","footnotes":""},"categories":[1165],"tags":[173,846,821],"class_list":["post-3269","page","type-page","status-publish","hentry","category-tarkvara","tag-raamatupidamine","tag-raamatupidamistarkvara","tag-tarkvara"],"_links":{"self":[{"href":"https:\/\/www.erplybooks.com\/et\/wp-json\/wp\/v2\/pages\/3269","targetHints":{"allow":["GET"]}}],"collection":[{"href":"https:\/\/www.erplybooks.com\/et\/wp-json\/wp\/v2\/pages"}],"about":[{"href":"https:\/\/www.erplybooks.com\/et\/wp-json\/wp\/v2\/types\/page"}],"author":[{"embeddable":true,"href":"https:\/\/www.erplybooks.com\/et\/wp-json\/wp\/v2\/users\/1"}],"replies":[{"embeddable":true,"href":"https:\/\/www.erplybooks.com\/et\/wp-json\/wp\/v2\/comments?post=3269"}],"version-history":[{"count":0,"href":"https:\/\/www.erplybooks.com\/et\/wp-json\/wp\/v2\/pages\/3269\/revisions"}],"wp:attachment":[{"href":"https:\/\/www.erplybooks.com\/et\/wp-json\/wp\/v2\/media?parent=3269"}],"wp:term":[{"taxonomy":"category","embeddable":true,"href":"https:\/\/www.erplybooks.com\/et\/wp-json\/wp\/v2\/categories?post=3269"},{"taxonomy":"post_tag","embeddable":true,"href":"https:\/\/www.erplybooks.com\/et\/wp-json\/wp\/v2\/tags?post=3269"}],"curies":[{"name":"wp","href":"https:\/\/api.w.org\/{rel}","templated":true}]}}