{"id":32497,"date":"2023-08-02T06:19:19","date_gmt":"2023-08-02T06:19:19","guid":{"rendered":"https:\/\/www.erplybooks.com\/?page_id=32497"},"modified":"2024-08-23T10:40:47","modified_gmt":"2024-08-23T10:40:47","slug":"failide-arhiveerimine-automaatselt-emailile","status":"publish","type":"page","link":"https:\/\/www.erplybooks.com\/et\/juhendid\/failide-arhiveerimine-automaatselt-emailile\/","title":{"rendered":"Failide arhiveerimine automaatselt emailile"},"content":{"rendered":"<h1>Failide arhiveerimine automaatselt emailile<\/h1>\n<p>&nbsp;<\/p>\n<p><span style=\"font-weight: 400;\">Selle mooduli avamiseks otsi pealehelt <\/span><b>\u201c<\/b><b>Failide automaatne arhiveerimine e-maili p\u00f5hiselt<\/b><b>\u201d <\/b><span style=\"font-weight: 400;\">ning avaneb moodul, kust saab seadistada millal, millisele emailile, missugust t\u00fc\u00fcpi faile saata.\u00a0<\/span><\/p>\n<p><b>NB! See moodul on seotud ainult lisatud failidega ostuarvetel.\u00a0<\/b><\/p>\n<p>&nbsp;<\/p>\n<p><img loading=\"lazy\" decoding=\"async\" class=\"alignnone wp-image-32492\" src=\"https:\/\/www.erplybooks.com\/wp-content\/uploads\/2023\/08\/image1.png\" alt=\"\" width=\"803\" height=\"164\" \/><\/p>\n<ul>\n<li style=\"font-weight: 400;\" aria-level=\"1\"><b>Kuup\u00e4ev:<\/b> <span style=\"font-weight: 400;\">p\u00e4ev kuus, millal soovid, et saadetakse ZIP faili e-mailile<\/span><\/li>\n<li style=\"font-weight: 400;\" aria-level=\"1\"><b>E-mail:<\/b><span style=\"font-weight: 400;\"> tuleb kirjutada, missugusele emailile zip fail ostuarvetega tuleb<\/span><\/li>\n<li style=\"font-weight: 400;\" aria-level=\"1\"><b>T\u00fc\u00fcp:<\/b><span style=\"font-weight: 400;\"> on v\u00f5imalus valida kolm t\u00fc\u00fcpi:<\/span><\/li>\n<\/ul>\n<ol>\n<li style=\"font-weight: 400;\" aria-level=\"1\"><span style=\"font-weight: 400;\">&#8220;Eelmisel kuul lisatud failid\u201d &#8211; vali siis kui tahad saada faile, mis olid lisatud ostuarvetele eelmisel kuul;<\/span><\/li>\n<li style=\"font-weight: 400;\" aria-level=\"1\"><span style=\"font-weight: 400;\">&#8220;Failid, lisatud peale viimase ZIP saatmise\u201d &#8211; vali siis kui tahad saada emailile faile, mis olid lisatud peale viimase ZIP faili saatmise ehk arhiveerimise;<\/span><\/li>\n<li style=\"font-weight: 400;\" aria-level=\"1\"><span style=\"font-weight: 400;\">&#8220;Failid, mis on lisatud eelmise kuu arvetele\u201d &#8211; vali siis, kui tahad saada faile, mis olid lisatud eelmiste kuu ostuarvetele.<\/span><\/li>\n<\/ol>\n<p><span style=\"font-weight: 400;\">Kui k\u00f5ik v\u00e4ljad on t\u00e4idetud, siis salvesta.\u00a0<\/span><\/p>\n<p><span style=\"font-weight: 400;\">Kui tekib k\u00fcsimusi, siis p\u00f6\u00f6rduge <\/span><a href=\"mailto:support@erplybooks.com\"><span style=\"font-weight: 400;\">support@erplybooks.com<\/span><\/a><span style=\"font-weight: 400;\"> poole.\u00a0<\/span><\/p>\n<p>&nbsp;<\/p>\n","protected":false},"excerpt":{"rendered":"<p>Failide arhiveerimine automaatselt emailile &nbsp; Selle mooduli avamiseks otsi pealehelt \u201cFailide automaatne arhiveerimine e-maili p\u00f5hiselt\u201d ning avaneb moodul, kust saab seadistada millal, millisele emailile, missugust t\u00fc\u00fcpi faile saata.\u00a0 NB! See moodul on seotud ainult lisatud failidega ostuarvetel.\u00a0 &nbsp; Kuup\u00e4ev: p\u00e4ev kuus, millal soovid, et saadetakse ZIP faili e-mailile E-mail: tuleb kirjutada, missugusele emailile zip fail [&hellip;]<\/p>\n","protected":false},"author":24,"featured_media":0,"parent":3312,"menu_order":0,"comment_status":"closed","ping_status":"closed","template":"","meta":{"_et_pb_use_builder":"","_et_pb_old_content":"","_et_gb_content_width":"","footnotes":""},"categories":[450],"tags":[1210,547,675],"class_list":["post-32497","page","type-page","status-publish","hentry","category-seadistused","tag-arhiveerimine","tag-fail","tag-ostuarve"],"_links":{"self":[{"href":"https:\/\/www.erplybooks.com\/et\/wp-json\/wp\/v2\/pages\/32497","targetHints":{"allow":["GET"]}}],"collection":[{"href":"https:\/\/www.erplybooks.com\/et\/wp-json\/wp\/v2\/pages"}],"about":[{"href":"https:\/\/www.erplybooks.com\/et\/wp-json\/wp\/v2\/types\/page"}],"author":[{"embeddable":true,"href":"https:\/\/www.erplybooks.com\/et\/wp-json\/wp\/v2\/users\/24"}],"replies":[{"embeddable":true,"href":"https:\/\/www.erplybooks.com\/et\/wp-json\/wp\/v2\/comments?post=32497"}],"version-history":[{"count":0,"href":"https:\/\/www.erplybooks.com\/et\/wp-json\/wp\/v2\/pages\/32497\/revisions"}],"up":[{"embeddable":true,"href":"https:\/\/www.erplybooks.com\/et\/wp-json\/wp\/v2\/pages\/3312"}],"wp:attachment":[{"href":"https:\/\/www.erplybooks.com\/et\/wp-json\/wp\/v2\/media?parent=32497"}],"wp:term":[{"taxonomy":"category","embeddable":true,"href":"https:\/\/www.erplybooks.com\/et\/wp-json\/wp\/v2\/categories?post=32497"},{"taxonomy":"post_tag","embeddable":true,"href":"https:\/\/www.erplybooks.com\/et\/wp-json\/wp\/v2\/tags?post=32497"}],"curies":[{"name":"wp","href":"https:\/\/api.w.org\/{rel}","templated":true}]}}