{"id":32484,"date":"2023-07-28T06:03:06","date_gmt":"2023-07-28T06:03:06","guid":{"rendered":"https:\/\/www.erplybooks.com\/adding-rules-to-all-organisations-at-once\/"},"modified":"2023-07-28T06:09:49","modified_gmt":"2023-07-28T06:09:49","slug":"adding-rules-to-all-organisations-at-once","status":"publish","type":"page","link":"https:\/\/www.erplybooks.com\/et\/adding-rules-to-all-organisations-at-once\/","title":{"rendered":"Reeglite lisamine k\u00f5igile organisatsioonidele korraga"},"content":{"rendered":"<h1>Reeglite lisamine k\u00f5igile organisatsioonidele korraga<\/h1>\n<p><span style=\"font-weight: 400;\">Oletame, et teil on 30 ettev\u00f5tet. Ja iga\u00fche jaoks peate rakendama uut reeglit. N\u00e4iteks soovite taotleda, et \u00fckski ettev\u00f5te ei n\u00e4itaks artikleid ostuarvetel (ja n\u00e4itaks selle asemel kontot). V\u00f5i soovite rakendada, et arve tasumine ei tohi olla varasem kui arve kuup\u00e4ev. Saate seda rakendada igale organisatsioonile \u00fckshaaval. K\u00fcll aga on meil on selle jaoks eraldi funktsioon: &#8220;Lisa atribuut k\u00f5igile organisatsioonidele&#8221;. Selle abil saate rakendada reegli iga organisatsiooni jaoks, millele teil on juurdep\u00e4\u00e4s.<\/span><\/p>\n<p>&nbsp;<\/p>\n<p><span style=\"font-weight: 400;\">Selle kasutamiseks minge armatuurlauale ja otsige &#8220;Lisa atribuut k\u00f5igile organisatsioonidele&#8221;. Aknas saate m\u00e4\u00e4rata vajalikud v\u00e4\u00e4rtused:<\/span><\/p>\n<p><img loading=\"lazy\" decoding=\"async\" class=\"alignnone size-full wp-image-32478\" src=\"https:\/\/www.erplybooks.com\/wp-content\/uploads\/2023\/07\/image1.jpg\" alt=\"\" width=\"366\" height=\"587\" srcset=\"https:\/\/www.erplybooks.com\/wp-content\/uploads\/2023\/07\/image1.jpg 366w, https:\/\/www.erplybooks.com\/wp-content\/uploads\/2023\/07\/image1-187x300.jpg 187w\" sizes=\"auto, (max-width: 366px) 100vw, 366px\" \/><\/p>\n<p><span style=\"font-weight: 400;\">Enamasti saate typeCode&#8217;i m\u00e4\u00e4rata v\u00e4\u00e4rtusega ACTIVITY_ITEM_GLOBAL_ATTRIBUTE. Atribuudi nimi ja v\u00e4\u00e4rtus, mida peate k\u00fcsima meie kasutajatoelt. Selles n\u00e4ites on see seatud kui GLOBAL_DO_NOT_ALLOW_EARLIER_PAYMENT, mis t\u00e4hendab &#8220;\u00c4ra luba makseid, kui maksekuup\u00e4ev on arve kuup\u00e4evast varasem&#8221;.<\/span><\/p>\n<p>&nbsp;<\/p>\n","protected":false},"excerpt":{"rendered":"<p>Reeglite lisamine k\u00f5igile organisatsioonidele korraga Oletame, et teil on 30 ettev\u00f5tet. Ja iga\u00fche jaoks peate rakendama uut reeglit. N\u00e4iteks soovite taotleda, et \u00fckski ettev\u00f5te ei n\u00e4itaks artikleid ostuarvetel (ja n\u00e4itaks selle asemel kontot). V\u00f5i soovite rakendada, et arve tasumine ei tohi olla varasem kui arve kuup\u00e4ev. Saate seda rakendada igale organisatsioonile \u00fckshaaval. K\u00fcll aga on [&hellip;]<\/p>\n","protected":false},"author":24,"featured_media":0,"parent":0,"menu_order":0,"comment_status":"closed","ping_status":"closed","template":"","meta":{"_et_pb_use_builder":"","_et_pb_old_content":"","_et_gb_content_width":"","footnotes":""},"categories":[450,1207],"tags":[1209,462,572,1208],"class_list":["post-32484","page","type-page","status-publish","hentry","category-seadistused","category-settings-et","tag-organisation-et","tag-organisatsioon","tag-reeglid","tag-rules-et"],"_links":{"self":[{"href":"https:\/\/www.erplybooks.com\/et\/wp-json\/wp\/v2\/pages\/32484","targetHints":{"allow":["GET"]}}],"collection":[{"href":"https:\/\/www.erplybooks.com\/et\/wp-json\/wp\/v2\/pages"}],"about":[{"href":"https:\/\/www.erplybooks.com\/et\/wp-json\/wp\/v2\/types\/page"}],"author":[{"embeddable":true,"href":"https:\/\/www.erplybooks.com\/et\/wp-json\/wp\/v2\/users\/24"}],"replies":[{"embeddable":true,"href":"https:\/\/www.erplybooks.com\/et\/wp-json\/wp\/v2\/comments?post=32484"}],"version-history":[{"count":0,"href":"https:\/\/www.erplybooks.com\/et\/wp-json\/wp\/v2\/pages\/32484\/revisions"}],"wp:attachment":[{"href":"https:\/\/www.erplybooks.com\/et\/wp-json\/wp\/v2\/media?parent=32484"}],"wp:term":[{"taxonomy":"category","embeddable":true,"href":"https:\/\/www.erplybooks.com\/et\/wp-json\/wp\/v2\/categories?post=32484"},{"taxonomy":"post_tag","embeddable":true,"href":"https:\/\/www.erplybooks.com\/et\/wp-json\/wp\/v2\/tags?post=32484"}],"curies":[{"name":"wp","href":"https:\/\/api.w.org\/{rel}","templated":true}]}}