{"id":32300,"date":"2023-07-11T15:03:04","date_gmt":"2023-07-11T15:03:04","guid":{"rendered":"https:\/\/www.erplybooks.com\/?page_id=32300"},"modified":"2023-08-14T07:04:04","modified_gmt":"2023-08-14T07:04:04","slug":"sliptree-uhendus","status":"publish","type":"page","link":"https:\/\/www.erplybooks.com\/et\/sliptree-uhendus\/","title":{"rendered":"Sliptree \u00fchendus"},"content":{"rendered":"<h2><strong>Sliptree \u00fchendus<\/strong><\/h2>\n<p><span style=\"font-weight: 400;\">Saada kvaliteetse disainiga arveid, mis n\u00e4evad head esinduslikud v\u00e4lja nii ekraanil kui paberil! <\/span><\/p>\n<p>&nbsp;<\/p>\n<p><span style=\"font-weight: 400;\">Sliptree on internetip\u00f5hine arvete koostamise tarkvara. See muudab arvete koostamise mugavaks ja kiireks protsessiks. Excelis arveid koostades on alati oht, et mingid numbrid ei klapi, sest kusagil l\u00e4ks valem valesti ning seet\u00f5ttu on k\u00f5ik numbrid valed. Lisaks arvete koostamisele, organiseerib ning j\u00e4rjestab tarkvara need kuup\u00f5hiselt. Arvete salvestamine toimub Sliptree serverisse, mis on v\u00e4ga turvaline ning nende kasutajana saad olla kindel, et Sinu arved on hoitud ning vajadusel ka k\u00e4ttesaadavad. Sliptree server on pilvep\u00f5hine, mis t\u00e4hendab, et arved on Sinu jaoks k\u00e4ttesaadavad igal ajal, igas kohas ja seadmes. Lisaks arvete koostamisele on Sliptrees v\u00f5imalik teha klientidele ka hinnapakkumisi.\u00a0<\/span><\/p>\n<p><span style=\"font-weight: 400;\">Kui Sinu ettev\u00f5ttel on p\u00fcsikliente, siis on arvete koostamine Sliptrees eriti kiire, sest tarkvaras on v\u00f5imalik tooteid ja teenuseid salvestada ehk uuesti samale kliendile arvet esitades, pead tegema vaid paar klikki, et arve oleks valmis ning saadetud. T\u00e4iesti reaalne, et saad arve tehtud ning saadetud 1-minutiga! V\u00f5i kui Sinu firma on rahvusvaheline ning suhtled paljude erinevate riikide esindajatega? Sinu ettev\u00f5ttel on v\u00f5imalik teistest eristuda, sest Sliptrees on loodud funktsioon, mis v\u00f5imaldab arveid saata enam kui 15 erinevas keeles. Ettev\u00f5tte kliendid on kindlasti v\u00e4ga meelitatud kui saavad rahvusvaheliselt ettev\u00f5ttelt arve, mis on koostatud nende emakeeles.<\/span><\/p>\n<p><strong>Kasutad ERPLY Booksi? Vaata, kuidas saab Sliptree kasutamine Sinu jaoks lisav\u00e4\u00e4rtust luua:<\/strong><\/p>\n<ul>\n<li style=\"font-weight: 400;\" aria-level=\"1\"><span style=\"font-weight: 400;\">Selge \u00fclevaade igakuistest arvetest.<\/span><\/li>\n<li style=\"font-weight: 400;\" aria-level=\"1\"><span style=\"font-weight: 400;\">M\u00fc\u00fcgiarvete organiseerimine, j\u00e4rjestamine ja salvestamine.<\/span><\/li>\n<li style=\"font-weight: 400;\" aria-level=\"1\"><span style=\"font-weight: 400;\">Tarkvara koostab arvete p\u00f5hjal kuup\u00f5hise kokkuv\u00f5tte k\u00e4ibenumbrite kohta.<\/span><\/li>\n<li style=\"font-weight: 400;\" aria-level=\"1\"><span style=\"font-weight: 400;\">Arved on k\u00e4ttesaadavad igal ajal, igas kohas ja seadmes.\u00a0<\/span><\/li>\n<li style=\"font-weight: 400;\" aria-level=\"1\"><span style=\"font-weight: 400;\">V\u00f5imalus j\u00e4lgida, millised arved on saadetud, makstud ning millised maksmata.<\/span><\/li>\n<li style=\"font-weight: 400;\" aria-level=\"1\"><span style=\"font-weight: 400;\">Makset\u00e4htaja \u00fcletamise teavitus &#8211; kliendile saadetakse meeldetuletus kui arve makset\u00e4htaeg on \u00fcletatud, kuid arve siiani tasumata.<\/span><\/li>\n<li style=\"font-weight: 400;\" aria-level=\"1\"><span style=\"font-weight: 400;\">Eelnevalt salvestatud tooted ja teenused teevad arve koostamise p\u00fcsiklientidele eriti kiireks<\/span><\/li>\n<li style=\"font-weight: 400;\" aria-level=\"1\"><span style=\"font-weight: 400;\">Tarkvara otsib ettev\u00f5tete andmeid \u00c4riregistrist, mis kiirendab arvete koostamise protsessi m\u00e4rgatavalt. Enam ei pea tr\u00fckkima \u00fckshaaval erinevaid infov\u00e4ljasid ettev\u00f5tte kohta, kellele arvet esitad.<\/span><\/li>\n<li style=\"font-weight: 400;\" aria-level=\"1\"><span style=\"font-weight: 400;\">Iga arve peal on v\u00f5imalik m\u00e4\u00e4rata, mis viisil see arve tasuti, kas pangakaardiga, sularahas, panga\u00fclekandega v\u00f5i siis j\u00e4tta makseviis m\u00e4\u00e4ramata.<\/span><\/li>\n<li style=\"font-weight: 400;\" aria-level=\"1\"><span style=\"font-weight: 400;\">Sliptrees on eelsisestatud k\u00f5ik Euroopa Liidu k\u00e4ibemaksum\u00e4\u00e4rad.<\/span><\/li>\n<li style=\"font-weight: 400;\" aria-level=\"1\"><span style=\"font-weight: 400;\">Vajadusel saad lisada ja muuta k\u00e4ibemaksum\u00e4\u00e4rasid k\u00e4sitsi.<\/span><\/li>\n<li style=\"font-weight: 400;\" aria-level=\"1\"><span style=\"font-weight: 400;\">Sliptree v\u00f5imaldab sisestada hindasid k\u00e4ibemaksuga ja ilma \u2013 Sliptree teeb k\u00f5ik arvutused Sinu eest \u00e4ra.<\/span><\/li>\n<li style=\"font-weight: 400;\" aria-level=\"1\"><span style=\"font-weight: 400;\">KMKR numbri automaatkontroll veendub, et klient on t\u00f5esti omas riigis k\u00e4ibemaksukohustuslane ja et tema number on korrektne. See aitab v\u00e4ltida vigaste v\u00f5i valede numbrite kasutamisest tulenevaid t\u00e4iendavaid k\u00e4ibemaksukohustusi.<\/span><\/li>\n<li style=\"font-weight: 400;\" aria-level=\"1\"><span style=\"font-weight: 400;\">M\u00fc\u00fcgiarveid on v\u00f5imalik saata enam kui 15 erinevas keeles ning lisaks on arvele v\u00f5imalik lisada t\u00f5lgitud kaaskiri.<\/span><\/li>\n<\/ul>\n<p><strong>Kasutad Sliptreed? Vaata, kuidas saab ERPLY Booksi kasutamine Sinu jaoks lisav\u00e4\u00e4rtust luua:<\/strong><\/p>\n<ul>\n<li style=\"font-weight: 400;\" aria-level=\"1\"><span style=\"font-weight: 400;\">Sliptree kasutajana saad ERPLY Booksi raamatupidamistarkvaras teha \u00e4ra k\u00f5ik vajalikud raamatupidamisega seotud protsessid.\u00a0<\/span><\/li>\n<li style=\"font-weight: 400;\" aria-level=\"1\"><span style=\"font-weight: 400;\">Automatiseeri mitmed protsessid ERPLY Booksi t\u00f6\u00f6riistadega ning maksimaliseeri enda aja kasutust keskendudes enda \u00e4ri p\u00f5hitegevusele.<\/span><\/li>\n<li style=\"font-weight: 400;\" aria-level=\"1\"><span style=\"font-weight: 400;\">Vormista arve Sliptrees ning korralda kogu muu raamatupidamine Booksis.<\/span><\/li>\n<li><span style=\"font-weight: 400;\">Arvete ja maksete haldamine on viidud j\u00e4rgmisele tasemele &#8211; lisaks tavap\u00e4rasele k\u00e4sitsi andmesisestuse funktsionaalsusele on valik ka t\u00e4ielikuks automatiseerimiseks.<\/span><\/li>\n<li style=\"font-weight: 400;\" aria-level=\"1\"><span style=\"font-weight: 400;\">ERPLY Booksil on panga impordifunktsioon, mis v\u00f5imaldab automatiseerida kuni 100% k\u00f5igist maksetest.<\/span><\/li>\n<li style=\"font-weight: 400;\" aria-level=\"1\"><span style=\"font-weight: 400;\">Igas suuruses ettev\u00f5tted, kes peavad k\u00e4sitlema pangamakseid, saavad makstavad ja saadavad arved automatiseerida.<\/span><\/li>\n<li style=\"font-weight: 400;\" aria-level=\"1\"><span style=\"font-weight: 400;\">Kui Teie ettev\u00f5tte raamatupidaja l\u00e4heb puhkusele, l\u00e4hevad maksed ikka Booksi ja ERPLY Books teeb tema t\u00f6\u00f6d edasi tuvastades ja \u00fchendades nii palju makseid kui v\u00f5imalik.<\/span><\/li>\n<li style=\"font-weight: 400;\" aria-level=\"1\"><span style=\"font-weight: 400;\">ERPLY Books pakub m\u00fc\u00fcgi- ja ostumaksude osas k\u00f5iki funktsioone, mida v\u00f5ite ette kujutada \u2013 alates maksude arvutamisest, t\u00e4iendavatest tehingutest ja p\u00f6\u00f6rdmaksudest kuni riigip\u00f5hise aruandluseni.<\/span><\/li>\n<li style=\"font-weight: 400;\" aria-level=\"1\"><span style=\"font-weight: 400;\">Maksudel on mitmetasandilised reeglid: \u00fchenda need kontoga, kliendiga v\u00f5i isegi kliendigrupiga.<\/span><\/li>\n<\/ul>\n<h2><\/h2>\n<h2><strong>Sliptree kasutamine<\/strong><\/h2>\n<p>Peagi tulemas&#8230;<\/p>\n<p style=\"text-align: center;\"><b>Kui teil on lisak\u00fcsimusi, v\u00f5tke meiega \u00fchendust aadressil <\/b><a href=\"mailto:info@erplybooks.com\"><b>info@erplybooks.com<\/b><\/a><\/p>\n","protected":false},"excerpt":{"rendered":"<p>Sliptree \u00fchendus Saada kvaliteetse disainiga arveid, mis n\u00e4evad head esinduslikud v\u00e4lja nii ekraanil kui paberil! &nbsp; Sliptree on internetip\u00f5hine arvete koostamise tarkvara. See muudab arvete koostamise mugavaks ja kiireks protsessiks. Excelis arveid koostades on alati oht, et mingid numbrid ei klapi, sest kusagil l\u00e4ks valem valesti ning seet\u00f5ttu on k\u00f5ik numbrid valed. Lisaks arvete koostamisele, [&hellip;]<\/p>\n","protected":false},"author":21,"featured_media":0,"parent":0,"menu_order":0,"comment_status":"closed","ping_status":"closed","template":"","meta":{"_et_pb_use_builder":"","_et_pb_old_content":"","_et_gb_content_width":"","footnotes":""},"categories":[459],"tags":[589,29,750,770],"class_list":["post-32300","page","type-page","status-publish","hentry","category-integratsioonid","tag-arve","tag-arved","tag-integratsioon-2","tag-integratsioonid"],"_links":{"self":[{"href":"https:\/\/www.erplybooks.com\/et\/wp-json\/wp\/v2\/pages\/32300","targetHints":{"allow":["GET"]}}],"collection":[{"href":"https:\/\/www.erplybooks.com\/et\/wp-json\/wp\/v2\/pages"}],"about":[{"href":"https:\/\/www.erplybooks.com\/et\/wp-json\/wp\/v2\/types\/page"}],"author":[{"embeddable":true,"href":"https:\/\/www.erplybooks.com\/et\/wp-json\/wp\/v2\/users\/21"}],"replies":[{"embeddable":true,"href":"https:\/\/www.erplybooks.com\/et\/wp-json\/wp\/v2\/comments?post=32300"}],"version-history":[{"count":0,"href":"https:\/\/www.erplybooks.com\/et\/wp-json\/wp\/v2\/pages\/32300\/revisions"}],"wp:attachment":[{"href":"https:\/\/www.erplybooks.com\/et\/wp-json\/wp\/v2\/media?parent=32300"}],"wp:term":[{"taxonomy":"category","embeddable":true,"href":"https:\/\/www.erplybooks.com\/et\/wp-json\/wp\/v2\/categories?post=32300"},{"taxonomy":"post_tag","embeddable":true,"href":"https:\/\/www.erplybooks.com\/et\/wp-json\/wp\/v2\/tags?post=32300"}],"curies":[{"name":"wp","href":"https:\/\/api.w.org\/{rel}","templated":true}]}}