{"id":31852,"date":"2023-06-28T11:36:10","date_gmt":"2023-06-28T11:36:10","guid":{"rendered":"https:\/\/www.erplybooks.com\/too-erinevate-projektide-vahel-2\/"},"modified":"2023-07-11T08:57:18","modified_gmt":"2023-07-11T08:57:18","slug":"too-erinevate-projektide-vahel-2","status":"publish","type":"page","link":"https:\/\/www.erplybooks.com\/et\/too-erinevate-projektide-vahel-2\/","title":{"rendered":"T\u00f6\u00f6 erinevate projektide vahel"},"content":{"rendered":"<p>Ettev\u00f5ttel on mitu asukohta, projekti ja objekti? ERPLY Books&#8217;is on projektip\u00f5hine raamatupidamine, mis v\u00f5imaldab Sulle detailsema \u00fclevaate raamatupidamisest.<\/p>\n<ul>\n<li>Grupeeri samalaadsed projektigrupid;<\/li>\n<li>jaga ostuarved projektide vahel;<\/li>\n<li>lisa igale tehingule \u00fcks v\u00f5i mitu projekti;<\/li>\n<li>filtreeri aruandlust projektide j\u00e4rgi;<\/li>\n<li>on olemas ka emaprojekti v\u00f5imalus, mis koondab enda alla teisi projekte.<\/li>\n<\/ul>\n","protected":false},"excerpt":{"rendered":"<p>Ettev\u00f5ttel on mitu asukohta, projekti ja objekti? ERPLY Books&#8217;is on projektip\u00f5hine raamatupidamine, mis v\u00f5imaldab Sulle detailsema \u00fclevaate raamatupidamisest. Grupeeri samalaadsed projektigrupid; jaga ostuarved projektide vahel; lisa igale tehingule \u00fcks v\u00f5i mitu projekti; filtreeri aruandlust projektide j\u00e4rgi; on olemas ka emaprojekti v\u00f5imalus, mis koondab enda alla teisi projekte.<\/p>\n","protected":false},"author":24,"featured_media":0,"parent":0,"menu_order":0,"comment_status":"closed","ping_status":"closed","template":"","meta":{"_et_pb_use_builder":"","_et_pb_old_content":"","_et_gb_content_width":"","footnotes":""},"categories":[1165],"tags":[167,852],"class_list":["post-31852","page","type-page","status-publish","hentry","category-tarkvara","tag-projektid","tag-too"],"_links":{"self":[{"href":"https:\/\/www.erplybooks.com\/et\/wp-json\/wp\/v2\/pages\/31852","targetHints":{"allow":["GET"]}}],"collection":[{"href":"https:\/\/www.erplybooks.com\/et\/wp-json\/wp\/v2\/pages"}],"about":[{"href":"https:\/\/www.erplybooks.com\/et\/wp-json\/wp\/v2\/types\/page"}],"author":[{"embeddable":true,"href":"https:\/\/www.erplybooks.com\/et\/wp-json\/wp\/v2\/users\/24"}],"replies":[{"embeddable":true,"href":"https:\/\/www.erplybooks.com\/et\/wp-json\/wp\/v2\/comments?post=31852"}],"version-history":[{"count":0,"href":"https:\/\/www.erplybooks.com\/et\/wp-json\/wp\/v2\/pages\/31852\/revisions"}],"wp:attachment":[{"href":"https:\/\/www.erplybooks.com\/et\/wp-json\/wp\/v2\/media?parent=31852"}],"wp:term":[{"taxonomy":"category","embeddable":true,"href":"https:\/\/www.erplybooks.com\/et\/wp-json\/wp\/v2\/categories?post=31852"},{"taxonomy":"post_tag","embeddable":true,"href":"https:\/\/www.erplybooks.com\/et\/wp-json\/wp\/v2\/tags?post=31852"}],"curies":[{"name":"wp","href":"https:\/\/api.w.org\/{rel}","templated":true}]}}