{"id":31293,"date":"2023-06-27T12:14:43","date_gmt":"2023-06-27T12:14:43","guid":{"rendered":"https:\/\/www.erplybooks.com\/veebipohine-raamatupidamistarkvara-2\/"},"modified":"2023-07-07T10:25:14","modified_gmt":"2023-07-07T10:25:14","slug":"veebipohine-raamatupidamistarkvara-2","status":"publish","type":"page","link":"https:\/\/www.erplybooks.com\/et\/veebipohine-raamatupidamistarkvara-2\/","title":{"rendered":"Veebip\u00f5hine raamatupidamistarkvara"},"content":{"rendered":"<p><span style=\"font-weight: 400;\">ERPLY Books&#8217;i\u00a0<\/span><b>veebip\u00f5hine raamatupidamistarkvara\u00a0<\/b><span style=\"font-weight: 400;\">on k\u00e4ttesaadav <\/span><b>igas kohas ning seadmes<\/b><span style=\"font-weight: 400;\">, kus on interneti\u00fchendus.<\/span><\/p>\n<ul>\n<li><span style=\"font-weight: 400;\">Sobib h\u00e4sti ettev\u00f5tetele, kus kaugt\u00f6\u00f6 on populaarne.<\/span><\/li>\n<li><span style=\"font-weight: 400;\">Raamatupidamise kontrollimine ja oma ettev\u00f5tte tegevusel silma peal hoidmine on v\u00e4ga mugav.<\/span><\/li>\n<li>Automaatsed tarkvara uuendused.<\/li>\n<\/ul>\n","protected":false},"excerpt":{"rendered":"<p>ERPLY Books&#8217;i\u00a0veebip\u00f5hine raamatupidamistarkvara\u00a0on k\u00e4ttesaadav igas kohas ning seadmes, kus on interneti\u00fchendus. Sobib h\u00e4sti ettev\u00f5tetele, kus kaugt\u00f6\u00f6 on populaarne. Raamatupidamise kontrollimine ja oma ettev\u00f5tte tegevusel silma peal hoidmine on v\u00e4ga mugav. Automaatsed tarkvara uuendused.<\/p>\n","protected":false},"author":24,"featured_media":0,"parent":0,"menu_order":0,"comment_status":"closed","ping_status":"closed","template":"","meta":{"_et_pb_use_builder":"","_et_pb_old_content":"","_et_gb_content_width":"","footnotes":""},"categories":[1165],"tags":[846,821],"class_list":["post-31293","page","type-page","status-publish","hentry","category-tarkvara","tag-raamatupidamistarkvara","tag-tarkvara"],"_links":{"self":[{"href":"https:\/\/www.erplybooks.com\/et\/wp-json\/wp\/v2\/pages\/31293","targetHints":{"allow":["GET"]}}],"collection":[{"href":"https:\/\/www.erplybooks.com\/et\/wp-json\/wp\/v2\/pages"}],"about":[{"href":"https:\/\/www.erplybooks.com\/et\/wp-json\/wp\/v2\/types\/page"}],"author":[{"embeddable":true,"href":"https:\/\/www.erplybooks.com\/et\/wp-json\/wp\/v2\/users\/24"}],"replies":[{"embeddable":true,"href":"https:\/\/www.erplybooks.com\/et\/wp-json\/wp\/v2\/comments?post=31293"}],"version-history":[{"count":0,"href":"https:\/\/www.erplybooks.com\/et\/wp-json\/wp\/v2\/pages\/31293\/revisions"}],"wp:attachment":[{"href":"https:\/\/www.erplybooks.com\/et\/wp-json\/wp\/v2\/media?parent=31293"}],"wp:term":[{"taxonomy":"category","embeddable":true,"href":"https:\/\/www.erplybooks.com\/et\/wp-json\/wp\/v2\/categories?post=31293"},{"taxonomy":"post_tag","embeddable":true,"href":"https:\/\/www.erplybooks.com\/et\/wp-json\/wp\/v2\/tags?post=31293"}],"curies":[{"name":"wp","href":"https:\/\/api.w.org\/{rel}","templated":true}]}}