{"id":31283,"date":"2023-06-27T11:07:55","date_gmt":"2023-06-27T11:07:55","guid":{"rendered":"https:\/\/www.erplybooks.com\/e-arved\/"},"modified":"2023-07-07T07:20:31","modified_gmt":"2023-07-07T07:20:31","slug":"e-arved-2","status":"publish","type":"page","link":"https:\/\/www.erplybooks.com\/et\/e-arved-2\/","title":{"rendered":"E-arved"},"content":{"rendered":"<p>ERPLY Books toetab <span style=\"font-weight: 400;\"><a href=\"https:\/\/www.unifiedpost.com\/et-ee\/riigid\/eesti\">Unifiedpost<\/a><\/span> ja <span style=\"font-weight: 400;\"><a href=\"https:\/\/finbite.eu\/et\/\">finbite<\/a><\/span> e-arve\u00a0lahendusi. <span style=\"font-weight: 400;\">Arvete automaatne t\u00f6\u00f6tlemine hoiab Sinu aega kokku k\u00e4sitsi sisestamise arvelt.<\/span><\/p>\n<ul>\n<li><span style=\"font-weight: 400;\">Saada ja t\u00f5mba m\u00fc\u00fcgi- v\u00f5i ostuarveid <strong>e-arve<\/strong> operaatoriga.<\/span><\/li>\n<li>Lisa reeglid automaatseks arve sisestuseks, kui fail postkasti j\u00f5uab.<\/li>\n<\/ul>\n","protected":false},"excerpt":{"rendered":"<p>ERPLY Books toetab Unifiedpost ja finbite e-arve\u00a0lahendusi. Arvete automaatne t\u00f6\u00f6tlemine hoiab Sinu aega kokku k\u00e4sitsi sisestamise arvelt. Saada ja t\u00f5mba m\u00fc\u00fcgi- v\u00f5i ostuarveid e-arve operaatoriga. Lisa reeglid automaatseks arve sisestuseks, kui fail postkasti j\u00f5uab.<\/p>\n","protected":false},"author":24,"featured_media":0,"parent":0,"menu_order":0,"comment_status":"closed","ping_status":"closed","template":"","meta":{"_et_pb_use_builder":"","_et_pb_old_content":"","_et_gb_content_width":"","footnotes":""},"categories":[478,459],"tags":[45,1391],"class_list":["post-31283","page","type-page","status-publish","hentry","category-integrations","category-integratsioonid","tag-e-arve","tag-invoice-et"],"_links":{"self":[{"href":"https:\/\/www.erplybooks.com\/et\/wp-json\/wp\/v2\/pages\/31283","targetHints":{"allow":["GET"]}}],"collection":[{"href":"https:\/\/www.erplybooks.com\/et\/wp-json\/wp\/v2\/pages"}],"about":[{"href":"https:\/\/www.erplybooks.com\/et\/wp-json\/wp\/v2\/types\/page"}],"author":[{"embeddable":true,"href":"https:\/\/www.erplybooks.com\/et\/wp-json\/wp\/v2\/users\/24"}],"replies":[{"embeddable":true,"href":"https:\/\/www.erplybooks.com\/et\/wp-json\/wp\/v2\/comments?post=31283"}],"version-history":[{"count":0,"href":"https:\/\/www.erplybooks.com\/et\/wp-json\/wp\/v2\/pages\/31283\/revisions"}],"wp:attachment":[{"href":"https:\/\/www.erplybooks.com\/et\/wp-json\/wp\/v2\/media?parent=31283"}],"wp:term":[{"taxonomy":"category","embeddable":true,"href":"https:\/\/www.erplybooks.com\/et\/wp-json\/wp\/v2\/categories?post=31283"},{"taxonomy":"post_tag","embeddable":true,"href":"https:\/\/www.erplybooks.com\/et\/wp-json\/wp\/v2\/tags?post=31283"}],"curies":[{"name":"wp","href":"https:\/\/api.w.org\/{rel}","templated":true}]}}