{"id":31276,"date":"2023-06-27T10:21:45","date_gmt":"2023-06-27T10:21:45","guid":{"rendered":"https:\/\/www.erplybooks.com\/aruandev-isik\/"},"modified":"2023-07-07T10:25:37","modified_gmt":"2023-07-07T10:25:37","slug":"aruandev-isik","status":"publish","type":"page","link":"https:\/\/www.erplybooks.com\/et\/aruandev-isik\/","title":{"rendered":"Aruandev isik"},"content":{"rendered":"<p><strong><a href=\"https:\/\/www.erplybooks.com\/et\/?page_id=244\">Aruandev isik<\/a><\/strong> on keegi, kellele antakse raha organisatsiooniga seotud majandustehingute tegemiseks v\u00f5i kellele tasutakse tema poolt tehtud majandustehingute eest. Tihti on selleks erinevad ettev\u00f5tte t\u00f6\u00f6tajad.<\/p>\n<ul>\n<li>Sisesta k\u00f5ik tehingud nii, et \u00fche t\u00f6\u00f6taja kohta tuleb igas kuus vaid \u00fcks aruandva isiku ostudokument.<\/li>\n<li>Sisesta k\u00f5ik ostud aruandva isiku nimele, isegi siis kui ta kasutas firma kaarti.<\/li>\n<li><span style=\"font-weight: 400;\">Arhiveeri k\u00f5ik dokumendid \u2013 paberdokumendi puhul tee telefoniga pilt ja lae see \u00fcles, et v\u00e4ltida dokumentide kaotamist. <\/span><\/li>\n<li>Prindi korra kuus v\u00e4lja dokument, mille saad anda t\u00f6\u00f6tajale allkirjastamiseks.<\/li>\n<li>Teosta muud t\u00f6\u00f6tajaga seotud toimingud (avanss, palk jne.).<\/li>\n<\/ul>\n","protected":false},"excerpt":{"rendered":"<p>Aruandev isik on keegi, kellele antakse raha organisatsiooniga seotud majandustehingute tegemiseks v\u00f5i kellele tasutakse tema poolt tehtud majandustehingute eest. Tihti on selleks erinevad ettev\u00f5tte t\u00f6\u00f6tajad. Sisesta k\u00f5ik tehingud nii, et \u00fche t\u00f6\u00f6taja kohta tuleb igas kuus vaid \u00fcks aruandva isiku ostudokument. Sisesta k\u00f5ik ostud aruandva isiku nimele, isegi siis kui ta kasutas firma kaarti. Arhiveeri [&hellip;]<\/p>\n","protected":false},"author":24,"featured_media":0,"parent":0,"menu_order":18,"comment_status":"closed","ping_status":"closed","template":"","meta":{"_et_pb_use_builder":"","_et_pb_old_content":"","_et_gb_content_width":"","footnotes":""},"categories":[451],"tags":[813,815,814],"class_list":["post-31276","page","type-page","status-publish","hentry","category-aruandlus","tag-aruandev","tag-aruandlus","tag-isik"],"_links":{"self":[{"href":"https:\/\/www.erplybooks.com\/et\/wp-json\/wp\/v2\/pages\/31276","targetHints":{"allow":["GET"]}}],"collection":[{"href":"https:\/\/www.erplybooks.com\/et\/wp-json\/wp\/v2\/pages"}],"about":[{"href":"https:\/\/www.erplybooks.com\/et\/wp-json\/wp\/v2\/types\/page"}],"author":[{"embeddable":true,"href":"https:\/\/www.erplybooks.com\/et\/wp-json\/wp\/v2\/users\/24"}],"replies":[{"embeddable":true,"href":"https:\/\/www.erplybooks.com\/et\/wp-json\/wp\/v2\/comments?post=31276"}],"version-history":[{"count":0,"href":"https:\/\/www.erplybooks.com\/et\/wp-json\/wp\/v2\/pages\/31276\/revisions"}],"wp:attachment":[{"href":"https:\/\/www.erplybooks.com\/et\/wp-json\/wp\/v2\/media?parent=31276"}],"wp:term":[{"taxonomy":"category","embeddable":true,"href":"https:\/\/www.erplybooks.com\/et\/wp-json\/wp\/v2\/categories?post=31276"},{"taxonomy":"post_tag","embeddable":true,"href":"https:\/\/www.erplybooks.com\/et\/wp-json\/wp\/v2\/tags?post=31276"}],"curies":[{"name":"wp","href":"https:\/\/api.w.org\/{rel}","templated":true}]}}