{"id":31249,"date":"2023-06-27T05:15:46","date_gmt":"2023-06-27T05:15:46","guid":{"rendered":"https:\/\/www.erplybooks.com\/?page_id=31249"},"modified":"2023-08-21T11:58:45","modified_gmt":"2023-08-21T11:58:45","slug":"e-arvete-vastuvotmine-erply-booksis","status":"publish","type":"page","link":"https:\/\/www.erplybooks.com\/et\/e-arvete-vastuvotmine-erply-booksis\/","title":{"rendered":"E-arvete vastuv\u00f5tmine ERPLY Booksis"},"content":{"rendered":"<p>Alates 1. juulist muutus e-arvete saatmine avalikule sektorile kohustuslikuks.<\/p>\r\n<!-- \/wp:post-content -->\r\n\r\n<!-- wp:paragraph -->\r\n<p>\u00dchtlasi oleme lahendanud ka e-arvete vastuv\u00f5tmise k\u00fcsimuse. ERPLY Booksi ostuarvete postkast p\u00e4rib e-arveldajasse saabunud e-arved oma failide nimekirja. Seega hakkate saabunud e-arveid n\u00e4gema moodulis &#8220;Ost&#8221; &gt; &#8220;Ostuarvete postkast&#8221;. \u00dchtegi lisatoimingut selleks tegema ei pea, failid j\u00f5uavad kohale automaatselt.<\/p>\r\n<!-- \/wp:paragraph -->\r\n\r\n<!-- wp:paragraph -->\r\n<p>J\u00e4rgnevalt kirjeldame l\u00fchidalt t\u00f6\u00f6protsessi, et teha saabunud failist arve.<\/p>\r\n<!-- \/wp:paragraph -->\r\n\r\n<!-- wp:list -->\r\n<ul>\r\n<li>Esmalt minge ERPLY Booksis &#8220;Ost&#8221; &gt; &#8220;Ostuarvete postkast&#8221;.<\/li>\r\n<li>Seej\u00e4rel otsige saabunud failidest \u00fcles e-arve, millest soovite arvet teha. Vajutage sinna peale.<\/li>\r\n<li>N\u00e4ete seej\u00e4rel, et paremal ekraanipoolel kuvatakse arve PDF vaadet.<\/li>\r\n<li>Vajutage alamen\u00fc\u00fcs kollasele nupule &#8220;Loo arve&#8221;.<\/li>\r\n<li>Seej\u00e4rel kuvab s\u00fcsteem vasakul pool info arve sisestuse kohta. Kui saabunud e-arvel pole k\u00f5ike vajalikku infot, saate seda siin vajadusel juurde lisada (vajutades noolekesega nupule &#8220;Lisainfo&#8221; v\u00f5i t\u00e4iendades arveridu).<\/li>\r\n<li>Vajutage rohelisele nupule &#8220;Salvesta&#8221;. Seej\u00e4rel ilmub loodud arve moodulisse &#8220;Ost&#8221; &gt; &#8220;Maksmata ostuarved&#8221;.<\/li>\r\n<\/ul>\r\n<!-- \/wp:list -->\r\n\r\n<!-- wp:paragraph -->\r\n<p>Loe ostuarvete postkasti kohta t\u00e4psemalt <a href=\"https:\/\/www.erplybooks.com\/et\/juhendid\/ostuarvete-automatiseerimine\/\">SIIT. <\/a><\/p>\r\n<!-- \/wp:paragraph -->\r\n\r\n<!-- wp:paragraph -->\r\n<p><strong>NB! E-arve arveks tegemine on olenemata valitud paketist tasuta.<\/strong><\/p>","protected":false},"excerpt":{"rendered":"<p>Alates 1. juulist muutus e-arvete saatmine avalikule sektorile kohustuslikuks. \u00dchtlasi oleme lahendanud ka e-arvete vastuv\u00f5tmise k\u00fcsimuse. ERPLY Booksi ostuarvete postkast p\u00e4rib e-arveldajasse saabunud e-arved oma failide nimekirja. Seega hakkate saabunud e-arveid n\u00e4gema moodulis &#8220;Ost&#8221; &gt; &#8220;Ostuarvete postkast&#8221;. \u00dchtegi lisatoimingut selleks tegema ei pea, failid j\u00f5uavad kohale automaatselt. J\u00e4rgnevalt kirjeldame l\u00fchidalt t\u00f6\u00f6protsessi, et teha saabunud failist [&hellip;]<\/p>\n","protected":false},"author":24,"featured_media":0,"parent":0,"menu_order":0,"comment_status":"closed","ping_status":"closed","template":"","meta":{"_et_pb_use_builder":"","_et_pb_old_content":"","_et_gb_content_width":"","footnotes":""},"categories":[450],"tags":[45,820],"class_list":["post-31249","page","type-page","status-publish","hentry","category-seadistused","tag-e-arve","tag-vastuvotmine"],"_links":{"self":[{"href":"https:\/\/www.erplybooks.com\/et\/wp-json\/wp\/v2\/pages\/31249","targetHints":{"allow":["GET"]}}],"collection":[{"href":"https:\/\/www.erplybooks.com\/et\/wp-json\/wp\/v2\/pages"}],"about":[{"href":"https:\/\/www.erplybooks.com\/et\/wp-json\/wp\/v2\/types\/page"}],"author":[{"embeddable":true,"href":"https:\/\/www.erplybooks.com\/et\/wp-json\/wp\/v2\/users\/24"}],"replies":[{"embeddable":true,"href":"https:\/\/www.erplybooks.com\/et\/wp-json\/wp\/v2\/comments?post=31249"}],"version-history":[{"count":0,"href":"https:\/\/www.erplybooks.com\/et\/wp-json\/wp\/v2\/pages\/31249\/revisions"}],"wp:attachment":[{"href":"https:\/\/www.erplybooks.com\/et\/wp-json\/wp\/v2\/media?parent=31249"}],"wp:term":[{"taxonomy":"category","embeddable":true,"href":"https:\/\/www.erplybooks.com\/et\/wp-json\/wp\/v2\/categories?post=31249"},{"taxonomy":"post_tag","embeddable":true,"href":"https:\/\/www.erplybooks.com\/et\/wp-json\/wp\/v2\/tags?post=31249"}],"curies":[{"name":"wp","href":"https:\/\/api.w.org\/{rel}","templated":true}]}}