{"id":31213,"date":"2023-06-26T11:24:07","date_gmt":"2023-06-26T11:24:07","guid":{"rendered":"https:\/\/www.erplybooks.com\/?page_id=31213"},"modified":"2023-07-05T12:27:22","modified_gmt":"2023-07-05T12:27:22","slug":"pangaliides","status":"publish","type":"page","link":"https:\/\/www.erplybooks.com\/et\/pangaliides\/","title":{"rendered":"Pangaliides"},"content":{"rendered":"<p><span style=\"font-weight: 400;\">M\u00e4rkimisv\u00e4\u00e4rne osa <\/span><span style=\"font-weight: 400;\">raamatupidaja<\/span><span style=\"font-weight: 400;\"> igap\u00e4evat\u00f6\u00f6st koosneb k\u00e4sitsi tehingute sidumisest panga\u00fclekannetega. Milleks kulutada v\u00e4\u00e4rtuslikku t\u00f6\u00f6aega tegevusele, mida on v\u00f5imalik <\/span><b>automatiseerida<\/b><span style=\"font-weight: 400;\">? ERPLY Books\u2019is on k\u00f5ik pangaga seonduv kiire ja automatiseeritud!<\/span><\/p>\n<p><span style=\"font-weight: 400;\">Pangatehingud saab kiirelt ja mugavalt pangav\u00e4ljav\u00f5tte failiga ERPLY Books\u2019i importida. Selleks on vaja pangast pangav\u00e4ljav\u00f5tte fail alla laadida ja seej\u00e4rel ERPLY Books\u2019i \u00fcles laadida. ERPLY Books toetab pangav\u00e4ljav\u00f5tte faili importimist \u00fcle kogu maailma ja ka PayPal\u2019i pangav\u00e4ljav\u00f5tte importimist. ERPLY Books\u2019i tarkvara suudab tehingute importimisel <\/span><b>90% t\u00e4psusega<\/b><span style=\"font-weight: 400;\"> \u00fcles leida kliendi-hankija nime, registrikoodi ja viitenumbri. <\/span><\/p>\n<p><span style=\"font-weight: 400;\">Pangaimporti on v\u00f5imalik <\/span><a href=\"https:\/\/www.erplybooks.com\/et\/juhendid\/pangareeglid\/\">pangareeglitega<\/a><span style=\"font-weight: 400;\"> teha nii automaatseks kui ise soovid. Maksed, mida ei lingita automaatselt, on v\u00f5imalik tarkvaras ise siduda kas k\u00e4sitsi v\u00f5i luues selleks eraldi pangareegl. Reegli loomisel seostatakse vastav rida j\u00e4rgmine kord automaatselt. Pangaimport \u00f5pib eelnevatest tehingutest, seega muutub ERPLY Books\u2019i kasutamine aja m\u00f6\u00f6dudes j\u00e4rjest automaatsemaks.<\/span><\/p>\n<p><span style=\"font-weight: 400;\">Pangatehingute ja raamatupidamise <\/span><b>t\u00e4isautomaatseks<\/b><span style=\"font-weight: 400;\"> sidumiseks on ERPLY Books\u2019il <\/span><b>pangaliides<\/b><span style=\"font-weight: 400;\">. See t\u00e4hendab, et pank ja tarkvara suhtlevad omavahel, importides pangatehingud automaatselt ERPLY Books\u2019i. T\u00e4isautomaatne <\/span><span style=\"font-weight: 400;\">pangaliides<\/span><span style=\"font-weight: 400;\"> toimib paljude pankadega &#8211; <a href=\"https:\/\/www.swedbank.ee\/business\/accounting\/accounting\/erply?language=EST\">Swedbank<\/a>, SEB, LHV, Coop, Nordea, Danske, OP Bank.<\/span><\/p>\n<p>ERPLY Books\u2019i pangaimport &#8211; unusta paberimajandus ja <strong>tee reeded vabaks<\/strong>!<\/p>\n<p>Tutvu l\u00e4hemalt ERPLY Books\u2019i pangaimpordi ja pangaliidesega <a href=\"https:\/\/www.erplybooks.com\/et\/juhendid\/pangaimport-erply-booksis\/\">siin<\/a>!<\/p>\n<p><img loading=\"lazy\" decoding=\"async\" class=\"alignnone wp-image-22029 size-large\" src=\"https:\/\/www.erplybooks.com\/wp-content\/uploads\/2021\/06\/Screenshot-2021-06-29-at-09.55.39-1024x477.png\" alt=\"Pangaimport\" width=\"1024\" height=\"477\" srcset=\"https:\/\/www.erplybooks.com\/wp-content\/uploads\/2021\/06\/Screenshot-2021-06-29-at-09.55.39-980x456.png 980w, https:\/\/www.erplybooks.com\/wp-content\/uploads\/2021\/06\/Screenshot-2021-06-29-at-09.55.39-480x223.png 480w\" sizes=\"auto, (min-width: 0px) and (max-width: 480px) 480px, (min-width: 481px) and (max-width: 980px) 980px, (min-width: 981px) 1024px, 100vw\" \/><\/p>\n","protected":false},"excerpt":{"rendered":"<p>M\u00e4rkimisv\u00e4\u00e4rne osa raamatupidaja igap\u00e4evat\u00f6\u00f6st koosneb k\u00e4sitsi tehingute sidumisest panga\u00fclekannetega. Milleks kulutada v\u00e4\u00e4rtuslikku t\u00f6\u00f6aega tegevusele, mida on v\u00f5imalik automatiseerida? ERPLY Books\u2019is on k\u00f5ik pangaga seonduv kiire ja automatiseeritud! Pangatehingud saab kiirelt ja mugavalt pangav\u00e4ljav\u00f5tte failiga ERPLY Books\u2019i importida. Selleks on vaja pangast pangav\u00e4ljav\u00f5tte fail alla laadida ja seej\u00e4rel ERPLY Books\u2019i \u00fcles laadida. ERPLY Books toetab pangav\u00e4ljav\u00f5tte [&hellip;]<\/p>\n","protected":false},"author":24,"featured_media":0,"parent":0,"menu_order":0,"comment_status":"closed","ping_status":"closed","template":"","meta":{"_et_pb_use_builder":"","_et_pb_old_content":"","_et_gb_content_width":"","footnotes":""},"categories":[456],"tags":[857,724],"class_list":["post-31213","page","type-page","status-publish","hentry","category-pank","tag-liides","tag-pank"],"_links":{"self":[{"href":"https:\/\/www.erplybooks.com\/et\/wp-json\/wp\/v2\/pages\/31213","targetHints":{"allow":["GET"]}}],"collection":[{"href":"https:\/\/www.erplybooks.com\/et\/wp-json\/wp\/v2\/pages"}],"about":[{"href":"https:\/\/www.erplybooks.com\/et\/wp-json\/wp\/v2\/types\/page"}],"author":[{"embeddable":true,"href":"https:\/\/www.erplybooks.com\/et\/wp-json\/wp\/v2\/users\/24"}],"replies":[{"embeddable":true,"href":"https:\/\/www.erplybooks.com\/et\/wp-json\/wp\/v2\/comments?post=31213"}],"version-history":[{"count":0,"href":"https:\/\/www.erplybooks.com\/et\/wp-json\/wp\/v2\/pages\/31213\/revisions"}],"wp:attachment":[{"href":"https:\/\/www.erplybooks.com\/et\/wp-json\/wp\/v2\/media?parent=31213"}],"wp:term":[{"taxonomy":"category","embeddable":true,"href":"https:\/\/www.erplybooks.com\/et\/wp-json\/wp\/v2\/categories?post=31213"},{"taxonomy":"post_tag","embeddable":true,"href":"https:\/\/www.erplybooks.com\/et\/wp-json\/wp\/v2\/tags?post=31213"}],"curies":[{"name":"wp","href":"https:\/\/api.w.org\/{rel}","templated":true}]}}