{"id":31207,"date":"2023-06-26T11:03:16","date_gmt":"2023-06-26T11:03:16","guid":{"rendered":"https:\/\/www.erplybooks.com\/?page_id=31207"},"modified":"2023-07-11T08:52:56","modified_gmt":"2023-07-11T08:52:56","slug":"paindlik-raamatupidamistarkvara","status":"publish","type":"page","link":"https:\/\/www.erplybooks.com\/et\/paindlik-raamatupidamistarkvara\/","title":{"rendered":"Paindlik raamatupidamistarkvara"},"content":{"rendered":"<p><span style=\"font-weight: 400;\">ERPLY Books\u2019i <\/span><span style=\"font-weight: 400;\">veebip\u00f5hine raamatupidamine<\/span><span style=\"font-weight: 400;\"> on paindlik ja mitmekesine lahendus Sinu ettev\u00f5tte raamatupidamisele. ERPLY Books\u2019iga on v\u00f5imalik automatiseerida k\u00f5iki peamisi raamatupidamise protsesse ning kohandada aruandeid vastavalt soovile. Kuigi tarkvara on paindlik, siis v\u00f5tab automatiseerimine aega ning k\u00f5iki tehinguid ja aruandeid pole m\u00f5istlik automatiseerida.<\/span><\/p>\n<p><img loading=\"lazy\" decoding=\"async\" class=\"alignright wp-image-21365 size-medium\" src=\"https:\/\/www.erplybooks.com\/wp-content\/uploads\/2021\/05\/raamatupidamistarkvara-210628-300x232.png\" alt=\"Veebip\u00f5hine raamatupidamistarkvara\" width=\"300\" height=\"232\" \/><\/p>\n<p><span style=\"font-weight: 400;\">Tarkvaras on v\u00f5imalik <\/span><span style=\"font-weight: 400;\"><a href=\"https:\/\/www.erplybooks.com\/et\/juhendid\/\">lisada reegleid<\/a><\/span><span style=\"font-weight: 400;\">, millega muuta raamatupidamine j\u00e4rjest p\u00f5hjalikumaks. Nii saad kohandada <\/span><span style=\"font-weight: 400;\">raamatupidamistarkvara<\/span><span style=\"font-weight: 400;\"><strong> vastavalt Sinu ettev\u00f5tte vajadustele ja soovidele<\/strong>. Seadista kontoplaan, k\u00e4ibemaksud ja artiklid ning lisa neile omavahelised reeglid, mis kirjeldavad, kuidas tarkvara automaatselt korrektseid kandeid teeks, vastavalt Sinu soovile.<\/span><\/p>\n<p><span style=\"font-weight: 400;\">Soovid enda tarkvara ERPLY Books\u2019i raamatupidamistarkvaraga \u00fchendada? API integratsiooniga on see v\u00f5imalik. Seda k\u00f5ike selleks, et infovoog oleks v\u00f5imalikult automaatne ja Sinul j\u00e4\u00e4ks aega p\u00f5hitegevusele keskenduda.\u00a0<\/span><\/p>\n<p><span style=\"font-weight: 400;\">ERPLY Books\u2019i mitmek\u00fclgsus on Sulle kasuks ka <\/span><span style=\"font-weight: 400;\">aruannete<\/span><span style=\"font-weight: 400;\"> koostamisel. <\/span><span style=\"font-weight: 400;\">Pangaliidese<\/span><span style=\"font-weight: 400;\"> ja aruannete mallide kasutamisel, on aruannete koostamine t\u00e4ielikult automatiseeritud. Olemasoleva informatsiooni p\u00f5hjal on ka aruandegeneraatori abil personaliseeritud aruannete koostamine imelihtne.<\/span><\/p>\n<p><span style=\"font-weight: 400;\">ERPLY Books uueneb pea iga kuu ning lisaks kasvab <\/span><span style=\"font-weight: 400;\">raamatupidamistarkvara<\/span><span style=\"font-weight: 400;\"> koos Sinuga. Sisesta andmed, lisa reeglid ning v\u00f5ta endale vaba aeg, et reedeid nautida!<\/span><\/p>\n<p><span style=\"font-weight: 400;\">Loe l\u00e4hemalt ERPLY Books\u2019i pakutavate pakettide kohta <\/span><span style=\"font-weight: 400;\"><a href=\"https:\/\/www.erplybooks.com\/et\/hinnakiri-ettevottele\/\">siit<\/a><\/span><span style=\"font-weight: 400;\">!\u00a0<\/span><\/p>\n","protected":false},"excerpt":{"rendered":"<p>ERPLY Books\u2019i veebip\u00f5hine raamatupidamine on paindlik ja mitmekesine lahendus Sinu ettev\u00f5tte raamatupidamisele. ERPLY Books\u2019iga on v\u00f5imalik automatiseerida k\u00f5iki peamisi raamatupidamise protsesse ning kohandada aruandeid vastavalt soovile. Kuigi tarkvara on paindlik, siis v\u00f5tab automatiseerimine aega ning k\u00f5iki tehinguid ja aruandeid pole m\u00f5istlik automatiseerida. Tarkvaras on v\u00f5imalik lisada reegleid, millega muuta raamatupidamine j\u00e4rjest p\u00f5hjalikumaks. Nii saad kohandada [&hellip;]<\/p>\n","protected":false},"author":24,"featured_media":0,"parent":0,"menu_order":0,"comment_status":"closed","ping_status":"closed","template":"","meta":{"_et_pb_use_builder":"","_et_pb_old_content":"","_et_gb_content_width":"","footnotes":""},"categories":[1165],"tags":[173,846,821],"class_list":["post-31207","page","type-page","status-publish","hentry","category-tarkvara","tag-raamatupidamine","tag-raamatupidamistarkvara","tag-tarkvara"],"_links":{"self":[{"href":"https:\/\/www.erplybooks.com\/et\/wp-json\/wp\/v2\/pages\/31207","targetHints":{"allow":["GET"]}}],"collection":[{"href":"https:\/\/www.erplybooks.com\/et\/wp-json\/wp\/v2\/pages"}],"about":[{"href":"https:\/\/www.erplybooks.com\/et\/wp-json\/wp\/v2\/types\/page"}],"author":[{"embeddable":true,"href":"https:\/\/www.erplybooks.com\/et\/wp-json\/wp\/v2\/users\/24"}],"replies":[{"embeddable":true,"href":"https:\/\/www.erplybooks.com\/et\/wp-json\/wp\/v2\/comments?post=31207"}],"version-history":[{"count":0,"href":"https:\/\/www.erplybooks.com\/et\/wp-json\/wp\/v2\/pages\/31207\/revisions"}],"wp:attachment":[{"href":"https:\/\/www.erplybooks.com\/et\/wp-json\/wp\/v2\/media?parent=31207"}],"wp:term":[{"taxonomy":"category","embeddable":true,"href":"https:\/\/www.erplybooks.com\/et\/wp-json\/wp\/v2\/categories?post=31207"},{"taxonomy":"post_tag","embeddable":true,"href":"https:\/\/www.erplybooks.com\/et\/wp-json\/wp\/v2\/tags?post=31207"}],"curies":[{"name":"wp","href":"https:\/\/api.w.org\/{rel}","templated":true}]}}