{"id":31182,"date":"2023-06-26T07:41:27","date_gmt":"2023-06-26T07:41:27","guid":{"rendered":"https:\/\/www.erplybooks.com\/erp-software\/"},"modified":"2023-07-07T09:57:34","modified_gmt":"2023-07-07T09:57:34","slug":"erp-tarkvara","status":"publish","type":"page","link":"https:\/\/www.erplybooks.com\/et\/erp-tarkvara\/","title":{"rendered":"ERP tarkvara"},"content":{"rendered":"<p><span style=\"font-weight: 400;\">ERPLY Books on t\u00e4isfunktsionaalne ERP, mis on \u00fchelt poolt automaatne, teiselt poolt kohandatav t\u00e4pselt selliseks nagu tarvis. T\u00e4nu API-le ja paljudele olemasolevatele integratsioonidele sobib t\u00e4isfunktsionaalne raamatupidamistarkvara ka k\u00f5ige suurematele ettev\u00f5tetele. Selleks, et paremini m\u00f5ista, kuidas ERPLY Books Sinu protsesside automatiseerimisel ja p\u00f5hitegevusele keskendumisel kaasa aitab, k\u00fcsi tasuta demo <\/span><span style=\"font-weight: 400;\">info@erplybooks.com<\/span><span style=\"font-weight: 400;\">.<\/span><\/p>\n<p><span style=\"font-weight: 400;\">ERPLY Books\u2019is on t\u00e4isfunktsionaalne API, mis v\u00f5imaldab integreerida \u00fcht tarkvara teisega. ERPLY Books\u2019i saab mugavalt siduda ka enda loodud tarkvaraga ilma, et kasutajad sellest aru saaksid. <\/span><span style=\"font-weight: 400;\">Tarkvaraga integreerimiseks on ERPLY Ladu ja Ladu20, Swedbank, Finbite, Paylike, Envoice ning <\/span><span style=\"font-weight: 400;\">palju muud<\/span><span style=\"font-weight: 400;\">.<\/span><\/p>\n<p><span style=\"font-weight: 400;\">ERPLY Books\u2019i ERP v\u00f5imaldab olemasolevaid raamatupidamiseks vajalikke baasfunktsioone laiendada ja parendada. Lisaks saab tehingutele ja moodulites m\u00e4\u00e4rata erinevaid reegleid.<\/span> <span style=\"font-weight: 400;\">K\u00f5ike selleks, et protsess oleks v\u00f5imalikult personaalne ja automaatne.<\/span><\/p>\n<p><span style=\"font-weight: 400;\">ERPLY Books\u2019i kompleksne <\/span><a href=\"https:\/\/www.erplybooks.com\/et\/juhendid\/eelarve-koostamine\/\"><span style=\"font-weight: 400;\">eelarve moodul<\/span><\/a><span style=\"font-weight: 400;\"> v\u00f5imaldab sisestada ning v\u00f5rrelda prognoositavaid tulemusi kontode ja projektide l\u00f5ikes. Hinda \u00fcle- v\u00f5i puuduj\u00e4\u00e4gi ja t\u00e4idetud eesm\u00e4rgi protsendi p\u00f5hjal ettev\u00f5tte tegevust. ERPLY Books\u2019i <\/span><a href=\"https:\/\/www.erplybooks.com\/et\/juhendid\/projektid-erply-booksis\/\"><span style=\"font-weight: 400;\">projektip\u00f5hise<\/span><\/a><span style=\"font-weight: 400;\"> raamatupidamisega saad hallata mitut asukohta, projekti ja objekti. Selleks grupeeri samalaadsed projektigrupid ja jaga ostuarved projektide vahel.<\/span><\/p>\n<p><span style=\"font-weight: 400;\">ERPLY Books\u2019i ERP tarkvaras on olemas raamatupidamis-, maksu- ja ka juhtimisaruanded. Lisaks olemasolevatele p\u00f5hjadele on v\u00f5imalik ka ise soovitud aruanne genereerida. <\/span><a href=\"https:\/\/www.erplybooks.com\/et\/juhendid\/aruandegeneraator\/\"><span style=\"font-weight: 400;\">Aruandegeneraatori<\/span><\/a><span style=\"font-weight: 400;\"> funkstioon on suurep\u00e4raseks lahenduseks suurtele ettev\u00f5tetele ja nende juhtidele. Lisaks saab koostada suhtarvudega graafikuid, mille alusel on v\u00f5imalik ettev\u00f5tte tulemuslikkust hinnata.<\/span><\/p>\n<p><span style=\"font-weight: 400;\">ERPLY Books\u2019i ERP tarkvara aitab h\u00f5lpsasti v\u00f5lgasid ja laekunud ettemakseid j\u00e4lgida. Makstud ja maksmata arvete kohta annab tarkvaras \u00fclevaate kliendiraport. Samuti on v\u00f5imalik klientidele saata regulaarseid meeldetuletusi ja saldoteatisi. V\u00f5lglastele on v\u00f5imalik saata ERPLY Books\u2019iga ka automaatseid <\/span><a href=\"https:\/\/www.erplybooks.com\/et\/juhendid\/automaatsed-saldoteatised\/\"><span style=\"font-weight: 400;\">maksemeenutusi<\/span><\/a><span style=\"font-weight: 400;\">.<\/span><\/p>\n<p><span style=\"font-weight: 400;\">Lisaks sisaldab Books \u00fcle saja erineva plugina, mis v\u00f5imaldab automatiseerida ja parandada ettev\u00f5tte t\u00f6\u00f6protsesse. Paljud Sinu ettev\u00f5tte probleemidele vastavad lahendused on juba tarkvaras olemas ning vajavad pigem juurutamist, mitte arendust.<\/span><\/p>\n<h6><span style=\"font-weight: 400;\">Millega peate arvestama enne ERPLY Books\u2019i kasutamist:\u00a0<\/span><\/h6>\n<ul>\n<li style=\"font-weight: 400;\" aria-level=\"1\"><span style=\"font-weight: 400;\">K\u00fcsi tarkvara demo <\/span><span style=\"font-weight: 400;\">info@erplybooks.com<\/span><span style=\"font-weight: 400;\">, mille k\u00e4igus kaardistatakse vajadused ja selgub, kas on m\u00f5istlik teha hinnapakkumine.\u00a0<\/span><\/li>\n<li style=\"font-weight: 400;\" aria-level=\"1\"><span style=\"font-weight: 400;\">Seej\u00e4rel koostatakse kuni 2 n\u00e4dalaga hinnapakkumine. K\u00f5ik ERPLY Books\u2019i hinnapakkumised on tegevusp\u00f5hised &#8211; pakutakse v\u00e4lja erinevad v\u00f5imalused, mida on v\u00f5imalik ja mida on kohustuslik kasutusele v\u00f5tta vastavalt ettev\u00f5tte vajadustele. Hinnapakkumine sisaldab kuutasu ja \u00fchekordseid tegevusi ettev\u00f5tte alustamiseks Books\u2019is. Vahepeal v\u00f5ib olla hinnapakkumise korrigeerimist ja t\u00e4psustamist.\u00a0<\/span><\/li>\n<li style=\"font-weight: 400;\" aria-level=\"1\"><span style=\"font-weight: 400;\">Sellele j\u00e4rgneb juurutusfaas, mis kestab 1 kuu kuni aasta.<\/span><\/li>\n<\/ul>\n<p><span style=\"font-weight: 400;\">K\u00fcsimuste korral kirjutage <\/span><span style=\"font-weight: 400;\">info@erplybooks.com<\/span><span style=\"font-weight: 400;\">.<\/span><\/p>\n","protected":false},"excerpt":{"rendered":"<p>ERPLY Books on t\u00e4isfunktsionaalne ERP, mis on \u00fchelt poolt automaatne, teiselt poolt kohandatav t\u00e4pselt selliseks nagu tarvis. T\u00e4nu API-le ja paljudele olemasolevatele integratsioonidele sobib t\u00e4isfunktsionaalne raamatupidamistarkvara ka k\u00f5ige suurematele ettev\u00f5tetele. Selleks, et paremini m\u00f5ista, kuidas ERPLY Books Sinu protsesside automatiseerimisel ja p\u00f5hitegevusele keskendumisel kaasa aitab, k\u00fcsi tasuta demo info@erplybooks.com. ERPLY Books\u2019is on t\u00e4isfunktsionaalne API, mis [&hellip;]<\/p>\n","protected":false},"author":24,"featured_media":0,"parent":0,"menu_order":0,"comment_status":"closed","ping_status":"closed","template":"","meta":{"_et_pb_use_builder":"","_et_pb_old_content":"","_et_gb_content_width":"","footnotes":""},"categories":[1165],"tags":[53,821],"class_list":["post-31182","page","type-page","status-publish","hentry","category-tarkvara","tag-erp","tag-tarkvara"],"_links":{"self":[{"href":"https:\/\/www.erplybooks.com\/et\/wp-json\/wp\/v2\/pages\/31182","targetHints":{"allow":["GET"]}}],"collection":[{"href":"https:\/\/www.erplybooks.com\/et\/wp-json\/wp\/v2\/pages"}],"about":[{"href":"https:\/\/www.erplybooks.com\/et\/wp-json\/wp\/v2\/types\/page"}],"author":[{"embeddable":true,"href":"https:\/\/www.erplybooks.com\/et\/wp-json\/wp\/v2\/users\/24"}],"replies":[{"embeddable":true,"href":"https:\/\/www.erplybooks.com\/et\/wp-json\/wp\/v2\/comments?post=31182"}],"version-history":[{"count":0,"href":"https:\/\/www.erplybooks.com\/et\/wp-json\/wp\/v2\/pages\/31182\/revisions"}],"wp:attachment":[{"href":"https:\/\/www.erplybooks.com\/et\/wp-json\/wp\/v2\/media?parent=31182"}],"wp:term":[{"taxonomy":"category","embeddable":true,"href":"https:\/\/www.erplybooks.com\/et\/wp-json\/wp\/v2\/categories?post=31182"},{"taxonomy":"post_tag","embeddable":true,"href":"https:\/\/www.erplybooks.com\/et\/wp-json\/wp\/v2\/tags?post=31182"}],"curies":[{"name":"wp","href":"https:\/\/api.w.org\/{rel}","templated":true}]}}