{"id":31143,"date":"2023-06-21T00:40:26","date_gmt":"2023-06-21T00:40:26","guid":{"rendered":"https:\/\/www.erplybooks.com\/?page_id=31143"},"modified":"2024-08-16T11:30:41","modified_gmt":"2024-08-16T11:30:41","slug":"erply-books-koostab-majandusaasta-aruande-sinu-eest","status":"publish","type":"page","link":"https:\/\/www.erplybooks.com\/et\/erply-books-koostab-majandusaasta-aruande-sinu-eest\/","title":{"rendered":"ERPLY Books koostab majandusaasta aruande Sinu eest!"},"content":{"rendered":"<h3><strong>ERPLY Books koostab majandusaasta aruande Sinu eest!<\/strong><\/h3>\n<p>&nbsp;<\/p>\n<p><span style=\"font-weight: 400;\">30.juunil on majandusaasta aruande esitamise t\u00e4htaeg, mis on veidi rohkem kui n\u00e4dala p\u00e4rast! See on kohustuslik k\u00f5ikidele ettev\u00f5tetele ning seda tuleb teha iga aasta. M\u00f5elda vaid kui palju aega oled Sa sellele aastate peale kokku kulutanud! Aga kas Sa teadsid, et on olemas v\u00f5imalus, kuidas sellele kuluvat aega tunduvalt v\u00e4hendada saab?\u00a0<\/span><\/p>\n<p><span style=\"font-weight: 400;\">See on v\u00f5imalik vaid selle t\u00f6\u00f6 automatiseerimisel ning seda v\u00f5imaldab ERPLY Booksi uudne funktsioon. Enam ei ole vaja k\u00f5iki andmeid k\u00e4sitsi sisestada. \u00c4riregister v\u00f5imaldab andmeid importida, mis t\u00e4hendab, et kui ERPLY Books koostab valitud perioodi kohta XBRL faili k\u00f5ikide vajalike andmetega, siis see on v\u00f5imalik \u00c4riregistrisse \u00fcles laadida ilma manuaalse t\u00f6\u00f6ta. Vajadusel saab loomulikult imporditud andmeid ka k\u00e4sitsi t\u00e4iendada.<\/span><\/p>\n<p><span style=\"font-weight: 400;\">XBRL faili koostamiseks on tarkvaras s\u00e4testatud vaikimisi reeglid, kuid neid saab vajadusel h\u00f5lpsasti muuta.\u00a0<\/span><\/p>\n<p>&nbsp;<\/p>\n<p><strong>OLULINE TEADA! <\/strong><span style=\"font-weight: 400;\">See lahendus sobib v\u00e4ikese suurusega ettev\u00f5ttele, sest antud fail ei sisalda k\u00f5iki aruande osasid, mis on vajalik esitada keskmiste ja suurte ettev\u00f5tete puhul (n\u00e4iteks rahavoogude aruanne, omakapitali muutuste aruanne jne).\u00a0<\/span><\/p>\n<p><span style=\"font-weight: 400;\">Kogu vajaliku info majandusaasta aruande koostamise funktsiooni kohta leiad <\/span><a href=\"https:\/\/www.erplybooks.com\/et\/juhendid\/majandusaasta-aruanne\/\"><span style=\"font-weight: 400;\">SIIT<\/span><\/a><\/p>\n","protected":false},"excerpt":{"rendered":"<p>ERPLY Books koostab majandusaasta aruande Sinu eest! &nbsp; 30.juunil on majandusaasta aruande esitamise t\u00e4htaeg, mis on veidi rohkem kui n\u00e4dala p\u00e4rast! See on kohustuslik k\u00f5ikidele ettev\u00f5tetele ning seda tuleb teha iga aasta. M\u00f5elda vaid kui palju aega oled Sa sellele aastate peale kokku kulutanud! Aga kas Sa teadsid, et on olemas v\u00f5imalus, kuidas sellele kuluvat [&hellip;]<\/p>\n","protected":false},"author":21,"featured_media":0,"parent":0,"menu_order":0,"comment_status":"closed","ping_status":"closed","template":"","meta":{"_et_pb_use_builder":"","_et_pb_old_content":"","_et_gb_content_width":"","footnotes":""},"categories":[451],"tags":[610,804,822,823],"class_list":["post-31143","page","type-page","status-publish","hentry","category-aruandlus","tag-aruanne","tag-majandusaasta","tag-teadetetahvel","tag-teated"],"_links":{"self":[{"href":"https:\/\/www.erplybooks.com\/et\/wp-json\/wp\/v2\/pages\/31143","targetHints":{"allow":["GET"]}}],"collection":[{"href":"https:\/\/www.erplybooks.com\/et\/wp-json\/wp\/v2\/pages"}],"about":[{"href":"https:\/\/www.erplybooks.com\/et\/wp-json\/wp\/v2\/types\/page"}],"author":[{"embeddable":true,"href":"https:\/\/www.erplybooks.com\/et\/wp-json\/wp\/v2\/users\/21"}],"replies":[{"embeddable":true,"href":"https:\/\/www.erplybooks.com\/et\/wp-json\/wp\/v2\/comments?post=31143"}],"version-history":[{"count":0,"href":"https:\/\/www.erplybooks.com\/et\/wp-json\/wp\/v2\/pages\/31143\/revisions"}],"wp:attachment":[{"href":"https:\/\/www.erplybooks.com\/et\/wp-json\/wp\/v2\/media?parent=31143"}],"wp:term":[{"taxonomy":"category","embeddable":true,"href":"https:\/\/www.erplybooks.com\/et\/wp-json\/wp\/v2\/categories?post=31143"},{"taxonomy":"post_tag","embeddable":true,"href":"https:\/\/www.erplybooks.com\/et\/wp-json\/wp\/v2\/tags?post=31143"}],"curies":[{"name":"wp","href":"https:\/\/api.w.org\/{rel}","templated":true}]}}