{"id":30985,"date":"2023-06-06T12:53:10","date_gmt":"2023-06-06T12:53:10","guid":{"rendered":"https:\/\/www.erplybooks.com\/?page_id=30985"},"modified":"2023-08-10T11:46:16","modified_gmt":"2023-08-10T11:46:16","slug":"kliendiportaal","status":"publish","type":"page","link":"https:\/\/www.erplybooks.com\/et\/juhendid\/kliendiportaal\/","title":{"rendered":"Kliendiportaali kasutamine"},"content":{"rendered":"<h1><span style=\"font-weight: 400;\">Kliendiportaali kasutamine<\/span><\/h1>\n<p>&nbsp;<\/p>\n<p><span style=\"font-weight: 400;\">ERPLY Booksis on v\u00f5imalik kasutada kliendiportaali. Kliendiportaaliga on v\u00f5imalik n\u00e4ha sinu klientidel v\u00f5i hankijatel nendega seotud infot (arveid, kliendi\/hankija raportit). Saates kliendile n\u00e4iteks e-mailiga arve, lisatakse arve sisusse link, millele vajutades suunatakse klient kliendiportaali, kust ta antud infot n\u00e4eb. Kliendiportaalis on v\u00f5imalik kliendil v\u00f5i hankijal n\u00e4ha ainult tema endaga seotud infot ning midagi muuta pole v\u00f5imalik. Kliendiportaali linki on v\u00f5imalik seadistada nii e-maili sisusse kui ka PDF-ile (arvetele, maksemeenutustele).\u00a0<\/span><\/p>\n<p>&nbsp;<\/p>\n<h2><span style=\"font-weight: 400;\">Seadistamine<\/span><\/h2>\n<p>&nbsp;<\/p>\n<p><span style=\"font-weight: 400;\">Kliendiportaali on v\u00f5imalik seadistada, kui kliendikaardile on lisatud kliendi e-mail. Seda saad kontrollida kliendikaardilt e-maili lahtrist. <\/span><span style=\"font-weight: 400;\">Lisaks on vaja <\/span><b>Globaalsete Atribuutide <\/b><span style=\"font-weight: 400;\">alla lisada reegel:\u00a0<\/span><\/p>\n<ul>\n<li style=\"font-weight: 400;\" aria-level=\"1\"><b>Nimi<\/b><span style=\"font-weight: 400;\">: GLOBAL_ADD_CUSTOMER_PANEL_LINKS<\/span><\/li>\n<li style=\"font-weight: 400;\" aria-level=\"1\"><b>V\u00e4\u00e4rtus<\/b><span style=\"font-weight: 400;\">: true<\/span><\/li>\n<\/ul>\n<p><span style=\"font-weight: 400;\">J\u00e4rgnevalt tuleb lisada <\/span><b>\u00dcldiste s\u00e4tete<\/b><span style=\"font-weight: 400;\"> (S\u00e4tted -&gt; \u00dcldised s\u00e4tted) alla e-maili teksti lahtrisse <\/span><b>|CUSTOMER_URL|<\/b><span style=\"font-weight: 400;\">, mis asendatakse e-mailis lingiga, mis suunab kliendi edasi Kliendiportaali.\u00a0<\/span><\/p>\n<p><img loading=\"lazy\" decoding=\"async\" class=\"alignnone wp-image-30992 \" src=\"https:\/\/www.erplybooks.com\/wp-content\/uploads\/2023\/06\/image6-1.png\" alt=\"\" width=\"515\" height=\"266\" srcset=\"https:\/\/www.erplybooks.com\/wp-content\/uploads\/2023\/06\/image6-1.png 515w, https:\/\/www.erplybooks.com\/wp-content\/uploads\/2023\/06\/image6-1-480x248.png 480w\" sizes=\"auto, (min-width: 0px) and (max-width: 480px) 480px, (min-width: 481px) 515px, 100vw\" \/><\/p>\n<p><span style=\"font-weight: 400;\">Salvesta ja v\u00e4rskenda lehte.<\/span><\/p>\n<p><span style=\"font-weight: 400;\">Koostades kliendile arve ja saates selle v\u00e4lja e-mailiga, on e-mailis link, mis suunab kliendi\/hankija kliendiportaali:\u00a0<\/span><\/p>\n<p><img loading=\"lazy\" decoding=\"async\" class=\"alignnone wp-image-30998 size-full\" src=\"https:\/\/www.erplybooks.com\/wp-content\/uploads\/2023\/06\/image10-1.png\" alt=\"\" width=\"1999\" height=\"675\" srcset=\"https:\/\/www.erplybooks.com\/wp-content\/uploads\/2023\/06\/image10-1.png 1999w, https:\/\/www.erplybooks.com\/wp-content\/uploads\/2023\/06\/image10-1-1280x432.png 1280w, https:\/\/www.erplybooks.com\/wp-content\/uploads\/2023\/06\/image10-1-980x331.png 980w, https:\/\/www.erplybooks.com\/wp-content\/uploads\/2023\/06\/image10-1-480x162.png 480w\" sizes=\"auto, (min-width: 0px) and (max-width: 480px) 480px, (min-width: 481px) and (max-width: 980px) 980px, (min-width: 981px) and (max-width: 1280px) 1280px, (min-width: 1281px) 1999px, 100vw\" \/><\/p>\n<p><span style=\"font-weight: 400;\">Lingile vajutades kuvatakse teade, et link on vaja kinnitada.\u00a0<\/span><\/p>\n<p><img loading=\"lazy\" decoding=\"async\" class=\"alignnone wp-image-31004 \" src=\"https:\/\/www.erplybooks.com\/wp-content\/uploads\/2023\/06\/image5-1.png\" alt=\"\" width=\"594\" height=\"156\" \/><\/p>\n<p><span style=\"font-weight: 400;\">Lingi kinnitus saadetakse uue emailiga.<\/span><\/p>\n<p><img loading=\"lazy\" decoding=\"async\" class=\"alignnone wp-image-31010 size-full\" src=\"https:\/\/www.erplybooks.com\/wp-content\/uploads\/2023\/06\/image1-2.png\" alt=\"\" width=\"1999\" height=\"394\" srcset=\"https:\/\/www.erplybooks.com\/wp-content\/uploads\/2023\/06\/image1-2.png 1999w, https:\/\/www.erplybooks.com\/wp-content\/uploads\/2023\/06\/image1-2-1280x252.png 1280w, https:\/\/www.erplybooks.com\/wp-content\/uploads\/2023\/06\/image1-2-980x193.png 980w, https:\/\/www.erplybooks.com\/wp-content\/uploads\/2023\/06\/image1-2-480x95.png 480w\" sizes=\"auto, (min-width: 0px) and (max-width: 480px) 480px, (min-width: 481px) and (max-width: 980px) 980px, (min-width: 981px) and (max-width: 1280px) 1280px, (min-width: 1281px) 1999px, 100vw\" \/><\/p>\n<p><span style=\"font-weight: 400;\">Kui vajutada uuele lingile, siis on tagatud ligip\u00e4\u00e4s kliendiportaalile ja seal on neli erinevat mooduli valikut:\u00a0<\/span><\/p>\n<ul>\n<li style=\"font-weight: 400;\" aria-level=\"1\"><span style=\"font-weight: 400;\">Kliendi raport<\/span><\/li>\n<li style=\"font-weight: 400;\" aria-level=\"1\"><span style=\"font-weight: 400;\">Hankija raport<\/span><\/li>\n<li style=\"font-weight: 400;\" aria-level=\"1\"><span style=\"font-weight: 400;\">M\u00fc\u00fcgiarved<\/span><\/li>\n<li style=\"font-weight: 400;\" aria-level=\"1\"><span style=\"font-weight: 400;\">Ostuarved<\/span><\/li>\n<\/ul>\n<p>&nbsp;<\/p>\n<p><img loading=\"lazy\" decoding=\"async\" class=\"alignnone wp-image-31016 size-full\" src=\"https:\/\/www.erplybooks.com\/wp-content\/uploads\/2023\/06\/image3-3.png\" alt=\"\" width=\"1999\" height=\"428\" srcset=\"https:\/\/www.erplybooks.com\/wp-content\/uploads\/2023\/06\/image3-3.png 1999w, https:\/\/www.erplybooks.com\/wp-content\/uploads\/2023\/06\/image3-3-1280x274.png 1280w, https:\/\/www.erplybooks.com\/wp-content\/uploads\/2023\/06\/image3-3-980x210.png 980w, https:\/\/www.erplybooks.com\/wp-content\/uploads\/2023\/06\/image3-3-480x103.png 480w\" sizes=\"auto, (min-width: 0px) and (max-width: 480px) 480px, (min-width: 481px) and (max-width: 980px) 980px, (min-width: 981px) and (max-width: 1280px) 1280px, (min-width: 1281px) 1999px, 100vw\" \/><\/p>\n<p><span style=\"font-weight: 400;\">M\u00fc\u00fcgiarvete moodulis n\u00e4eb klient k\u00f5iki neid arveid, mis on talle saadetud. Moodulis on n\u00e4htav all paremal nurgas sinine \u201c<\/span><b>Vali<\/b><span style=\"font-weight: 400;\">\u201d nupp.\u00a0<\/span><\/p>\n<p><img loading=\"lazy\" decoding=\"async\" class=\"alignnone wp-image-31022 size-full\" src=\"https:\/\/www.erplybooks.com\/wp-content\/uploads\/2023\/06\/image8-1.png\" alt=\"\" width=\"1913\" height=\"463\" srcset=\"https:\/\/www.erplybooks.com\/wp-content\/uploads\/2023\/06\/image8-1.png 1913w, https:\/\/www.erplybooks.com\/wp-content\/uploads\/2023\/06\/image8-1-1280x310.png 1280w, https:\/\/www.erplybooks.com\/wp-content\/uploads\/2023\/06\/image8-1-980x237.png 980w, https:\/\/www.erplybooks.com\/wp-content\/uploads\/2023\/06\/image8-1-480x116.png 480w\" sizes=\"auto, (min-width: 0px) and (max-width: 480px) 480px, (min-width: 481px) and (max-width: 980px) 980px, (min-width: 981px) and (max-width: 1280px) 1280px, (min-width: 1281px) 1913px, 100vw\" \/><\/p>\n<p><span style=\"font-weight: 400;\">Sellele vajutades avaneb aken, kus saad otsida moodulist m\u00e4rks\u00f5nade abil kui ka arve numbri j\u00e4rgi arveid. Kasutades arve numbri otsingut n\u00e4idatakse neid arveid, mis on olemas. Ehk siis hankija puhul, millised arved on ta sinu ettev\u00f5ttele saatnud ning kliendi puhul siis need arved, mida oled sina oma ettev\u00f5tte alt talle v\u00e4lja saatnud ja leiduvad s\u00fcsteemis.\u00a0<\/span><\/p>\n<p><img loading=\"lazy\" decoding=\"async\" class=\"alignnone wp-image-31028 size-full\" src=\"https:\/\/www.erplybooks.com\/wp-content\/uploads\/2023\/06\/image2-2.png\" alt=\"\" width=\"401\" height=\"199\" srcset=\"https:\/\/www.erplybooks.com\/wp-content\/uploads\/2023\/06\/image2-2.png 401w, https:\/\/www.erplybooks.com\/wp-content\/uploads\/2023\/06\/image2-2-300x149.png 300w\" sizes=\"auto, (max-width: 401px) 100vw, 401px\" \/><\/p>\n<p>&nbsp;<\/p>\n<h2><span style=\"font-weight: 400;\">Kliendiportaali ligip\u00e4\u00e4su andmine vaid kindlatele klientidele v\u00f5i hankijatele<\/span><\/h2>\n<p>&nbsp;<\/p>\n<p><span style=\"font-weight: 400;\">ERPLY Booksis on v\u00f5imalik seadistada kliendiportaalile ligip\u00e4\u00e4s kolmel erineval viisil:\u00a0<\/span><\/p>\n<ul>\n<li style=\"font-weight: 400;\" aria-level=\"1\"><span style=\"font-weight: 400;\">Kliendiportaalile saavad ligi k\u00f5ik kliendid\/hankijad\u00a0<\/span><\/li>\n<li style=\"font-weight: 400;\" aria-level=\"1\"><span style=\"font-weight: 400;\">Kliendiportaalile saavad ligi vaid kindlad kliendid\/hankijad<\/span><\/li>\n<li style=\"font-weight: 400;\" aria-level=\"1\"><span style=\"font-weight: 400;\">Kliendiportaalile ei saa ligi kindlad kliendid\/hankijad<\/span><\/li>\n<\/ul>\n<p><b>Kliendiportaalile saavad ligi vaid kindlad kliendid\/hankijad<\/b><\/p>\n<p><span style=\"font-weight: 400;\">Seda on v\u00f5imalik seadistada \u00dcldiste s\u00e4tete alt (S\u00e4tted -&gt; \u00dcldised s\u00e4tted). Kui soovid, et kliendiportaalile saaksid ligi vaid kindlad kliendid, siis otsi \u00dcldiste s\u00e4tete alt seadistus <\/span><b>\u201cKliendiportaali ainsad ligip\u00e4\u00e4sud\u201d<\/b><span style=\"font-weight: 400;\">.<\/span><\/p>\n<p><img loading=\"lazy\" decoding=\"async\" class=\"alignnone wp-image-31034 size-full\" src=\"https:\/\/www.erplybooks.com\/wp-content\/uploads\/2023\/06\/image4-2.png\" alt=\"\" width=\"1193\" height=\"96\" srcset=\"https:\/\/www.erplybooks.com\/wp-content\/uploads\/2023\/06\/image4-2.png 1193w, https:\/\/www.erplybooks.com\/wp-content\/uploads\/2023\/06\/image4-2-980x79.png 980w, https:\/\/www.erplybooks.com\/wp-content\/uploads\/2023\/06\/image4-2-480x39.png 480w\" sizes=\"auto, (min-width: 0px) and (max-width: 480px) 480px, (min-width: 481px) and (max-width: 980px) 980px, (min-width: 981px) 1193px, 100vw\" \/><\/p>\n<p><span style=\"font-weight: 400;\">Vajutades \u201c<\/span><b>Halda<\/b><span style=\"font-weight: 400;\">\u201d nuppu on v\u00f5imalik lisada klient\/hankija, kellel om ligip\u00e4\u00e4s kliendiportaalile. Uue rea lisamiseks vajuta \u201c<\/span><b>Lisa<\/b><span style=\"font-weight: 400;\">\u201d nuppu ning l\u00f5pus salvesta.\u00a0<\/span><\/p>\n<p><img loading=\"lazy\" decoding=\"async\" class=\"alignnone wp-image-31040 size-full\" src=\"https:\/\/www.erplybooks.com\/wp-content\/uploads\/2023\/06\/image9-1.png\" alt=\"\" width=\"370\" height=\"115\" srcset=\"https:\/\/www.erplybooks.com\/wp-content\/uploads\/2023\/06\/image9-1.png 370w, https:\/\/www.erplybooks.com\/wp-content\/uploads\/2023\/06\/image9-1-300x93.png 300w\" sizes=\"auto, (max-width: 370px) 100vw, 370px\" \/><\/p>\n<p>&nbsp;<\/p>\n<p><b>Kliendiportaalile ei saa ligi kindlad kliendid\/hankijad<\/b><\/p>\n<p><span style=\"font-weight: 400;\">Kui soovid, et kliendiportaalile ei saaks ligi kindlad kliendid, siis otsi \u00dcldiste s\u00e4tete alt seadistus <\/span><b>\u201cKliendiportaali piirangud\u201d.<\/b><span style=\"font-weight: 400;\">\u00a0<\/span><\/p>\n<p><img loading=\"lazy\" decoding=\"async\" class=\"alignnone wp-image-31046 size-full\" src=\"https:\/\/www.erplybooks.com\/wp-content\/uploads\/2023\/06\/image11-1.png\" alt=\"\" width=\"1191\" height=\"97\" srcset=\"https:\/\/www.erplybooks.com\/wp-content\/uploads\/2023\/06\/image11-1.png 1191w, https:\/\/www.erplybooks.com\/wp-content\/uploads\/2023\/06\/image11-1-980x80.png 980w, https:\/\/www.erplybooks.com\/wp-content\/uploads\/2023\/06\/image11-1-480x39.png 480w\" sizes=\"auto, (min-width: 0px) and (max-width: 480px) 480px, (min-width: 481px) and (max-width: 980px) 980px, (min-width: 981px) 1191px, 100vw\" \/><\/p>\n","protected":false},"excerpt":{"rendered":"<p>Kliendiportaali kasutamine &nbsp; ERPLY Booksis on v\u00f5imalik kasutada kliendiportaali. Kliendiportaaliga on v\u00f5imalik n\u00e4ha sinu klientidel v\u00f5i hankijatel nendega seotud infot (arveid, kliendi\/hankija raportit). Saates kliendile n\u00e4iteks e-mailiga arve, lisatakse arve sisusse link, millele vajutades suunatakse klient kliendiportaali, kust ta antud infot n\u00e4eb. Kliendiportaalis on v\u00f5imalik kliendil v\u00f5i hankijal n\u00e4ha ainult tema endaga seotud infot ning [&hellip;]<\/p>\n","protected":false},"author":22,"featured_media":0,"parent":3312,"menu_order":0,"comment_status":"closed","ping_status":"closed","template":"","meta":{"_et_pb_use_builder":"","_et_pb_old_content":"","_et_gb_content_width":"","footnotes":""},"categories":[],"tags":[442],"class_list":["post-30985","page","type-page","status-publish","hentry","tag-kliendiportaal"],"_links":{"self":[{"href":"https:\/\/www.erplybooks.com\/et\/wp-json\/wp\/v2\/pages\/30985","targetHints":{"allow":["GET"]}}],"collection":[{"href":"https:\/\/www.erplybooks.com\/et\/wp-json\/wp\/v2\/pages"}],"about":[{"href":"https:\/\/www.erplybooks.com\/et\/wp-json\/wp\/v2\/types\/page"}],"author":[{"embeddable":true,"href":"https:\/\/www.erplybooks.com\/et\/wp-json\/wp\/v2\/users\/22"}],"replies":[{"embeddable":true,"href":"https:\/\/www.erplybooks.com\/et\/wp-json\/wp\/v2\/comments?post=30985"}],"version-history":[{"count":0,"href":"https:\/\/www.erplybooks.com\/et\/wp-json\/wp\/v2\/pages\/30985\/revisions"}],"up":[{"embeddable":true,"href":"https:\/\/www.erplybooks.com\/et\/wp-json\/wp\/v2\/pages\/3312"}],"wp:attachment":[{"href":"https:\/\/www.erplybooks.com\/et\/wp-json\/wp\/v2\/media?parent=30985"}],"wp:term":[{"taxonomy":"category","embeddable":true,"href":"https:\/\/www.erplybooks.com\/et\/wp-json\/wp\/v2\/categories?post=30985"},{"taxonomy":"post_tag","embeddable":true,"href":"https:\/\/www.erplybooks.com\/et\/wp-json\/wp\/v2\/tags?post=30985"}],"curies":[{"name":"wp","href":"https:\/\/api.w.org\/{rel}","templated":true}]}}