{"id":30890,"date":"2023-06-02T11:36:42","date_gmt":"2023-06-02T11:36:42","guid":{"rendered":"https:\/\/www.erplybooks.com\/?page_id=30890"},"modified":"2023-07-05T08:57:10","modified_gmt":"2023-07-05T08:57:10","slug":"arve-rea-lisavoimalused","status":"publish","type":"page","link":"https:\/\/www.erplybooks.com\/et\/juhendid\/arve-rea-lisavoimalused\/","title":{"rendered":"Arve rea lisav\u00f5imalused"},"content":{"rendered":"<h1><span style=\"font-weight: 400;\">Arve rea lisav\u00f5imalused<\/span><\/h1>\n<p>&nbsp;<\/p>\n<p><span style=\"font-weight: 400;\">K\u00e4esolev juhend kirjeldab arve rea lisav\u00f5imalusi, mida on v\u00f5imalik seadistada erinevate funktsioonide kasutamise jaoks.\u00a0<\/span><\/p>\n<p><span style=\"font-weight: 400;\">Nendeks v\u00f5imalusteks on:\u00a0<\/span><\/p>\n<ol>\n<li style=\"font-weight: 400;\" aria-level=\"1\"><span style=\"font-weight: 400;\">Kopeeri arve rida<\/span><\/li>\n<li style=\"font-weight: 400;\" aria-level=\"1\"><span style=\"font-weight: 400;\">Projektide jagaja<\/span><\/li>\n<li style=\"font-weight: 400;\" aria-level=\"1\"><span style=\"font-weight: 400;\">Lisa mahaarvestus<\/span><\/li>\n<li style=\"font-weight: 400;\" aria-level=\"1\"><span style=\"font-weight: 400;\">Erisoodustus<\/span><\/li>\n<li style=\"font-weight: 400;\" aria-level=\"1\"><span style=\"font-weight: 400;\">Lisa rea\u00fchendus<\/span><\/li>\n<\/ol>\n<p><img loading=\"lazy\" decoding=\"async\" class=\"alignnone wp-image-30951 \" src=\"https:\/\/www.erplybooks.com\/wp-content\/uploads\/2023\/06\/image11.png\" alt=\"\" width=\"286\" height=\"213\" \/><\/p>\n<p>&nbsp;<\/p>\n<h2><span style=\"font-weight: 400;\">Kopeeri arve rida<\/span><\/h2>\n<p><span style=\"font-weight: 400;\">Antud alapeat\u00fckk kirjeldab v\u00f5imalust, kuidas on v\u00f5imalik m\u00fc\u00fcgi- ja ostuarvetel kopeerida arve ridu.<\/span><\/p>\n<ol>\n<li style=\"font-weight: 400;\" aria-level=\"1\"><span style=\"font-weight: 400;\">Seadistamiseks ava <\/span><b>\u2018\u2019S\u00e4tted -&gt; \u00dcldised s\u00e4tted\u2019\u2019<\/b><span style=\"font-weight: 400;\"> ning otsi \u00fcles <\/span><b>\u2018\u2019Lisategevuse nupp arvele\u2019\u2019<\/b><\/li>\n<li style=\"font-weight: 400;\" aria-level=\"1\"><span style=\"font-weight: 400;\">Vali <\/span><b>\u2018\u2019Kopeeri arve rida\u2019\u2019<\/b><\/li>\n<\/ol>\n<p><img loading=\"lazy\" decoding=\"async\" class=\"alignnone wp-image-30963 \" src=\"https:\/\/www.erplybooks.com\/wp-content\/uploads\/2023\/06\/image13.png\" alt=\"\" width=\"311\" height=\"106\" \/><\/p>\n<p><span style=\"font-weight: 400;\">Salvesta muudatus ning v\u00e4rskenda lehte, et muudatus rakenduks.\u00a0<\/span><span style=\"font-weight: 400;\">N\u00fc\u00fcd avades m\u00fc\u00fcgiarve n\u00e4ed arve rea l\u00f5pus, et sinna tekkis sinine t\u00e4pikene, millele vajutades on v\u00f5imalik arve rida kopeerida:\u00a0<\/span><\/p>\n<p><img loading=\"lazy\" decoding=\"async\" class=\"alignnone wp-image-30975 \" src=\"https:\/\/www.erplybooks.com\/wp-content\/uploads\/2023\/06\/image15.png\" alt=\"\" width=\"1052\" height=\"259\" srcset=\"https:\/\/www.erplybooks.com\/wp-content\/uploads\/2023\/06\/image15-980x241.png 980w, https:\/\/www.erplybooks.com\/wp-content\/uploads\/2023\/06\/image15-480x118.png 480w\" sizes=\"auto, (min-width: 0px) and (max-width: 480px) 480px, (min-width: 481px) and (max-width: 980px) 980px, (min-width: 981px) 1052px, 100vw\" \/><\/p>\n<p><span style=\"font-weight: 400;\">Kui selle reegli lisamine ei tekita sinist t\u00e4pikest arve rea l\u00f5ppu, siis v\u00f5ta palun meiega \u00fchendust <\/span><a href=\"mailto:support@erplybooks.com\"><span style=\"font-weight: 400;\">support@erplybooks.com<\/span><\/a><span style=\"font-weight: 400;\">. P\u00f5hjuseks v\u00f5ib olla mingi muu reegliga \u00fcle kirjutatud arve read, mis tuleb eemaldada.\u00a0<\/span><\/p>\n<p>&nbsp;<\/p>\n<h2><span style=\"font-weight: 400;\">Projektide jagaja<\/span><\/h2>\n<p><span style=\"font-weight: 400;\">Projektide jagaja funktsioon seisneb selles, et kui ettev\u00f5ttes on mitu osakonda, n\u00e4iteks 10 erinevat ja m\u00f5ned osakonnad on v\u00e4iksemad, siis on v\u00f5imalik m\u00e4\u00e4rata, et sellele v\u00e4iksele osakonnale l\u00e4heb 5% \u00fcldkuludest, suuremale osakonnale l\u00e4heb 50% jne ehk antud funktsioon jagab kulud osakondade l\u00f5ikes \u00e4ra.\u00a0<\/span><\/p>\n<ol>\n<li style=\"font-weight: 400;\" aria-level=\"1\"><span style=\"font-weight: 400;\">Seadistamiseks ava <\/span><b>\u2018\u2019S\u00e4tted -&gt; \u00dcldised s\u00e4tted\u2019\u2019<\/b><span style=\"font-weight: 400;\"> ning otsi \u00fcles <\/span><b>\u2018\u2019Lisategevuse nupp arvele\u2019\u2019<\/b><\/li>\n<li style=\"font-weight: 400;\" aria-level=\"1\"><span style=\"font-weight: 400;\">Vali <\/span><b>\u2018\u2019Projektide jagaja\u2019\u2019<\/b><\/li>\n<li style=\"font-weight: 400;\" aria-level=\"1\"><span style=\"font-weight: 400;\">Salvesta ning v\u00e4rskenda lehte<\/span><\/li>\n<\/ol>\n<p><b>N\u00e4ide:\u00a0<\/b><\/p>\n<p><span style=\"font-weight: 400;\">Soovid teha n\u00e4iteks turundusteenuse ostuarve summas 1000\u20ac + KM ja jaotada see osakondade l\u00f5ikes \u00e4ra, et Tallinna osakonda l\u00e4heb 50%, Tartu osakonda 20%, P\u00e4rnu osakonda 20% ja Saaremaa osakonda 10% kuludest.\u00a0<\/span><\/p>\n<p><span style=\"font-weight: 400;\">Seega n\u00fc\u00fcd koostad turundusteenuse ostuarve:\u00a0<\/span><\/p>\n<p>&nbsp;<\/p>\n<p><img loading=\"lazy\" decoding=\"async\" class=\"alignnone wp-image-30903 \" src=\"https:\/\/www.erplybooks.com\/wp-content\/uploads\/2023\/06\/image3-2.png\" alt=\"\" width=\"1094\" height=\"205\" srcset=\"https:\/\/www.erplybooks.com\/wp-content\/uploads\/2023\/06\/image3-2-980x183.png 980w, https:\/\/www.erplybooks.com\/wp-content\/uploads\/2023\/06\/image3-2-480x90.png 480w\" sizes=\"auto, (min-width: 0px) and (max-width: 480px) 480px, (min-width: 481px) and (max-width: 980px) 980px, (min-width: 981px) 1094px, 100vw\" \/><\/p>\n<p>&nbsp;<\/p>\n<p><span style=\"font-weight: 400;\">Seej\u00e4rel arve rea l\u00f5pus olevale sinisele t\u00e4pikesele vajutades avaneb j\u00e4rgnev aken, kuhu saad lisada kulude jaotused:\u00a0<\/span><\/p>\n<p>&nbsp;<\/p>\n<p><img loading=\"lazy\" decoding=\"async\" class=\"alignnone wp-image-30921 \" src=\"https:\/\/www.erplybooks.com\/wp-content\/uploads\/2023\/06\/image6-e1685705854735.png\" alt=\"\" width=\"331\" height=\"212\" \/><\/p>\n<p>&nbsp;<\/p>\n<ul>\n<li style=\"font-weight: 400;\" aria-level=\"1\"><b>Vali<\/b><span style=\"font-weight: 400;\">: sinna valikusse ilmuvad eelnevalt salvestatud jaotatud projektid<\/span><\/li>\n<li style=\"font-weight: 400;\" aria-level=\"1\"><b>Lisa<\/b><span style=\"font-weight: 400;\">: seal saad lisada erinevaid kulude jaotusi projektide l\u00f5ikes (alumine pilt)<\/span><\/li>\n<\/ul>\n<p><b>N\u00e4ide<\/b><\/p>\n<p><span style=\"font-weight: 400;\">Uue rea lisamiseks vajuta \u201c<\/span><b>Lisa<\/b><span style=\"font-weight: 400;\">\u201d nuppu ning\u00a0 kui oled lisanud projektide l\u00f5ikes kulude jaotuse, siis vajuta kollast \u201c<\/span><b>Tehtud<\/b><span style=\"font-weight: 400;\">\u201d nuppu. Seej\u00e4rel suunatakse tagasi esimesse aknasse\u00a0 ja kuvatakse kulude jaotus.<\/span><\/p>\n<p>&nbsp;<\/p>\n<p><img loading=\"lazy\" decoding=\"async\" class=\"alignnone wp-image-30891 \" src=\"https:\/\/www.erplybooks.com\/wp-content\/uploads\/2023\/06\/image1-1.png\" alt=\"\" width=\"427\" height=\"254\" \/><\/p>\n<p><span style=\"font-weight: 400;\">Kui soovid seda kulude jaotust\u00a0 projektide l\u00f5ikes salvestada, et j\u00e4rgmisel korral seda jaotust uuesti kasutada, siis vajuta sinist\u00a0 \u201c<\/span><b>Salvesta<\/b><span style=\"font-weight: 400;\">\u201d nuppu:\u00a0<\/span><\/p>\n<p>&nbsp;<\/p>\n<p><img loading=\"lazy\" decoding=\"async\" class=\"alignnone wp-image-30939 \" src=\"https:\/\/www.erplybooks.com\/wp-content\/uploads\/2023\/06\/image9.png\" alt=\"\" width=\"375\" height=\"255\" \/><\/p>\n<p>&nbsp;<\/p>\n<p><span style=\"font-weight: 400;\">Ja m\u00e4\u00e4ra sobiv nimi ning vajuta \u201c<\/span><b>Salvesta<\/b><span style=\"font-weight: 400;\">\u201d.\u00a0<\/span><\/p>\n<p>&nbsp;<\/p>\n<p><img loading=\"lazy\" decoding=\"async\" class=\"alignnone wp-image-30969 \" src=\"https:\/\/www.erplybooks.com\/wp-content\/uploads\/2023\/06\/image14.png\" alt=\"\" width=\"369\" height=\"135\" \/><\/p>\n<p>&nbsp;<\/p>\n<p><span style=\"font-weight: 400;\">N\u00fc\u00fcd on v\u00f5imalus Sul j\u00e4rgmisel korral valida salvestatud jaotuste vahel \u201c<\/span><b>Vali<\/b><span style=\"font-weight: 400;\">\u201d lahtrist:\u00a0<\/span><\/p>\n<p>&nbsp;<\/p>\n<p><img loading=\"lazy\" decoding=\"async\" class=\"alignnone wp-image-30957 \" src=\"https:\/\/www.erplybooks.com\/wp-content\/uploads\/2023\/06\/image12.png\" alt=\"\" width=\"416\" height=\"264\" \/><\/p>\n<p>&nbsp;<\/p>\n<p><span style=\"font-weight: 400;\">K\u00f5ige l\u00f5pus on vaja vajutada esimeses aknas \u201c<\/span><b>Tehtud<\/b><span style=\"font-weight: 400;\">\u201d nuppu, et kulude jaotus arve ridadena kajastuks:\u00a0<\/span><\/p>\n<p>&nbsp;<\/p>\n<p><img loading=\"lazy\" decoding=\"async\" class=\"alignnone wp-image-30945 \" src=\"https:\/\/www.erplybooks.com\/wp-content\/uploads\/2023\/06\/image10.png\" alt=\"\" width=\"1301\" height=\"332\" srcset=\"https:\/\/www.erplybooks.com\/wp-content\/uploads\/2023\/06\/image10.png 1301w, https:\/\/www.erplybooks.com\/wp-content\/uploads\/2023\/06\/image10-1280x327.png 1280w, https:\/\/www.erplybooks.com\/wp-content\/uploads\/2023\/06\/image10-980x250.png 980w, https:\/\/www.erplybooks.com\/wp-content\/uploads\/2023\/06\/image10-480x122.png 480w\" sizes=\"auto, (min-width: 0px) and (max-width: 480px) 480px, (min-width: 481px) and (max-width: 980px) 980px, (min-width: 981px) and (max-width: 1280px) 1280px, (min-width: 1281px) 1301px, 100vw\" \/><\/p>\n<p>&nbsp;<\/p>\n<p><span style=\"font-weight: 400;\">Samuti on v\u00f5imalik jagada osakondade read kahele projektile ehk sinna saab ka kaks projektigruppi valida, need tuleb lihtsalt lisada eraldi.<\/span><\/p>\n<p>&nbsp;<\/p>\n<h2><span style=\"font-weight: 400;\">Lisa mahaarvestus<\/span><\/h2>\n<p><span style=\"font-weight: 400;\">J\u00e4rgnevalt kirjeldame v\u00f5imalust, kuidas on v\u00f5imalik m\u00fc\u00fcgi- ja ostuarvetel lisada arve reale mahaarvestus. Funktsiooni loogika seisneb selles, et on v\u00f5imalik m\u00e4\u00e4rata arve summast kindel osa, mille eest arvestatakse k\u00e4ibemaksu.<\/span><\/p>\n<p><span style=\"font-weight: 400;\">Seadistamiseks mine \u00dcldistesse s\u00e4tetesse (<\/span><b>S\u00e4tted -&gt; \u00dcldised s\u00e4tted<\/b><span style=\"font-weight: 400;\">) ja otsi \u00fcles <\/span><b>\u201cLisategevuse nupp arvele<\/b><span style=\"font-weight: 400;\">\u201d. Sealt vali \u201c<\/span><b>Lisa mahaarvestus<\/b><span style=\"font-weight: 400;\">\u201d ning salvesta ja v\u00e4rskenda lehte. N\u00fc\u00fcd kui avad arve ja t\u00e4idad arve info, siis on rea l\u00f5pus sinine t\u00e4pp.<\/span><\/p>\n<p>&nbsp;<\/p>\n<p><img loading=\"lazy\" decoding=\"async\" class=\"alignnone wp-image-30909 size-full\" src=\"https:\/\/www.erplybooks.com\/wp-content\/uploads\/2023\/06\/image4-1.png\" alt=\"\" width=\"1999\" height=\"385\" srcset=\"https:\/\/www.erplybooks.com\/wp-content\/uploads\/2023\/06\/image4-1.png 1999w, https:\/\/www.erplybooks.com\/wp-content\/uploads\/2023\/06\/image4-1-1280x247.png 1280w, https:\/\/www.erplybooks.com\/wp-content\/uploads\/2023\/06\/image4-1-980x189.png 980w, https:\/\/www.erplybooks.com\/wp-content\/uploads\/2023\/06\/image4-1-480x92.png 480w\" sizes=\"auto, (min-width: 0px) and (max-width: 480px) 480px, (min-width: 481px) and (max-width: 980px) 980px, (min-width: 981px) and (max-width: 1280px) 1280px, (min-width: 1281px) 1999px, 100vw\" \/><\/p>\n<p>&nbsp;<\/p>\n<p><span style=\"font-weight: 400;\">N\u00e4iteks arve on 100\u20ac + KM (arve summa 124\u20ac), aga k\u00e4ibemaksu tohib arvestada ainult 40\u20ac eest ehk mahaarvestus tuleb 60\u20ac eest + KM. Vajutades sellele sinisele t\u00e4pikesele, saad m\u00e4\u00e4rata mahaarvestuse summa \u201c<\/span><b>Summa<\/b><span style=\"font-weight: 400;\">\u201d lahtrisse.\u00a0<\/span><\/p>\n<p>&nbsp;<\/p>\n<p><img loading=\"lazy\" decoding=\"async\" class=\"alignnone wp-image-30915 size-medium\" src=\"https:\/\/www.erplybooks.com\/wp-content\/uploads\/2023\/06\/image5-e1685706281221-300x140.png\" alt=\"\" width=\"300\" height=\"140\" \/><\/p>\n<p>&nbsp;<\/p>\n<p><span style=\"font-weight: 400;\">Seej\u00e4rel kui vajutad \u201c<\/span><b>Lisa<\/b><span style=\"font-weight: 400;\">\u201d nuppu tehakse arvele kaks rida juurde mahaarvestusena:\u00a0<\/span><\/p>\n<ul>\n<li style=\"font-weight: 400;\" aria-level=\"1\"><span style=\"font-weight: 400;\">-60\u20ac +KM<\/span><\/li>\n<li style=\"font-weight: 400;\" aria-level=\"1\"><span style=\"font-weight: 400;\">72\u20ac 0% k\u00e4ibemaksuga<\/span><\/li>\n<\/ul>\n<p>&nbsp;<\/p>\n<h2><span style=\"font-weight: 400;\">Erisoodustus<\/span><\/h2>\n<p><span style=\"text-decoration: underline;\"><b>NB: Antud funktsionaalsus ei deklareeri midagi, vaid teeb lihtsalt korrektsed kanded!\u00a0<\/b><\/span><\/p>\n<p><span style=\"font-weight: 400;\">Seadistamiseks mine \u00dcldistesse s\u00e4tetesse (<\/span><b>S\u00e4tted -&gt; \u00dcldised s\u00e4tted<\/b><span style=\"font-weight: 400;\">) ja otsi \u00fcles <\/span><b>\u201cLisategevuse nupp arvele\u201d<\/b><span style=\"font-weight: 400;\">. Sealt vali \u201c<\/span><b>Erisoodustus<\/b><span style=\"font-weight: 400;\">\u201d ning salvesta ja v\u00e4rskenda lehte.<\/span><\/p>\n<p><span style=\"font-weight: 400;\">Lisaks tuleb s\u00fcsteemikontode (<\/span><b>S\u00e4tted -&gt; Algandmed -&gt; S\u00fcsteemikontod<\/b><span style=\"font-weight: 400;\">) alla lisada kaks rida, kus:<\/span><\/p>\n<p><span style=\"font-weight: 400;\">1. Kulukonto sotsiaalmaksule:<\/span><\/p>\n<ul>\n<li><b>T\u00fc\u00fcp<\/b><span style=\"font-weight: 400;\"> = Muu s\u00fcsteemikonto<\/span><\/li>\n<li><b>Konto<\/b><span style=\"font-weight: 400;\"> = vali ise<\/span><\/li>\n<li><b>Identifikaator<\/b><span style=\"font-weight: 400;\"> = ESTONIAN_SOCIAL_TAX_EXPENSE<\/span><\/li>\n<\/ul>\n<p><span style=\"font-weight: 400;\">2. V\u00f5lakonto sotsiaalmaksule:<\/span><\/p>\n<ul>\n<li><b>T\u00fc\u00fcp<\/b><span style=\"font-weight: 400;\"> = Muu s\u00fcsteemikonto<\/span><\/li>\n<li><b>Konto<\/b><span style=\"font-weight: 400;\"> = vali ise<\/span><\/li>\n<li><b>Identifikaator<\/b><span style=\"font-weight: 400;\"> = ESTONIAN_SOCIAL_TAX_LIABILITY<\/span><\/li>\n<\/ul>\n<p><span style=\"font-weight: 400;\">Lisaks on veel on oluline, et leiduks ka vastav k\u00e4ibemaks K\u00e4ibemaksu liikide all (<\/span><b>S\u00e4tted -&gt; K\u00e4ibemaksu liigid<\/b><span style=\"font-weight: 400;\">), kui soovid seda funktsionaalsust kasutada.\u00a0<\/span><span style=\"font-weight: 400;\">Selleks lisa k\u00e4ibemaksu liikide alla uus k\u00e4ibemaksu rida, kus:\u00a0<\/span><\/p>\n<ul>\n<li style=\"font-weight: 400;\" aria-level=\"1\"><b>T\u00fc\u00fcp<\/b><span style=\"font-weight: 400;\"> = muu km<\/span><\/li>\n<li style=\"font-weight: 400;\" aria-level=\"1\"><b>Kood<\/b><span style=\"font-weight: 400;\"> = erisoodustus<\/span><\/li>\n<\/ul>\n<p>&nbsp;<\/p>\n<p><img loading=\"lazy\" decoding=\"async\" class=\"alignnone wp-image-30933 size-full\" src=\"https:\/\/www.erplybooks.com\/wp-content\/uploads\/2023\/06\/image8.png\" alt=\"\" width=\"1725\" height=\"297\" srcset=\"https:\/\/www.erplybooks.com\/wp-content\/uploads\/2023\/06\/image8.png 1725w, https:\/\/www.erplybooks.com\/wp-content\/uploads\/2023\/06\/image8-1280x220.png 1280w, https:\/\/www.erplybooks.com\/wp-content\/uploads\/2023\/06\/image8-980x169.png 980w, https:\/\/www.erplybooks.com\/wp-content\/uploads\/2023\/06\/image8-480x83.png 480w\" sizes=\"auto, (min-width: 0px) and (max-width: 480px) 480px, (min-width: 481px) and (max-width: 980px) 980px, (min-width: 981px) and (max-width: 1280px) 1280px, (min-width: 1281px) 1725px, 100vw\" \/><\/p>\n<p>&nbsp;<\/p>\n<p><span style=\"font-weight: 400;\">N\u00fc\u00fcd kui arvel kasutada seda \u201cErisoodustuse\u201d funktsiooni ehk vajutades sinist t\u00e4pikest rea l\u00f5pus, teeb see arvele j\u00e4rgnevad read:\u00a0<\/span><\/p>\n<p>&nbsp;<\/p>\n<p><img loading=\"lazy\" decoding=\"async\" class=\"alignnone wp-image-30927 size-full\" src=\"https:\/\/www.erplybooks.com\/wp-content\/uploads\/2023\/06\/image7.png\" alt=\"\" width=\"895\" height=\"229\" srcset=\"https:\/\/www.erplybooks.com\/wp-content\/uploads\/2023\/06\/image7.png 895w, https:\/\/www.erplybooks.com\/wp-content\/uploads\/2023\/06\/image7-480x123.png 480w\" sizes=\"auto, (min-width: 0px) and (max-width: 480px) 480px, (min-width: 481px) 895px, 100vw\" \/><\/p>\n<p>&nbsp;<\/p>\n<p><span style=\"font-weight: 400;\">Ehk siis arve summa on ikka 100\u20ac + k\u00e4ibemaks, aga tagatoas tehakse lisakanded juurde erisoodustuse jaoks.\u00a0<\/span><\/p>\n<p>&nbsp;<\/p>\n<h2><span style=\"font-weight: 400;\">Lisa rea\u00fchendus<\/span><\/h2>\n<p><span style=\"font-weight: 400;\">Antud funktsiooniga on v\u00f5imalus lepingute moodulis \u00fchendada reaalseid ridu reaalsete arvete ridadega. Stiilis lepite kokku, et ostate alumiiniumi hinnaga X, kogus Y j\u00e4rgmise n\u00e4dala jooksul &#8211; seega lepingus fikseerite \u00e4ra ja j\u00e4\u00e4te kaupa ootama, mida p\u00e4rast lepinguga siduda.\u00a0<\/span><\/p>\n<p><b>Tegemist on juurutatava funktsionaalsusega. Juurutuse sooviga palume \u00fchendust v\u00f5tta <\/b><a href=\"mailto:support@erplybooks.com\"><b>support@erplybooks.com<\/b><\/a><b>.\u00a0<\/b><\/p>\n<p>&nbsp;<\/p>\n","protected":false},"excerpt":{"rendered":"<p>Arve rea lisav\u00f5imalused &nbsp; K\u00e4esolev juhend kirjeldab arve rea lisav\u00f5imalusi, mida on v\u00f5imalik seadistada erinevate funktsioonide kasutamise jaoks.\u00a0 Nendeks v\u00f5imalusteks on:\u00a0 Kopeeri arve rida Projektide jagaja Lisa mahaarvestus Erisoodustus Lisa rea\u00fchendus &nbsp; Kopeeri arve rida Antud alapeat\u00fckk kirjeldab v\u00f5imalust, kuidas on v\u00f5imalik m\u00fc\u00fcgi- ja ostuarvetel kopeerida arve ridu. Seadistamiseks ava \u2018\u2019S\u00e4tted -&gt; \u00dcldised s\u00e4tted\u2019\u2019 ning [&hellip;]<\/p>\n","protected":false},"author":22,"featured_media":0,"parent":3312,"menu_order":0,"comment_status":"closed","ping_status":"closed","template":"","meta":{"_et_pb_use_builder":"","_et_pb_old_content":"","_et_gb_content_width":"","footnotes":""},"categories":[450],"tags":[589,806],"class_list":["post-30890","page","type-page","status-publish","hentry","category-seadistused","tag-arve","tag-rida"],"_links":{"self":[{"href":"https:\/\/www.erplybooks.com\/et\/wp-json\/wp\/v2\/pages\/30890","targetHints":{"allow":["GET"]}}],"collection":[{"href":"https:\/\/www.erplybooks.com\/et\/wp-json\/wp\/v2\/pages"}],"about":[{"href":"https:\/\/www.erplybooks.com\/et\/wp-json\/wp\/v2\/types\/page"}],"author":[{"embeddable":true,"href":"https:\/\/www.erplybooks.com\/et\/wp-json\/wp\/v2\/users\/22"}],"replies":[{"embeddable":true,"href":"https:\/\/www.erplybooks.com\/et\/wp-json\/wp\/v2\/comments?post=30890"}],"version-history":[{"count":0,"href":"https:\/\/www.erplybooks.com\/et\/wp-json\/wp\/v2\/pages\/30890\/revisions"}],"up":[{"embeddable":true,"href":"https:\/\/www.erplybooks.com\/et\/wp-json\/wp\/v2\/pages\/3312"}],"wp:attachment":[{"href":"https:\/\/www.erplybooks.com\/et\/wp-json\/wp\/v2\/media?parent=30890"}],"wp:term":[{"taxonomy":"category","embeddable":true,"href":"https:\/\/www.erplybooks.com\/et\/wp-json\/wp\/v2\/categories?post=30890"},{"taxonomy":"post_tag","embeddable":true,"href":"https:\/\/www.erplybooks.com\/et\/wp-json\/wp\/v2\/tags?post=30890"}],"curies":[{"name":"wp","href":"https:\/\/api.w.org\/{rel}","templated":true}]}}