{"id":30596,"date":"2023-05-15T08:43:45","date_gmt":"2023-05-15T08:43:45","guid":{"rendered":"https:\/\/www.erplybooks.com\/?page_id=30596"},"modified":"2023-07-05T08:25:46","modified_gmt":"2023-07-05T08:25:46","slug":"seb-laekumised-automaatselt-erply-booksi","status":"publish","type":"page","link":"https:\/\/www.erplybooks.com\/et\/juhendid\/seb-laekumised-automaatselt-erply-booksi\/","title":{"rendered":"SEB laekumised automaatselt ERPLY Booksi"},"content":{"rendered":"<h1><span style=\"font-weight: 400;\">SEB laekumised automaatselt ERPLY Booksi<\/span><\/h1>\n<p>&nbsp;<\/p>\n<p>&nbsp;<\/p>\n<p><span style=\"font-weight: 400;\">Selle jaoks, et SEB-st saaks tehingud automaatselt ilma lisa liigutuseta ERPLY Booksi, saab aktiveerida emailip\u00f5hise laekumiste-maksmiste meetodi.\u00a0<\/span><\/p>\n<p><b>Mis kasu on lahendusest ja kellele see sobib?<\/b><\/p>\n<ul>\n<li style=\"font-weight: 400;\" aria-level=\"1\"><span style=\"font-weight: 400;\">SEB laekumised on reaalajas ERPLY Booksis. Ajaline viide on kuni viis minutit &#8211; ehk hetkest kui laekumine j\u00f5uab SEB-sse, on viie minuti jooksul laekumine j\u00f5udnud Booksi ja see on suure t\u00f5en\u00e4osusega seotud arvega (suur t\u00f5en\u00e4osus t\u00e4hendab seda, et Books teeb tavap\u00e4rast pangaimporti sellele laekumisele ja kui ta suudab selle \u201croheliseks\u201d teha, siis on ka automaatselt arve viie minutiga tasutud).\u00a0<\/span><\/li>\n<li style=\"font-weight: 400;\" aria-level=\"1\"><span style=\"font-weight: 400;\">Hulgi-, jaem\u00fc\u00fcgipoed ja ettev\u00f5tted, kes tegelevad e-kaubandusega \u2013 kaupa saab pakkima hakata n\u00fc\u00fcdsest paar minutit p\u00e4rast panga\u00fclekande tegemist.<\/span><\/li>\n<li style=\"font-weight: 400;\" aria-level=\"1\"><span style=\"font-weight: 400;\">V\u00f5imalus kasutada funktsioone, milleks eelnevalt puudus v\u00f5imalus \u2013 n\u00e4iteks automaatsed maksemeenutused, sest kogu m\u00fc\u00fcgireskontro on automatiseeritud.<\/span><\/li>\n<li style=\"font-weight: 400;\" aria-level=\"1\"><span style=\"font-weight: 400;\">Seadistage reeglid, mille abil saab raamatupidamistoiminguid automatiseerida kuni 100% \u2013 keskenduge \u00e4rile, mitte raamatupidamisele.<\/span><\/li>\n<\/ul>\n<p>&nbsp;<\/p>\n<h3><span style=\"font-weight: 400;\">Kuidas integratsioon t\u00e4psemalt toimib?<\/span><\/h3>\n<ul>\n<li style=\"font-weight: 400;\" aria-level=\"1\"><span style=\"font-weight: 400;\">Pangatehingud s\u00fcnkroniseeritakse ERPLY Booksi automaatselt. Kui tarkvara suudab siduda makse arvega v\u00f5i pangakontoga, siis makse salvestatakse ja luuakse kanne.<\/span><\/li>\n<li style=\"font-weight: 400;\" aria-level=\"1\"><span style=\"font-weight: 400;\">Ilma kasutaja-spetsiifiliste reegliteta suudab ERPLY Books \u00fchendada makseid arvetega kuni 90% tehtud tehingutest.<\/span><\/li>\n<li style=\"font-weight: 400;\" aria-level=\"1\"><span style=\"font-weight: 400;\">V\u00f5imalus on lisada spetsiifilisi reegleid, mis automatiseerivad arvete ja maksete \u00fchendamist kuni 100%<\/span><\/li>\n<\/ul>\n<p>&nbsp;<\/p>\n<h3><span style=\"font-weight: 400;\">Kui palju teenus maksab?<\/span><\/h3>\n<p><span style=\"font-weight: 400;\">Kui soovite, et oleksime seadistamise protsessi juures abiks, siis rakendub tasu 75 \u20ac\/h (miinimum arve tasu on 20 \u20ac)<\/span><\/p>\n<p>&nbsp;<\/p>\n<h2><span style=\"font-weight: 400;\">Kuidas seadistada?\u00a0<\/span><\/h2>\n<p><span style=\"font-weight: 400;\">1) Esmalt on SEB-s vaja seadistada automaatne emailiga laekumiste-maksmiste saatmine Booksi<\/span><\/p>\n<p><span style=\"font-weight: 400;\">Kopeeri ERPLY Booksist ostuarvete postkasti email ja logi SEB-sse.\u00a0<\/span><\/p>\n<p><span style=\"font-weight: 400;\">Vali j\u00e4rgmised valikud SEB internetipangas: <\/span><b>Lisateenused\/Seaded -&gt; Teavitusteenused -&gt; Uue teavituse tellimine<\/b><span style=\"font-weight: 400;\">.\u00a0<\/span><\/p>\n<p><span style=\"font-weight: 400;\">Avaneb j\u00e4rgmine pilt, kuhu saad panna oma firma ostuarvete postkasti emaili (telefon tee t\u00fchjaks):\u00a0<\/span><\/p>\n<p>&nbsp;<\/p>\n<p><img loading=\"lazy\" decoding=\"async\" class=\"alignnone wp-image-30597 \" src=\"https:\/\/www.erplybooks.com\/wp-content\/uploads\/2023\/05\/image1.jpg\" alt=\"\" width=\"923\" height=\"404\" \/><\/p>\n<p>&nbsp;<\/p>\n<p><span style=\"font-weight: 400;\">Seej\u00e4rel saad seadistada, milliseid tehinguid tahad automaatselt \u00fchendada. Kui k\u00f5iki, siis j\u00e4rgmine seadistus on see, mida otsid:\u00a0<\/span><\/p>\n<p>&nbsp;<\/p>\n<p><img loading=\"lazy\" decoding=\"async\" class=\"alignnone wp-image-30603 \" src=\"https:\/\/www.erplybooks.com\/wp-content\/uploads\/2023\/05\/image2.jpg\" alt=\"\" width=\"775\" height=\"554\" \/><\/p>\n<p>&nbsp;<\/p>\n<p><span style=\"font-weight: 400;\">2) ERPLY Booksis vaja lisada reegel, et v\u00f5ib vastu v\u00f5tta ostuarvete postkasti laekumisi<\/span><\/p>\n<p><span style=\"font-weight: 400;\">Ava pealehe otsingukastist Globaalsed Atribuudid ja lisa sinna rida:\u00a0<\/span><\/p>\n<ul>\n<li style=\"font-weight: 400;\" aria-level=\"1\"><span style=\"font-weight: 400;\">nimi=GLOBAL_BANK_IMPORT_FROM_EMAIL_DESC<\/span><\/li>\n<li style=\"font-weight: 400;\" aria-level=\"1\"><span style=\"font-weight: 400;\">v\u00e4\u00e4rtus=<\/span><a href=\"mailto:automailer@seb.ee\"><span style=\"font-weight: 400;\">automailer@seb.ee<\/span><\/a><\/li>\n<li style=\"font-weight: 400;\" aria-level=\"1\"><span style=\"font-weight: 400;\">alt value=SEB_ET<\/span><\/li>\n<li style=\"font-weight: 400;\" aria-level=\"1\"><span style=\"font-weight: 400;\">alt value2=true<\/span><\/li>\n<li style=\"font-weight: 400;\" aria-level=\"1\"><span style=\"font-weight: 400;\">int number=19<\/span><\/li>\n<\/ul>\n<p><span style=\"font-weight: 400;\">Lisaks lisa globaalne atribuut, et n\u00e4eksid mitteseotud tehinguid pangaimpordis:\u00a0<\/span><\/p>\n<ul>\n<li style=\"font-weight: 400;\" aria-level=\"1\"><span style=\"font-weight: 400;\">nimi=ATTRIBUTE_GLOBAL_SHOW_PENDING_SEARCH<\/span><\/li>\n<li style=\"font-weight: 400;\" aria-level=\"1\"><span style=\"font-weight: 400;\">v\u00e4\u00e4rtus=true<\/span><\/li>\n<\/ul>\n<p>&nbsp;<\/p>\n<h2><span style=\"font-weight: 400;\">Igap\u00e4eva protsess<\/span><\/h2>\n<p><span style=\"font-weight: 400;\">ERPLY Booksi j\u00f5uab laekumine kohe t\u00e4nu emailile. K\u00fcll aga pole emailis kirjas tehingu arhiveerimistunnust. Sellest l\u00e4htuvalt on vaja korra perioodis (ise tead kui tihti) failiga importi (ehk tavap\u00e4rane SEB pangaimport) &#8211; selle peale ERPLY Books \u00fchendab emailiga tulnud ja failis olevad maksed \u00e4ra (emailiga tulnutel pole arhiveerimistunnust). Need tehingud, mis s\u00fcsteem automaatselt \u00e4ra tundis, pole vaja topelt l\u00e4bi kanda.\u00a0<\/span><\/p>\n<p>&nbsp;<\/p>\n","protected":false},"excerpt":{"rendered":"<p>SEB laekumised automaatselt ERPLY Booksi &nbsp; &nbsp; Selle jaoks, et SEB-st saaks tehingud automaatselt ilma lisa liigutuseta ERPLY Booksi, saab aktiveerida emailip\u00f5hise laekumiste-maksmiste meetodi.\u00a0 Mis kasu on lahendusest ja kellele see sobib? SEB laekumised on reaalajas ERPLY Booksis. Ajaline viide on kuni viis minutit &#8211; ehk hetkest kui laekumine j\u00f5uab SEB-sse, on viie minuti jooksul [&hellip;]<\/p>\n","protected":false},"author":22,"featured_media":0,"parent":3312,"menu_order":0,"comment_status":"closed","ping_status":"closed","template":"","meta":{"_et_pb_use_builder":"","_et_pb_old_content":"","_et_gb_content_width":"","footnotes":""},"categories":[455],"tags":[793,183],"class_list":["post-30596","page","type-page","status-publish","hentry","category-maksed-ja-ettemaksed","tag-laekumised","tag-seb"],"_links":{"self":[{"href":"https:\/\/www.erplybooks.com\/et\/wp-json\/wp\/v2\/pages\/30596","targetHints":{"allow":["GET"]}}],"collection":[{"href":"https:\/\/www.erplybooks.com\/et\/wp-json\/wp\/v2\/pages"}],"about":[{"href":"https:\/\/www.erplybooks.com\/et\/wp-json\/wp\/v2\/types\/page"}],"author":[{"embeddable":true,"href":"https:\/\/www.erplybooks.com\/et\/wp-json\/wp\/v2\/users\/22"}],"replies":[{"embeddable":true,"href":"https:\/\/www.erplybooks.com\/et\/wp-json\/wp\/v2\/comments?post=30596"}],"version-history":[{"count":0,"href":"https:\/\/www.erplybooks.com\/et\/wp-json\/wp\/v2\/pages\/30596\/revisions"}],"up":[{"embeddable":true,"href":"https:\/\/www.erplybooks.com\/et\/wp-json\/wp\/v2\/pages\/3312"}],"wp:attachment":[{"href":"https:\/\/www.erplybooks.com\/et\/wp-json\/wp\/v2\/media?parent=30596"}],"wp:term":[{"taxonomy":"category","embeddable":true,"href":"https:\/\/www.erplybooks.com\/et\/wp-json\/wp\/v2\/categories?post=30596"},{"taxonomy":"post_tag","embeddable":true,"href":"https:\/\/www.erplybooks.com\/et\/wp-json\/wp\/v2\/tags?post=30596"}],"curies":[{"name":"wp","href":"https:\/\/api.w.org\/{rel}","templated":true}]}}