{"id":30505,"date":"2023-05-02T19:47:15","date_gmt":"2023-05-02T19:47:15","guid":{"rendered":"https:\/\/www.erplybooks.com\/?page_id=30505"},"modified":"2024-08-16T11:46:21","modified_gmt":"2024-08-16T11:46:21","slug":"banqup-integratsioon-erply-booksis","status":"publish","type":"page","link":"https:\/\/www.erplybooks.com\/et\/banqup-integratsioon-erply-booksis\/","title":{"rendered":"Banqup integratsioon ERPLY Booksis"},"content":{"rendered":"<h3><strong>Banqup integratsioon n\u00fc\u00fcd ERPLY Booksis!<\/strong><\/h3>\n<p><span style=\"font-weight: 400;\">ERPLY Booksi on j\u00f5udnud Banqupi arvelduskeskkonna integratsioon, <\/span><span style=\"font-weight: 400;\">mis muudab sinu ettev\u00f5tte arveldus- ja haldustegevused m\u00e4rksa lihtsamaks ja kiiremaks! Banqupi integratsioon on m\u00f5eldud kasutamiseks nii raamatupidajatele kui ettev\u00f5tjatele.\u00a0<\/span><\/p>\n<h5><\/h5>\n<h5><span style=\"font-weight: 400;\">Banqup ettev\u00f5tjatele<\/span><\/h5>\n<p><span style=\"font-weight: 400;\"><img loading=\"lazy\" decoding=\"async\" class=\" wp-image-30519 alignright\" src=\"https:\/\/www.erplybooks.com\/wp-content\/uploads\/2023\/05\/Screenshot-2023-05-02-at-11.05.44-PM.png\" alt=\"\" width=\"363\" height=\"411\" \/><br \/>\nV\u00e4iksemad ettev\u00f5tted, kes ei kasuta digitaalset lahendust, kulutavad finantshaldusele keskmiselt 13 tundi ja 20 minutit kuus. Aga, mis siis kui saaksite selle aja panustada enda ettev\u00f5tte p\u00f5hitegevusele ning Banqup teeb vajalikud tegevused ise teie eest \u00e4ra. Banqup v\u00e4hendab oluliselt sinu ettev\u00f5tte paberimajandust ja automatiseerib tegevusi, mida seni olete k\u00e4sitsi teinud. Banqupi turvaline platvorm v\u00f5imaldab \u00fches ja samas keskkonnas arveid luua ja saata, vastu v\u00f5tta ja<br \/>\nmaksta ning ka arhiveerida. Samuti saate hoida Banqupi keskkonnas k\u00f5iki ettev\u00f5ttega seotud mittefinantsilisi dokumente, n\u00e4iteks nagu lepinguid ja aruandeid ning vajadusel neid ka kolleegidega jagada, kes Banqupi. Tarkvara digiteerimise funktsioon p\u00e4\u00e4stab aegan\u00f5udvast arvete ja ostut\u0161ekkide sisestamisest. Banqupi lahendus Unifiedposti teenus, mis on m\u00f5eldud mikro-, v\u00e4ike- ja keskmise suurusega ettev\u00f5tetele. Tarkvara on v\u00f5imalik kasutada ka nutitelefonis ning selleks on Banqup loonud eraldi mobiili\u00e4pi.<br \/>\n<\/span><\/p>\n<p><span style=\"font-weight: 400;\">Hea teada! Banqup&#8217;il on olemas ka tasuta pakett, mis v\u00f5imaldab tarkvaras pakutavate v\u00f5imalustega l\u00e4hemalt tutvuda.<\/span><\/p>\n<h5><\/h5>\n<h5><span style=\"font-weight: 400;\">Banqup raamatupidajatele<\/span><\/h5>\n<p><span style=\"font-weight: 400;\">Banqupis liiguvad andmed sinu ja su klientide vahel digitaalselt. V\u00e4hem halduskoormust ja palju rohkem aega sisuliseks t\u00f6\u00f6ks.\u00a0<\/span><\/p>\n<p><span style=\"font-weight: 400;\">Banqup on loodud raamatupidajate ning nende klientide t\u00f6\u00f6 lihtsustamiseks v\u00e4hendades k\u00e4sitsi tehtavaid tegevusi. Antud tarkvara on v\u00f5imalik automaatselt ERPLY Booksi raamatupidamisprogrammiga \u00fchendada, mis v\u00f5imaldab k\u00f5ik oma arved ja Banqupis digiteeritud kviitungid reaalajas edastada otse raamatupidamistarkvarasse. K\u00f5ik digiteeritud kviitungid ja arved ning muud (ka mitte finantsilised) dokumendid j\u00f5uavad raamatupidajateni reaalajas, mitte kord kuus v\u00f5i mingi muu aja tagant k\u00f5ik korraga, mis v\u00f5imaldab raamatupidajal enda t\u00f6\u00f6jaotust lihtsustada ning ei kuhja kogu t\u00f6\u00f6d \u00fchele kindlale perioodile. Banqupis on olemas ka lisav\u00f5imalus Console, mis on loodud m\u00f5eldes raamatupidamisfirmadele. Console v\u00f5imaldab hallata \u00fches kohas k\u00f5iki kliente, kellele raamatupidamist tehakse. Kasutades firma raamatupidamistoimingutes Banqupi integratsiooni ning selle v\u00f5imalusi s\u00e4\u00e4state m\u00e4rgatavalt nii enda kui ka kliendi aega ning suurel hulgal paberit.<\/span><\/p>\n<p><br style=\"font-weight: 400;\" \/><br style=\"font-weight: 400;\" \/><\/p>\n","protected":false},"excerpt":{"rendered":"<p>Banqup integratsioon n\u00fc\u00fcd ERPLY Booksis! ERPLY Booksi on j\u00f5udnud Banqupi arvelduskeskkonna integratsioon, mis muudab sinu ettev\u00f5tte arveldus- ja haldustegevused m\u00e4rksa lihtsamaks ja kiiremaks! Banqupi integratsioon on m\u00f5eldud kasutamiseks nii raamatupidajatele kui ettev\u00f5tjatele.\u00a0 Banqup ettev\u00f5tjatele V\u00e4iksemad ettev\u00f5tted, kes ei kasuta digitaalset lahendust, kulutavad finantshaldusele keskmiselt 13 tundi ja 20 minutit kuus. Aga, mis siis kui saaksite [&hellip;]<\/p>\n","protected":false},"author":21,"featured_media":0,"parent":0,"menu_order":45,"comment_status":"closed","ping_status":"closed","template":"","meta":{"_et_pb_use_builder":"","_et_pb_old_content":"","_et_gb_content_width":"","footnotes":""},"categories":[459],"tags":[776,750,822,823],"class_list":["post-30505","page","type-page","status-publish","hentry","category-integratsioonid","tag-banqup-2","tag-integratsioon-2","tag-teadetetahvel","tag-teated"],"_links":{"self":[{"href":"https:\/\/www.erplybooks.com\/et\/wp-json\/wp\/v2\/pages\/30505","targetHints":{"allow":["GET"]}}],"collection":[{"href":"https:\/\/www.erplybooks.com\/et\/wp-json\/wp\/v2\/pages"}],"about":[{"href":"https:\/\/www.erplybooks.com\/et\/wp-json\/wp\/v2\/types\/page"}],"author":[{"embeddable":true,"href":"https:\/\/www.erplybooks.com\/et\/wp-json\/wp\/v2\/users\/21"}],"replies":[{"embeddable":true,"href":"https:\/\/www.erplybooks.com\/et\/wp-json\/wp\/v2\/comments?post=30505"}],"version-history":[{"count":0,"href":"https:\/\/www.erplybooks.com\/et\/wp-json\/wp\/v2\/pages\/30505\/revisions"}],"wp:attachment":[{"href":"https:\/\/www.erplybooks.com\/et\/wp-json\/wp\/v2\/media?parent=30505"}],"wp:term":[{"taxonomy":"category","embeddable":true,"href":"https:\/\/www.erplybooks.com\/et\/wp-json\/wp\/v2\/categories?post=30505"},{"taxonomy":"post_tag","embeddable":true,"href":"https:\/\/www.erplybooks.com\/et\/wp-json\/wp\/v2\/tags?post=30505"}],"curies":[{"name":"wp","href":"https:\/\/api.w.org\/{rel}","templated":true}]}}