{"id":30354,"date":"2023-04-21T10:13:05","date_gmt":"2023-04-21T10:13:05","guid":{"rendered":"https:\/\/www.erplybooks.com\/?page_id=30354"},"modified":"2023-07-04T10:09:25","modified_gmt":"2023-07-04T10:09:25","slug":"failide-lisamine-dokumentidele","status":"publish","type":"page","link":"https:\/\/www.erplybooks.com\/et\/juhendid\/failide-lisamine-dokumentidele\/","title":{"rendered":"Failide lisamine dokumentidele"},"content":{"rendered":"<h1><span style=\"font-weight: 400;\">Failide lisamine dokumentidele<\/span><\/h1>\n<p>&nbsp;<\/p>\n<p><span style=\"font-weight: 400;\">K\u00e4esolev juhend kirjeldab seda kuidas on v\u00f5imalik ERPLY Booksis lisada faile erinevatele dokumentidele.\u00a0<\/span><span style=\"font-weight: 400;\">Failide lisamise v\u00f5imalus on mitmetes moodulites: lisa faile m\u00fc\u00fcgiarvetele, ostuarvetele, kannetele, kontakti kaardile, lepingutele.<\/span><\/p>\n<p>&nbsp;<\/p>\n<h2><span style=\"font-weight: 400;\">Kuidas on v\u00f5imalik lisada faile?<\/span><\/h2>\n<p><span style=\"font-weight: 400;\">Faili lisamine erinevatele dokumentidele k\u00e4ib sarnase p\u00f5him\u00f5ttega, kuid j\u00e4rgenvalt tuuakse n\u00e4ited erinevate dokumentide kohta.\u00a0<\/span><\/p>\n<p>&nbsp;<\/p>\n<h3><span style=\"font-weight: 400;\">Arvetele failide lisamine<\/span><\/h3>\n<p>&nbsp;<\/p>\n<p><span style=\"font-weight: 400;\">Faili on v\u00f5imalik lisada uuele ostuarvele (m\u00fc\u00fcgiarvele) kui ka juba koostatud arvele.<\/span><\/p>\n<ol>\n<li style=\"font-weight: 400;\" aria-level=\"1\"><span style=\"font-weight: 400;\">Faili lisamine uuele ostuarvele<\/span><\/li>\n<\/ol>\n<ul>\n<li style=\"font-weight: 400;\" aria-level=\"1\"><span style=\"font-weight: 400;\">Ava uus ostuarve (<strong>Ost -&gt; Ostuarve (lisa uus)<\/strong>)<\/span><\/li>\n<li style=\"font-weight: 400;\" aria-level=\"1\"><span style=\"font-weight: 400;\">T\u00e4ida vajalikud lahtrid ostuarve infoga ja vajuta \u2018<strong>\u2019Vali faill\u2019\u2019<\/strong><\/span><\/li>\n<\/ul>\n<p>&nbsp;<\/p>\n<p><img loading=\"lazy\" decoding=\"async\" class=\"alignnone wp-image-30391 size-full\" src=\"https:\/\/www.erplybooks.com\/wp-content\/uploads\/2023\/04\/image7-2.png\" alt=\"\" width=\"1999\" height=\"949\" srcset=\"https:\/\/www.erplybooks.com\/wp-content\/uploads\/2023\/04\/image7-2.png 1999w, https:\/\/www.erplybooks.com\/wp-content\/uploads\/2023\/04\/image7-2-1280x608.png 1280w, https:\/\/www.erplybooks.com\/wp-content\/uploads\/2023\/04\/image7-2-980x465.png 980w, https:\/\/www.erplybooks.com\/wp-content\/uploads\/2023\/04\/image7-2-480x228.png 480w\" sizes=\"auto, (min-width: 0px) and (max-width: 480px) 480px, (min-width: 481px) and (max-width: 980px) 980px, (min-width: 981px) and (max-width: 1280px) 1280px, (min-width: 1281px) 1999px, 100vw\" \/><\/p>\n<p>&nbsp;<\/p>\n<p>&nbsp;<\/p>\n<ul>\n<li style=\"font-weight: 400;\" aria-level=\"1\"><span style=\"font-weight: 400;\">J\u00e4rgnevas aknas vajuta samuti \u2018\u2019<strong>Vali fail<\/strong>\u2019\u2019 ning vali fail, mida soovid dokumendile lisada ja seej\u00e4rel vajuta \u2018\u2019<strong>Salvesta<\/strong>\u2019\u2019.\u00a0<\/span><\/li>\n<\/ul>\n<p>&nbsp;<\/p>\n<p><img loading=\"lazy\" decoding=\"async\" class=\"alignnone wp-image-30379 \" src=\"https:\/\/www.erplybooks.com\/wp-content\/uploads\/2023\/04\/image5-3.png\" alt=\"\" width=\"336\" height=\"166\" \/><\/p>\n<p>&nbsp;<\/p>\n<p><span style=\"font-weight: 400;\">Juhul kui koheselt faili ei lisa, vaid t\u00e4idad arve info lahtrid \u00e4ra ja salvestad arve, siis kuvatakse peale arve salvestamist aken, kuhu saad otse faili lisada:\u00a0<\/span><\/p>\n<p>&nbsp;<\/p>\n<p><img loading=\"lazy\" decoding=\"async\" class=\"alignnone wp-image-30421 size-full\" src=\"https:\/\/www.erplybooks.com\/wp-content\/uploads\/2023\/04\/image12-2.png\" alt=\"\" width=\"1999\" height=\"939\" srcset=\"https:\/\/www.erplybooks.com\/wp-content\/uploads\/2023\/04\/image12-2.png 1999w, https:\/\/www.erplybooks.com\/wp-content\/uploads\/2023\/04\/image12-2-1280x601.png 1280w, https:\/\/www.erplybooks.com\/wp-content\/uploads\/2023\/04\/image12-2-980x460.png 980w, https:\/\/www.erplybooks.com\/wp-content\/uploads\/2023\/04\/image12-2-480x225.png 480w\" sizes=\"auto, (min-width: 0px) and (max-width: 480px) 480px, (min-width: 481px) and (max-width: 980px) 980px, (min-width: 981px) and (max-width: 1280px) 1280px, (min-width: 1281px) 1999px, 100vw\" \/><\/p>\n<p>&nbsp;<\/p>\n<p><span style=\"font-weight: 400;\">Kui soovid mitut faili arvele lisada, siis tuleb lihtsalt uuesti vajutada \u2018\u2019<strong>Vali fail<\/strong>\u2019\u2019 ja laadida uus fail. Faili lisamise aknas n\u00e4ed ka juba eelnevalt \u00fcles laetud faile:\u00a0<\/span><\/p>\n<p>&nbsp;<\/p>\n<p><img loading=\"lazy\" decoding=\"async\" class=\"alignnone wp-image-30409 \" src=\"https:\/\/www.erplybooks.com\/wp-content\/uploads\/2023\/04\/image10-1.png\" alt=\"\" width=\"316\" height=\"226\" \/><\/p>\n<p>&nbsp;<\/p>\n<p><span style=\"font-weight: 400;\">Faili formaadid pole piiratud ning v\u00f5imalik on lisada k\u00f5iki erinevaid faili formaate (pdf, jpg, png, txt jne). \u00dche faili maksimaalne suurus saab olla 5 MB.<\/span><\/p>\n<p><span style=\"font-weight: 400;\">NB! M\u00fc\u00fcgiarve puhul pead arve enne faili lisamist salvestama, sest muul juhul pole faili lisamine uuele arvele v\u00f5imalik. M\u00fc\u00fcgiarvele faili lisamiseks vali k\u00f5igepealt \u2018\u2019<strong>Muu<\/strong>\u2019\u2019 ja siis \u2018\u2019Vali fail\u2019\u2019, j\u00e4rgnevad sammud on samad nagu \u00fcleval kirjeldatud.<\/span><\/p>\n<p>&nbsp;<\/p>\n<p><img loading=\"lazy\" decoding=\"async\" class=\"alignnone wp-image-30373 size-full\" src=\"https:\/\/www.erplybooks.com\/wp-content\/uploads\/2023\/04\/image4-4.png\" alt=\"\" width=\"1999\" height=\"943\" srcset=\"https:\/\/www.erplybooks.com\/wp-content\/uploads\/2023\/04\/image4-4.png 1999w, https:\/\/www.erplybooks.com\/wp-content\/uploads\/2023\/04\/image4-4-1280x604.png 1280w, https:\/\/www.erplybooks.com\/wp-content\/uploads\/2023\/04\/image4-4-980x462.png 980w, https:\/\/www.erplybooks.com\/wp-content\/uploads\/2023\/04\/image4-4-480x226.png 480w\" sizes=\"auto, (min-width: 0px) and (max-width: 480px) 480px, (min-width: 481px) and (max-width: 980px) 980px, (min-width: 981px) and (max-width: 1280px) 1280px, (min-width: 1281px) 1999px, 100vw\" \/><\/p>\n<p>&nbsp;<\/p>\n<p><span style=\"font-weight: 400;\">Lisatud failid dokumendi k\u00fcljest \u00e4ra ei kustu ja s\u00e4ilivad senikaua kuni need ise manuaalselt kustutatakse.\u00a0<\/span><\/p>\n<p>&nbsp;<\/p>\n<p>&nbsp;<\/p>\n<h3><span style=\"font-weight: 400;\">Faili lisamine kandele<\/span><\/h3>\n<p>&nbsp;<\/p>\n<p><span style=\"font-weight: 400;\">Kandele faili lisamiseks tuleb esmalt avada kanded (<strong>RMP -&gt; Kanded<\/strong>) ja avada topeltkl\u00f5psuga kanne. All men\u00fc\u00fc riba peal tuleb vajutada j\u00e4llegi <strong>\u2018\u2019Vali fail\u2019\u2019<\/strong> nupule ning edasised sammud on samad nagu arve puhul.\u00a0<\/span><\/p>\n<p>&nbsp;<\/p>\n<p><img loading=\"lazy\" decoding=\"async\" class=\"alignnone wp-image-30367 size-full\" src=\"https:\/\/www.erplybooks.com\/wp-content\/uploads\/2023\/04\/image3-4.png\" alt=\"\" width=\"1999\" height=\"941\" srcset=\"https:\/\/www.erplybooks.com\/wp-content\/uploads\/2023\/04\/image3-4.png 1999w, https:\/\/www.erplybooks.com\/wp-content\/uploads\/2023\/04\/image3-4-1280x603.png 1280w, https:\/\/www.erplybooks.com\/wp-content\/uploads\/2023\/04\/image3-4-980x461.png 980w, https:\/\/www.erplybooks.com\/wp-content\/uploads\/2023\/04\/image3-4-480x226.png 480w\" sizes=\"auto, (min-width: 0px) and (max-width: 480px) 480px, (min-width: 481px) and (max-width: 980px) 980px, (min-width: 981px) and (max-width: 1280px) 1280px, (min-width: 1281px) 1999px, 100vw\" \/><\/p>\n<p>&nbsp;<\/p>\n<p>&nbsp;<\/p>\n<h3><span style=\"font-weight: 400;\">Kontaktidele failide lisamine<\/span><\/h3>\n<p>&nbsp;<\/p>\n<p><span style=\"font-weight: 400;\">Kui tahad siduda mingisuguse faili, n\u00e4iteks t\u00f6\u00f6lepingu v\u00f5i ekraanipildi jne kindla kontaktiga, siis on v\u00f5imalus lisada kontaktide alla fail. Selleks ava <\/span><b>Kontaktid<\/b> <b>(M\u00fc\u00fck\/Ost -&gt; Kontaktid)<\/b><span style=\"font-weight: 400;\"> ning vajuta soovitud kontakti nime eesolevale mustale ringikujulisele ikoonile. Avaneb kogu informatsioon kliendi kohta ning alumiselt mustalt ribalt vali <\/span><b>\u201cVali fail\u201d<\/b><span style=\"font-weight: 400;\">.\u00a0<\/span><\/p>\n<p>&nbsp;<\/p>\n<p><span style=\"font-weight: 400;\"><img loading=\"lazy\" decoding=\"async\" class=\"alignnone wp-image-30361 size-full\" src=\"https:\/\/www.erplybooks.com\/wp-content\/uploads\/2023\/04\/image2-5.png\" alt=\"\" width=\"1912\" height=\"82\" srcset=\"https:\/\/www.erplybooks.com\/wp-content\/uploads\/2023\/04\/image2-5.png 1912w, https:\/\/www.erplybooks.com\/wp-content\/uploads\/2023\/04\/image2-5-1280x55.png 1280w, https:\/\/www.erplybooks.com\/wp-content\/uploads\/2023\/04\/image2-5-980x42.png 980w, https:\/\/www.erplybooks.com\/wp-content\/uploads\/2023\/04\/image2-5-480x21.png 480w\" sizes=\"auto, (min-width: 0px) and (max-width: 480px) 480px, (min-width: 481px) and (max-width: 980px) 980px, (min-width: 981px) and (max-width: 1280px) 1280px, (min-width: 1281px) 1912px, 100vw\" \/>\u00a0<\/span><\/p>\n<p><span style=\"font-weight: 400;\">Avaneb aken, kust saab lisada faili, vajutades<\/span><b> \u201cVali fail\u201d <\/b><span style=\"font-weight: 400;\">nupule. Fail saab olla maksimaalselt 5MB ning lisada on v\u00f5imalik ka mitu faili. Kui fail on lisatud, siis vajuta kollasele nupule<\/span><b> \u201cSalvesta\u201d<\/b><span style=\"font-weight: 400;\">.\u00a0<\/span><\/p>\n<p>&nbsp;<\/p>\n<p><span style=\"font-weight: 400;\"> <img loading=\"lazy\" decoding=\"async\" class=\"alignnone wp-image-30403 \" src=\"https:\/\/www.erplybooks.com\/wp-content\/uploads\/2023\/04\/image9-1.png\" alt=\"\" width=\"360\" height=\"175\" srcset=\"https:\/\/www.erplybooks.com\/wp-content\/uploads\/2023\/04\/image9-1.png 447w, https:\/\/www.erplybooks.com\/wp-content\/uploads\/2023\/04\/image9-1-300x146.png 300w\" sizes=\"auto, (max-width: 360px) 100vw, 360px\" \/><\/span><\/p>\n<p><span style=\"font-weight: 400;\">\u00a0<\/span><\/p>\n<p><span style=\"font-weight: 400;\">Vaadata ja\/v\u00f5i kustutada faili kindla kontakti alt saab samamoodi vajutades mustalt ribalt <\/span><b>\u201cVali fail<\/b><span style=\"font-weight: 400;\">\u201d.\u00a0<\/span><span style=\"font-weight: 400;\">Avaneb aken, kust saab vaadata, kustutada ja\/v\u00f5i lisada faili. Kui tahad vaadata faili, siis vajutage <\/span><b>\u201cVaata\u201d<\/b><span style=\"font-weight: 400;\">, kui kustutada, siis <\/span><b>pr\u00fcgikasti ikoonile<\/b><span style=\"font-weight: 400;\">.\u00a0<\/span><\/p>\n<p><span style=\"font-weight: 400;\">\u00a0<\/span><\/p>\n<p><img loading=\"lazy\" decoding=\"async\" class=\"alignnone wp-image-30415 \" src=\"https:\/\/www.erplybooks.com\/wp-content\/uploads\/2023\/04\/image11-1.png\" alt=\"\" width=\"395\" height=\"231\" srcset=\"https:\/\/www.erplybooks.com\/wp-content\/uploads\/2023\/04\/image11-1.png 450w, https:\/\/www.erplybooks.com\/wp-content\/uploads\/2023\/04\/image11-1-300x175.png 300w\" sizes=\"auto, (max-width: 395px) 100vw, 395px\" \/><\/p>\n<p>&nbsp;<\/p>\n<p>&nbsp;<\/p>\n<h3><span style=\"font-weight: 400;\">Faili lisamine lepingule<\/span><\/h3>\n<p><span style=\"font-weight: 400;\">Kui oled lisamas uut lepingut ja soovid lisada sellele lepingule faili k\u00fclge, siis tuleb esmalt t\u00e4ita lepingu andmed ja seej\u00e4rel salvestada. Peale salvestamist on v\u00f5imalik lisada fail valides ostu v\u00f5i m\u00fc\u00fcgilepingul &#8216;<strong>&#8216;Muu&#8221; -&gt; &#8221;Vali fail&#8221;.<\/strong>\u00a0<\/span><\/p>\n<p>&nbsp;<\/p>\n<p><span style=\"font-weight: 400;\"> <img loading=\"lazy\" decoding=\"async\" class=\"alignnone wp-image-30385 size-full\" src=\"https:\/\/www.erplybooks.com\/wp-content\/uploads\/2023\/04\/image6-2.png\" alt=\"\" width=\"1999\" height=\"947\" srcset=\"https:\/\/www.erplybooks.com\/wp-content\/uploads\/2023\/04\/image6-2.png 1999w, https:\/\/www.erplybooks.com\/wp-content\/uploads\/2023\/04\/image6-2-1280x606.png 1280w, https:\/\/www.erplybooks.com\/wp-content\/uploads\/2023\/04\/image6-2-980x464.png 980w, https:\/\/www.erplybooks.com\/wp-content\/uploads\/2023\/04\/image6-2-480x227.png 480w\" sizes=\"auto, (min-width: 0px) and (max-width: 480px) 480px, (min-width: 481px) and (max-width: 980px) 980px, (min-width: 981px) and (max-width: 1280px) 1280px, (min-width: 1281px) 1999px, 100vw\" \/><\/span><\/p>\n<p><span style=\"font-weight: 400;\">\u00a0<\/span><\/p>\n<p><span style=\"font-weight: 400;\">J\u00e4rgmises aknas saad faili \u00fcles laadida kui vajutad &#8216;<strong>&#8216;Vali fail&#8221;<\/strong> nuppu ning peale seda &#8221;<strong>Salvesta<\/strong>&#8221;.<\/span><\/p>\n<p><span style=\"font-weight: 400;\">\u00a0<\/span><\/p>\n<p><span style=\"font-weight: 400;\"><img loading=\"lazy\" decoding=\"async\" class=\"alignnone wp-image-30397 \" src=\"https:\/\/www.erplybooks.com\/wp-content\/uploads\/2023\/04\/image8-1.png\" alt=\"\" width=\"345\" height=\"170\" \/>\u00a0<\/span><\/p>\n<p><span style=\"font-weight: 400;\">N\u00fc\u00fcd on lepingule fail lisatud ning kui soovid mitut faili lisada, siis tuleb uuesti valida <strong>&#8221;Vali fail&#8221;.<\/strong> Eelnevalt lisatud failid on ka v\u00e4ikeses aknakeses n\u00e4ha, kuhu peale klikates laaditakse fail alla. Faili nime k\u00f5rval on pr\u00fcgikast, millele vajutades kustutatakse fail lepingu k\u00fcljest \u00e4ra.\u00a0<\/span><\/p>\n<p><span style=\"font-weight: 400;\">Kui soovid faili lisada juba koostatud lepingule, siis tuleb vastav ostuleping v\u00f5i m\u00fc\u00fcgileping lepingute alt avada ja seej\u00e4rel lisada fail samamoodi nagu uue lepingu puhul.<\/span><\/p>\n<p><span style=\"font-weight: 400;\">Rohkem infot lepingute mooduli kohta leiad <\/span><a href=\"https:\/\/www.erplybooks.com\/et\/juhendid\/lepingute-moodul\/\"><span style=\"font-weight: 400;\">siit<\/span><\/a><span style=\"font-weight: 400;\">.\u00a0<\/span><\/p>\n","protected":false},"excerpt":{"rendered":"<p>Failide lisamine dokumentidele &nbsp; K\u00e4esolev juhend kirjeldab seda kuidas on v\u00f5imalik ERPLY Booksis lisada faile erinevatele dokumentidele.\u00a0Failide lisamise v\u00f5imalus on mitmetes moodulites: lisa faile m\u00fc\u00fcgiarvetele, ostuarvetele, kannetele, kontakti kaardile, lepingutele. &nbsp; Kuidas on v\u00f5imalik lisada faile? Faili lisamine erinevatele dokumentidele k\u00e4ib sarnase p\u00f5him\u00f5ttega, kuid j\u00e4rgenvalt tuuakse n\u00e4ited erinevate dokumentide kohta.\u00a0 &nbsp; Arvetele failide lisamine &nbsp; [&hellip;]<\/p>\n","protected":false},"author":22,"featured_media":0,"parent":3312,"menu_order":0,"comment_status":"closed","ping_status":"closed","template":"","meta":{"_et_pb_use_builder":"","_et_pb_old_content":"","_et_gb_content_width":"","footnotes":""},"categories":[450],"tags":[548,547,546,463],"class_list":["post-30354","page","type-page","status-publish","hentry","category-seadistused","tag-dokument","tag-fail","tag-failide-lisamine","tag-lisa"],"_links":{"self":[{"href":"https:\/\/www.erplybooks.com\/et\/wp-json\/wp\/v2\/pages\/30354","targetHints":{"allow":["GET"]}}],"collection":[{"href":"https:\/\/www.erplybooks.com\/et\/wp-json\/wp\/v2\/pages"}],"about":[{"href":"https:\/\/www.erplybooks.com\/et\/wp-json\/wp\/v2\/types\/page"}],"author":[{"embeddable":true,"href":"https:\/\/www.erplybooks.com\/et\/wp-json\/wp\/v2\/users\/22"}],"replies":[{"embeddable":true,"href":"https:\/\/www.erplybooks.com\/et\/wp-json\/wp\/v2\/comments?post=30354"}],"version-history":[{"count":0,"href":"https:\/\/www.erplybooks.com\/et\/wp-json\/wp\/v2\/pages\/30354\/revisions"}],"up":[{"embeddable":true,"href":"https:\/\/www.erplybooks.com\/et\/wp-json\/wp\/v2\/pages\/3312"}],"wp:attachment":[{"href":"https:\/\/www.erplybooks.com\/et\/wp-json\/wp\/v2\/media?parent=30354"}],"wp:term":[{"taxonomy":"category","embeddable":true,"href":"https:\/\/www.erplybooks.com\/et\/wp-json\/wp\/v2\/categories?post=30354"},{"taxonomy":"post_tag","embeddable":true,"href":"https:\/\/www.erplybooks.com\/et\/wp-json\/wp\/v2\/tags?post=30354"}],"curies":[{"name":"wp","href":"https:\/\/api.w.org\/{rel}","templated":true}]}}