{"id":30325,"date":"2023-04-18T09:49:53","date_gmt":"2023-04-18T09:49:53","guid":{"rendered":"https:\/\/www.erplybooks.com\/?page_id=30325"},"modified":"2023-07-05T17:42:23","modified_gmt":"2023-07-05T17:42:23","slug":"laoga-seotud-protsesside-kajastamine-saatelehtedena","status":"publish","type":"page","link":"https:\/\/www.erplybooks.com\/et\/laoga-seotud-protsesside-kajastamine-saatelehtedena\/","title":{"rendered":"Laoga seotud protsesside kajastamine saatelehtedena"},"content":{"rendered":"<h1><span style=\"font-weight: 400;\">Laoga seotud protsesside kajastamine saatelehtedena\u00a0<\/span><\/h1>\n<p>&nbsp;<\/p>\n<p><span style=\"font-weight: 400;\">K\u00e4esolev juhend kirjeldab, kuidas laost mahakandmisi, arvelev\u00f5tmisi v\u00f5i ladudevaheliste liikumiste s\u00fcnkroniseerimise protsesse kajastada ERPLY Booksis saatelehtedena mitte kannetena. Selline lahendus on vajalik n\u00e4iteks j\u00e4\u00e4tmemajanduses j\u00e4\u00e4tmearuande koostamise jaoks (loe j\u00e4\u00e4tmearuande kohta t\u00e4psemalt <\/span><a href=\"https:\/\/www.erplybooks.com\/et\/jaatmearuanne-2\/\"><span style=\"font-weight: 400;\">siit<\/span><\/a><span style=\"font-weight: 400;\">). Kui muidu s\u00fcnkroniseeritakse eelnevalt mainitud protsessid kandena, siis selle lahendusega on v\u00f5imalik s\u00fcnkroniseerida saatelehtedena\/ostusaatelehtedena, kuhu on v\u00f5imalik vastava seadistusega lisada tooted ja kogused.\u00a0<\/span><\/p>\n<p>&nbsp;<\/p>\n<p>&nbsp;<\/p>\n<h2><span style=\"font-weight: 400;\">Seadistamine<\/span><\/h2>\n<p><span style=\"font-weight: 400;\">Selliste v\u00f5imaluste kasutamiseks on mitu erinevat reeglit, mis tuleb lisada ERPLY S\u00fcngi parameetrite alla.\u00a0<\/span><\/p>\n<ol>\n<li style=\"font-weight: 400;\" aria-level=\"1\"><span style=\"font-weight: 400;\">Ava <\/span><b>\u2018\u2019M\u00e4\u00e4ra parameetrid Erply s\u00fcnk jaoks\u2019\u2019<\/b><span style=\"font-weight: 400;\"> pealehe otsingukastist<\/span><\/li>\n<li style=\"font-weight: 400;\" aria-level=\"1\"><span style=\"font-weight: 400;\">Vajuta sinist <\/span><b>\u2018\u2019Lisa\u2019\u2019<\/b><span style=\"font-weight: 400;\"> nuppu uue reegli lisamiseks<\/span><\/li>\n<li style=\"font-weight: 400;\" aria-level=\"1\"><span style=\"font-weight: 400;\">Kui reegel lisatud, siis salvesta, logi kontolt v\u00e4lja ja tagasi sisse<\/span><\/li>\n<\/ol>\n<p><b>1) Kui soovid, et ladudevahelised liikumised tehakse saatelehtedena, siis lisa reegel:\u00a0<\/b><\/p>\n<ul>\n<li><b>Attribute<\/b><span style=\"font-weight: 400;\">: SYNC_INVENTORY_TRANSFER_AS_WAYBILLS<\/span><\/li>\n<li><b>Value<\/b><span style=\"font-weight: 400;\">: true<\/span><\/li>\n<li><b>AltValue<\/b><span style=\"font-weight: 400;\">: 10000000\u00a0<\/span><\/li>\n<li><b>AltValue2<\/b><span style=\"font-weight: 400;\">=lao kliendi id (lisa endanimeline klient lattu ja laos oleva kliendi id siia lahtrisse)<\/span><\/li>\n<li><b>AltValue3<\/b><span style=\"font-weight: 400;\">=20000000 <\/span><\/li>\n<\/ul>\n<p><b>2) Kui soovid, et laos arvele v\u00f5tmised tehakse saatelehtedena, siis lisa reegel:\u00a0<\/b><\/p>\n<ul>\n<li><b>Attribute<\/b><span style=\"font-weight: 400;\">=SYNC_INVENTORY_REGISTRATIONS_AS_WAYBILLS<\/span><\/li>\n<li><b>Value<\/b><span style=\"font-weight: 400;\">=true<\/span><\/li>\n<li><b>AltValue<\/b><span style=\"font-weight: 400;\">=30000000\u00a0<\/span><\/li>\n<li><b>AltValue2<\/b><span style=\"font-weight: 400;\">=lao hankija id<\/span><\/li>\n<li style=\"font-weight: 400;\" aria-level=\"1\"><span style=\"font-weight: 400;\">Lattu tuleb lisada enda nimeline hankija ja laos oleva hankija id tuleb lisada siia lahtrisse<\/span><\/li>\n<\/ul>\n<p><b>3) Kui soovid, et laost mahakandmised tehakse saatelehtedena, siis lisa reegel:\u00a0<\/b><\/p>\n<ul>\n<li><b>Nimi<\/b><span style=\"font-weight: 400;\">=SYNC_INVENTORY_WRITEOFFS_AS_WAYBILLS<\/span><\/li>\n<li><span style=\"font-weight: 400;\"><strong>V\u00e4\u00e4rtus<\/strong>=true<\/span><\/li>\n<li><b>AltValue<\/b><span style=\"font-weight: 400;\">=40000000 (prefix, sest meil on vaja, et mahakandmiste id-d ei segaks tavalisi arveid; kui on peal &#8220;mitu Erply kontot \u00fcks Booksi konto&#8221;, siis vb peab teise prefixi lisama)<\/span><\/li>\n<li><b>AltValue2<\/b><span style=\"font-weight: 400;\">=lao kliendi id.\u00a0<\/span>\n<ul>\n<li><span style=\"font-weight: 400;\">Lattu tuleb lisada enda nimeline klient ja laos oleva kliendi id tuleb lisada siia lahtrisse<\/span><\/li>\n<\/ul>\n<\/li>\n<\/ul>\n<p><b>4) Kui kasutad j\u00e4\u00e4tmemajandust ja on vaja \u00fcmbert\u00f6\u00f6tlemised eraldi s\u00fcnkroniseerida, siis lisa reegel:\u00a0<\/b><\/p>\n<ul>\n<li><b>Nimi<\/b><span style=\"font-weight: 400;\">=SYNC_ZERO_REGISTRATION_AS_RECYCLING<\/span><\/li>\n<li><b>V\u00e4\u00e4rtus<\/b><span style=\"font-weight: 400;\">=true<\/span><\/li>\n<\/ul>\n<p><b>5) Kui soovid, et lao liikumise vastaspoole ladu oleks kirjutatud Viitava lingi lahtrisse, siis lisa reegel:\u00a0<\/b><\/p>\n<ul>\n<li><b>Nimi<\/b><span style=\"font-weight: 400;\">=ATTRIBUTE_ERPLY_SYNC_GET_ATTRIBUTES_INTO_IDENTIFIER<\/span><\/li>\n<li><b>V\u00e4\u00e4rtus<\/b><span style=\"font-weight: 400;\">=true<\/span><\/li>\n<li><b>AltValue<\/b><span style=\"font-weight: 400;\">=oppositeLocationName<\/span><\/li>\n<\/ul>\n","protected":false},"excerpt":{"rendered":"<p>Laoga seotud protsesside kajastamine saatelehtedena\u00a0 &nbsp; K\u00e4esolev juhend kirjeldab, kuidas laost mahakandmisi, arvelev\u00f5tmisi v\u00f5i ladudevaheliste liikumiste s\u00fcnkroniseerimise protsesse kajastada ERPLY Booksis saatelehtedena mitte kannetena. Selline lahendus on vajalik n\u00e4iteks j\u00e4\u00e4tmemajanduses j\u00e4\u00e4tmearuande koostamise jaoks (loe j\u00e4\u00e4tmearuande kohta t\u00e4psemalt siit). Kui muidu s\u00fcnkroniseeritakse eelnevalt mainitud protsessid kandena, siis selle lahendusega on v\u00f5imalik s\u00fcnkroniseerida saatelehtedena\/ostusaatelehtedena, kuhu on v\u00f5imalik [&hellip;]<\/p>\n","protected":false},"author":22,"featured_media":0,"parent":0,"menu_order":0,"comment_status":"closed","ping_status":"closed","template":"","meta":{"_et_pb_use_builder":"","_et_pb_old_content":"","_et_gb_content_width":"","footnotes":""},"categories":[451],"tags":[867,113,865,866],"class_list":["post-30325","page","type-page","status-publish","hentry","category-aruandlus","tag-kajastamine","tag-ladu","tag-protsess","tag-saateleht"],"_links":{"self":[{"href":"https:\/\/www.erplybooks.com\/et\/wp-json\/wp\/v2\/pages\/30325","targetHints":{"allow":["GET"]}}],"collection":[{"href":"https:\/\/www.erplybooks.com\/et\/wp-json\/wp\/v2\/pages"}],"about":[{"href":"https:\/\/www.erplybooks.com\/et\/wp-json\/wp\/v2\/types\/page"}],"author":[{"embeddable":true,"href":"https:\/\/www.erplybooks.com\/et\/wp-json\/wp\/v2\/users\/22"}],"replies":[{"embeddable":true,"href":"https:\/\/www.erplybooks.com\/et\/wp-json\/wp\/v2\/comments?post=30325"}],"version-history":[{"count":0,"href":"https:\/\/www.erplybooks.com\/et\/wp-json\/wp\/v2\/pages\/30325\/revisions"}],"wp:attachment":[{"href":"https:\/\/www.erplybooks.com\/et\/wp-json\/wp\/v2\/media?parent=30325"}],"wp:term":[{"taxonomy":"category","embeddable":true,"href":"https:\/\/www.erplybooks.com\/et\/wp-json\/wp\/v2\/categories?post=30325"},{"taxonomy":"post_tag","embeddable":true,"href":"https:\/\/www.erplybooks.com\/et\/wp-json\/wp\/v2\/tags?post=30325"}],"curies":[{"name":"wp","href":"https:\/\/api.w.org\/{rel}","templated":true}]}}