{"id":30243,"date":"2023-04-14T10:51:19","date_gmt":"2023-04-14T10:51:19","guid":{"rendered":"https:\/\/www.erplybooks.com\/?page_id=30243"},"modified":"2023-07-07T10:26:06","modified_gmt":"2023-07-07T10:26:06","slug":"banqup-integratsioon","status":"publish","type":"page","link":"https:\/\/www.erplybooks.com\/et\/banqup-integratsioon\/","title":{"rendered":"Banqup integratsioon"},"content":{"rendered":"<h2><strong>Banqup integratsioon<\/strong><\/h2>\n<p><span style=\"font-weight: 400;\">Arvelduskeskkond, mis muudab sinu ettev\u00f5tte arveldus- ja haldustegevused m\u00e4rksa lihtsamaks ja kiiremaks!<\/span><\/p>\n<p>&nbsp;<\/p>\n<p><span style=\"font-weight: 400;\">Banqup on lihtne, mugav ja turvaline \u00fcleeuroopaline arvete ja maksete haldamise keskkond, mis on m\u00f5eldud mikro- ja v\u00e4ikeettev\u00f5tetele ning keskmise suurusega ettev\u00f5tetele. Kui soovid, v\u00f5id lihtsalt, kiirelt ja tasuta e-arveid saata, ent tegelikult v\u00f5imaldab Banqup sulle palju enamat. \u00dches ja samas keskkonnas saad m\u00fc\u00fcgiarveid koostada ja v\u00e4lja saata, ostuarveid vastu v\u00f5tta ja tasuda ning dokumente arhiveerida. Olemas on ka arvete ja ostut\u0161ekkide digiteerimisv\u00f5imalus. K\u00f5ik see muudab sinu ettev\u00f5tte arvemajanduse m\u00e4rksa lihtsamaks ja kiiremaks. Banqup on Unifiedposti teenus. Lisaks arvutile on Banqup sinu teenistuses ka nutitelefonis, selleks laadi alla Banqupi \u00e4pp.<\/span><\/p>\n<p><strong>Kasutad ERPLY Booksi? Vaata, kuidas saab Banqupi kasutamine Sinu jaoks lisav\u00e4\u00e4rtust luua:<\/strong><\/p>\n<ul>\n<li style=\"font-weight: 400;\" aria-level=\"1\"><span style=\"font-weight: 400;\">Saad \u00fches ja samas kohas hoida k\u00f5ik oma finantsilisi ja mittefinantsilisi ettev\u00f5tte dokumente.<\/span><\/li>\n<li style=\"font-weight: 400;\" aria-level=\"1\"><span style=\"font-weight: 400;\">S\u00e4\u00e4stad enda ja oma kolleegide aega, automatiseerides ostuarvete halduse ja sellega seotud protsessid.<\/span><\/li>\n<li style=\"font-weight: 400;\" aria-level=\"1\"><span style=\"font-weight: 400;\">Reaalajas \u00fclevaade sissetulevatest ja v\u00e4ljaminevatest arvetest ning nende t\u00e4htaegadest. Samuti olulistest klientidest ja tarnijatest.<\/span><\/li>\n<li style=\"font-weight: 400;\" aria-level=\"1\"><span style=\"font-weight: 400;\">K\u00f5iki paber- ja PDF-vormingus dokumente saab digiteerida ja \u00fcles laadida.\u00a0<\/span><\/li>\n<li style=\"font-weight: 400;\" aria-level=\"1\"><span style=\"font-weight: 400;\">Banqupi \u00e4pp on abiks ostut\u0161ekkide digiteerimisel &#8211; pildista need lihtsalt \u00fcles ja Banqup digiteerib need \u00e4ra.\u00a0<\/span><\/li>\n<li style=\"font-weight: 400;\" aria-level=\"1\"><span style=\"font-weight: 400;\">Banqup v\u00e4hendab oluliselt sinu ettev\u00f5tte paberimajandust ja automatiseerib tegevusi, mida seni olete k\u00e4sitsi teinud.<\/span><\/li>\n<li style=\"font-weight: 400;\" aria-level=\"1\"><span style=\"font-weight: 400;\">Ka mittefinantsiliste dokumentide, nt lepingute s\u00e4ilitamiseks on Banqupis lahendus olemas &#8211; dokumentide salvestusruum. Sinna saad luua just nii palju alamkaustu kui vaja ja dokumendid siis \u00fcles laadida.<\/span><\/li>\n<li style=\"font-weight: 400;\" aria-level=\"1\"><span style=\"font-weight: 400;\">K\u00f5ik dokumendid ja kviitungid saab salvestada digitaalsesse arhiivi. Arved liiguvad p\u00e4rast v\u00e4lja saatmist v\u00f5i aktsepteerimist arhiivi automaatselt ning Banqup s\u00e4ilitab neid seal vastavalt valitud Banqupi paketile kuni 7 aastat.<\/span><\/li>\n<li style=\"font-weight: 400;\" aria-level=\"1\"><span style=\"font-weight: 400;\">Lihtne ligip\u00e4\u00e4s arvete arhiivile &#8211; vajalikud andmed on kiirelt leitavad.<\/span><\/li>\n<\/ul>\n<p><strong>Kasutad Banqupi? Vaata, kuidas saab ERPLY Booksi kasutamine Sinu jaoks lisav\u00e4\u00e4rtust luua:<\/strong><\/p>\n<ul>\n<li style=\"font-weight: 400;\" aria-level=\"1\"><span style=\"font-weight: 400;\">ERPLY Booksil on panga impordifunktsioon, mis v\u00f5imaldab automatiseerida kuni 100% k\u00f5igist maksetest.<\/span><\/li>\n<li style=\"font-weight: 400;\" aria-level=\"1\"><span style=\"font-weight: 400;\">Raamatupidajad saavad ostuarvete haldusega seotud protsesse automatiseerida tagades, et k\u00f5ik maksed j\u00f5uavad ERPLY Books automaatselt (k\u00f5rvaldades fail alla-fail \u00fcles manuaalse t\u00f6\u00f6) ja j\u00e4ttes manuaalseks t\u00f6\u00f6ks ainult maksed, mida s\u00fcsteem automaatselt k\u00e4sitleda ei suuda.<\/span><\/li>\n<li style=\"font-weight: 400;\" aria-level=\"1\"><span style=\"font-weight: 400;\">Igas suuruses ettev\u00f5tted, kes peavad k\u00e4sitlema pangamakseid, saavad makstavad ja saadavad arved automatiseerida<\/span><\/li>\n<li style=\"font-weight: 400;\" aria-level=\"1\"><span style=\"font-weight: 400;\">Kui Teie ettev\u00f5tte raamatupidaja l\u00e4heb puhkusele, l\u00e4hevad maksed ikka Booksi ja ERPLY Books teeb tema t\u00f6\u00f6d edasi tuvastades ja \u00fchendades nii palju makseid kui v\u00f5imalik<\/span><\/li>\n<li style=\"font-weight: 400;\" aria-level=\"1\"><span style=\"font-weight: 400;\">Riigikassa, SAP ja riigi raamatupidamise lahendusega on ERPLY Booksi kasutada ka riigiasutusel, sest t\u00e4nasel p\u00e4eval on v\u00f5imalik riigisektorile saata vaid e-arveid.<\/span><\/li>\n<\/ul>\n<p><span style=\"font-weight: 400;\">Lihtsalt et anda ettekujutlus, mida failide alla laadimine ja \u00fcleslaadimine saab teha. Oletame, et peate \u2026.(get payments)&#8230; kolm korda p\u00e4evas. 52 n\u00e4dalat, viis p\u00e4eva n\u00e4dalas. See t\u00e4hendab 52*5*3=780 korda. \u00dctleme, et panka sisselogimine, siis faili alla laadimine ja siis \u00fcles laadimine Books&#8217;i tarkvarasse v\u00f5tab aega keskmiselt umbes 2 minutit. See t\u00e4hendab, et saate s\u00e4\u00e4sta 26 tundi iga aasta lihtsalt eemaldades manuaalselt alla- ja \u00fcleslaadimise protsessi. Samuti eemaldab see l\u00f5puks vajaduse aeg-ajalt v\u00e4rskendada CSV\/muu vormingu v\u00e4ljundeid. N\u00e4iteks PayPal on aastatel 2015\u20132022 muutnud oma CSV-failivormingut rohkem kui kolm korda.<\/span><\/p>\n<p>&nbsp;<\/p>\n<h2><strong>Banqup integreerimine<\/strong><\/h2>\n<p><span style=\"font-weight: 400;\">Banqupis liiguvad arved, kviitungid ja teised dokumendid ettev\u00f5tte ja raamatupidaja vahel digitaalselt ja reaalajas. \u00dchenduse loomiseks raamatupidamisprogrammiga pole IT teadmisi vaja &#8211; lihtsad samm-sammult juhised leiad siitsamast juhendist.<\/span><\/p>\n<p><span style=\"font-weight: 400;\">Kuna \u00fchendus raamatupidamisprogrammiga on Premium paketi funktsionaalsus, siis esmalt aktiveeri Premium pakett. Selleks vali lihtsalt Banqupi keskkonnas men\u00fc\u00fcpunkti \u201cPaketid\u201d all Premium pakett.<\/span><\/p>\n<p><span style=\"font-weight: 400;\">Et ostuarveid vastu v\u00f5tta, kontrolli \u00fcle oma Tarnija andmed tarnija kaardil. Kindlasti palume lisada ka tarnija IBAN-i, seda saad teha kui liigud men\u00fc\u00fcs <\/span><b>&#8220;Kliendid ja tarnijad&#8221; -&gt; &#8220;Tarnijad&#8221;.\u00a0<\/b><\/p>\n<p>&nbsp;<\/p>\n<h3><strong>\u00dchenduse loomine<\/strong><\/h3>\n<p><span style=\"font-weight: 400;\">Mine oma Banqup kontol men\u00fc\u00fcsse <\/span><b>&#8220;Rakendused&#8221; -&gt; &#8220;Arveldusteenused&#8221; -&gt; &#8220;Raamatupidamisrakendus&#8221;<\/b><span style=\"font-weight: 400;\"> ja vajuta nuppu <\/span><b>&#8220;Aktiveeri&#8221;<\/b><\/p>\n<p>&nbsp;<\/p>\n<p><img loading=\"lazy\" decoding=\"async\" class=\"alignnone wp-image-30254 \" src=\"https:\/\/www.erplybooks.com\/wp-content\/uploads\/2023\/04\/image3.gif\" alt=\"\" width=\"423\" height=\"278\" \/><\/p>\n<p><span style=\"font-weight: 400;\">J\u00e4rgmisena vali\u00a0 <\/span><b>\u201cV\u00f5rgu\u00fchendus\u201d ja \u201cSalvesta\u201d<\/b><\/p>\n<p><img loading=\"lazy\" decoding=\"async\" class=\"alignnone wp-image-30260 \" src=\"https:\/\/www.erplybooks.com\/wp-content\/uploads\/2023\/04\/image2-3.png\" alt=\"\" width=\"498\" height=\"210\" srcset=\"https:\/\/www.erplybooks.com\/wp-content\/uploads\/2023\/04\/image2-3.png 498w, https:\/\/www.erplybooks.com\/wp-content\/uploads\/2023\/04\/image2-3-480x202.png 480w\" sizes=\"auto, (min-width: 0px) and (max-width: 480px) 480px, (min-width: 481px) 498px, 100vw\" \/><\/p>\n<p><span style=\"font-weight: 400;\">Seej\u00e4rel vali Erply Books ja kl\u00f5psa nuppu <\/span><b>\u201cEdasi\u201d<\/b><\/p>\n<p><img loading=\"lazy\" decoding=\"async\" class=\"alignnone wp-image-30266 \" src=\"https:\/\/www.erplybooks.com\/wp-content\/uploads\/2023\/04\/image6-1.png\" alt=\"\" width=\"597\" height=\"379\" srcset=\"https:\/\/www.erplybooks.com\/wp-content\/uploads\/2023\/04\/image6-1.png 597w, https:\/\/www.erplybooks.com\/wp-content\/uploads\/2023\/04\/image6-1-480x305.png 480w\" sizes=\"auto, (min-width: 0px) and (max-width: 480px) 480px, (min-width: 481px) 597px, 100vw\" \/><\/p>\n<p><span style=\"font-weight: 400;\">J\u00e4rgmisel ekraanil t\u00e4ida k\u00f5ik vajalikud andmed ja vajuta <\/span><b>&#8220;\u00dchenda&#8221;.<\/b><\/p>\n<p><img loading=\"lazy\" decoding=\"async\" class=\"alignnone wp-image-30272 \" src=\"https:\/\/www.erplybooks.com\/wp-content\/uploads\/2023\/04\/image5-2.png\" alt=\"\" width=\"447\" height=\"240\" \/><\/p>\n<p>&nbsp;<\/p>\n<h3><strong>Kuidas leida oma Erply Booksi API v\u00f5ti?\u00a0<\/strong><\/h3>\n<p>&nbsp;<\/p>\n<ol>\n<li style=\"font-weight: 400;\" aria-level=\"1\"><span style=\"font-weight: 400;\">Logi sisse oma Erply Booksi kontole.<\/span><\/li>\n<li style=\"font-weight: 400;\" aria-level=\"1\"><span style=\"font-weight: 400;\">Kl\u00f5psa oma Erply Booksi kontol ekraani \u00fclaosas men\u00fc\u00fcpunktil <\/span><b>&#8220;S\u00e4tted&#8221;.<\/b><span style=\"font-weight: 400;\">\u00a0\u00a0\u00a0<\/span><\/li>\n<li style=\"font-weight: 400;\" aria-level=\"1\"><span style=\"font-weight: 400;\">Seej\u00e4rel vali rippmen\u00fc\u00fcst <\/span><b>&#8220;API seaded&#8221;.<\/b><\/li>\n<li style=\"font-weight: 400;\" aria-level=\"1\"><span style=\"font-weight: 400;\">Lehelt &#8220;API seaded&#8221; leiad API v\u00f5tme (API token).<\/span><\/li>\n<\/ol>\n<p><span style=\"font-weight: 400;\">Kui lehel kuvatakse <\/span><b>&#8220;Teil ei ole veel API-tokenit&#8221;<\/b><span style=\"font-weight: 400;\">, kl\u00f5psa selle genereerimiseks <\/span><b>&#8220;Loo Uus API Token&#8221;<\/b><span style=\"font-weight: 400;\"> ja kinnita h\u00fcpikaknas, et soovid uut tokenit genereerida.<\/span><\/p>\n<p><span style=\"font-weight: 400;\">Kui sul on olemas kehtiv API-token, kl\u00f5psa nuppu Kopeeri ja seej\u00e4rel kleebi token Banqup \u00fchenduse API v\u00f5tme v\u00e4ljale.<\/span><\/p>\n<p><img loading=\"lazy\" decoding=\"async\" class=\"alignnone wp-image-30278 \" src=\"https:\/\/www.erplybooks.com\/wp-content\/uploads\/2023\/04\/image1-3.png\" alt=\"\" width=\"451\" height=\"242\" \/><\/p>\n<p><span style=\"font-weight: 400;\">\u00dchendus on kinnitatud<\/span><\/p>\n<p><img loading=\"lazy\" decoding=\"async\" class=\"alignnone wp-image-30284 \" src=\"https:\/\/www.erplybooks.com\/wp-content\/uploads\/2023\/04\/image4-3.png\" alt=\"\" width=\"419\" height=\"225\" \/><\/p>\n<p><span style=\"font-weight: 400;\">Ja j\u00f5uad tagasi oma Banqupi. Kui n\u00fc\u00fcd liikuda tagasi &#8220;Rakenduste&#8221; juurde, n\u00e4ed aktiivset &#8220;Raamatupidamisrakendust&#8221; ja arveid ja kviitungeid jagatakse automaatselt raamatupidajaga.<\/span><\/p>\n<p>&nbsp;<\/p>\n<p><img loading=\"lazy\" decoding=\"async\" class=\"alignnone wp-image-30290 \" src=\"https:\/\/www.erplybooks.com\/wp-content\/uploads\/2023\/04\/image7-1.png\" alt=\"\" width=\"330\" height=\"258\" srcset=\"https:\/\/www.erplybooks.com\/wp-content\/uploads\/2023\/04\/image7-1.png 425w, https:\/\/www.erplybooks.com\/wp-content\/uploads\/2023\/04\/image7-1-300x234.png 300w\" sizes=\"auto, (max-width: 330px) 100vw, 330px\" \/><\/p>\n<p><b>Kui teil on lisak\u00fcsimusi, v\u00f5tke meiega \u00fchendust aadressil <\/b><a href=\"mailto:info@erplybooks.com\"><b>info@erplybooks.com<\/b><\/a><\/p>\n","protected":false},"excerpt":{"rendered":"<p>Banqup integratsioon Arvelduskeskkond, mis muudab sinu ettev\u00f5tte arveldus- ja haldustegevused m\u00e4rksa lihtsamaks ja kiiremaks! &nbsp; Banqup on lihtne, mugav ja turvaline \u00fcleeuroopaline arvete ja maksete haldamise keskkond, mis on m\u00f5eldud mikro- ja v\u00e4ikeettev\u00f5tetele ning keskmise suurusega ettev\u00f5tetele. Kui soovid, v\u00f5id lihtsalt, kiirelt ja tasuta e-arveid saata, ent tegelikult v\u00f5imaldab Banqup sulle palju enamat. \u00dches ja [&hellip;]<\/p>\n","protected":false},"author":21,"featured_media":0,"parent":0,"menu_order":44,"comment_status":"closed","ping_status":"closed","template":"","meta":{"_et_pb_use_builder":"","_et_pb_old_content":"","_et_gb_content_width":"","footnotes":""},"categories":[459],"tags":[776,750],"class_list":["post-30243","page","type-page","status-publish","hentry","category-integratsioonid","tag-banqup-2","tag-integratsioon-2"],"_links":{"self":[{"href":"https:\/\/www.erplybooks.com\/et\/wp-json\/wp\/v2\/pages\/30243","targetHints":{"allow":["GET"]}}],"collection":[{"href":"https:\/\/www.erplybooks.com\/et\/wp-json\/wp\/v2\/pages"}],"about":[{"href":"https:\/\/www.erplybooks.com\/et\/wp-json\/wp\/v2\/types\/page"}],"author":[{"embeddable":true,"href":"https:\/\/www.erplybooks.com\/et\/wp-json\/wp\/v2\/users\/21"}],"replies":[{"embeddable":true,"href":"https:\/\/www.erplybooks.com\/et\/wp-json\/wp\/v2\/comments?post=30243"}],"version-history":[{"count":0,"href":"https:\/\/www.erplybooks.com\/et\/wp-json\/wp\/v2\/pages\/30243\/revisions"}],"wp:attachment":[{"href":"https:\/\/www.erplybooks.com\/et\/wp-json\/wp\/v2\/media?parent=30243"}],"wp:term":[{"taxonomy":"category","embeddable":true,"href":"https:\/\/www.erplybooks.com\/et\/wp-json\/wp\/v2\/categories?post=30243"},{"taxonomy":"post_tag","embeddable":true,"href":"https:\/\/www.erplybooks.com\/et\/wp-json\/wp\/v2\/tags?post=30243"}],"curies":[{"name":"wp","href":"https:\/\/api.w.org\/{rel}","templated":true}]}}