{"id":30091,"date":"2023-04-13T09:20:04","date_gmt":"2023-04-13T09:20:04","guid":{"rendered":"https:\/\/www.erplybooks.com\/?page_id=30091"},"modified":"2023-08-21T12:00:31","modified_gmt":"2023-08-21T12:00:31","slug":"e-maili-mallid","status":"publish","type":"page","link":"https:\/\/www.erplybooks.com\/et\/e-maili-mallid\/","title":{"rendered":"E-maili mallid"},"content":{"rendered":"<h1><span style=\"font-weight: 400;\">E-maili mallid<\/span><\/h1>\n<p>&nbsp;<\/p>\n<p><span style=\"font-weight: 400;\">ERPLY Booksis on v\u00f5imalik seadistada v\u00e4lja saadetavatele e-mailidele erinevaid malle. N\u00e4iteks soovid saata maksemeenutust ning saad koostada maksemeenutuse malli ja kliendile maksemeenutust saates saad selle malli lihtsasti valida.\u00a0<\/span><\/p>\n<p><span style=\"font-weight: 400;\">E-maili malle saad kasutada k\u00f5ikide v\u00e4lja saadetavate e-mailide puhul:\u00a0<\/span><\/p>\n<ul>\n<li style=\"font-weight: 400;\" aria-level=\"1\"><span style=\"font-weight: 400;\">Arve saatmine<\/span><\/li>\n<li style=\"font-weight: 400;\" aria-level=\"1\"><span style=\"font-weight: 400;\">Maksemeenutus<\/span><\/li>\n<li style=\"font-weight: 400;\" aria-level=\"1\"><span style=\"font-weight: 400;\">Saldoteatis<\/span><\/li>\n<li style=\"font-weight: 400;\" aria-level=\"1\"><span style=\"font-weight: 400;\">Palgalipik<\/span><\/li>\n<li style=\"font-weight: 400;\" aria-level=\"1\"><span style=\"font-weight: 400;\">Hankijate makstud arved (remittance advice)<\/span><\/li>\n<\/ul>\n<p>&nbsp;<\/p>\n<h2><span style=\"font-weight: 400;\">E-maili mallide seadistamine<\/span><\/h2>\n<p>&nbsp;<\/p>\n<p><span style=\"font-weight: 400;\">E-mailide mallide seadistamiseks on kaks v\u00f5imalust<\/span><\/p>\n<ol>\n<li style=\"font-weight: 400;\" aria-level=\"1\"><span style=\"font-weight: 400;\">Saad uue e-maili malli lisada koheselt kui hakkad e-maili v\u00e4lja saatma<\/span><\/li>\n<li style=\"font-weight: 400;\" aria-level=\"1\"><span style=\"font-weight: 400;\">Seadistad e-mailide mallid juba enne e-maili saatmist \u00dcldiste s\u00e4tete all<\/span><\/li>\n<\/ol>\n<p><span style=\"font-weight: 400;\">Kirjeldame esmalt esimest v\u00f5imalust malli seadistamiseks otse e-maili aknast.\u00a0<\/span><\/p>\n<p><b>N\u00e4ide<\/b><\/p>\n<p><span style=\"font-weight: 400;\">Soovid saata Kliendi raporti mooduli alt kliendile maksemeenutuse<\/span><\/p>\n<ol>\n<li style=\"font-weight: 400;\" aria-level=\"1\"><span style=\"font-weight: 400;\">Ava kliendi raport (M\u00fc\u00fck -&gt; Kliendi raport)<\/span><\/li>\n<li style=\"font-weight: 400;\" aria-level=\"1\">Vali klient, kellele soovid saata maksemeenutust ja vali <b>\u2018\u2019Prindi&amp;Saada\u2019\u2019 -&gt; EMAIL-Maksemeenutus\u2019\u2019<\/b><\/li>\n<\/ol>\n<p>&nbsp;<\/p>\n<p><b><img loading=\"lazy\" decoding=\"async\" class=\"alignnone wp-image-30092 \" src=\"https:\/\/www.erplybooks.com\/wp-content\/uploads\/2023\/04\/image1.png\" alt=\"\" width=\"463\" height=\"320\" \/><\/b><\/p>\n<p><span style=\"font-weight: 400;\">N\u00fc\u00fcd avaneb e-maili saatmise aken, kus saad valida juba olemasoleva malli v\u00f5i lisada uue malli vajutades \u2019\u2019Lisa\u2019\u2019 nuppu:\u00a0<\/span><\/p>\n<p><span style=\"font-weight: 400;\">Kui vajutad Lisa nuppu, suunatakse edasi otse \u00dcldiste s\u00e4tete alla mallide seadistamise aknasse, kus saad lisada uusi malle:\u00a0<\/span><\/p>\n<p><img loading=\"lazy\" decoding=\"async\" class=\"alignnone wp-image-30098 size-full\" src=\"https:\/\/www.erplybooks.com\/wp-content\/uploads\/2023\/04\/image2.png\" alt=\"\" width=\"669\" height=\"166\" srcset=\"https:\/\/www.erplybooks.com\/wp-content\/uploads\/2023\/04\/image2.png 669w, https:\/\/www.erplybooks.com\/wp-content\/uploads\/2023\/04\/image2-480x119.png 480w\" sizes=\"auto, (min-width: 0px) and (max-width: 480px) 480px, (min-width: 481px) 669px, 100vw\" \/><\/p>\n<p><span style=\"font-weight: 400;\">Sisu lahtrisse lisa tekst HTML vormingus, n\u00e4iteks nii:\u00a0<\/span><\/p>\n<p><span style=\"font-weight: 400;\">Tere&lt;br&gt;&lt;br&gt;Saadame maksemeenutuse&lt;br&gt;&lt;br&gt;Heade soovidega<\/span><\/p>\n<p><span style=\"font-weight: 400;\">Kui oled uue malli loonud, siis kindlasti vajuta Salvesta ja logi kontolt v\u00e4lja ning tagasi sisse. <\/span><span style=\"font-weight: 400;\">Seej\u00e4rel saad uuesti avada Kliendi raporti ja kliendile maksemeenutuse e-maili saates on eelnevalt lisatud mall juba vastavas lahtris valikus n\u00e4ha:\u00a0<\/span><\/p>\n<p><img loading=\"lazy\" decoding=\"async\" class=\"alignnone wp-image-30104 \" src=\"https:\/\/www.erplybooks.com\/wp-content\/uploads\/2023\/04\/image3.png\" alt=\"\" width=\"456\" height=\"313\" \/><\/p>\n<p>&nbsp;<\/p>\n<p><span style=\"font-weight: 400;\">Kirjeldame teist v\u00f5imalust, kus seadistad e-mailide mallid juba enne e-maili saatmist \u00dcldiste s\u00e4tete all<\/span><\/p>\n<ol>\n<li style=\"font-weight: 400;\" aria-level=\"1\"><span style=\"font-weight: 400;\">Ava \u00dcldised s\u00e4tted (S\u00e4tted-&gt; \u00dcldised s\u00e4tted)<\/span><\/li>\n<li style=\"font-weight: 400;\" aria-level=\"1\"><span style=\"font-weight: 400;\">Otsi \u00fcles <\/span><b>\u2018\u2019Emaili mallid\u2019\u2019<\/b><span style=\"font-weight: 400;\"> ning vajuta <\/span><b>\u2018\u2019Halda\u2019\u2019<\/b><span style=\"font-weight: 400;\"> nuppu<\/span><\/li>\n<li style=\"font-weight: 400;\" aria-level=\"1\"><span style=\"font-weight: 400;\">Avanenud aknas saad lisada uusi e-maili malle, muuta ja kustutada olemasolevaid<\/span><\/li>\n<\/ol>\n<p><img loading=\"lazy\" decoding=\"async\" class=\"alignnone wp-image-30110 \" src=\"https:\/\/www.erplybooks.com\/wp-content\/uploads\/2023\/04\/image4.png\" alt=\"\" width=\"630\" height=\"90\" \/><\/p>\n<p><span style=\"font-weight: 400;\">Viimaseks samuti salvesta lisatud mall(id) ja logi kontolt v\u00e4lja ning tagasi sisse. N\u00fc\u00fcd leiad lisatud malli(d) e-maili v\u00e4lja saatmisel <\/span><b>\u2018\u2019Mall\u2019\u2019<\/b><span style=\"font-weight: 400;\"> lahtrist.\u00a0<\/span><\/p>\n","protected":false},"excerpt":{"rendered":"<p>E-maili mallid &nbsp; ERPLY Booksis on v\u00f5imalik seadistada v\u00e4lja saadetavatele e-mailidele erinevaid malle. N\u00e4iteks soovid saata maksemeenutust ning saad koostada maksemeenutuse malli ja kliendile maksemeenutust saates saad selle malli lihtsasti valida.\u00a0 E-maili malle saad kasutada k\u00f5ikide v\u00e4lja saadetavate e-mailide puhul:\u00a0 Arve saatmine Maksemeenutus Saldoteatis Palgalipik Hankijate makstud arved (remittance advice) &nbsp; E-maili mallide seadistamine &nbsp; [&hellip;]<\/p>\n","protected":false},"author":22,"featured_media":0,"parent":0,"menu_order":0,"comment_status":"closed","ping_status":"closed","template":"","meta":{"_et_pb_use_builder":"","_et_pb_old_content":"","_et_gb_content_width":"","footnotes":""},"categories":[450],"tags":[593,594,556],"class_list":["post-30091","page","type-page","status-publish","hentry","category-seadistused","tag-e-mail-2","tag-email-2","tag-mallid"],"_links":{"self":[{"href":"https:\/\/www.erplybooks.com\/et\/wp-json\/wp\/v2\/pages\/30091","targetHints":{"allow":["GET"]}}],"collection":[{"href":"https:\/\/www.erplybooks.com\/et\/wp-json\/wp\/v2\/pages"}],"about":[{"href":"https:\/\/www.erplybooks.com\/et\/wp-json\/wp\/v2\/types\/page"}],"author":[{"embeddable":true,"href":"https:\/\/www.erplybooks.com\/et\/wp-json\/wp\/v2\/users\/22"}],"replies":[{"embeddable":true,"href":"https:\/\/www.erplybooks.com\/et\/wp-json\/wp\/v2\/comments?post=30091"}],"version-history":[{"count":0,"href":"https:\/\/www.erplybooks.com\/et\/wp-json\/wp\/v2\/pages\/30091\/revisions"}],"wp:attachment":[{"href":"https:\/\/www.erplybooks.com\/et\/wp-json\/wp\/v2\/media?parent=30091"}],"wp:term":[{"taxonomy":"category","embeddable":true,"href":"https:\/\/www.erplybooks.com\/et\/wp-json\/wp\/v2\/categories?post=30091"},{"taxonomy":"post_tag","embeddable":true,"href":"https:\/\/www.erplybooks.com\/et\/wp-json\/wp\/v2\/tags?post=30091"}],"curies":[{"name":"wp","href":"https:\/\/api.w.org\/{rel}","templated":true}]}}