{"id":29922,"date":"2023-02-14T20:18:39","date_gmt":"2023-02-14T20:18:39","guid":{"rendered":"https:\/\/www.erplybooks.com\/?page_id=29922"},"modified":"2023-08-18T05:56:04","modified_gmt":"2023-08-18T05:56:04","slug":"renditeenuste-pakkujale","status":"publish","type":"page","link":"https:\/\/www.erplybooks.com\/et\/renditeenuste-pakkujale\/","title":{"rendered":"Tarkvara renditeenuste pakkujale"},"content":{"rendered":"<h2><img loading=\"lazy\" decoding=\"async\" class=\"alignnone size-full wp-image-30047\" src=\"https:\/\/www.erplybooks.com\/wp-content\/uploads\/2023\/04\/renditeenuste-pakkuja-3.png\" alt=\"\" width=\"1640\" height=\"250\" srcset=\"https:\/\/www.erplybooks.com\/wp-content\/uploads\/2023\/04\/renditeenuste-pakkuja-3.png 1640w, https:\/\/www.erplybooks.com\/wp-content\/uploads\/2023\/04\/renditeenuste-pakkuja-3-1280x195.png 1280w, https:\/\/www.erplybooks.com\/wp-content\/uploads\/2023\/04\/renditeenuste-pakkuja-3-980x149.png 980w, https:\/\/www.erplybooks.com\/wp-content\/uploads\/2023\/04\/renditeenuste-pakkuja-3-480x73.png 480w\" sizes=\"auto, (min-width: 0px) and (max-width: 480px) 480px, (min-width: 481px) and (max-width: 980px) 980px, (min-width: 981px) and (max-width: 1280px) 1280px, (min-width: 1281px) 1640px, 100vw\" \/><\/h2>\n<h2 style=\"text-align: center;\"><b>Renditeenuse arvete haldus ERPLY Booksis on justkui jalutusk\u00e4ik pargis &#8211; meeldiv, kergendav, lihtne<\/b><\/h2>\n<p>&nbsp;<\/p>\n<p><span style=\"font-weight: 400;\">Renditeenuste kasutamine on t\u00e4nap\u00e4eval v\u00e4ga kaasaegne ja mugav. Kui inimesel on mingil hetkel elus tarvis n\u00e4iteks lapsevankrit, autot, korterit v\u00f5i kasv\u00f5i raamatut, siis tal on alati v\u00f5imalus see lihtsalt ostmise asemel endale rentida. Kaasaegne inimene kuulab muusikat raadio asemel Spotifyst ja vaatab filme kaabeltelevisiooni asemel Netflixist. Need on vaid \u00fcksikud n\u00e4ited sellest, kuidas renditeenuste pakkumine inimeste elu mugavdab. Selleks, et renditeenust pakkuda, peab olemas olema ladu, tooted, olenevalt renditavast varast transport ning ka tarkvara, mis kogu \u00e4ritegevusel silma peal hoiab. ERPLY Books on p\u00fchendunud enda tarkvaras sellele, et ka renditeenuste pakkujal oleks lihtne enda teenuse pakkumist hallata ning sellel mugavalt silma peal hoida. ERPLY Booksi programm saab iseseisvalt \u00e4ra teha mitmed protsessid, mida praegu teeb iga renditeenuse pakkuja manuaalselt, n\u00e4iteks nagu p\u00fcsiklientidele iga kord uue arve koostamine v\u00f5i maksmata arve puhul kliendile meelde tuletamine. <\/span><\/p>\n<table style=\"height: 472px; width: 1111px;\">\n<tbody>\n<tr style=\"height: 121px;\">\n<td style=\"width: 352.65625px; height: 19px;\">\n<p style=\"text-align: center;\"><a href=\"https:\/\/www.erplybooks.com\/et\/juhendid\/aruandegeneraator\/\"><img loading=\"lazy\" decoding=\"async\" class=\"alignnone size-full wp-image-32766\" src=\"https:\/\/www.erplybooks.com\/wp-content\/uploads\/2023\/08\/aruannete-moodul-e1691570587158.png\" alt=\"\" width=\"185\" height=\"185\" \/><\/a><\/p>\n<p style=\"text-align: center;\"><strong>Projektip\u00f5hine aruandlus\u00a0<\/strong><\/p>\n<p><span style=\"font-weight: 400;\">Iga v\u00e4ljarenditav projekt on projektina kirjas, mis v\u00f5imaldab lisada igale projektile sellega seonduvad tulud ja kulud. <\/span><\/td>\n<td style=\"width: 35.078125px; height: 19px;\"><\/td>\n<td style=\"width: 336.625px; height: 19px;\">\n<p style=\"text-align: center;\"><a href=\"https:\/\/www.erplybooks.com\/et\/juhendid\/laekumata-arvete-meeldetuletused\/\"><img loading=\"lazy\" decoding=\"async\" class=\"alignnone size-full wp-image-32753\" src=\"https:\/\/www.erplybooks.com\/wp-content\/uploads\/2023\/08\/meeldetuletused-e1691571266328.png\" alt=\"\" width=\"185\" height=\"185\" \/><\/a><\/p>\n<p style=\"text-align: center;\"><strong>Meeldetuletused<\/strong><\/p>\n<p><span style=\"font-weight: 400;\">Klient on \u00fcletanud makset\u00e4htaja? Pole hullu! Saad seadistada kliendile meeldetuletused, et tal miski ei ununeks. <\/span><\/td>\n<td style=\"width: 29.0625px; height: 19px;\">\n<p style=\"text-align: center;\"><span style=\"font-weight: 400;\">\u00a0<\/span><\/p>\n<\/td>\n<td style=\"width: 308.578125px; height: 19px;\">\n<p style=\"text-align: center;\"><img loading=\"lazy\" decoding=\"async\" class=\"alignnone size-full wp-image-32746\" src=\"https:\/\/www.erplybooks.com\/wp-content\/uploads\/2023\/08\/pilvepohine-e1691576021308.png\" alt=\"\" width=\"185\" height=\"185\" \/><\/p>\n<p style=\"text-align: center;\"><strong>Pilvep\u00f5hine<\/strong><\/p>\n<p><span style=\"font-weight: 400;\">Ligip\u00e4\u00e4s andmetele igal ajal ja igas kohas &#8211; kasv\u00f5i puhkusel.<\/span><\/td>\n<td style=\"width: 9.03125px;\">\n<p style=\"text-align: center;\"><span style=\"font-weight: 400;\">\u00a0<\/span><\/p>\n<\/td>\n<\/tr>\n<tr style=\"height: 453px;\">\n<td style=\"width: 352.65625px; height: 453px;\">\n<p style=\"text-align: center;\"><span style=\"font-weight: 400;\"><img loading=\"lazy\" decoding=\"async\" class=\"alignnone size-full wp-image-33326\" src=\"https:\/\/www.erplybooks.com\/wp-content\/uploads\/2023\/08\/pusikliendid-e1691675780774.png\" alt=\"\" width=\"185\" height=\"185\" \/><\/span><\/p>\n<p style=\"text-align: center;\"><strong>P\u00fcsikliendid<\/strong><\/p>\n<p><span style=\"font-weight: 400;\">Neile, kes rendivad Sinu toodet\/teenust juba mitmendat korda, saab luua korduvarved, mida tarkvara saadab neile automaatselt v\u00e4lja.<\/span><\/td>\n<td style=\"width: 35.078125px; height: 453px;\"><\/td>\n<td style=\"width: 336.625px; height: 453px;\"><\/td>\n<td style=\"width: 29.0625px; height: 453px;\">\n<p style=\"text-align: center;\"><span style=\"font-weight: 400;\">\u00a0<\/span><\/p>\n<\/td>\n<td style=\"width: 308.578125px; height: 453px;\"><\/td>\n<td style=\"width: 9.03125px;\">\n<p style=\"text-align: center;\"><span style=\"font-weight: 400;\">\u00a0<\/span><\/p>\n<\/td>\n<\/tr>\n<\/tbody>\n<\/table>\n<p>&nbsp;<\/p>\n<p><span style=\"font-weight: 400;\">Antud artikkel on m\u00f5eldud ettev\u00f5tetele, kes pakuvad \u00fchekordse loomuga renditegevusi. Kui tegelete p\u00fcsimaksete loomuga rendiga (spordiklubid jms), siis loe l\u00e4hemalt meie <a href=\"https:\/\/www.erplybooks.com\/et\/juhendid\/perioodilised-arved\/\">perioodiliste arvete kohta<\/a>.<\/span><\/p>\n<p style=\"text-align: center;\">\n<div class=\"et_pb_button_module_wrapper et_pb_button_0_wrapper et_pb_button_alignment_tablet_center et_pb_module \" style=\"text-align: center;\"><a class=\"et_pb_button et_pb_button_0 et_pb_bg_layout_light\" href=\"https:\/\/app.erplybooks.com\/register?origin=erplybooks&amp;lang=et\" target=\"_blank\" rel=\"noopener\">V\u00f5ta 30 p\u00e4evane tasuta prooviperiood!<\/a><\/div>\n","protected":false},"excerpt":{"rendered":"<p>Renditeenuse arvete haldus ERPLY Booksis on justkui jalutusk\u00e4ik pargis &#8211; meeldiv, kergendav, lihtne &nbsp; Renditeenuste kasutamine on t\u00e4nap\u00e4eval v\u00e4ga kaasaegne ja mugav. Kui inimesel on mingil hetkel elus tarvis n\u00e4iteks lapsevankrit, autot, korterit v\u00f5i kasv\u00f5i raamatut, siis tal on alati v\u00f5imalus see lihtsalt ostmise asemel endale rentida. Kaasaegne inimene kuulab muusikat raadio asemel Spotifyst ja [&hellip;]<\/p>\n","protected":false},"author":21,"featured_media":0,"parent":0,"menu_order":0,"comment_status":"closed","ping_status":"closed","template":"","meta":{"_et_pb_use_builder":"","_et_pb_old_content":"","_et_gb_content_width":"","footnotes":""},"categories":[1165],"tags":[891,1195,821],"class_list":["post-29922","page","type-page","status-publish","hentry","category-tarkvara","tag-renditeenus","tag-tarkvara-et","tag-tarkvara"],"_links":{"self":[{"href":"https:\/\/www.erplybooks.com\/et\/wp-json\/wp\/v2\/pages\/29922","targetHints":{"allow":["GET"]}}],"collection":[{"href":"https:\/\/www.erplybooks.com\/et\/wp-json\/wp\/v2\/pages"}],"about":[{"href":"https:\/\/www.erplybooks.com\/et\/wp-json\/wp\/v2\/types\/page"}],"author":[{"embeddable":true,"href":"https:\/\/www.erplybooks.com\/et\/wp-json\/wp\/v2\/users\/21"}],"replies":[{"embeddable":true,"href":"https:\/\/www.erplybooks.com\/et\/wp-json\/wp\/v2\/comments?post=29922"}],"version-history":[{"count":0,"href":"https:\/\/www.erplybooks.com\/et\/wp-json\/wp\/v2\/pages\/29922\/revisions"}],"wp:attachment":[{"href":"https:\/\/www.erplybooks.com\/et\/wp-json\/wp\/v2\/media?parent=29922"}],"wp:term":[{"taxonomy":"category","embeddable":true,"href":"https:\/\/www.erplybooks.com\/et\/wp-json\/wp\/v2\/categories?post=29922"},{"taxonomy":"post_tag","embeddable":true,"href":"https:\/\/www.erplybooks.com\/et\/wp-json\/wp\/v2\/tags?post=29922"}],"curies":[{"name":"wp","href":"https:\/\/api.w.org\/{rel}","templated":true}]}}