{"id":29849,"date":"2023-02-02T12:13:58","date_gmt":"2023-02-02T12:13:58","guid":{"rendered":"https:\/\/www.erplybooks.com\/?page_id=29849"},"modified":"2023-07-05T08:28:09","modified_gmt":"2023-07-05T08:28:09","slug":"ostutellimus","status":"publish","type":"page","link":"https:\/\/www.erplybooks.com\/et\/ostutellimus\/","title":{"rendered":"Ostutellimus"},"content":{"rendered":"<h1><span style=\"font-weight: 400;\">Ostutellimus<\/span><\/h1>\n<p>&nbsp;<\/p>\n<h2><span style=\"font-weight: 400;\">Mis on ostutellimus ja millistel juhtudel seda kasutada?<\/span><\/h2>\n<p>&nbsp;<\/p>\n<p><span style=\"font-weight: 400;\">Ostutellimusi on v\u00f5imalik kasutada juhul, kui soovid n\u00e4iteks esitada hankijale tellimuse. ERPLY Booksis on ostutellimusi v\u00f5imalik kasutada ka j\u00e4\u00e4tmek\u00e4itluses &#8211; v\u00f5imalik on sissetulevate autode p\u00f5hjal koostada ostutellimusi ning nendest hiljem luua ka arveid.\u00a0<\/span><\/p>\n<p>&nbsp;<\/p>\n<h2><span style=\"font-weight: 400;\">Ostutellimuste aktiveerimine<\/span><\/h2>\n<p>&nbsp;<\/p>\n<p><span style=\"font-weight: 400;\">Ostutellimuste aktiveerimiseks ava pealehe otsingukastist <\/span><b>Globaalsed Atribuudid <\/b><span style=\"font-weight: 400;\">ja lisa uus reegel:\u00a0<\/span><\/p>\n<ul>\n<li style=\"font-weight: 400;\" aria-level=\"1\"><b>Nimi<\/b><span style=\"font-weight: 400;\">: GLOBAL_SHOW_PO<\/span><\/li>\n<li style=\"font-weight: 400;\" aria-level=\"1\"><b>V\u00e4\u00e4rtus<\/b><span style=\"font-weight: 400;\">: true<\/span><\/li>\n<\/ul>\n<p><span style=\"font-weight: 400;\">Seej\u00e4rel salvesta muudatused ja logi kontolt v\u00e4lja ning tagasi sisse.\u00a0<\/span><\/p>\n<p>&nbsp;<\/p>\n<h2><span style=\"font-weight: 400;\">Ostutellimuse koostamine<\/span><\/h2>\n<p>&nbsp;<\/p>\n<p><span style=\"font-weight: 400;\">Ostutellimuse koostamiseks vali \u00fclevalt men\u00fc\u00fcst <\/span><b>\u2018\u2019Ost -&gt; Ostutellimus\u2019\u2019<\/b><span style=\"font-weight: 400;\">. Avanenud ostutellimus n\u00e4eb v\u00e4lja nagu arve. Ostutellimuse info sisestamisel salvesta see kindlasti.\u00a0<\/span><\/p>\n<p><span style=\"font-weight: 400;\">Ostutellimuste n\u00e4gemiseks on mitu v\u00f5imalust:\u00a0<\/span><\/p>\n<ol>\n<li style=\"font-weight: 400;\" aria-level=\"1\"><span style=\"font-weight: 400;\">Ostuarvete moodulis (\u2018\u2019Ost -&gt; Ostuarved\u2019\u2019 )<\/span><\/li>\n<li style=\"font-weight: 400;\" aria-level=\"1\"><span style=\"font-weight: 400;\">Maksmata ostuarvete moodulis (\u2018\u2019Ost -&gt; Ostuarved -&gt; Maksmata ostuarved\u2019\u2019)<\/span><\/li>\n<li style=\"font-weight: 400;\" aria-level=\"1\"><span style=\"font-weight: 400;\">Tellimuste moodulis (\u2018\u2019M\u00fc\u00fck -&gt; Tellimused\u2019\u2019)\u00a0<\/span><\/li>\n<\/ol>\n<p><span style=\"font-weight: 400;\">Ostutellimuse n\u00e4gemiseks tuleb <\/span><b>\u2018\u2019Milliseid n\u00e4idata?\u2019\u2019 <\/b><span style=\"font-weight: 400;\">lahtrist valida \u2018\u2019<strong>Ostutellimus<\/strong>\u2019\u2019 ning vajutada Otsi, seej\u00e4rel kuvatakse ostutellimused.\u00a0<\/span><\/p>\n<p>&nbsp;<\/p>\n<p><img loading=\"lazy\" decoding=\"async\" class=\"alignnone wp-image-29850 size-full\" src=\"https:\/\/www.erplybooks.com\/wp-content\/uploads\/2023\/02\/image2.png\" alt=\"\" width=\"1999\" height=\"649\" srcset=\"https:\/\/www.erplybooks.com\/wp-content\/uploads\/2023\/02\/image2.png 1999w, https:\/\/www.erplybooks.com\/wp-content\/uploads\/2023\/02\/image2-1280x416.png 1280w, https:\/\/www.erplybooks.com\/wp-content\/uploads\/2023\/02\/image2-980x318.png 980w, https:\/\/www.erplybooks.com\/wp-content\/uploads\/2023\/02\/image2-480x156.png 480w\" sizes=\"auto, (min-width: 0px) and (max-width: 480px) 480px, (min-width: 481px) and (max-width: 980px) 980px, (min-width: 981px) and (max-width: 1280px) 1280px, (min-width: 1281px) 1999px, 100vw\" \/><\/p>\n<p>&nbsp;<\/p>\n<h2><span style=\"font-weight: 400;\">Kuidas luua ostutellimusest arve?<\/span><\/h2>\n<p>&nbsp;<\/p>\n<p><span style=\"font-weight: 400;\">Ostutellimusest arve loomiseks ava men\u00fc\u00fcst <\/span><b>M\u00fc\u00fck -&gt; Tellimused<\/b><span style=\"font-weight: 400;\">. Sealt vali <strong>\u2018\u2019Milliseid n\u00e4idata?\u2019<\/strong>\u2019 lahtrist Ostutellimus ning vajuta Otsi nuppu ning seej\u00e4rel kuvatakse k\u00f5ik koostatud ostutellimused.\u00a0<\/span><\/p>\n<p><span style=\"font-weight: 400;\">Arve loomiseks ostutellimusest on mitu v\u00f5imalust:<\/span><\/p>\n<ol>\n<li style=\"font-weight: 400;\" aria-level=\"1\"><span style=\"font-weight: 400;\">Vali soovitud ostutellimuse rida (pane linnuke) ja vali alt paremalt \u2018<strong>\u2019Veel -&gt; Loo arve\u2019<\/strong>\u2019<\/span><\/li>\n<li style=\"font-weight: 400;\" aria-level=\"1\"><span style=\"font-weight: 400;\">Tee ostutellimuse reale parem kl\u00f5ps ning vali \u2018<strong>\u2019Loo arve\u2019\u2019<\/strong><\/span><\/li>\n<\/ol>\n<p>&nbsp;<\/p>\n<p><img loading=\"lazy\" decoding=\"async\" class=\"alignnone wp-image-29856 size-full\" src=\"https:\/\/www.erplybooks.com\/wp-content\/uploads\/2023\/02\/image3.png\" alt=\"\" width=\"1999\" height=\"620\" srcset=\"https:\/\/www.erplybooks.com\/wp-content\/uploads\/2023\/02\/image3.png 1999w, https:\/\/www.erplybooks.com\/wp-content\/uploads\/2023\/02\/image3-1280x397.png 1280w, https:\/\/www.erplybooks.com\/wp-content\/uploads\/2023\/02\/image3-980x304.png 980w, https:\/\/www.erplybooks.com\/wp-content\/uploads\/2023\/02\/image3-480x149.png 480w\" sizes=\"auto, (min-width: 0px) and (max-width: 480px) 480px, (min-width: 481px) and (max-width: 980px) 980px, (min-width: 981px) and (max-width: 1280px) 1280px, (min-width: 1281px) 1999px, 100vw\" \/><\/p>\n<p>&nbsp;<\/p>\n<ol>\n<li style=\"font-weight: 400;\" aria-level=\"1\"><span style=\"font-weight: 400;\">Ava ostutellimus ning vajuta sinist nuppu <\/span><b>\u2018\u2019Loo arve\u2019<\/b><span style=\"font-weight: 400;\">\u2019:\u00a0<\/span><\/li>\n<\/ol>\n<p>&nbsp;<\/p>\n<p><img loading=\"lazy\" decoding=\"async\" class=\"alignnone wp-image-29862 size-full\" src=\"https:\/\/www.erplybooks.com\/wp-content\/uploads\/2023\/02\/image4.png\" alt=\"\" width=\"1999\" height=\"1017\" srcset=\"https:\/\/www.erplybooks.com\/wp-content\/uploads\/2023\/02\/image4.png 1999w, https:\/\/www.erplybooks.com\/wp-content\/uploads\/2023\/02\/image4-1280x651.png 1280w, https:\/\/www.erplybooks.com\/wp-content\/uploads\/2023\/02\/image4-980x499.png 980w, https:\/\/www.erplybooks.com\/wp-content\/uploads\/2023\/02\/image4-480x244.png 480w\" sizes=\"auto, (min-width: 0px) and (max-width: 480px) 480px, (min-width: 481px) and (max-width: 980px) 980px, (min-width: 981px) and (max-width: 1280px) 1280px, (min-width: 1281px) 1999px, 100vw\" \/><\/p>\n<p>&nbsp;<\/p>\n<p><span style=\"font-weight: 400;\">Kuvatakse ostuarve, kuhu saad sisestada vajaliku info ning l\u00f5puks salvesta.\u00a0<\/span><\/p>\n<p>&nbsp;<\/p>\n<h2><span style=\"font-weight: 400;\">Kuidas lisada ostutellimusele laekumist?\u00a0<\/span><\/h2>\n<p>&nbsp;<\/p>\n<p><span style=\"font-weight: 400;\">Ostutellimustele on v\u00f5imalik lisada makset samamoodi nagu ka arvetele:\u00a0<\/span><\/p>\n<ul>\n<li style=\"font-weight: 400;\" aria-level=\"1\"><span style=\"font-weight: 400;\">Lisada lihtsalt \u00fcksik makse ostutellimusele<\/span><\/li>\n<li style=\"font-weight: 400;\" aria-level=\"1\"><span style=\"font-weight: 400;\">Koostada maksefail ja saata panka<\/span><\/li>\n<\/ul>\n<p>&nbsp;<\/p>\n<h3><span style=\"font-weight: 400;\">\u00dcksiku makse lisamine<\/span><\/h3>\n<p>&nbsp;<\/p>\n<p><span style=\"font-weight: 400;\">Nii \u00fcksiku makse lisamine kui ka maksefaili koostamine k\u00e4ib Maksmata ostuarvete moodulis. Maksmata ostuarvete mooduli saad avada kui valid <\/span><b>Ost -&gt; Ostuarved -&gt; Maksmata ostuarved.<\/b><\/p>\n<ol>\n<li style=\"font-weight: 400;\" aria-level=\"1\"><span style=\"font-weight: 400;\">Ostutellimuste leidmiseks vali \u2018<\/span><b>\u2019Milliseid n\u00e4idata?\u2019<\/b><span style=\"font-weight: 400;\">\u2019 lahtrist \u2018\u2019<strong>Ostutellimus<\/strong>\u2019\u2019<\/span><\/li>\n<li style=\"font-weight: 400;\" aria-level=\"1\"><span style=\"font-weight: 400;\">Tee selle ostutellimuse rida aktiivseks, millele soovid makse lisada ning vajuta <strong>\u2018\u2019Lisa makse\u2019\u2019<\/strong>:\u00a0<\/span><\/li>\n<\/ol>\n<p>&nbsp;<\/p>\n<p><img loading=\"lazy\" decoding=\"async\" class=\"alignnone wp-image-29868 size-full\" src=\"https:\/\/www.erplybooks.com\/wp-content\/uploads\/2023\/02\/image6.png\" alt=\"\" width=\"1412\" height=\"426\" srcset=\"https:\/\/www.erplybooks.com\/wp-content\/uploads\/2023\/02\/image6.png 1412w, https:\/\/www.erplybooks.com\/wp-content\/uploads\/2023\/02\/image6-1280x386.png 1280w, https:\/\/www.erplybooks.com\/wp-content\/uploads\/2023\/02\/image6-980x296.png 980w, https:\/\/www.erplybooks.com\/wp-content\/uploads\/2023\/02\/image6-480x145.png 480w\" sizes=\"auto, (min-width: 0px) and (max-width: 480px) 480px, (min-width: 481px) and (max-width: 980px) 980px, (min-width: 981px) and (max-width: 1280px) 1280px, (min-width: 1281px) 1412px, 100vw\" \/><\/p>\n<p>&nbsp;<\/p>\n<p><span style=\"font-weight: 400;\">Avanenud aknas saad valida makse summa, kontod ja muu info.\u00a0<\/span><\/p>\n<p><b>NB! Ostutellimuse makse tekitab ettemaksu <\/b><span style=\"font-weight: 400;\">ning seep\u00e4rast on ka vaikimisi deebet kontoks valitud \u2018<strong>\u2019Ettemaksud tarnijatele\u2019<\/strong>\u2019.<\/span><\/p>\n<p>&nbsp;<\/p>\n<p><img loading=\"lazy\" decoding=\"async\" class=\"alignnone wp-image-29874 \" src=\"https:\/\/www.erplybooks.com\/wp-content\/uploads\/2023\/02\/image1.png\" alt=\"\" width=\"558\" height=\"287\" srcset=\"https:\/\/www.erplybooks.com\/wp-content\/uploads\/2023\/02\/image1.png 558w, https:\/\/www.erplybooks.com\/wp-content\/uploads\/2023\/02\/image1-480x247.png 480w\" sizes=\"auto, (min-width: 0px) and (max-width: 480px) 480px, (min-width: 481px) 558px, 100vw\" \/><\/p>\n<p>&nbsp;<\/p>\n<h3><span style=\"font-weight: 400;\">Maksefaili koostamine<\/span><\/h3>\n<p>&nbsp;<\/p>\n<p><span style=\"font-weight: 400;\">Kui soovid mitmest ostutellimusest koostada maksefaili, siis seda saab samuti teha Maksmata ostuarvete mooduli alt.<\/span><\/p>\n<ol>\n<li style=\"font-weight: 400;\" aria-level=\"1\"><span style=\"font-weight: 400;\">Ava maksmata ostuarvete moodul <\/span><b>Ost -&gt; Ostuarved -&gt; Maksmata ostuarved<\/b><\/li>\n<li style=\"font-weight: 400;\" aria-level=\"1\"><span style=\"font-weight: 400;\">Vali ostutellimused, millest soovid maksefaili koostada<\/span><\/li>\n<li style=\"font-weight: 400;\" aria-level=\"1\"><span style=\"font-weight: 400;\">Vajuta <\/span><b>\u2018\u2019Koosta maksefail\u2019\u2019<\/b><\/li>\n<\/ol>\n<p><span style=\"font-weight: 400;\">Rohkem infot maksefaili koostamise kohta leiad <\/span><a href=\"https:\/\/www.erplybooks.com\/et\/juhendid\/maksefaili-koostamine-ja-selle-eriparad-erply-booksis\/\"><span style=\"font-weight: 400;\">siit<\/span><\/a><span style=\"font-weight: 400;\">.\u00a0<\/span><\/p>\n<p>&nbsp;<\/p>\n<h2><span style=\"font-weight: 400;\">Kuidas s\u00fcnkroniseerida laost ostutellimusi lao \u00fchenduse korral?\u00a0<\/span><\/h2>\n<p>&nbsp;<\/p>\n<p><span style=\"font-weight: 400;\">Kui ostutellimused koostatakse laos ning n\u00fc\u00fcd soovid need \u00fcle s\u00fcnkroniseerida ERPLY Booksi, siis selle jaoks on vaja lisada reegel.<\/span><\/p>\n<p><span style=\"font-weight: 400;\">Reegli lisamiseks:\u00a0<\/span><\/p>\n<ol>\n<li style=\"font-weight: 400;\" aria-level=\"1\"><span style=\"font-weight: 400;\">Ava <\/span><b>Globaalsed Atribuudid<\/b><span style=\"font-weight: 400;\"> pealehe otsingust<\/span><\/li>\n<li style=\"font-weight: 400;\" aria-level=\"1\"><span style=\"font-weight: 400;\">Lisa uus rida:\u00a0<\/span><\/li>\n<\/ol>\n<ul>\n<li><b>Nimi<\/b><span style=\"font-weight: 400;\"> =ATTRIBUTE_ERPLY_SYNC_NON_ACCOUNTING_DOC<\/span><\/li>\n<li><b>V\u00e4\u00e4rtus<\/b><span style=\"font-weight: 400;\"> =true<\/span><\/li>\n<li><b>Altvalue<\/b><span style=\"font-weight: 400;\"> -&gt; kui kirjutad \u2018true\u2019\u2019, siis ei s\u00fcnkroniseerita mitte raamatupidamislikke m\u00fc\u00fcgi dokumente<\/span><\/li>\n<li><b>Altvalue2<\/b><span style=\"font-weight: 400;\"> -&gt; kui lahter ei ole t\u00fchi, siis saad lisada Erply kliendi ID-d, mida sa ei soovi s\u00fcnkroniseerida<\/span><\/li>\n<\/ul>\n<p><span style=\"font-weight: 400;\">Kui kirjutad \u2018\u2019true\u2019\u2019, siis mitte raamatupidamislikke ostu dokumente ei s\u00fcnkroniseerita<\/span><\/p>\n<ul>\n<li><b>Altvalue3<\/b><span style=\"font-weight: 400;\"> -&gt; kui lahter ei ole t\u00fchi, siis peab sisaldama neid t\u00fc\u00fcbi v\u00e4\u00e4rtuseid, mida soovid s\u00fcnkroniseerida<\/span><\/li>\n<\/ul>\n<p><span style=\"font-weight: 400;\">Kui soovid k\u00f5iki mitte raamatupidamislikke dokumente s\u00fcnkroniseerida, siis tuleb Erply kassa ja lao s\u00e4tete alt aktiveerida reegel number 21. S\u00fcngi arvetega mitteseotud laokanded laokande kuup\u00e4evaga?<\/span><\/p>\n<p>&nbsp;<\/p>\n<p><img loading=\"lazy\" decoding=\"async\" class=\"alignnone wp-image-29880 size-full\" src=\"https:\/\/www.erplybooks.com\/wp-content\/uploads\/2023\/02\/image5.png\" alt=\"\" width=\"382\" height=\"33\" srcset=\"https:\/\/www.erplybooks.com\/wp-content\/uploads\/2023\/02\/image5.png 382w, https:\/\/www.erplybooks.com\/wp-content\/uploads\/2023\/02\/image5-300x26.png 300w\" sizes=\"auto, (max-width: 382px) 100vw, 382px\" \/><\/p>\n","protected":false},"excerpt":{"rendered":"<p>Ostutellimus &nbsp; Mis on ostutellimus ja millistel juhtudel seda kasutada? &nbsp; Ostutellimusi on v\u00f5imalik kasutada juhul, kui soovid n\u00e4iteks esitada hankijale tellimuse. ERPLY Booksis on ostutellimusi v\u00f5imalik kasutada ka j\u00e4\u00e4tmek\u00e4itluses &#8211; v\u00f5imalik on sissetulevate autode p\u00f5hjal koostada ostutellimusi ning nendest hiljem luua ka arveid.\u00a0 &nbsp; Ostutellimuste aktiveerimine &nbsp; Ostutellimuste aktiveerimiseks ava pealehe otsingukastist Globaalsed Atribuudid [&hellip;]<\/p>\n","protected":false},"author":22,"featured_media":0,"parent":0,"menu_order":0,"comment_status":"closed","ping_status":"closed","template":"","meta":{"_et_pb_use_builder":"","_et_pb_old_content":"","_et_gb_content_width":"","footnotes":""},"categories":[455],"tags":[137,796],"class_list":["post-29849","page","type-page","status-publish","hentry","category-maksed-ja-ettemaksed","tag-ost","tag-ostutellimus"],"_links":{"self":[{"href":"https:\/\/www.erplybooks.com\/et\/wp-json\/wp\/v2\/pages\/29849","targetHints":{"allow":["GET"]}}],"collection":[{"href":"https:\/\/www.erplybooks.com\/et\/wp-json\/wp\/v2\/pages"}],"about":[{"href":"https:\/\/www.erplybooks.com\/et\/wp-json\/wp\/v2\/types\/page"}],"author":[{"embeddable":true,"href":"https:\/\/www.erplybooks.com\/et\/wp-json\/wp\/v2\/users\/22"}],"replies":[{"embeddable":true,"href":"https:\/\/www.erplybooks.com\/et\/wp-json\/wp\/v2\/comments?post=29849"}],"version-history":[{"count":0,"href":"https:\/\/www.erplybooks.com\/et\/wp-json\/wp\/v2\/pages\/29849\/revisions"}],"wp:attachment":[{"href":"https:\/\/www.erplybooks.com\/et\/wp-json\/wp\/v2\/media?parent=29849"}],"wp:term":[{"taxonomy":"category","embeddable":true,"href":"https:\/\/www.erplybooks.com\/et\/wp-json\/wp\/v2\/categories?post=29849"},{"taxonomy":"post_tag","embeddable":true,"href":"https:\/\/www.erplybooks.com\/et\/wp-json\/wp\/v2\/tags?post=29849"}],"curies":[{"name":"wp","href":"https:\/\/api.w.org\/{rel}","templated":true}]}}