{"id":29831,"date":"2023-01-31T09:08:20","date_gmt":"2023-01-31T09:08:20","guid":{"rendered":"https:\/\/www.erplybooks.com\/?page_id=29831"},"modified":"2023-08-10T14:00:45","modified_gmt":"2023-08-10T14:00:45","slug":"jaatmekaitlusettevottele","status":"publish","type":"page","link":"https:\/\/www.erplybooks.com\/et\/jaatmekaitlusettevottele\/","title":{"rendered":"Tarkvara j\u00e4\u00e4tmek\u00e4itlusettev\u00f5ttele"},"content":{"rendered":"<h2><img loading=\"lazy\" decoding=\"async\" class=\"alignnone size-full wp-image-29832\" src=\"https:\/\/www.erplybooks.com\/wp-content\/uploads\/2023\/01\/Sector-specific-header-4.png\" alt=\"\" width=\"1640\" height=\"250\" srcset=\"https:\/\/www.erplybooks.com\/wp-content\/uploads\/2023\/01\/Sector-specific-header-4.png 1640w, https:\/\/www.erplybooks.com\/wp-content\/uploads\/2023\/01\/Sector-specific-header-4-1280x195.png 1280w, https:\/\/www.erplybooks.com\/wp-content\/uploads\/2023\/01\/Sector-specific-header-4-980x149.png 980w, https:\/\/www.erplybooks.com\/wp-content\/uploads\/2023\/01\/Sector-specific-header-4-480x73.png 480w\" sizes=\"auto, (min-width: 0px) and (max-width: 480px) 480px, (min-width: 481px) and (max-width: 980px) 980px, (min-width: 981px) and (max-width: 1280px) 1280px, (min-width: 1281px) 1640px, 100vw\" \/><\/h2>\n<h2 style=\"text-align: center;\"><b>ERPLY Books paneb ringmajanduse veelgi kiiremini ringlema!<\/b><\/h2>\n<p>&nbsp;<\/p>\n<p><span style=\"font-weight: 400;\">J\u00e4\u00e4tmek\u00e4itlus moodustab suure osa igast \u00fchiskonnast. See koosneb v\u00e4ga erinevatest ning keerulistest protsessidest, mis tegelevad tarbimis\u00fchiskonna tegevuse tagaj\u00e4rgedega ehk pr\u00fcgi ja tekkivate j\u00e4\u00e4tmetega. Ringmajandus on j\u00e4tkusuutliku tuleviku ja keskkonna aluseks. Selleks, et j\u00e4\u00e4tmek\u00e4itlus toimiks ka j\u00e4\u00e4tmek\u00e4itleja jaoks mugavalt, lihtsalt ja arusaadavalt on tarvis tarkvara, kuhu kogutakse kogu vajalik info kokku ning kasutatakse seda vastavalt vajadusele &#8211; <a href=\"https:\/\/www.erplybooks.com\/et\/juhendid\/aruandegeneraator\/\">aruandluseks<\/a>, j\u00e4\u00e4tmete <a href=\"https:\/\/www.erplybooks.com\/et\/andmeladu\/\">laoarvestuseks<\/a>, kulude arvestuseks jne. <\/span><span style=\"font-weight: 400;\">ERPLY Books on multifunktsionaalne majandustarkvara, millesse on integreeritud palju erinevaid lahendusi, sealhulgas ka j\u00e4\u00e4tmek\u00e4itlus. <\/span><span style=\"font-weight: 400;\">Kui oled j\u00e4\u00e4tmek\u00e4itleja, siis ei tasu Teil enam oodata. Tulge ERPLY Booksi kasutajaks n\u00fc\u00fcd, et saaksite j\u00e4rgmise aasta j\u00e4\u00e4tmearuande koostada vaid 30-minutiga ning suurema peavaluta. Teile j\u00e4\u00e4b vaid puhas aruande esitamise r\u00f5\u00f5m!<\/span><span style=\"font-weight: 400;\"> Kasutades erinevaid sisseehitatud protsesse, pluginaid ja standardfunktsioone, on v\u00f5imalik k\u00f5ik j\u00e4\u00e4tmek\u00e4itlusettev\u00f5tte protsessid Booksis lahendada.<\/span><\/p>\n<p><span style=\"font-weight: 400;\">ERPLY Booksil on olemas k\u00f5ik <a href=\"https:\/\/www.erplybooks.com\/et\/jaatmekaitlus-erply-booksis\/\">j\u00e4\u00e4tmek\u00e4itlusettev\u00f5ttele vajalikud funktsioonid<\/a>:<\/span><\/p>\n<ul>\n<li style=\"font-weight: 400;\" aria-level=\"1\"><span style=\"font-weight: 400;\">J\u00e4\u00e4tmete vastuv\u00f5tmine nii, et klient maksab j\u00e4\u00e4tmete eest.<\/span><\/li>\n<li style=\"font-weight: 400;\" aria-level=\"1\"><span style=\"font-weight: 400;\">J\u00e4\u00e4tmete vastuv\u00f5tmine nii, et teie maksate kliendile<\/span><\/li>\n<li style=\"font-weight: 400;\" aria-level=\"1\"><span style=\"font-weight: 400;\">Platsihaldusfunktsioon<\/span><\/li>\n<li style=\"font-weight: 400;\" aria-level=\"1\"><span style=\"font-weight: 400;\">J\u00e4\u00e4tmek\u00e4itlus komponentide haldus<\/span><\/li>\n<li style=\"font-weight: 400;\" aria-level=\"1\"><span style=\"font-weight: 400;\">J\u00e4\u00e4tmete t\u00f6\u00f6tlemise kajastamine tarkvaras<\/span><\/li>\n<li style=\"font-weight: 400;\" aria-level=\"1\"><span style=\"font-weight: 400;\">J\u00e4\u00e4tmeartiklid<\/span><\/li>\n<li style=\"font-weight: 400;\" aria-level=\"1\"><span style=\"font-weight: 400;\">J\u00e4\u00e4tmete laoarvestus<\/span><\/li>\n<li style=\"font-weight: 400;\" aria-level=\"1\"><span style=\"font-weight: 400;\">J\u00e4\u00e4tmearuande koostamine<\/span><\/li>\n<li style=\"font-weight: 400;\" aria-level=\"1\"><span style=\"font-weight: 400;\">J\u00e4\u00e4tmehoidlate arvestus<\/span><\/li>\n<li style=\"font-weight: 400;\" aria-level=\"1\"><span style=\"font-weight: 400;\"><a href=\"https:\/\/www.erplybooks.com\/et\/juhendid\/automaatsed-saldoteatised\/\">Saldoteatised<\/a> koguste kohta<\/span><\/li>\n<li style=\"font-weight: 400;\" aria-level=\"1\"><span style=\"font-weight: 400;\">J\u00e4\u00e4tmek\u00e4itluse kulude arvestusfunktsioon<\/span><\/li>\n<li style=\"font-weight: 400;\" aria-level=\"1\"><a href=\"https:\/\/www.erplybooks.com\/et\/juhendid\/lepingute-moodul\/\"><span style=\"font-weight: 400;\">Lepingute moodul<\/span><\/a><\/li>\n<li style=\"font-weight: 400;\" aria-level=\"1\"><span style=\"font-weight: 400;\"><a href=\"https:\/\/www.erplybooks.com\/et\/worlds-best-accounting-api\/\">API<\/a> &#8211; olemasolevate infos\u00fcsteemide lihtne \u00fchendamine ERPLY Booksiga.<\/span><\/li>\n<\/ul>\n<p><span style=\"font-weight: 400;\">Kuna ERPLY Books on ennek\u00f5ike t\u00e4isfunktsionaalne raamatupidamistarkvara, siis saab liita juurde ka k\u00f5ik muud \u00e4riprotsesside haldusv\u00f5imalused:\u00a0<\/span><\/p>\n<ul>\n<li style=\"font-weight: 400;\" aria-level=\"1\"><span style=\"font-weight: 400;\">Automaatne laekumiste-maksmiste haldus koos automaatsete maksemeenutuste jms funktsioonidega<\/span><\/li>\n<li style=\"font-weight: 400;\" aria-level=\"1\"><span style=\"font-weight: 400;\"><a href=\"https:\/\/www.erplybooks.com\/et\/ostuarvete-postkast\/\">Ostuarvete postkast<\/a>, millega saab ostuarvete haldust automatiseerida kuni 80%. Sellele k\u00e4ib juurde ka kinnitusring<\/span><\/li>\n<li style=\"font-weight: 400;\" aria-level=\"1\"><span style=\"font-weight: 400;\">Kogu m\u00fc\u00fcgi-ostus\u00fcsteemi automaatne raamatupidamine<\/span><\/li>\n<li style=\"font-weight: 400;\" aria-level=\"1\"><span style=\"font-weight: 400;\">Kogu muu raamatupidamine<\/span><\/li>\n<li style=\"font-weight: 400;\" aria-level=\"1\"><span style=\"font-weight: 400;\">K\u00e4ibemaksuhaldus<\/span><\/li>\n<li style=\"font-weight: 400;\" aria-level=\"1\"><a href=\"https:\/\/www.erplybooks.com\/et\/lisamoodulid\/koosta-ise-juhtimisaruanded-ja-kiirenda-paringute-kiirust-kumnetes-kordades\/\"><span style=\"font-weight: 400;\">Juhtimisaruandlus<\/span><\/a><\/li>\n<li style=\"font-weight: 400;\" aria-level=\"1\"><a href=\"https:\/\/www.erplybooks.com\/et\/juhendid\/lihtne-eelarvestamine\/\"><span style=\"font-weight: 400;\">Eelarvemoodul<\/span><\/a><\/li>\n<li style=\"font-weight: 400;\" aria-level=\"1\"><span style=\"font-weight: 400;\"><a href=\"https:\/\/www.erplybooks.com\/et\/juhendid\/perioodilised-arved\/\">Perioodilised arved<\/a> (kui k\u00e4ite n\u00e4iteks pr\u00fcgi vedamas ja on vaja klientidele arved v\u00e4lja saata) ja palju muud.<\/span><\/li>\n<\/ul>\n<table style=\"height: 472px; width: 1111px;\">\n<tbody>\n<tr style=\"height: 121px;\">\n<td style=\"width: 352.65625px; height: 19px;\">\n<p style=\"text-align: center;\"><a href=\"https:\/\/www.erplybooks.com\/et\/jaatmekaitlus-erply-booksis\/\"><img loading=\"lazy\" decoding=\"async\" class=\"size-full wp-image-32766 aligncenter\" src=\"https:\/\/www.erplybooks.com\/wp-content\/uploads\/2023\/08\/aruannete-moodul-e1691570587158.png\" alt=\"\" width=\"185\" height=\"185\" \/><\/a><\/p>\n<p style=\"text-align: center;\"><strong>J\u00e4\u00e4tmearuanne<\/strong><\/p>\n<p><span style=\"font-weight: 400;\">Saa \u00fclevaade, kui palju j\u00e4\u00e4tmeid parasjagu sisse tuli, kui palju loodi neist erineva kategooriaga uusi materjale ning paljust muust. Grupeeri j\u00e4\u00e4tmekategooriaid ja komponente. Kahe klikiga koguste saldoteatised klientidele-hankijatele ja k\u00fcmne klikiga Keskkonnaametile!<\/span><\/td>\n<td style=\"width: 35.078125px; height: 19px;\"><\/td>\n<td style=\"width: 336.625px; height: 19px;\">\n<p style=\"text-align: center;\"><a href=\"https:\/\/www.erplybooks.com\/et\/jaatmekaitlus-erply-booksis\/\"><img loading=\"lazy\" decoding=\"async\" class=\"size-full wp-image-33284 aligncenter\" src=\"https:\/\/www.erplybooks.com\/wp-content\/uploads\/2023\/08\/jaatmete-vastuvotmine-e1691675897419.png\" alt=\"\" width=\"185\" height=\"185\" \/><\/a><\/p>\n<p style=\"text-align: center;\"><strong>J\u00e4\u00e4tmete vastuv\u00f5tmine<\/strong><\/p>\n<p><span style=\"font-weight: 400;\">V\u00f5ta j\u00e4\u00e4tmed vastu nii, et klient maksab j\u00e4\u00e4tmete eest v\u00f5i vastupidi.<\/span><\/td>\n<td style=\"width: 29.0625px; height: 19px;\">\n<p style=\"text-align: center;\"><span style=\"font-weight: 400;\">\u00a0<\/span><\/p>\n<\/td>\n<td style=\"width: 308.578125px; height: 19px;\">\n<p style=\"text-align: center;\"><img loading=\"lazy\" decoding=\"async\" class=\"size-full wp-image-33314 aligncenter\" src=\"https:\/\/www.erplybooks.com\/wp-content\/uploads\/2023\/08\/mugav-kasutus-igas-seadmes-e1691675910632.png\" alt=\"\" width=\"185\" height=\"185\" \/><\/p>\n<p style=\"text-align: center;\"><strong>Mugav kasutus igas seadmes<\/strong><\/p>\n<p><span style=\"font-weight: 400;\">Tarkvara tagab k\u00f5ik vajaliku, et laoplatsi peal toimetada nii arvutis, mobiilis kui ka tahvelarvutis.<\/span><\/td>\n<td style=\"width: 9.03125px;\">\n<p style=\"text-align: center;\"><span style=\"font-weight: 400;\">\u00a0<\/span><\/p>\n<\/td>\n<\/tr>\n<tr style=\"height: 453px;\">\n<td style=\"width: 352.65625px; height: 453px;\">\n<p style=\"text-align: center;\"><a href=\"https:\/\/www.erplybooks.com\/et\/jaatmekaitlus-erply-booksis\/\"><span style=\"font-weight: 400;\"><img loading=\"lazy\" decoding=\"async\" class=\"size-full wp-image-33320 aligncenter\" src=\"https:\/\/www.erplybooks.com\/wp-content\/uploads\/2023\/08\/platsiapp-e1691675934319.png\" alt=\"\" width=\"185\" height=\"185\" \/><\/span><\/a><\/p>\n<p style=\"text-align: center;\"><strong>Platsi\u00e4pp<\/strong><\/p>\n<p><span style=\"font-weight: 400;\">V\u00f5ta auto vastu, pane kirja autoga seotud probleemid ja kaalud, lisa pildid kaaludokumendile, m\u00e4\u00e4ra l\u00f5ppkaal ja koosta arve\/saateleht.<\/span><\/td>\n<td style=\"width: 35.078125px; height: 453px;\"><\/td>\n<td style=\"width: 336.625px; height: 453px;\"><\/td>\n<td style=\"width: 29.0625px; height: 453px;\">\n<p style=\"text-align: center;\"><span style=\"font-weight: 400;\">\u00a0<\/span><\/p>\n<\/td>\n<td style=\"width: 308.578125px; height: 453px;\"><\/td>\n<td style=\"width: 9.03125px;\">\n<p style=\"text-align: center;\"><span style=\"font-weight: 400;\">\u00a0<\/span><\/p>\n<\/td>\n<\/tr>\n<\/tbody>\n<\/table>\n<p>&nbsp;<\/p>\n<p style=\"text-align: center;\"><strong>Selleks, et veenduda ERPLY Booksi mugavuses ja innovatiivsuses, on meil olemas TASUTA DEMO v\u00f5imalus!<\/strong><\/p>\n<p style=\"text-align: center;\">V\u00f5ta \u00fchendust!<\/p>\n<p style=\"text-align: center;\"><a href=\"mailto:info@erplybooks.com\">info@erplybooks.com<\/a><\/p>\n<p style=\"text-align: center;\">+372 5620 6568<\/p>\n","protected":false},"excerpt":{"rendered":"<p>ERPLY Books paneb ringmajanduse veelgi kiiremini ringlema! &nbsp; J\u00e4\u00e4tmek\u00e4itlus moodustab suure osa igast \u00fchiskonnast. See koosneb v\u00e4ga erinevatest ning keerulistest protsessidest, mis tegelevad tarbimis\u00fchiskonna tegevuse tagaj\u00e4rgedega ehk pr\u00fcgi ja tekkivate j\u00e4\u00e4tmetega. Ringmajandus on j\u00e4tkusuutliku tuleviku ja keskkonna aluseks. Selleks, et j\u00e4\u00e4tmek\u00e4itlus toimiks ka j\u00e4\u00e4tmek\u00e4itleja jaoks mugavalt, lihtsalt ja arusaadavalt on tarvis tarkvara, kuhu kogutakse kogu [&hellip;]<\/p>\n","protected":false},"author":21,"featured_media":0,"parent":0,"menu_order":0,"comment_status":"closed","ping_status":"closed","template":"","meta":{"_et_pb_use_builder":"","_et_pb_old_content":"","_et_gb_content_width":"","footnotes":""},"categories":[818],"tags":[817,821],"class_list":["post-29831","page","type-page","status-publish","hentry","category-jaatmekaitlusettevote","tag-jaatmekaitlusettevote","tag-tarkvara"],"_links":{"self":[{"href":"https:\/\/www.erplybooks.com\/et\/wp-json\/wp\/v2\/pages\/29831","targetHints":{"allow":["GET"]}}],"collection":[{"href":"https:\/\/www.erplybooks.com\/et\/wp-json\/wp\/v2\/pages"}],"about":[{"href":"https:\/\/www.erplybooks.com\/et\/wp-json\/wp\/v2\/types\/page"}],"author":[{"embeddable":true,"href":"https:\/\/www.erplybooks.com\/et\/wp-json\/wp\/v2\/users\/21"}],"replies":[{"embeddable":true,"href":"https:\/\/www.erplybooks.com\/et\/wp-json\/wp\/v2\/comments?post=29831"}],"version-history":[{"count":0,"href":"https:\/\/www.erplybooks.com\/et\/wp-json\/wp\/v2\/pages\/29831\/revisions"}],"wp:attachment":[{"href":"https:\/\/www.erplybooks.com\/et\/wp-json\/wp\/v2\/media?parent=29831"}],"wp:term":[{"taxonomy":"category","embeddable":true,"href":"https:\/\/www.erplybooks.com\/et\/wp-json\/wp\/v2\/categories?post=29831"},{"taxonomy":"post_tag","embeddable":true,"href":"https:\/\/www.erplybooks.com\/et\/wp-json\/wp\/v2\/tags?post=29831"}],"curies":[{"name":"wp","href":"https:\/\/api.w.org\/{rel}","templated":true}]}}