{"id":29756,"date":"2023-01-23T13:33:38","date_gmt":"2023-01-23T13:33:38","guid":{"rendered":"https:\/\/www.erplybooks.com\/?page_id=29756"},"modified":"2023-07-04T11:35:47","modified_gmt":"2023-07-04T11:35:47","slug":"lihtne-eelarvestamine","status":"publish","type":"page","link":"https:\/\/www.erplybooks.com\/et\/juhendid\/lihtne-eelarvestamine\/","title":{"rendered":"Lihtne eelarvestamine"},"content":{"rendered":"<h1><span style=\"font-weight: 400;\">Lihtne eelarvestamine<\/span><\/h1>\n<p>&nbsp;<\/p>\n<p><b><span style=\"font-weight: 400;\">ERPLY Booksis on v\u00f5imalik lisada eelarved kontodele ning teha seda otse kasumi- ja kahjumiaruandes. <\/span><\/b><\/p>\n<p><b>Eelarvestamise plugina seadistamine on tasuline teenus ning selle hind on 49 \u20ac + KM.\u00a0<\/b><\/p>\n<p>&nbsp;<\/p>\n<h2>Eelarvete seadistamine<\/h2>\n<p>&nbsp;<\/p>\n<p><span style=\"font-weight: 400;\">Eelarved erinevatele kontodele saad seadistada, kuI:<\/span><\/p>\n<p><span style=\"font-weight: 400;\">1. Avad kasumiaruande (<\/span><b>Aruanded -&gt; Kasumiaruanne<\/b><span style=\"font-weight: 400;\">)<\/span><\/p>\n<p><span style=\"font-weight: 400;\">2. Pane linnuke &#8220;<\/span><b>Detailne<\/b><span style=\"font-weight: 400;\">&#8221; lahtrisse, et kuvada eelarve veerud\u00a0<\/span><\/p>\n<p><span style=\"font-weight: 400;\">3. Vali periood, mille andmeid soovid lisada ja n\u00e4ha. Vajadusel saab seda teha ka projektide kaupa (n\u00e4iteks asukoha j\u00e4rgi) ning l\u00f5puks vajuta <strong>&#8221;Otsi&#8221;<\/strong>.\u00a0<\/span><\/p>\n<p>&nbsp;<\/p>\n<p><img loading=\"lazy\" decoding=\"async\" class=\"alignnone wp-image-29776 size-full\" src=\"https:\/\/www.erplybooks.com\/wp-content\/uploads\/2023\/01\/image2-1.png\" alt=\"\" width=\"1046\" height=\"160\" srcset=\"https:\/\/www.erplybooks.com\/wp-content\/uploads\/2023\/01\/image2-1.png 1046w, https:\/\/www.erplybooks.com\/wp-content\/uploads\/2023\/01\/image2-1-980x150.png 980w, https:\/\/www.erplybooks.com\/wp-content\/uploads\/2023\/01\/image2-1-480x73.png 480w\" sizes=\"auto, (min-width: 0px) and (max-width: 480px) 480px, (min-width: 481px) and (max-width: 980px) 980px, (min-width: 981px) 1046px, 100vw\" \/><\/p>\n<p>&nbsp;<\/p>\n<p><span style=\"font-weight: 400;\">4. Lisa eelarve summad soovitud kontodele \u2018<\/span><b>\u2019Eelarve\u2019\u2019<\/b><span style=\"font-weight: 400;\"> veergu ja kui k\u00f5ik andmed on lisatud, kl\u00f5psake all paremal nurgas rohelist salvestamise nuppu.<\/span><\/p>\n<p><span style=\"font-weight: 400;\">\u00a0<\/span><\/p>\n<p><img loading=\"lazy\" decoding=\"async\" class=\"alignnone wp-image-29806 size-full\" src=\"https:\/\/www.erplybooks.com\/wp-content\/uploads\/2023\/01\/Screenshot-2023-01-23-at-15.34.26.png\" alt=\"\" width=\"2030\" height=\"612\" srcset=\"https:\/\/www.erplybooks.com\/wp-content\/uploads\/2023\/01\/Screenshot-2023-01-23-at-15.34.26.png 2030w, https:\/\/www.erplybooks.com\/wp-content\/uploads\/2023\/01\/Screenshot-2023-01-23-at-15.34.26-1280x386.png 1280w, https:\/\/www.erplybooks.com\/wp-content\/uploads\/2023\/01\/Screenshot-2023-01-23-at-15.34.26-980x295.png 980w, https:\/\/www.erplybooks.com\/wp-content\/uploads\/2023\/01\/Screenshot-2023-01-23-at-15.34.26-480x145.png 480w\" sizes=\"auto, (min-width: 0px) and (max-width: 480px) 480px, (min-width: 481px) and (max-width: 980px) 980px, (min-width: 981px) and (max-width: 1280px) 1280px, (min-width: 1281px) 2030px, 100vw\" \/><\/p>\n<p><span style=\"font-weight: 400;\">\u00a0<\/span><\/p>\n<p><b>! Pea meeles, et kasumi ja kahjumi otsingu puhul ei pruugi mitme projekti j\u00e4rgi otsimine anda soovitud eelarvet, kuid \u00fche projekti puhul toimib see h\u00e4sti.<\/b><\/p>\n<p><span style=\"font-weight: 400;\">\u00a0<\/span><\/p>\n<h2><span style=\"font-weight: 400;\">Veergude kirjeldused<\/span><\/h2>\n<p>&nbsp;<\/p>\n<p><span style=\"font-weight: 400;\">Kui kuvad detailse vaate, siis on seal kolm lisa veergu:<\/span><\/p>\n<p><b>Eelarve<\/b><span style=\"font-weight: 400;\">: see on eelarve v\u00e4\u00e4rtus<\/span><\/p>\n<p><b>Erinevus<\/b><span style=\"font-weight: 400;\">: n\u00e4itab eelarve ja v\u00e4\u00e4rtuse veeru absoluutset erinevust (v\u00e4\u00e4rtus \u2013 eelarve)<\/span><\/p>\n<p><b>Eelarve %<\/b><span style=\"font-weight: 400;\">: 100 * v\u00e4\u00e4rtus \/ eelarve<\/span><\/p>\n<p><span style=\"font-weight: 400;\">N\u00e4iteks p\u00f5hitulu eelarveks on m\u00e4\u00e4ratud 1500 ja turunduskuludeks 500:\u00a0<\/span><\/p>\n<p><span style=\"font-weight: 400;\">\u00a0<\/span><\/p>\n<p><img loading=\"lazy\" decoding=\"async\" class=\"alignnone wp-image-29800 size-full\" src=\"https:\/\/www.erplybooks.com\/wp-content\/uploads\/2023\/01\/Screenshot-2023-01-23-at-15.31.32.png\" alt=\"\" width=\"2038\" height=\"1160\" srcset=\"https:\/\/www.erplybooks.com\/wp-content\/uploads\/2023\/01\/Screenshot-2023-01-23-at-15.31.32.png 2038w, https:\/\/www.erplybooks.com\/wp-content\/uploads\/2023\/01\/Screenshot-2023-01-23-at-15.31.32-1280x729.png 1280w, https:\/\/www.erplybooks.com\/wp-content\/uploads\/2023\/01\/Screenshot-2023-01-23-at-15.31.32-980x558.png 980w, https:\/\/www.erplybooks.com\/wp-content\/uploads\/2023\/01\/Screenshot-2023-01-23-at-15.31.32-480x273.png 480w\" sizes=\"auto, (min-width: 0px) and (max-width: 480px) 480px, (min-width: 481px) and (max-width: 980px) 980px, (min-width: 981px) and (max-width: 1280px) 1280px, (min-width: 1281px) 2038px, 100vw\" \/><\/p>\n<p><span style=\"font-weight: 400;\">\u00a0<\/span><\/p>\n<p><span style=\"font-weight: 400;\">\u00dclaltoodud pildilt on n\u00e4ha, et p\u00f5hitulu eelarveks on m\u00e4\u00e4ratud 1500, aga m\u00fc\u00fcki on tehtud vaid 400 eest &#8211; eelarve on endiselt t\u00e4itmata. Kuna tulude eelarvet pole veel t\u00e4itnud n\u00e4idatakse seda punase v\u00e4rviga.<\/span><\/p>\n<p><span style=\"font-weight: 400;\">Samuti on n\u00e4ha, et kuigi tegevuskulude eelarve on 500, on kulutatud vaid 360 \u2013 eelarve on veel t\u00e4itmata. Kuna kulud on eelarvest v\u00e4iksemad, siis n\u00e4idatakse seda rohelisena.<\/span><\/p>\n<p><strong>Kui soovid, et detailne vaade oleks alati vaikimisi n\u00e4htav kasumiaruande avamisel, siis lisa selle jaoks vastav reegel Globaalsete Atribuutide alla:\u00a0\u00a0<\/strong><\/p>\n<p><b>Nimi<\/b><span style=\"font-weight: 400;\">: GLOBAL_FIN_REPORT_SHOW_ACCOUNTS<\/span><\/p>\n<p><b>V\u00e4\u00e4rtus<\/b><span style=\"font-weight: 400;\">: true<\/span><\/p>\n<ul>\n<li style=\"font-weight: 400;\" aria-level=\"1\"><span style=\"font-weight: 400;\">Kui eelarvet pole m\u00e4\u00e4ratud v\u00f5i eelarve on 0, kuvatakse eelarve veergudes <\/span><b>&#8220;-&#8220;<\/b><span style=\"font-weight: 400;\">.<\/span><\/li>\n<li style=\"font-weight: 400;\" aria-level=\"1\"><span style=\"font-weight: 400;\">Kui sa ei soovi eelarve veergu enam n\u00e4ha, v\u00f5ta linnuke <\/span><b>\u2018\u2019Detailne\u2019\u2019<\/b><span style=\"font-weight: 400;\"> lahtrist \u00e4ra ja see peidab eelarve veerud.<\/span><\/li>\n<\/ul>\n<p>&nbsp;<\/p>\n<h2>Kuidas muuta eelarve summasid?<\/h2>\n<p>&nbsp;<\/p>\n<p>Juhul, kui oled juba kasumiaruande all m\u00e4\u00e4ranud teatud kontodele eelarved ja soovid neid n\u00fc\u00fcd muuta, siis tuleb eelnevad eelarved kustutada. Selleks tee j\u00e4rgnevad sammud:<\/p>\n<p>1. Otsi pealehelt <strong>&#8221;Muuda eelarvet&#8221;<\/strong><\/p>\n<p>&nbsp;<\/p>\n<p><img loading=\"lazy\" decoding=\"async\" class=\"alignnone wp-image-29815 size-full\" src=\"https:\/\/www.erplybooks.com\/wp-content\/uploads\/2023\/01\/Screenshot-2023-01-23-at-17.01.20.png\" alt=\"\" width=\"2438\" height=\"660\" srcset=\"https:\/\/www.erplybooks.com\/wp-content\/uploads\/2023\/01\/Screenshot-2023-01-23-at-17.01.20.png 2438w, https:\/\/www.erplybooks.com\/wp-content\/uploads\/2023\/01\/Screenshot-2023-01-23-at-17.01.20-1280x347.png 1280w, https:\/\/www.erplybooks.com\/wp-content\/uploads\/2023\/01\/Screenshot-2023-01-23-at-17.01.20-980x265.png 980w, https:\/\/www.erplybooks.com\/wp-content\/uploads\/2023\/01\/Screenshot-2023-01-23-at-17.01.20-480x130.png 480w\" sizes=\"auto, (min-width: 0px) and (max-width: 480px) 480px, (min-width: 481px) and (max-width: 980px) 980px, (min-width: 981px) and (max-width: 1280px) 1280px, (min-width: 1281px) 2438px, 100vw\" \/><\/p>\n<p>&nbsp;<\/p>\n<p>2. Tee nende kontode rida aktiivseks, mille eelarvet muuta soovid ning vali &#8221;<strong>Kustuta<\/strong>&#8221;.<\/p>\n<p>3. K\u00f5ige l\u00f5puks salvesta.<\/p>\n<p>&nbsp;<\/p>\n","protected":false},"excerpt":{"rendered":"<p>Lihtne eelarvestamine &nbsp; ERPLY Booksis on v\u00f5imalik lisada eelarved kontodele ning teha seda otse kasumi- ja kahjumiaruandes. Eelarvestamise plugina seadistamine on tasuline teenus ning selle hind on 49 \u20ac + KM.\u00a0 &nbsp; Eelarvete seadistamine &nbsp; Eelarved erinevatele kontodele saad seadistada, kuI: 1. Avad kasumiaruande (Aruanded -&gt; Kasumiaruanne) 2. Pane linnuke &#8220;Detailne&#8221; lahtrisse, et kuvada eelarve [&hellip;]<\/p>\n","protected":false},"author":22,"featured_media":0,"parent":3312,"menu_order":0,"comment_status":"closed","ping_status":"closed","template":"","meta":{"_et_pb_use_builder":"","_et_pb_old_content":"","_et_gb_content_width":"","footnotes":""},"categories":[451],"tags":[635,634],"class_list":["post-29756","page","type-page","status-publish","hentry","category-aruandlus","tag-eelarvestamine","tag-lihtne"],"_links":{"self":[{"href":"https:\/\/www.erplybooks.com\/et\/wp-json\/wp\/v2\/pages\/29756","targetHints":{"allow":["GET"]}}],"collection":[{"href":"https:\/\/www.erplybooks.com\/et\/wp-json\/wp\/v2\/pages"}],"about":[{"href":"https:\/\/www.erplybooks.com\/et\/wp-json\/wp\/v2\/types\/page"}],"author":[{"embeddable":true,"href":"https:\/\/www.erplybooks.com\/et\/wp-json\/wp\/v2\/users\/22"}],"replies":[{"embeddable":true,"href":"https:\/\/www.erplybooks.com\/et\/wp-json\/wp\/v2\/comments?post=29756"}],"version-history":[{"count":0,"href":"https:\/\/www.erplybooks.com\/et\/wp-json\/wp\/v2\/pages\/29756\/revisions"}],"up":[{"embeddable":true,"href":"https:\/\/www.erplybooks.com\/et\/wp-json\/wp\/v2\/pages\/3312"}],"wp:attachment":[{"href":"https:\/\/www.erplybooks.com\/et\/wp-json\/wp\/v2\/media?parent=29756"}],"wp:term":[{"taxonomy":"category","embeddable":true,"href":"https:\/\/www.erplybooks.com\/et\/wp-json\/wp\/v2\/categories?post=29756"},{"taxonomy":"post_tag","embeddable":true,"href":"https:\/\/www.erplybooks.com\/et\/wp-json\/wp\/v2\/tags?post=29756"}],"curies":[{"name":"wp","href":"https:\/\/api.w.org\/{rel}","templated":true}]}}