{"id":29326,"date":"2022-11-17T22:06:57","date_gmt":"2022-11-17T22:06:57","guid":{"rendered":"https:\/\/www.erplybooks.com\/?page_id=29326"},"modified":"2023-08-18T05:53:43","modified_gmt":"2023-08-18T05:53:43","slug":"e-kaubandus","status":"publish","type":"page","link":"https:\/\/www.erplybooks.com\/et\/e-kaubandus\/","title":{"rendered":"Tarkvara e-kaubandusele"},"content":{"rendered":"<p><img loading=\"lazy\" decoding=\"async\" class=\"alignnone size-full wp-image-29321\" src=\"https:\/\/www.erplybooks.com\/wp-content\/uploads\/2022\/11\/Sector-specific-header-2.png\" alt=\"\" width=\"1640\" height=\"250\" srcset=\"https:\/\/www.erplybooks.com\/wp-content\/uploads\/2022\/11\/Sector-specific-header-2.png 1640w, https:\/\/www.erplybooks.com\/wp-content\/uploads\/2022\/11\/Sector-specific-header-2-1280x195.png 1280w, https:\/\/www.erplybooks.com\/wp-content\/uploads\/2022\/11\/Sector-specific-header-2-980x149.png 980w, https:\/\/www.erplybooks.com\/wp-content\/uploads\/2022\/11\/Sector-specific-header-2-480x73.png 480w\" sizes=\"auto, (min-width: 0px) and (max-width: 480px) 480px, (min-width: 481px) and (max-width: 980px) 980px, (min-width: 981px) and (max-width: 1280px) 1280px, (min-width: 1281px) 1640px, 100vw\" \/><\/p>\n<h2 style=\"text-align: center;\"><b>E-kaubandus ja ERPLY Books k\u00e4ivad k\u00e4sik\u00e4es nagu sukk ja saabas!<\/b><\/h2>\n<p>&nbsp;<\/p>\n<p><span style=\"font-weight: 400;\">E- kaubandus moodustab praeguseks juba v\u00e4hemalt 15% kogu jaekaubanduse mahust. E-kaubandust v\u00f5ib t\u00e4nap\u00e4eval kohata v\u00e4ga erinevates kanalites. K\u00f5ige populaarsem viis e-kaubanduses enda toodete\/teenuste m\u00fc\u00fcmiseks on m\u00fc\u00fcja loodud veebipood, aga e-kaubandust saab teha ka sotsiaalmeediakanalites, ostu-m\u00fc\u00fcgi portaalides, mobiilirakenduste kaudu ning erinevatel \u00fchisplatvormidel. Eduka e-poe tegemiseks on tarvis ka head raamatupidamist. ERPLY Booksi tarkvara \u00fchildub h\u00f5lpsasti erinevate e-poe platvormidega, mis teeb raamatupidaja t\u00f6\u00f6 tunduvalt lihtsamaks ning kiiremaks. K\u00f5ik e-poes tehtud m\u00fc\u00fcgitehingud laekuvad raamatupidamistarkvarasse minutitega. Valides enda e-poe raamatupidamise tegemiseks ERPLY Booksi tarkvara, on kogu t\u00f6\u00f6protsess kiirem ning muudeks poega seotud toimetusteks j\u00e4\u00e4b m\u00e4rgatavalt rohkem aega!<\/span><\/p>\n<table style=\"height: 472px; width: 1111px;\">\n<tbody>\n<tr style=\"height: 121px;\">\n<td style=\"width: 352.65625px; height: 19px;\">\n<p style=\"text-align: center;\"><a href=\"https:\/\/www.erplybooks.com\/et\/mis-on-shopify-ja-erply-booksi-interatsioon-ja-kellele-see-on-moeldud\/\"><img loading=\"lazy\" decoding=\"async\" class=\"alignnone size-full wp-image-33332\" src=\"https:\/\/www.erplybooks.com\/wp-content\/uploads\/2023\/08\/shopify-e1691674327101.png\" alt=\"\" width=\"185\" height=\"185\" \/><\/a><\/p>\n<p style=\"text-align: center;\"><strong>Shopify \u00fchendus<\/strong><\/p>\n<p style=\"text-align: left;\"><span style=\"font-weight: 400;\">Sinu Shopifys loodud e-poe tellimuste ja maksete protsessid ERPLY Booksis.<\/span><\/p>\n<\/td>\n<td style=\"width: 35.078125px; height: 19px;\"><\/td>\n<td style=\"width: 336.625px; height: 19px;\">\n<p style=\"text-align: center;\"><a href=\"https:\/\/www.erplybooks.com\/et\/woocommerce-integratsioon\/\"><img loading=\"lazy\" decoding=\"async\" class=\"alignnone size-full wp-image-33368\" src=\"https:\/\/www.erplybooks.com\/wp-content\/uploads\/2023\/08\/woocommerce-e1691674799828.png\" alt=\"\" width=\"185\" height=\"185\" \/><\/a><\/p>\n<p style=\"text-align: center;\"><strong>WooCommerce \u00fchendus<\/strong><\/p>\n<p><span style=\"font-weight: 400;\">M\u00fc\u00fces oma tooteid l\u00e4bi WooCommerce platvormi, saad lihtsalt hallata makseid, krediitkaardi makseid ja koostada tellimustest m\u00fc\u00fcgiarved ERPLY Booksis.<\/span><span style=\"font-weight: 400;\">\u00a0<\/span><\/td>\n<td style=\"width: 29.0625px; height: 19px;\">\n<p style=\"text-align: center;\"><span style=\"font-weight: 400;\">\u00a0<\/span><\/p>\n<\/td>\n<td style=\"width: 308.578125px; height: 19px;\">\n<p style=\"text-align: center;\"><a href=\"https:\/\/www.erplybooks.com\/et\/voog-integratsioon\/\"><img loading=\"lazy\" decoding=\"async\" class=\"alignnone size-full wp-image-33362\" src=\"https:\/\/www.erplybooks.com\/wp-content\/uploads\/2023\/08\/voog-e1691674862164.png\" alt=\"\" width=\"185\" height=\"185\" \/><\/a><\/p>\n<p style=\"text-align: center;\"><strong><span style=\"font-family: inherit; font-size: inherit;\">Voog \u00fchendus<\/span><\/strong><\/p>\n<p style=\"text-align: left;\"><span style=\"font-family: inherit; font-size: inherit;\"><span style=\"font-weight: 400;\">Klientide maksete ja p\u00e4ringute j\u00e4lgimine ning t\u00fchistamine ERPLY Booksis.<\/span><\/span><\/p>\n<\/td>\n<td style=\"width: 9.03125px;\">\n<p style=\"text-align: center;\"><span style=\"font-weight: 400;\">\u00a0<\/span><\/p>\n<\/td>\n<\/tr>\n<tr style=\"height: 453px;\">\n<td style=\"width: 352.65625px; height: 453px;\">\n<p style=\"text-align: center;\"><a href=\"https:\/\/www.erplybooks.com\/et\/tarkpay-integratsioon\/\"><img loading=\"lazy\" decoding=\"async\" class=\"alignnone size-full wp-image-33350\" src=\"https:\/\/www.erplybooks.com\/wp-content\/uploads\/2023\/08\/tarkpay-e1691674894224.png\" alt=\"\" width=\"185\" height=\"185\" \/><\/a><\/p>\n<p style=\"text-align: center;\"><strong>Tarkpay<\/strong><\/p>\n<p style=\"text-align: left;\"><span style=\"font-weight: 400;\">ERPLY Booksis koostatud arvele on v\u00f5imalik lisada makselink, mis sisaldab pangale makse vormistamiseks vajalikku infot \u2013 arve numbrit, ettev\u00f5tte infot, summat ning viitenumbri olemasolul ka seda. <\/span><\/p>\n<\/td>\n<td style=\"width: 35.078125px; height: 453px;\"><\/td>\n<td style=\"width: 336.625px; height: 453px;\"><img loading=\"lazy\" decoding=\"async\" class=\"size-full wp-image-32766 aligncenter\" src=\"https:\/\/www.erplybooks.com\/wp-content\/uploads\/2023\/08\/aruannete-moodul-e1691570587158.png\" alt=\"\" width=\"185\" height=\"185\" \/><\/p>\n<p style=\"text-align: center;\"><strong>Juhtimisaruanded<\/strong><\/p>\n<p><span style=\"font-weight: 400;\">Saa detailne \u00fclevaade e-poe m\u00fc\u00fcgitulust ning selle kujunemisest.<\/span><\/td>\n<td style=\"width: 29.0625px; height: 453px;\">\n<p style=\"text-align: center;\"><span style=\"font-weight: 400;\">\u00a0<\/span><\/p>\n<\/td>\n<td style=\"width: 308.578125px; height: 453px;\">\n<p style=\"text-align: center;\"><a href=\"https:\/\/www.erplybooks.com\/et\/automatiseeritud_raamatupidamine\/\"><img loading=\"lazy\" decoding=\"async\" class=\"size-full wp-image-32685 aligncenter\" src=\"https:\/\/www.erplybooks.com\/wp-content\/uploads\/2023\/08\/automatiseeritud-e1691575572374.png\" alt=\"\" width=\"185\" height=\"185\" \/><\/a><\/p>\n<p style=\"text-align: center;\"><strong>Automatiseeritud v\u00f5imalused<\/strong><\/p>\n<p><span style=\"font-weight: 400;\">Olgu nendeks kas maksed, kliendid, artiklid, kontod v\u00f5i isega arve read &#8211; k\u00f5ik listid saavad murevabalt imporditud.<\/span><\/td>\n<td style=\"width: 9.03125px;\">\n<p style=\"text-align: center;\"><span style=\"font-weight: 400;\">\u00a0<\/span><\/p>\n<\/td>\n<\/tr>\n<\/tbody>\n<\/table>\n<p>&nbsp;<\/p>\n<p style=\"text-align: center;\">\n<div class=\"et_pb_button_module_wrapper et_pb_button_0_wrapper et_pb_button_alignment_tablet_center et_pb_module \" style=\"text-align: center;\"><a class=\"et_pb_button et_pb_button_0 et_pb_bg_layout_light\" href=\"https:\/\/app.erplybooks.com\/register?origin=erplybooks&amp;lang=et\" target=\"_blank\" rel=\"noopener\">V\u00f5ta 30 p\u00e4evane tasuta prooviperiood!<\/a><\/div>\n","protected":false},"excerpt":{"rendered":"<p>E-kaubandus ja ERPLY Books k\u00e4ivad k\u00e4sik\u00e4es nagu sukk ja saabas! &nbsp; E- kaubandus moodustab praeguseks juba v\u00e4hemalt 15% kogu jaekaubanduse mahust. E-kaubandust v\u00f5ib t\u00e4nap\u00e4eval kohata v\u00e4ga erinevates kanalites. K\u00f5ige populaarsem viis e-kaubanduses enda toodete\/teenuste m\u00fc\u00fcmiseks on m\u00fc\u00fcja loodud veebipood, aga e-kaubandust saab teha ka sotsiaalmeediakanalites, ostu-m\u00fc\u00fcgi portaalides, mobiilirakenduste kaudu ning erinevatel \u00fchisplatvormidel. Eduka e-poe tegemiseks [&hellip;]<\/p>\n","protected":false},"author":21,"featured_media":0,"parent":0,"menu_order":0,"comment_status":"closed","ping_status":"closed","template":"","meta":{"_et_pb_use_builder":"","_et_pb_old_content":"","_et_gb_content_width":"","footnotes":""},"categories":[1165],"tags":[886,821],"class_list":["post-29326","page","type-page","status-publish","hentry","category-tarkvara","tag-e-kaubandus","tag-tarkvara"],"_links":{"self":[{"href":"https:\/\/www.erplybooks.com\/et\/wp-json\/wp\/v2\/pages\/29326","targetHints":{"allow":["GET"]}}],"collection":[{"href":"https:\/\/www.erplybooks.com\/et\/wp-json\/wp\/v2\/pages"}],"about":[{"href":"https:\/\/www.erplybooks.com\/et\/wp-json\/wp\/v2\/types\/page"}],"author":[{"embeddable":true,"href":"https:\/\/www.erplybooks.com\/et\/wp-json\/wp\/v2\/users\/21"}],"replies":[{"embeddable":true,"href":"https:\/\/www.erplybooks.com\/et\/wp-json\/wp\/v2\/comments?post=29326"}],"version-history":[{"count":0,"href":"https:\/\/www.erplybooks.com\/et\/wp-json\/wp\/v2\/pages\/29326\/revisions"}],"wp:attachment":[{"href":"https:\/\/www.erplybooks.com\/et\/wp-json\/wp\/v2\/media?parent=29326"}],"wp:term":[{"taxonomy":"category","embeddable":true,"href":"https:\/\/www.erplybooks.com\/et\/wp-json\/wp\/v2\/categories?post=29326"},{"taxonomy":"post_tag","embeddable":true,"href":"https:\/\/www.erplybooks.com\/et\/wp-json\/wp\/v2\/tags?post=29326"}],"curies":[{"name":"wp","href":"https:\/\/api.w.org\/{rel}","templated":true}]}}