{"id":29317,"date":"2022-11-17T14:04:23","date_gmt":"2022-11-17T14:04:23","guid":{"rendered":"https:\/\/www.erplybooks.com\/?page_id=29317"},"modified":"2023-08-18T05:52:17","modified_gmt":"2023-08-18T05:52:17","slug":"ehitusettevottele","status":"publish","type":"page","link":"https:\/\/www.erplybooks.com\/et\/ehitusettevottele\/","title":{"rendered":"Tarkvara ehitusettev\u00f5ttele"},"content":{"rendered":"<p><img loading=\"lazy\" decoding=\"async\" class=\"alignnone size-full wp-image-29312\" src=\"https:\/\/www.erplybooks.com\/wp-content\/uploads\/2022\/11\/Sector-specific-header.png\" alt=\"\" width=\"1640\" height=\"250\" srcset=\"https:\/\/www.erplybooks.com\/wp-content\/uploads\/2022\/11\/Sector-specific-header.png 1640w, https:\/\/www.erplybooks.com\/wp-content\/uploads\/2022\/11\/Sector-specific-header-1280x195.png 1280w, https:\/\/www.erplybooks.com\/wp-content\/uploads\/2022\/11\/Sector-specific-header-980x149.png 980w, https:\/\/www.erplybooks.com\/wp-content\/uploads\/2022\/11\/Sector-specific-header-480x73.png 480w\" sizes=\"auto, (min-width: 0px) and (max-width: 480px) 480px, (min-width: 481px) and (max-width: 980px) 980px, (min-width: 981px) and (max-width: 1280px) 1280px, (min-width: 1281px) 1640px, 100vw\" \/><\/p>\n<h2 style=\"text-align: center;\"><b>Miks valivad ehitusettev\u00f5tted ERPLY Booksi raamatupidamistarkvara?\u00a0<\/b><\/h2>\n<p>&nbsp;<\/p>\n<p><span style=\"font-weight: 400;\">Ehitusettev\u00f5tetel on v\u00f5tmeroll meie \u00fchiskonna sotsiaalmajanduslikus arengus. Ehitusalase tegevusega tegelevad ettev\u00f5tted loovad rikkust, mis moodustab m\u00e4rgilise osa Eesti riigi sisemajanduse koguproduktist. Selleks, et <\/span><span style=\"font-weight: 400;\">kajastada ehitusettev\u00f5tete finantsilist seisundit, <a href=\"https:\/\/www.erplybooks.com\/et\/rahavoogude-aruanne\/\">rahavoogusid<\/a> ja majandustulemusi \u00f5igesti<\/span><span style=\"font-weight: 400;\"> m\u00e4ngib olulist rolli raamatupidamine, mida on k\u00f5ige mugavam teha ERPLY Booksi tarkvaras. Ehitussektor kujundab meie elukeskkonda, loob uusi t\u00f6\u00f6kohti ja toetab majanduse j\u00e4tkusuutlikku arengut. Ehitusega tegelevatel ettev\u00f5tetel on oluline panustada pidevalt antud sektori stabiilsesse arengusse, mille alla kuulub kogu ettev\u00f5ttes toimuv, ka raamatupidamine. Kui teha antud valdkonna raamatupidamist ERPLY Booksi tarkvaras on kogu t\u00f6\u00f6voog kiirem, ajaefektiivsem ning t\u00e4nu uudsetele funktsioonidele ka innovaatilisem.\u00a0<\/span><\/p>\n<table style=\"height: 472px; width: 1111px;\">\n<tbody>\n<tr style=\"height: 121px;\">\n<td style=\"width: 352.65625px; height: 19px;\">\n<p style=\"text-align: center;\"><a href=\"https:\/\/www.erplybooks.com\/et\/ostuarvete-postkast\/\"><img loading=\"lazy\" decoding=\"async\" class=\"wp-image-32734 aligncenter\" src=\"https:\/\/www.erplybooks.com\/wp-content\/uploads\/2023\/08\/ostuarvete-postkast.png\" alt=\"\" width=\"185\" height=\"185\" \/><\/a><\/p>\n<p style=\"text-align: center;\"><strong>S\u00e4\u00e4sta 80% enda ajast<\/strong><\/p>\n<p><span style=\"font-weight: 400;\">Unusta ostuarvete loomisele kuluv aeg &#8211; ostuarvete postkast teeb selle sinu eest.<\/span><\/td>\n<td style=\"width: 35.078125px; height: 19px;\"><\/td>\n<td style=\"width: 336.625px; height: 19px;\">\n<p style=\"text-align: center;\"><a href=\"https:\/\/www.erplybooks.com\/et\/juhendid\/lepingute-moodul\/\"><img loading=\"lazy\" decoding=\"async\" class=\"wp-image-32722 aligncenter\" src=\"https:\/\/www.erplybooks.com\/wp-content\/uploads\/2023\/08\/jalgi-objektide-tulusid-kulusid.png\" alt=\"\" width=\"185\" height=\"185\" \/><\/a><\/p>\n<p style=\"text-align: center;\"><strong>J\u00e4lgi objektide tulusid-kulusid<\/strong><\/p>\n<p><span style=\"font-weight: 400;\">Hoia oma tulud ning kulud kontrolli all. Luues hinnapakkumisi klientidele saad j\u00e4lgida, kui palju kulub elektrit, k\u00fctust, t\u00f6\u00f6j\u00f5udu, ehitusmaterjali ning rohkematki.<\/span><\/p>\n<p style=\"text-align: center;\"><span style=\"font-weight: 400;\">\u00a0<\/span><\/p>\n<\/td>\n<td style=\"width: 29.0625px; height: 19px;\">\n<p style=\"text-align: center;\"><span style=\"font-weight: 400;\">\u00a0<\/span><\/p>\n<\/td>\n<td style=\"width: 308.578125px; height: 19px;\">\n<p style=\"text-align: center;\"><img loading=\"lazy\" decoding=\"async\" class=\"wp-image-32746 aligncenter\" src=\"https:\/\/www.erplybooks.com\/wp-content\/uploads\/2023\/08\/pilvepohine.png\" alt=\"\" width=\"185\" height=\"185\" \/><\/p>\n<p style=\"text-align: center;\"><strong>Pilvep\u00f5hine tarkvara<\/strong><\/p>\n<p><span style=\"font-weight: 400;\">P\u00e4\u00e4se andmetele ligi igal ajal ning igas kohas &#8211; kasv\u00f5i olles objektil.<\/span><\/td>\n<td style=\"width: 9.03125px;\">\n<p style=\"text-align: center;\"><span style=\"font-weight: 400;\">\u00a0<\/span><\/p>\n<\/td>\n<\/tr>\n<tr style=\"height: 453px;\">\n<td style=\"width: 352.65625px; height: 453px;\">\n<p style=\"text-align: center;\"><span style=\"font-weight: 400;\"><img loading=\"lazy\" decoding=\"async\" class=\"wp-image-32691 aligncenter\" src=\"https:\/\/www.erplybooks.com\/wp-content\/uploads\/2023\/08\/hinnapakkumine.png\" alt=\"\" width=\"185\" height=\"185\" \/><\/span><\/p>\n<p style=\"text-align: center;\"><strong>Hinnapakkumised<\/strong><\/p>\n<p><span style=\"font-weight: 400;\">Kaotasid hinnapakkumise? Pane lepingule staatus ,,Tagasi l\u00fckatud\u2019\u2019. Teie hinnapakkumine v\u00f5eti vastu? Lepingust saad arveid koostada ning j\u00e4lgida, milline on projekti kasumlikkus.<\/span><\/td>\n<td style=\"width: 35.078125px; height: 453px;\"><\/td>\n<td style=\"width: 336.625px; height: 453px;\"><img loading=\"lazy\" decoding=\"async\" class=\"wp-image-32728 aligncenter\" src=\"https:\/\/www.erplybooks.com\/wp-content\/uploads\/2023\/08\/lisa-arvetele-dokumendid.png\" alt=\"\" width=\"185\" height=\"185\" \/><\/p>\n<p style=\"text-align: center;\"><strong>Failihaldus<\/strong><\/p>\n<p><span style=\"font-weight: 400;\">K\u00f5ik kliendiga seotud dokumendid saab arhiveerida otse nendega seotud dokumentide peale. Tee pilte tehtud t\u00f6\u00f6dest, lisa allkirjastatud lepingud ja aktid otse arvetele, saatelehtedele.<\/span><span style=\"font-weight: 400;\">\u00a0<\/span><\/td>\n<td style=\"width: 29.0625px; height: 453px;\">\n<p style=\"text-align: center;\"><span style=\"font-weight: 400;\">\u00a0<\/span><\/p>\n<\/td>\n<td style=\"width: 308.578125px; height: 453px;\">\n<p style=\"text-align: center;\"><a href=\"https:\/\/www.erplybooks.com\/et\/hinnakiri-ettevottele\/\"><img loading=\"lazy\" decoding=\"async\" class=\"wp-image-32740 aligncenter\" src=\"https:\/\/www.erplybooks.com\/wp-content\/uploads\/2023\/08\/paindlik-hinnakiri.png\" alt=\"\" width=\"184\" height=\"184\" \/><\/a><\/p>\n<p style=\"text-align: center;\"><strong>Paindlik hinnakiri<\/strong><\/p>\n<p><span style=\"font-weight: 400;\">V\u00e4ikese ehitusettev\u00f5tjana saad funktsioonid kasutusele v\u00f5tta paarik\u00fcmne euro eest kuus. Suurematel soovitame v\u00f5tta meilt juurutus.<\/span><\/td>\n<td style=\"width: 9.03125px;\">\n<p style=\"text-align: center;\"><span style=\"font-weight: 400;\">\u00a0<\/span><\/p>\n<\/td>\n<\/tr>\n<\/tbody>\n<\/table>\n<p>&nbsp;<\/p>\n<p style=\"text-align: center;\">\n<div class=\"et_pb_button_module_wrapper et_pb_button_0_wrapper et_pb_button_alignment_tablet_center et_pb_module \" style=\"text-align: center;\"><a class=\"et_pb_button et_pb_button_0 et_pb_bg_layout_light\" href=\"https:\/\/app.erplybooks.com\/register?origin=erplybooks&amp;lang=et\" target=\"_blank\" rel=\"noopener\">V\u00f5ta 30 p\u00e4evane tasuta prooviperiood!<\/a><\/div>\n","protected":false},"excerpt":{"rendered":"<p>Miks valivad ehitusettev\u00f5tted ERPLY Booksi raamatupidamistarkvara?\u00a0 &nbsp; Ehitusettev\u00f5tetel on v\u00f5tmeroll meie \u00fchiskonna sotsiaalmajanduslikus arengus. Ehitusalase tegevusega tegelevad ettev\u00f5tted loovad rikkust, mis moodustab m\u00e4rgilise osa Eesti riigi sisemajanduse koguproduktist. Selleks, et kajastada ehitusettev\u00f5tete finantsilist seisundit, rahavoogusid ja majandustulemusi \u00f5igesti m\u00e4ngib olulist rolli raamatupidamine, mida on k\u00f5ige mugavam teha ERPLY Booksi tarkvaras. Ehitussektor kujundab meie elukeskkonda, loob [&hellip;]<\/p>\n","protected":false},"author":21,"featured_media":0,"parent":0,"menu_order":0,"comment_status":"closed","ping_status":"closed","template":"","meta":{"_et_pb_use_builder":"","_et_pb_old_content":"","_et_gb_content_width":"","footnotes":""},"categories":[1165],"tags":[887,821],"class_list":["post-29317","page","type-page","status-publish","hentry","category-tarkvara","tag-ehitusettevote","tag-tarkvara"],"_links":{"self":[{"href":"https:\/\/www.erplybooks.com\/et\/wp-json\/wp\/v2\/pages\/29317","targetHints":{"allow":["GET"]}}],"collection":[{"href":"https:\/\/www.erplybooks.com\/et\/wp-json\/wp\/v2\/pages"}],"about":[{"href":"https:\/\/www.erplybooks.com\/et\/wp-json\/wp\/v2\/types\/page"}],"author":[{"embeddable":true,"href":"https:\/\/www.erplybooks.com\/et\/wp-json\/wp\/v2\/users\/21"}],"replies":[{"embeddable":true,"href":"https:\/\/www.erplybooks.com\/et\/wp-json\/wp\/v2\/comments?post=29317"}],"version-history":[{"count":0,"href":"https:\/\/www.erplybooks.com\/et\/wp-json\/wp\/v2\/pages\/29317\/revisions"}],"wp:attachment":[{"href":"https:\/\/www.erplybooks.com\/et\/wp-json\/wp\/v2\/media?parent=29317"}],"wp:term":[{"taxonomy":"category","embeddable":true,"href":"https:\/\/www.erplybooks.com\/et\/wp-json\/wp\/v2\/categories?post=29317"},{"taxonomy":"post_tag","embeddable":true,"href":"https:\/\/www.erplybooks.com\/et\/wp-json\/wp\/v2\/tags?post=29317"}],"curies":[{"name":"wp","href":"https:\/\/api.w.org\/{rel}","templated":true}]}}