{"id":29211,"date":"2022-11-14T14:42:33","date_gmt":"2022-11-14T14:42:33","guid":{"rendered":"https:\/\/www.erplybooks.com\/?page_id=29211"},"modified":"2023-07-04T10:29:31","modified_gmt":"2023-07-04T10:29:31","slug":"mittearveliste-dokumentide-kanded","status":"publish","type":"page","link":"https:\/\/www.erplybooks.com\/et\/juhendid\/mittearveliste-dokumentide-kanded\/","title":{"rendered":"Mittearveliste dokumentide kanded"},"content":{"rendered":"<h1><span style=\"font-weight: 400;\">Mittearveliste dokumentide kanded<\/span><\/h1>\n<p>&nbsp;<\/p>\n<p><span style=\"font-weight: 400;\">Mittearveliste dokumentide kannete seadistamine v\u00f5ib olla vajalik juhul n\u00e4iteks kui ERPLY Booksis koostatakse tellimus ning seda soovitakse kuvada tuleviku tuluna. <\/span><span style=\"font-weight: 400;\">Selle mooduli kasutamiseks peavad varasemalt seadistatud olema kandemallid, sest siis on v\u00f5imalik j\u00e4rgnevat reeglit kasutada ning kanded tehakse vastavalt kandemallidele. Kandemallide kohta saad rohkem infot lugeda <\/span><a href=\"https:\/\/www.erplybooks.com\/et\/juhendid\/kande-mallid\/\"><span style=\"font-weight: 400;\">siit<\/span><\/a><span style=\"font-weight: 400;\">.\u00a0<\/span><\/p>\n<p>&nbsp;<\/p>\n<h2>Kuidas seadistada?<\/h2>\n<p>&nbsp;<\/p>\n<p><span style=\"font-weight: 400;\">Mooduli seadistamiseks tuleb lisada <\/span><b>Globaalsete Atribuutide<\/b><span style=\"font-weight: 400;\"> alla uus reegel. Globaalsed Atribuudid leiad pealehelt otsingukastist.\u00a0<\/span><\/p>\n<p>Vajuta sinist &#8221;<strong>Lisa<\/strong>&#8221; nuppu ja t\u00e4ida v\u00e4ljad:<\/p>\n<ul>\n<li><b>Nimi<\/b><span style=\"font-weight: 400;\"> = GLOBAL_USE_NON_INVOICE_DOC_TRANSACTIONS<\/span><\/li>\n<li><b>V\u00e4\u00e4rtus<\/b><span style=\"font-weight: 400;\"> = siia lisa dokumendi t\u00fc\u00fcbid, mille puhul reeglit arvesse v\u00f5etakse <\/span><span style=\"font-weight: 400;\">(n\u00e4iteks DOCUMENT_SALES_ORDER)<\/span><\/li>\n<li><b>AltValue<\/b><span style=\"font-weight: 400;\"> = true<\/span><\/li>\n<\/ul>\n<p><span style=\"font-weight: 400;\">Kui kandemall puudub, siis on tegemist erroriga<\/span><\/p>\n<p><span style=\"font-weight: 400;\">Kui v\u00e4\u00e4rtus puudub, siis kandeid ei salvestata<\/span><\/p>\n<ul>\n<li><b>AltValue 2<\/b><span style=\"font-weight: 400;\"> =\u00a0<\/span><\/li>\n<\/ul>\n<p><span style=\"font-weight: 400;\">Kui soovid reeglit rakendada ainult m\u00fc\u00fcgile, siis kirjuta \u2018\u2019true\u2019\u2019<\/span><\/p>\n<p><span style=\"font-weight: 400;\">Kui soovid reeglit rakendada ainult ostule, siis kirjuta \u2018\u2019false\u2019\u2019<\/span><\/p>\n<p><span style=\"font-weight: 400;\">Kui dokumendist koostatakse hiljem n\u00e4iteks arve v\u00f5i saateleht, siis tehakse ka p\u00f6\u00f6rdkanne ning p\u00f6\u00f6rdkanded lisatakse esialgse dokumendi esimese rea kandele.\u00a0<\/span><\/p>\n<p><span style=\"font-weight: 400;\">Peale reeglit lisamist salvestage muudatused ning logige kontol v\u00e4lja\/sisse, et muudatused rakenduksid.\u00a0<\/span><\/p>\n<p>&nbsp;<\/p>\n<p>&nbsp;<\/p>\n<p>&nbsp;<\/p>\n<p>&nbsp;<\/p>\n<p>&nbsp;<\/p>\n","protected":false},"excerpt":{"rendered":"<p>Mittearveliste dokumentide kanded &nbsp; Mittearveliste dokumentide kannete seadistamine v\u00f5ib olla vajalik juhul n\u00e4iteks kui ERPLY Booksis koostatakse tellimus ning seda soovitakse kuvada tuleviku tuluna. Selle mooduli kasutamiseks peavad varasemalt seadistatud olema kandemallid, sest siis on v\u00f5imalik j\u00e4rgnevat reeglit kasutada ning kanded tehakse vastavalt kandemallidele. Kandemallide kohta saad rohkem infot lugeda siit.\u00a0 &nbsp; Kuidas seadistada? &nbsp; [&hellip;]<\/p>\n","protected":false},"author":22,"featured_media":0,"parent":3312,"menu_order":0,"comment_status":"closed","ping_status":"closed","template":"","meta":{"_et_pb_use_builder":"","_et_pb_old_content":"","_et_gb_content_width":"","footnotes":""},"categories":[449],"tags":[548,561,567],"class_list":["post-29211","page","type-page","status-publish","hentry","category-juhendid","tag-dokument","tag-kanded","tag-mittearveline"],"_links":{"self":[{"href":"https:\/\/www.erplybooks.com\/et\/wp-json\/wp\/v2\/pages\/29211","targetHints":{"allow":["GET"]}}],"collection":[{"href":"https:\/\/www.erplybooks.com\/et\/wp-json\/wp\/v2\/pages"}],"about":[{"href":"https:\/\/www.erplybooks.com\/et\/wp-json\/wp\/v2\/types\/page"}],"author":[{"embeddable":true,"href":"https:\/\/www.erplybooks.com\/et\/wp-json\/wp\/v2\/users\/22"}],"replies":[{"embeddable":true,"href":"https:\/\/www.erplybooks.com\/et\/wp-json\/wp\/v2\/comments?post=29211"}],"version-history":[{"count":0,"href":"https:\/\/www.erplybooks.com\/et\/wp-json\/wp\/v2\/pages\/29211\/revisions"}],"up":[{"embeddable":true,"href":"https:\/\/www.erplybooks.com\/et\/wp-json\/wp\/v2\/pages\/3312"}],"wp:attachment":[{"href":"https:\/\/www.erplybooks.com\/et\/wp-json\/wp\/v2\/media?parent=29211"}],"wp:term":[{"taxonomy":"category","embeddable":true,"href":"https:\/\/www.erplybooks.com\/et\/wp-json\/wp\/v2\/categories?post=29211"},{"taxonomy":"post_tag","embeddable":true,"href":"https:\/\/www.erplybooks.com\/et\/wp-json\/wp\/v2\/tags?post=29211"}],"curies":[{"name":"wp","href":"https:\/\/api.w.org\/{rel}","templated":true}]}}