{"id":29209,"date":"2022-11-14T14:39:02","date_gmt":"2022-11-14T14:39:02","guid":{"rendered":"https:\/\/www.erplybooks.com\/?page_id=29209"},"modified":"2023-08-21T07:17:37","modified_gmt":"2023-08-21T07:17:37","slug":"dokumendi-tuubid","status":"publish","type":"page","link":"https:\/\/www.erplybooks.com\/et\/dokumendi-tuubid\/","title":{"rendered":"Dokumendi t\u00fc\u00fcbid"},"content":{"rendered":"<h1>Dokumendi t\u00fc\u00fcbid ERPLY Booksis<\/h1>\n<p>&nbsp;<\/p>\n<table dir=\"ltr\" style=\"height: 898px; width: 110.177%; border: 1px solid #f2f3f4; padding: 5px; border-style: solid; border-color: #000000;\" border=\"1\" cellspacing=\"0\" cellpadding=\"0\">\n<colgroup>\n<col width=\"148\" \/>\n<col width=\"97\" \/>\n<col width=\"70\" \/>\n<col width=\"78\" \/>\n<col width=\"194\" \/>\n<col width=\"120\" \/>\n<col width=\"119\" \/>\n<col width=\"386\" \/><\/colgroup>\n<tbody>\n<tr>\n<td style=\"width: 10.3982%;\"><\/td>\n<td style=\"text-align: center; width: 7.22714%;\" data-sheets-value=\"{&quot;1&quot;:2,&quot;2&quot;:&quot;Kas on olemas vastav ostudokument?&quot;}\">Kas on olemas vastav ostudokument?<\/td>\n<td style=\"text-align: center; width: 4.941%;\" data-sheets-value=\"{&quot;1&quot;:2,&quot;2&quot;:&quot;Muudab ladu&quot;}\">Muudab ladu<\/td>\n<td style=\"text-align: center; width: 9.58702%;\" data-sheets-value=\"{&quot;1&quot;:2,&quot;2&quot;:&quot;Tekitab raamatupidamislikke kandeid&quot;}\">Tekitab raamatupidamislikke kandeid<\/td>\n<td style=\"text-align: center; width: 13.171%;\" data-sheets-value=\"{&quot;1&quot;:2,&quot;2&quot;:&quot;Tegelik dokumendi t\u00fc\u00fcp API-s&quot;}\">Tegelik dokumendi t\u00fc\u00fcp API-s<\/td>\n<td style=\"text-align: center; width: 13.8202%;\" data-sheets-value=\"{&quot;1&quot;:2,&quot;2&quot;:&quot;Kommentaar&quot;}\">Kommentaar<\/td>\n<td style=\"text-align: center; width: 14.528%;\" data-sheets-value=\"{&quot;1&quot;:2,&quot;2&quot;:&quot;V\u00f5ib olla alusdokumendiks j\u00e4rgmistele dokumentidele&quot;}\">V\u00f5ib olla alusdokumendiks j\u00e4rgmistele dokumentidele<\/td>\n<td style=\"text-align: center; width: 27.2861%;\" data-sheets-value=\"{&quot;1&quot;:2,&quot;2&quot;:&quot;M\u00e4rkused&quot;}\">M\u00e4rkused<\/td>\n<\/tr>\n<tr>\n<td style=\"width: 10.3982%; text-align: center;\" data-sheets-value=\"{&quot;1&quot;:2,&quot;2&quot;:&quot;M\u00fc\u00fcgileping&quot;}\">M\u00fc\u00fcgileping<\/td>\n<td style=\"width: 7.22714%; text-align: center;\" data-sheets-value=\"{&quot;1&quot;:2,&quot;2&quot;:&quot;x&quot;}\">x<\/td>\n<td style=\"width: 4.941%; text-align: center;\"><\/td>\n<td style=\"width: 9.58702%; text-align: center;\"><\/td>\n<td style=\"width: 13.171%; text-align: center;\" data-sheets-value=\"{&quot;1&quot;:2,&quot;2&quot;:&quot;DOCUMENT_SALES_CONTRACT&quot;}\">DOCUMENT_SALES_CONTRACT<\/td>\n<td style=\"width: 13.8202%; text-align: center;\"><\/td>\n<td style=\"width: 14.528%; text-align: center;\" data-sheets-value=\"{&quot;1&quot;:2,&quot;2&quot;:&quot;K\u00f5ikidele&quot;}\">K\u00f5ikidele<\/td>\n<td style=\"width: 27.2861%;\" data-sheets-value=\"{&quot;1&quot;:2,&quot;2&quot;:&quot;See puudutab m\u00fc\u00fcgilepinguid. Saad j\u00e4lgida eeldatavaid ja tegelikke koguseid ning sel viisil k\u00e4sitleda osalisi lepinguid, n\u00e4ha lepingute kasumlikkust jne.&quot;}\">See puudutab m\u00fc\u00fcgilepinguid. Saad j\u00e4lgida eeldatavaid ja tegelikke koguseid ning sel viisil k\u00e4sitleda osalisi lepinguid, n\u00e4ha lepingute kasumlikkust jne.<\/td>\n<\/tr>\n<tr>\n<td style=\"width: 10.3982%; text-align: center;\" data-sheets-value=\"{&quot;1&quot;:2,&quot;2&quot;:&quot;Transpordi taotlus&quot;}\">Transpordi taotlus<\/td>\n<td style=\"width: 7.22714%; text-align: center;\" data-sheets-value=\"{&quot;1&quot;:2,&quot;2&quot;:&quot;x&quot;}\">x<\/td>\n<td style=\"width: 4.941%; text-align: center;\"><\/td>\n<td style=\"width: 9.58702%; text-align: center;\"><\/td>\n<td style=\"width: 13.171%; text-align: center;\" data-sheets-value=\"{&quot;1&quot;:2,&quot;2&quot;:&quot;DOCUMENT_TRANSPORT_REQUEST&quot;}\">DOCUMENT_TRANSPORT_REQUEST<\/td>\n<td style=\"width: 13.8202%; text-align: center;\"><\/td>\n<td style=\"width: 14.528%; text-align: center;\" data-sheets-value=\"{&quot;1&quot;:2,&quot;2&quot;:&quot;K\u00f5ikidele&quot;}\">K\u00f5ikidele<\/td>\n<td style=\"width: 27.2861%;\" data-sheets-value=\"{&quot;1&quot;:2,&quot;2&quot;:&quot;Veodokumendid n\u00e4itavad, mida transporditakse&quot;}\">Veodokumendid n\u00e4itavad, mida transporditakse<\/td>\n<\/tr>\n<tr>\n<td style=\"width: 10.3982%; text-align: center;\" data-sheets-value=\"{&quot;1&quot;:2,&quot;2&quot;:&quot;Transpordi dokument&quot;}\">Transpordi dokument<\/td>\n<td style=\"width: 7.22714%; text-align: center;\" data-sheets-value=\"{&quot;1&quot;:2,&quot;2&quot;:&quot;x&quot;}\">x<\/td>\n<td style=\"width: 4.941%; text-align: center;\"><\/td>\n<td style=\"width: 9.58702%; text-align: center;\"><\/td>\n<td style=\"width: 13.171%; text-align: center;\" data-sheets-value=\"{&quot;1&quot;:2,&quot;2&quot;:&quot;DOCUMENT_TRANSPORT&quot;}\">DOCUMENT_TRANSPORT<\/td>\n<td style=\"width: 13.8202%; text-align: center;\"><\/td>\n<td style=\"width: 14.528%; text-align: center;\" data-sheets-value=\"{&quot;1&quot;:2,&quot;2&quot;:&quot;K\u00f5ikidele&quot;}\">K\u00f5ikidele<\/td>\n<td style=\"width: 27.2861%;\" data-sheets-value=\"{&quot;1&quot;:2,&quot;2&quot;:&quot;V\u00f5imaldab taotleda transporti&quot;}\">V\u00f5imaldab taotleda transporti<\/td>\n<\/tr>\n<tr>\n<td style=\"width: 10.3982%; text-align: center;\" data-sheets-value=\"{&quot;1&quot;:2,&quot;2&quot;:&quot;Hinnapakkumine&quot;}\">Hinnapakkumine<\/td>\n<td style=\"width: 7.22714%; text-align: center;\"><\/td>\n<td style=\"width: 4.941%; text-align: center;\"><\/td>\n<td style=\"width: 9.58702%; text-align: center;\"><\/td>\n<td style=\"width: 13.171%; text-align: center;\" data-sheets-value=\"{&quot;1&quot;:2,&quot;2&quot;:&quot;DOCUMENT_BID&quot;}\">DOCUMENT_BID<\/td>\n<td style=\"width: 13.8202%; text-align: center;\"><\/td>\n<td style=\"width: 14.528%; text-align: center;\" data-sheets-value=\"{&quot;1&quot;:2,&quot;2&quot;:&quot;M\u00fc\u00fcgitellimused, k\u00f5ik arved&quot;}\">M\u00fc\u00fcgitellimused, k\u00f5ik arved<\/td>\n<td style=\"width: 27.2861%;\"><\/td>\n<\/tr>\n<tr>\n<td style=\"width: 10.3982%; text-align: center;\" data-sheets-value=\"{&quot;1&quot;:2,&quot;2&quot;:&quot;Tellimus&quot;}\">Tellimus<\/td>\n<td style=\"width: 7.22714%; text-align: center;\" data-sheets-value=\"{&quot;1&quot;:2,&quot;2&quot;:&quot;x&quot;}\">x<\/td>\n<td style=\"width: 4.941%; text-align: center;\"><\/td>\n<td style=\"width: 9.58702%; text-align: center;\"><\/td>\n<td style=\"width: 13.171%; text-align: center;\" data-sheets-value=\"{&quot;1&quot;:2,&quot;2&quot;:&quot;DOCUMENT_SALES_ORDER&quot;}\">DOCUMENT_SALES_ORDER<\/td>\n<td style=\"width: 13.8202%; text-align: center;\"><\/td>\n<td style=\"width: 14.528%; text-align: center;\" data-sheets-value=\"{&quot;1&quot;:2,&quot;2&quot;:&quot;K\u00f5ikidele&quot;}\">K\u00f5ikidele<\/td>\n<td style=\"width: 27.2861%;\" data-sheets-value=\"{&quot;1&quot;:2,&quot;2&quot;:&quot;Kasutatakse tavaliselt e-kaubanduse integratsioonide puhul, et registreerida veebilehel tehtud tellimusi. V\u00f5ib kasutada ka igasuguste klientide \\&quot;soovide\\&quot; puhul. Tellimus on kliendi \\&quot;soov\\&quot; ja seda \\&quot;soovi\\&quot; saab kinnitada, kui klient teeb makse - see t\u00e4hendab, et tellimusi saab tasuda ja on olemas eraldi automatiseeritud tellimuse ettemaksu protsess&quot;}\">Kasutatakse tavaliselt e-kaubanduse integratsioonide puhul, et registreerida veebilehel tehtud tellimusi. V\u00f5ib kasutada ka igasuguste klientide &#8220;soovide&#8221; puhul. Tellimus on kliendi &#8220;soov&#8221; ja seda &#8220;soovi&#8221; saab kinnitada, kui klient teeb makse &#8211; see t\u00e4hendab, et tellimusi saab tasuda ja on olemas eraldi automatiseeritud tellimuse ettemaksu protsess<\/td>\n<\/tr>\n<tr>\n<td style=\"width: 10.3982%; text-align: center;\" data-sheets-value=\"{&quot;1&quot;:2,&quot;2&quot;:&quot;Saateleht&quot;}\">Saateleht<\/td>\n<td style=\"width: 7.22714%; text-align: center;\" data-sheets-value=\"{&quot;1&quot;:2,&quot;2&quot;:&quot;x&quot;}\">x<\/td>\n<td style=\"width: 4.941%; text-align: center;\" data-sheets-value=\"{&quot;1&quot;:2,&quot;2&quot;:&quot;x&quot;}\">x<\/td>\n<td style=\"width: 9.58702%; text-align: center;\" data-sheets-value=\"{&quot;1&quot;:2,&quot;2&quot;:&quot;x&quot;}\">x<\/td>\n<td style=\"width: 13.171%; text-align: center;\" data-sheets-value=\"{&quot;1&quot;:2,&quot;2&quot;:&quot;DOCUMENT_WAYBILL&quot;}\">DOCUMENT_WAYBILL<\/td>\n<td style=\"width: 13.8202%; text-align: center;\" data-sheets-value=\"{&quot;1&quot;:2,&quot;2&quot;:&quot;Tarnitud, mitte arveldatud&quot;}\">Tarnitud, mitte arveldatud<\/td>\n<td style=\"width: 14.528%; text-align: center;\" data-sheets-value=\"{&quot;1&quot;:2,&quot;2&quot;:&quot;K\u00f5ik mitte-raamatupidamislikud dokumendid ja kinnitamisarved&quot;}\">K\u00f5ik mitte-raamatupidamislikud dokumendid ja kinnitamisarved<\/td>\n<td style=\"width: 27.2861%;\" data-sheets-value=\"{&quot;1&quot;:2,&quot;2&quot;:&quot;Saatelehed on valikuline meetod, kui teil on vaja k\u00e4sitleda kliente, kes \\&quot;toovad teile kaupa 10 korda kuus, kuid k\u00fcsivad ainult \u00fche arve kuu l\u00f5pus\\&quot;. See t\u00e4hendab, et Sul v\u00f5ib olla teatud arv saatelehti ja nende k\u00f5igi jaoks \u00fcks \u00fchine dokument&quot;}\">Saatelehed on valikuline meetod, kui teil on vaja k\u00e4sitleda kliente, kes &#8220;toovad teile kaupa 10 korda kuus, kuid k\u00fcsivad ainult \u00fche arve kuu l\u00f5pus&#8221;. See t\u00e4hendab, et Sul v\u00f5ib olla teatud arv saatelehti ja nende k\u00f5igi jaoks \u00fcks \u00fchine dokument<\/td>\n<\/tr>\n<tr>\n<td style=\"width: 10.3982%; text-align: center;\" data-sheets-value=\"{&quot;1&quot;:2,&quot;2&quot;:&quot;Sularaha arve&quot;}\">Sularaha arve<\/td>\n<td style=\"width: 7.22714%; text-align: center;\" data-sheets-value=\"{&quot;1&quot;:2,&quot;2&quot;:&quot;x&quot;}\">x<\/td>\n<td style=\"width: 4.941%; text-align: center;\" data-sheets-value=\"{&quot;1&quot;:2,&quot;2&quot;:&quot;x&quot;}\">x<\/td>\n<td style=\"width: 9.58702%; text-align: center;\" data-sheets-value=\"{&quot;1&quot;:2,&quot;2&quot;:&quot;x&quot;}\">x<\/td>\n<td style=\"width: 13.171%; text-align: center;\" data-sheets-value=\"{&quot;1&quot;:2,&quot;2&quot;:&quot;DOCUMENT_POS_SELL&quot;}\">DOCUMENT_POS_SELL<\/td>\n<td style=\"width: 13.8202%; text-align: center;\" data-sheets-value=\"{&quot;1&quot;:2,&quot;2&quot;:&quot;Tarnitud ja arveldatud&quot;}\">Tarnitud ja arveldatud<\/td>\n<td style=\"width: 14.528%; text-align: center;\" data-sheets-value=\"{&quot;1&quot;:2,&quot;2&quot;:&quot;Tavaliselt ei tohiks olla \u00fchtegi alusdokumenti, API kaudu v\u00f5imalik siduda k\u00f5igi mitte-raamatupidamisdokumentidega&quot;}\">Tavaliselt ei tohiks olla \u00fchtegi alusdokumenti, API kaudu v\u00f5imalik siduda k\u00f5igi mitte-raamatupidamisdokumentidega<\/td>\n<td style=\"width: 27.2861%;\" data-sheets-value=\"{&quot;1&quot;:2,&quot;2&quot;:&quot;K\u00e4sitletakse kassas\u00fcsteemiga, ERPLY Booksis puudub k\u00e4sitsi sisestamise v\u00f5imalus&quot;}\">K\u00e4sitletakse kassas\u00fcsteemiga, ERPLY Booksis puudub k\u00e4sitsi sisestamise v\u00f5imalus<\/td>\n<\/tr>\n<tr>\n<td style=\"width: 10.3982%; text-align: center;\" data-sheets-value=\"{&quot;1&quot;:2,&quot;2&quot;:&quot;Arve-saateleht&quot;}\">Arve-saateleht<\/td>\n<td style=\"width: 7.22714%; text-align: center;\" data-sheets-value=\"{&quot;1&quot;:2,&quot;2&quot;:&quot;x&quot;}\">x<\/td>\n<td style=\"width: 4.941%; text-align: center;\" data-sheets-value=\"{&quot;1&quot;:2,&quot;2&quot;:&quot;x&quot;}\">x<\/td>\n<td style=\"width: 9.58702%; text-align: center;\" data-sheets-value=\"{&quot;1&quot;:2,&quot;2&quot;:&quot;x&quot;}\">x<\/td>\n<td style=\"width: 13.171%; text-align: center;\" data-sheets-value=\"{&quot;1&quot;:2,&quot;2&quot;:&quot;DOCUMENT_SELL&quot;}\">DOCUMENT_SELL<\/td>\n<td style=\"width: 13.8202%; text-align: center;\" data-sheets-value=\"{&quot;1&quot;:2,&quot;2&quot;:&quot;Tarnitud ja arveldatud&quot;}\">Tarnitud ja arveldatud<\/td>\n<td style=\"width: 14.528%; text-align: center;\" data-sheets-value=\"{&quot;1&quot;:2,&quot;2&quot;:&quot;K\u00f5ik mitte-raamatupidamislikud dokumendid ja kreeditarved&quot;}\">K\u00f5ik mitte-raamatupidamislikud dokumendid ja kreeditarved<\/td>\n<td style=\"width: 27.2861%;\" data-sheets-value=\"{&quot;1&quot;:2,&quot;2&quot;:&quot;K\u00f5ige tavalisemad m\u00fc\u00fcgiarved&quot;}\">K\u00f5ige tavalisemad m\u00fc\u00fcgiarved<\/td>\n<\/tr>\n<tr>\n<td style=\"width: 10.3982%; text-align: center;\" data-sheets-value=\"{&quot;1&quot;:2,&quot;2&quot;:&quot;Kinnitusarve&quot;}\">Kinnitusarve<\/td>\n<td style=\"width: 7.22714%; text-align: center;\" data-sheets-value=\"{&quot;1&quot;:2,&quot;2&quot;:&quot;x&quot;}\">x<\/td>\n<td style=\"width: 4.941%; text-align: center;\"><\/td>\n<td style=\"width: 9.58702%; text-align: center;\" data-sheets-value=\"{&quot;1&quot;:2,&quot;2&quot;:&quot;x&quot;}\">x<\/td>\n<td style=\"width: 13.171%; text-align: center;\" data-sheets-value=\"{&quot;1&quot;:2,&quot;2&quot;:&quot;DOCUMENT_SELL&quot;}\">DOCUMENT_SELL<\/td>\n<td style=\"width: 13.8202%; text-align: center;\" data-sheets-value=\"{&quot;1&quot;:2,&quot;2&quot;:&quot;Arveldatud, aga tarnimata&quot;}\">Arveldatud, aga tarnimata<\/td>\n<td style=\"width: 14.528%; text-align: center;\" data-sheets-value=\"{&quot;1&quot;:2,&quot;2&quot;:&quot;K\u00f5ik mitte-raamatupidamislikud dokumendid, saatelehed ja kreeditarved&quot;}\">K\u00f5ik mitte-raamatupidamislikud dokumendid, saatelehed ja kreeditarved<\/td>\n<td style=\"width: 27.2861%;\" data-sheets-value=\"{&quot;1&quot;:2,&quot;2&quot;:&quot;Veokirja jaoks peab olema alusdokument. Ei saa k\u00e4sitleda muul viisil. Seda dokumendiliiki kasutatakse ka j\u00e4\u00e4tmete ostude k\u00e4sitlemisel, kui tarnija peab j\u00e4\u00e4tmete eest maksma.&quot;}\">Veokirja jaoks peab olema alusdokument. Ei saa k\u00e4sitleda muul viisil. Seda dokumendiliiki kasutatakse ka j\u00e4\u00e4tmete ostude k\u00e4sitlemisel, kui tarnija peab j\u00e4\u00e4tmete eest maksma.<\/td>\n<\/tr>\n<tr>\n<td style=\"width: 10.3982%; text-align: center;\" data-sheets-value=\"{&quot;1&quot;:2,&quot;2&quot;:&quot;Kreeditarve&quot;}\">Kreeditarve<\/td>\n<td style=\"width: 7.22714%; text-align: center;\" data-sheets-value=\"{&quot;1&quot;:2,&quot;2&quot;:&quot;x&quot;}\">x<\/td>\n<td style=\"width: 4.941%; text-align: center;\" data-sheets-value=\"{&quot;1&quot;:2,&quot;2&quot;:&quot;x&quot;}\">x<\/td>\n<td style=\"width: 9.58702%; text-align: center;\" data-sheets-value=\"{&quot;1&quot;:2,&quot;2&quot;:&quot;x&quot;}\">x<\/td>\n<td style=\"width: 13.171%; text-align: center;\" data-sheets-value=\"{&quot;1&quot;:2,&quot;2&quot;:&quot;DOCUMENT_SELL&quot;}\">DOCUMENT_SELL<\/td>\n<td style=\"width: 13.8202%; text-align: center;\" data-sheets-value=\"{&quot;1&quot;:2,&quot;2&quot;:&quot;Tarnitud ja arveldatud&quot;}\">Tarnitud ja arveldatud<\/td>\n<td style=\"width: 14.528%; text-align: center;\" data-sheets-value=\"{&quot;1&quot;:2,&quot;2&quot;:&quot;K\u00f5ik raamatupidamislikud dokumendid&quot;}\">K\u00f5ik raamatupidamislikud dokumendid<\/td>\n<td style=\"width: 27.2861%;\" data-sheets-value=\"{&quot;1&quot;:2,&quot;2&quot;:&quot;Olemasoleva m\u00fc\u00fcgiarve jaoks peab olema alusdokument. Samuti on v\u00f5imalik luua negatiivne arve algusest peale. Kreeditarve saad, kui vajutad nupule \\&quot;Kreeditarve\\&quot; mis tahes juba olemasolevatel m\u00fc\u00fcgidokumentidel&quot;}\">Olemasoleva m\u00fc\u00fcgiarve jaoks peab olema alusdokument. Samuti on v\u00f5imalik luua negatiivne arve algusest peale. Kreeditarve saad, kui vajutad nupule &#8220;Kreeditarve&#8221; mis tahes juba olemasolevatel m\u00fc\u00fcgidokumentidel<\/td>\n<\/tr>\n<\/tbody>\n<\/table>\n","protected":false},"excerpt":{"rendered":"<p>Dokumendi t\u00fc\u00fcbid ERPLY Booksis &nbsp; Kas on olemas vastav ostudokument? Muudab ladu Tekitab raamatupidamislikke kandeid Tegelik dokumendi t\u00fc\u00fcp API-s Kommentaar V\u00f5ib olla alusdokumendiks j\u00e4rgmistele dokumentidele M\u00e4rkused M\u00fc\u00fcgileping x DOCUMENT_SALES_CONTRACT K\u00f5ikidele See puudutab m\u00fc\u00fcgilepinguid. Saad j\u00e4lgida eeldatavaid ja tegelikke koguseid ning sel viisil k\u00e4sitleda osalisi lepinguid, n\u00e4ha lepingute kasumlikkust jne. Transpordi taotlus x DOCUMENT_TRANSPORT_REQUEST K\u00f5ikidele Veodokumendid [&hellip;]<\/p>\n","protected":false},"author":22,"featured_media":0,"parent":0,"menu_order":0,"comment_status":"closed","ping_status":"closed","template":"","meta":{"_et_pb_use_builder":"","_et_pb_old_content":"","_et_gb_content_width":"","footnotes":""},"categories":[452,454],"tags":[548,819],"class_list":["post-29209","page","type-page","status-publish","hentry","category-muuk","category-ost","tag-dokument","tag-tuubid"],"_links":{"self":[{"href":"https:\/\/www.erplybooks.com\/et\/wp-json\/wp\/v2\/pages\/29209","targetHints":{"allow":["GET"]}}],"collection":[{"href":"https:\/\/www.erplybooks.com\/et\/wp-json\/wp\/v2\/pages"}],"about":[{"href":"https:\/\/www.erplybooks.com\/et\/wp-json\/wp\/v2\/types\/page"}],"author":[{"embeddable":true,"href":"https:\/\/www.erplybooks.com\/et\/wp-json\/wp\/v2\/users\/22"}],"replies":[{"embeddable":true,"href":"https:\/\/www.erplybooks.com\/et\/wp-json\/wp\/v2\/comments?post=29209"}],"version-history":[{"count":0,"href":"https:\/\/www.erplybooks.com\/et\/wp-json\/wp\/v2\/pages\/29209\/revisions"}],"wp:attachment":[{"href":"https:\/\/www.erplybooks.com\/et\/wp-json\/wp\/v2\/media?parent=29209"}],"wp:term":[{"taxonomy":"category","embeddable":true,"href":"https:\/\/www.erplybooks.com\/et\/wp-json\/wp\/v2\/categories?post=29209"},{"taxonomy":"post_tag","embeddable":true,"href":"https:\/\/www.erplybooks.com\/et\/wp-json\/wp\/v2\/tags?post=29209"}],"curies":[{"name":"wp","href":"https:\/\/api.w.org\/{rel}","templated":true}]}}