{"id":29207,"date":"2022-11-14T14:35:54","date_gmt":"2022-11-14T14:35:54","guid":{"rendered":"https:\/\/www.erplybooks.com\/?page_id=29207"},"modified":"2023-07-13T07:29:16","modified_gmt":"2023-07-13T07:29:16","slug":"kuidas-kontrollida-ettemaksudega-seotud-vigu","status":"publish","type":"page","link":"https:\/\/www.erplybooks.com\/et\/juhendid\/kuidas-kontrollida-ettemaksudega-seotud-vigu\/","title":{"rendered":"Kuidas kontrollida ettemaksudega seotud vigu?"},"content":{"rendered":"<h1><span style=\"font-weight: 400;\">Kuidas kontrollida ettemaksudega seotud vigu?\u00a0<\/span><\/h1>\n<p>&nbsp;<\/p>\n<p><span style=\"font-weight: 400;\">Kui soovid n\u00e4ha aruandeid, mis n\u00e4itavad \u00e4ra ettemaksudega seotud tegevusi ja vigu, siis neid on v\u00f5imalik vaadata Aruandegeneraatori alt. <\/span><span style=\"font-weight: 400;\">Esmalt tuleb soovitud aruanded lisada salvestatud aruannete alla, et hiljem lihtsustada aruannete vaatamist.\u00a0<\/span><\/p>\n<ol>\n<li><span style=\"font-weight: 400;\">Selleks otsi pealehelt <\/span><b>\u2018\u2019Parameters for Report Generator Saved Reports\u2019\u2019<\/b><span style=\"font-weight: 400;\">\u00a0<\/span><\/li>\n<li style=\"font-weight: 400;\" aria-level=\"1\"><span style=\"font-weight: 400;\">Lisa sinna vastavad aruannete read vajutades \u2018\u2019<strong>Lisa<\/strong>\u2019\u2019 nuppu<\/span><\/li>\n<\/ol>\n<p>&nbsp;<\/p>\n<p><img loading=\"lazy\" decoding=\"async\" class=\"alignnone wp-image-29237 size-full\" src=\"https:\/\/www.erplybooks.com\/wp-content\/uploads\/2022\/11\/Screenshot-2022-11-17-at-10.08.47.png\" alt=\"\" width=\"1411\" height=\"396\" srcset=\"https:\/\/www.erplybooks.com\/wp-content\/uploads\/2022\/11\/Screenshot-2022-11-17-at-10.08.47.png 1411w, https:\/\/www.erplybooks.com\/wp-content\/uploads\/2022\/11\/Screenshot-2022-11-17-at-10.08.47-1280x359.png 1280w, https:\/\/www.erplybooks.com\/wp-content\/uploads\/2022\/11\/Screenshot-2022-11-17-at-10.08.47-980x275.png 980w, https:\/\/www.erplybooks.com\/wp-content\/uploads\/2022\/11\/Screenshot-2022-11-17-at-10.08.47-480x135.png 480w\" sizes=\"auto, (min-width: 0px) and (max-width: 480px) 480px, (min-width: 481px) and (max-width: 980px) 980px, (min-width: 981px) and (max-width: 1280px) 1280px, (min-width: 1281px) 1411px, 100vw\" \/><\/p>\n<p>&nbsp;<\/p>\n<p><span style=\"font-weight: 400;\">J\u00e4rgnevalt on toodud v\u00e4lja kolm aruannet, millega saab kontrollida ettemaksudega seotud vigu.<\/span><\/p>\n<p><b>1) Ettemaks kinnitatud staatuses ja ettemaksu kasutamine kustutatud<\/b><\/p>\n<ul>\n<li style=\"font-weight: 400;\" aria-level=\"1\"><b>Nimi<\/b><span style=\"font-weight: 400;\">: Ettemaks kinnitatud staatuses ja ettemaksu kasutamine kustutatud<\/span><\/li>\n<li style=\"font-weight: 400;\" aria-level=\"1\"><b>V\u00e4\u00e4rtus: <\/b><span style=\"font-weight: 400;\">{&#8220;parameters&#8221;:[{&#8220;rules&#8221;:[{&#8220;tableName&#8221;:&#8221;PAYMENT&#8221;,&#8221;fieldName&#8221;:&#8221;TYPE_CODE&#8221;,&#8221;referenceType&#8221;:&#8221;IN&#8221;,&#8221;value&#8221;:&#8221;INVOICE_PAYMENT_UNDEFINED&#8221;,&#8221;filterName&#8221;:&#8221;&#8221;}],&#8221;index&#8221;:0},{&#8220;rules&#8221;:[{&#8220;tableName&#8221;:&#8221;PAYMENT&#8221;,&#8221;fieldName&#8221;:&#8221;ENTITY_ID&#8221;,&#8221;referenceType&#8221;:&#8221;NOT_NULL&#8221;,&#8221;value&#8221;:&#8221;0&#8243;,&#8221;filterName&#8221;:&#8221;&#8221;}],&#8221;index&#8221;:1},{&#8220;rules&#8221;:[{&#8220;tableName&#8221;:&#8221;PAYMENT&#8221;,&#8221;fieldName&#8221;:&#8221;DEL_DATETIME&#8221;,&#8221;referenceType&#8221;:&#8221;IS_NULL&#8221;,&#8221;value&#8221;:null,&#8221;filterName&#8221;:&#8221;&#8221;}],&#8221;index&#8221;:2},{&#8220;rules&#8221;:[{&#8220;tableName&#8221;:&#8221;PAYMENT&#8221;,&#8221;fieldName&#8221;:&#8221;DOCUMENT_STATUS_TYPE_CODE&#8221;,&#8221;referenceType&#8221;:&#8221;IN&#8221;,&#8221;value&#8221;:&#8221;STATUS_CONFIRMED&#8221;,&#8221;filterName&#8221;:&#8221;&#8221;}],&#8221;index&#8221;:3},{&#8220;rules&#8221;:[{&#8220;tableName&#8221;:&#8221;PAYMENT&#8221;,&#8221;fieldName&#8221;:&#8221;SUM_MOVED&#8221;,&#8221;referenceType&#8221;:&#8221;MORE_THAN&#8221;,&#8221;value&#8221;:0,&#8221;filterName&#8221;:&#8221;&#8221;}],&#8221;index&#8221;:4},{&#8220;rules&#8221;:[{&#8220;tableName&#8221;:&#8221;PAYMENT&#8221;,&#8221;fieldName&#8221;:&#8221;PARENT_PAYMENT_SUM&#8221;,&#8221;referenceType&#8221;:&#8221;IN&#8221;,&#8221;value&#8221;:&#8221;0&#8243;,&#8221;filterName&#8221;:&#8221;&#8221;}],&#8221;index&#8221;:5}],&#8221;additionalColumns&#8221;:&#8221;&#8221;,&#8221;storeParameters&#8221;:&#8221;&#8221;,&#8221;outputLayout&#8221;:&#8221;&#8221;,&#8221;limit&#8221;:&#8221;&#8221;,&#8221;start&#8221;:&#8221;&#8221;,&#8221;summaryRowField&#8221;:&#8221;&#8221;,&#8221;groupByFinal&#8221;:&#8221;&#8221;,&#8221;organisationIds&#8221;:&#8221;&#8221;,&#8221;tables&#8221;:&#8221;PAYMENT&#8221;,&#8221;output&#8221;:&#8221;PAYMENT.ENTITY|PAYMENT.SUM_MOVED|PAYMENT.TYPE_CODE|PAYMENT.DATETIME|PAYMENT.DEL_DATETIME|PAYMENT.DEL_USER_ID&#8221;,&#8221;groupBy&#8221;:&#8221;&#8221;}<\/span><\/li>\n<li style=\"font-weight: 400;\" aria-level=\"1\"><b>T\u00fc\u00fcp<\/b><span style=\"font-weight: 400;\">: Arvete maksed\/laekumised<\/span><\/li>\n<li style=\"font-weight: 400;\" aria-level=\"1\"><span style=\"font-weight: 400;\">Salvesta lisatud rida\u00a0<\/span><\/li>\n<\/ul>\n<p><span style=\"font-weight: 400;\">Aruande n\u00e4gemiseks ava <\/span><b>Aruanded -&gt; Aruandegeneraator -&gt; Salvestatud aruanded<\/b><span style=\"font-weight: 400;\"> ja kliki soovitud aruandele.\u00a0<\/span><\/p>\n<p><span style=\"font-weight: 400;\">Avanenud aruanne n\u00e4eb v\u00e4lja j\u00e4rgnev:\u00a0<\/span><\/p>\n<p>&nbsp;<\/p>\n<p><img loading=\"lazy\" decoding=\"async\" class=\"alignnone wp-image-29243 size-full\" src=\"https:\/\/www.erplybooks.com\/wp-content\/uploads\/2022\/11\/image1-3.png\" alt=\"\" width=\"1999\" height=\"874\" srcset=\"https:\/\/www.erplybooks.com\/wp-content\/uploads\/2022\/11\/image1-3.png 1999w, https:\/\/www.erplybooks.com\/wp-content\/uploads\/2022\/11\/image1-3-1280x560.png 1280w, https:\/\/www.erplybooks.com\/wp-content\/uploads\/2022\/11\/image1-3-980x428.png 980w, https:\/\/www.erplybooks.com\/wp-content\/uploads\/2022\/11\/image1-3-480x210.png 480w\" sizes=\"auto, (min-width: 0px) and (max-width: 480px) 480px, (min-width: 481px) and (max-width: 980px) 980px, (min-width: 981px) and (max-width: 1280px) 1280px, (min-width: 1281px) 1999px, 100vw\" \/><\/p>\n<p>&nbsp;<\/p>\n<p>Soovitud aruande n\u00e4gemiseks tuleb vajutada kollast &#8221;<strong>Otsi<\/strong>&#8221; nuppu ning seej\u00e4rel kuvatakse alla tabelina vastav aruanne.<\/p>\n<p>&nbsp;<\/p>\n<p><b>2) Ettemaks kustutatud, aga ettemaksu kasutamine alles<\/b><b><\/b><\/p>\n<ul>\n<li style=\"font-weight: 400;\" aria-level=\"1\"><b>Nimi<\/b><span style=\"font-weight: 400;\">: Ettemaks kustutatud, aga ettemaksu kasutamine alles<\/span><\/li>\n<li style=\"font-weight: 400;\" aria-level=\"1\"><b>V\u00e4\u00e4rtus<\/b><span style=\"font-weight: 400;\">: {&#8220;parameters&#8221;:[{&#8220;rules&#8221;:[{&#8220;tableName&#8221;:&#8221;PAYMENT&#8221;,&#8221;fieldName&#8221;:&#8221;TYPE_CODE&#8221;,&#8221;referenceType&#8221;:&#8221;IN&#8221;,&#8221;value&#8221;:&#8221;INVOICE_PAYMENT&#8221;,&#8221;filterName&#8221;:&#8221;&#8221;}],&#8221;index&#8221;:0},{&#8220;rules&#8221;:[{&#8220;tableName&#8221;:&#8221;PAYMENT&#8221;,&#8221;fieldName&#8221;:&#8221;ENTITY_ID&#8221;,&#8221;referenceType&#8221;:&#8221;NOT_NULL&#8221;,&#8221;value&#8221;:&#8221;&#8221;,&#8221;filterName&#8221;:&#8221;&#8221;}],&#8221;index&#8221;:1},{&#8220;rules&#8221;:[{&#8220;tableName&#8221;:&#8221;PAYMENT&#8221;,&#8221;fieldName&#8221;:&#8221;DEL_DATETIME&#8221;,&#8221;referenceType&#8221;:&#8221;IS_NULL&#8221;,&#8221;value&#8221;:null,&#8221;filterName&#8221;:&#8221;&#8221;}],&#8221;index&#8221;:2},{&#8220;rules&#8221;:[{&#8220;tableName&#8221;:&#8221;PAYMENT&#8221;,&#8221;fieldName&#8221;:&#8221;DOCUMENT_STATUS_TYPE_CODE&#8221;,&#8221;referenceType&#8221;:&#8221;IN&#8221;,&#8221;value&#8221;:&#8221;STATUS_CONFIRMED&#8221;,&#8221;filterName&#8221;:&#8221;&#8221;}],&#8221;index&#8221;:3},{&#8220;rules&#8221;:[{&#8220;tableName&#8221;:&#8221;PAYMENT&#8221;,&#8221;fieldName&#8221;:&#8221;SUM_MOVED&#8221;,&#8221;referenceType&#8221;:&#8221;MORE_THAN&#8221;,&#8221;value&#8221;:0,&#8221;filterName&#8221;:&#8221;&#8221;}],&#8221;index&#8221;:4},{&#8220;rules&#8221;:[{&#8220;tableName&#8221;:&#8221;PAYMENT&#8221;,&#8221;fieldName&#8221;:&#8221;BASE_PAYMENT_SUM&#8221;,&#8221;referenceType&#8221;:&#8221;IN&#8221;,&#8221;value&#8221;:0,&#8221;filterName&#8221;:&#8221;&#8221;}],&#8221;index&#8221;:5},{&#8220;rules&#8221;:[{&#8220;tableName&#8221;:&#8221;PAYMENT&#8221;,&#8221;fieldName&#8221;:&#8221;ACCOUNT_ID&#8221;,&#8221;referenceType&#8221;:&#8221;IN&#8221;,&#8221;value&#8221;:&#8221;1587554&#8243;,&#8221;filterName&#8221;:&#8221;&#8221;}],&#8221;index&#8221;:6}],&#8221;additionalColumns&#8221;:&#8221;&#8221;,&#8221;columnPositionAndVisibilty&#8221;:[],&#8221;storeParameters&#8221;:&#8221;&#8221;,&#8221;outputLayout&#8221;:&#8221;&#8221;,&#8221;limit&#8221;:&#8221;&#8221;,&#8221;start&#8221;:&#8221;&#8221;,&#8221;summaryRowField&#8221;:&#8221;&#8221;,&#8221;groupByFinal&#8221;:&#8221;&#8221;,&#8221;organisationIds&#8221;:&#8221;&#8221;,&#8221;tables&#8221;:&#8221;PAYMENT&#8221;,&#8221;output&#8221;:&#8221;PAYMENT.SUM_MOVED|PAYMENT.TYPE_CODE|PAYMENT.DATETIME|PAYMENT.DEL_DATETIME|PAYMENT.DEL_USER_ID&#8221;,&#8221;groupBy&#8221;:&#8221;&#8221;}<\/span><\/li>\n<li style=\"font-weight: 400;\" aria-level=\"1\"><b>T\u00fc\u00fcp<\/b><span style=\"font-weight: 400;\">: Arvete maksmised\/laekumised<\/span><\/li>\n<li style=\"font-weight: 400;\" aria-level=\"1\"><span style=\"font-weight: 400;\">Salvesta<\/span><\/li>\n<\/ul>\n<p><span style=\"font-weight: 400;\">Aruandegeneraatoris n\u00e4eb aruanne v\u00e4lja nii:\u00a0<\/span><\/p>\n<p>&nbsp;<\/p>\n<p><img loading=\"lazy\" decoding=\"async\" class=\"alignnone wp-image-29249 size-full\" src=\"https:\/\/www.erplybooks.com\/wp-content\/uploads\/2022\/11\/image2-2.png\" alt=\"\" width=\"1999\" height=\"1074\" srcset=\"https:\/\/www.erplybooks.com\/wp-content\/uploads\/2022\/11\/image2-2.png 1999w, https:\/\/www.erplybooks.com\/wp-content\/uploads\/2022\/11\/image2-2-1280x688.png 1280w, https:\/\/www.erplybooks.com\/wp-content\/uploads\/2022\/11\/image2-2-980x527.png 980w, https:\/\/www.erplybooks.com\/wp-content\/uploads\/2022\/11\/image2-2-480x258.png 480w\" sizes=\"auto, (min-width: 0px) and (max-width: 480px) 480px, (min-width: 481px) and (max-width: 980px) 980px, (min-width: 981px) and (max-width: 1280px) 1280px, (min-width: 1281px) 1999px, 100vw\" \/><\/p>\n<p>&nbsp;<\/p>\n<p>Aruande n\u00e4gemiseks vajuta &#8221;<strong>Otsi<\/strong>&#8221; nuppu.<\/p>\n<p>&nbsp;<\/p>\n<p><b>3) Ettemaksukonto kasutatud kliendiga mitte seotud tegevustes<\/b><\/p>\n<ul>\n<li style=\"font-weight: 400;\" aria-level=\"1\"><b>Nimi<\/b><span style=\"font-weight: 400;\">: <\/span><span style=\"font-weight: 400;\">Ettemaksukonto kasutatud kliendiga mitte seotud tegevustes<\/span><\/li>\n<li style=\"font-weight: 400;\" aria-level=\"1\"><b>V\u00e4\u00e4rtus<\/b><span style=\"font-weight: 400;\">: {&#8220;parameters&#8221;:[{&#8220;rules&#8221;:[{&#8220;tableName&#8221;:&#8221;PAYMENT&#8221;,&#8221;fieldName&#8221;:&#8221;ACCOUNT_ID&#8221;,&#8221;referenceType&#8221;:&#8221;IN&#8221;,&#8221;value&#8221;:&#8221;4050465&#8243;,&#8221;filterName&#8221;:&#8221;&#8221;}],&#8221;index&#8221;:0},{&#8220;rules&#8221;:[{&#8220;tableName&#8221;:&#8221;PAYMENT&#8221;,&#8221;fieldName&#8221;:&#8221;ENTITY_ID&#8221;,&#8221;referenceType&#8221;:&#8221;IS_NULL&#8221;,&#8221;value&#8221;:&#8221;&#8221;,&#8221;filterName&#8221;:&#8221;&#8221;}],&#8221;index&#8221;:1}],&#8221;additionalColumns&#8221;:&#8221;&#8221;,&#8221;columnPositionAndVisibilty&#8221;:[],&#8221;storeParameters&#8221;:&#8221;&#8221;,&#8221;outputLayout&#8221;:&#8221;&#8221;,&#8221;limit&#8221;:&#8221;&#8221;,&#8221;start&#8221;:&#8221;&#8221;,&#8221;summaryRowField&#8221;:&#8221;&#8221;,&#8221;groupByFinal&#8221;:&#8221;&#8221;,&#8221;organisationIds&#8221;:&#8221;&#8221;,&#8221;tables&#8221;:&#8221;PAYMENT&#8221;,&#8221;output&#8221;:&#8221;PAYMENT.ACCOUNT_ID|PAYMENT.ENTITY_ID&#8221;,&#8221;groupBy&#8221;:&#8221;&#8221;}<\/span><\/li>\n<li style=\"font-weight: 400;\" aria-level=\"1\"><b>T\u00fc\u00fcp<\/b><span style=\"font-weight: 400;\">: Arvete maksmised\/laekumised<\/span><\/li>\n<li style=\"font-weight: 400;\" aria-level=\"1\"><span style=\"font-weight: 400;\">Salvesta<\/span><\/li>\n<\/ul>\n<p><span style=\"font-weight: 400;\">Aruanne n\u00e4eb Aruandegenraatoris v\u00e4lja j\u00e4rgnev:\u00a0<\/span><\/p>\n<p>&nbsp;<\/p>\n<p><img loading=\"lazy\" decoding=\"async\" class=\"alignnone wp-image-29261 size-full\" src=\"https:\/\/www.erplybooks.com\/wp-content\/uploads\/2022\/11\/image3.png\" alt=\"\" width=\"1999\" height=\"595\" srcset=\"https:\/\/www.erplybooks.com\/wp-content\/uploads\/2022\/11\/image3.png 1999w, https:\/\/www.erplybooks.com\/wp-content\/uploads\/2022\/11\/image3-1280x381.png 1280w, https:\/\/www.erplybooks.com\/wp-content\/uploads\/2022\/11\/image3-980x292.png 980w, https:\/\/www.erplybooks.com\/wp-content\/uploads\/2022\/11\/image3-480x143.png 480w\" sizes=\"auto, (min-width: 0px) and (max-width: 480px) 480px, (min-width: 481px) and (max-width: 980px) 980px, (min-width: 981px) and (max-width: 1280px) 1280px, (min-width: 1281px) 1999px, 100vw\" \/><\/p>\n<p>&nbsp;<\/p>\n<p>Aruande n\u00e4gemiseks vajuta &#8221;<strong>Otsi<\/strong>&#8221; nuppu.<\/p>\n<p>&nbsp;<\/p>\n","protected":false},"excerpt":{"rendered":"<p>Kuidas kontrollida ettemaksudega seotud vigu?\u00a0 &nbsp; Kui soovid n\u00e4ha aruandeid, mis n\u00e4itavad \u00e4ra ettemaksudega seotud tegevusi ja vigu, siis neid on v\u00f5imalik vaadata Aruandegeneraatori alt. Esmalt tuleb soovitud aruanded lisada salvestatud aruannete alla, et hiljem lihtsustada aruannete vaatamist.\u00a0 Selleks otsi pealehelt \u2018\u2019Parameters for Report Generator Saved Reports\u2019\u2019\u00a0 Lisa sinna vastavad aruannete read vajutades \u2018\u2019Lisa\u2019\u2019 nuppu [&hellip;]<\/p>\n","protected":false},"author":22,"featured_media":0,"parent":3312,"menu_order":0,"comment_status":"closed","ping_status":"closed","template":"","meta":{"_et_pb_use_builder":"","_et_pb_old_content":"","_et_gb_content_width":"","footnotes":""},"categories":[455],"tags":[703,707],"class_list":["post-29207","page","type-page","status-publish","hentry","category-maksed-ja-ettemaksed","tag-ettemaksud","tag-viga"],"_links":{"self":[{"href":"https:\/\/www.erplybooks.com\/et\/wp-json\/wp\/v2\/pages\/29207","targetHints":{"allow":["GET"]}}],"collection":[{"href":"https:\/\/www.erplybooks.com\/et\/wp-json\/wp\/v2\/pages"}],"about":[{"href":"https:\/\/www.erplybooks.com\/et\/wp-json\/wp\/v2\/types\/page"}],"author":[{"embeddable":true,"href":"https:\/\/www.erplybooks.com\/et\/wp-json\/wp\/v2\/users\/22"}],"replies":[{"embeddable":true,"href":"https:\/\/www.erplybooks.com\/et\/wp-json\/wp\/v2\/comments?post=29207"}],"version-history":[{"count":0,"href":"https:\/\/www.erplybooks.com\/et\/wp-json\/wp\/v2\/pages\/29207\/revisions"}],"up":[{"embeddable":true,"href":"https:\/\/www.erplybooks.com\/et\/wp-json\/wp\/v2\/pages\/3312"}],"wp:attachment":[{"href":"https:\/\/www.erplybooks.com\/et\/wp-json\/wp\/v2\/media?parent=29207"}],"wp:term":[{"taxonomy":"category","embeddable":true,"href":"https:\/\/www.erplybooks.com\/et\/wp-json\/wp\/v2\/categories?post=29207"},{"taxonomy":"post_tag","embeddable":true,"href":"https:\/\/www.erplybooks.com\/et\/wp-json\/wp\/v2\/tags?post=29207"}],"curies":[{"name":"wp","href":"https:\/\/api.w.org\/{rel}","templated":true}]}}