{"id":29146,"date":"2022-11-02T12:08:01","date_gmt":"2022-11-02T12:08:01","guid":{"rendered":"https:\/\/www.erplybooks.com\/?page_id=29146"},"modified":"2023-07-06T06:54:37","modified_gmt":"2023-07-06T06:54:37","slug":"veateadete-haldamine-erply-lao-sunkroniseerimisel","status":"publish","type":"page","link":"https:\/\/www.erplybooks.com\/et\/juhendid\/veateadete-haldamine-erply-lao-sunkroniseerimisel\/","title":{"rendered":"Veateadete haldamine Erply lao s\u00fcnkroniseerimisel"},"content":{"rendered":"<h1>Veateadete haldamine Erply lao s\u00fcnkroniseerimisel<\/h1>\n<p>&nbsp;<\/p>\n<p>Erply lao s\u00fcnkroniseerimine ERPLY Booksis toimub sellest kuup\u00e4evast, mis on kasutajaliideses m\u00e4\u00e4ratud (automaatne s\u00fcnkroniseerimine v\u00f5tab s\u00fcnkroniseerimise tegemise hetke kuup\u00e4eva &#8211; s\u00fcsteem salvestab viimast s\u00fcnkimise hetke). S\u00fcsteem uuendab ise kuup\u00e4eva peale \u00f5nnestunud s\u00fcnkimist. \u00d5nnestunud s\u00fcnkroniseerimine toimub, kui see j\u00f5uab algusest l\u00f5puni olenemata, kas mingite arvetega esines t\u00f5rkeid.<\/p>\n<p>&nbsp;<\/p>\n<h2>Kuidas seadistada, et emailile j\u00f5uaksid ainult t\u00e4htsad veateated?<\/h2>\n<p>&nbsp;<\/p>\n<p>Vaikimisi saadetakse k\u00f5ik veateated, mis tulevad Erplyst s\u00fcnkroniseerimisel, emailile ning veateated ei s\u00f5ltu sellest, kas muudatused on raamatupidamist m\u00f5jutavad v\u00f5i mitte.<\/p>\n<p>Raamatupidamist ei m\u00f5juta n\u00e4iteks see kui muuta ostuarve kirjeldust kui ostuarve on lukustatud perioodis. K\u00fcll aga m\u00f5jutab raamatupidamist see kui lukustatud perioodis muudetakse laos ostuarvel hinda ja selle t\u00f5ttu muutub arve summa v\u00f5i n\u00e4iteks muudetakse arve kuup\u00e4eva.<\/p>\n<p>Kui soovid n\u00e4ha ainult sisulisi veateateid (mis m\u00f5jutavad raamatupidamist), siis tuleb lisada Erply s\u00fcngi parameetrite alla vastavad reeglid. Ava pealehel otsingukastist \u2018<strong>\u2019M\u00e4\u00e4ra parameetrid ERPLY s\u00fcnk jaoks\u2019\u2019.<\/strong><\/p>\n<p>\u00dcldine loogika reeglite lisamisel:<\/p>\n<ul>\n<li><strong>Nimi<\/strong> = GLOBAL_EXCLUDE_SYNC_ITEM<br \/>\n<strong>V\u00e4\u00e4rtus<\/strong> = siia veergu l\u00e4heb kirjeldus, millist veateadet v\u00e4listame, kui pole sisulist muudatust<\/li>\n<\/ul>\n<p>Kui tahad n\u00e4iteks v\u00e4listada lukustatud objektide ja perioodide veateateid, siis tuleb lisada neli rida. Lisades need neli reeglit ei tule nende kohta emailile veateateid ja emailile saadetakse veateade vaid siis kui need m\u00f5jutavad raamatupidamislikku infot.<\/p>\n<p>1.<\/p>\n<p><b>Reegel<\/b><span style=\"font-weight: 400;\">: GLOBAL_EXCLUDE_SYNC_ITEM<\/span><\/p>\n<p><b>Value<\/b><span style=\"font-weight: 400;\">: ATTRIBUTE_GLOBAL_LOCKED<\/span><\/p>\n<p>2.<\/p>\n<p><b>Reegel<\/b><span style=\"font-weight: 400;\">: GLOBAL_EXCLUDE_SYNC_ITEM<\/span><\/p>\n<p><b>Value<\/b><span style=\"font-weight: 400;\">: error_period_locked<\/span><\/p>\n<p>3.<\/p>\n<p><b>Reegel<\/b><span style=\"font-weight: 400;\">: GLOBAL_EXCLUDE_SYNC_ITEM<\/span><\/p>\n<p><b>Value<\/b><span style=\"font-weight: 400;\">: Periood on lukus, ei saa operatsiooni l\u00e4bi viia<\/span><\/p>\n<p>4.<\/p>\n<p><b>Reegel<\/b><span style=\"font-weight: 400;\">: GLOBAL_EXCLUDE_SYNC_ITEM<\/span><\/p>\n<p><b>Value<\/b><span style=\"font-weight: 400;\">: Objekt on lukus, enne j\u00e4tkamist peate luku maha v\u00f5tma<\/span><\/p>\n<p>&nbsp;<\/p>\n<p><img loading=\"lazy\" decoding=\"async\" class=\"alignnone wp-image-29147 size-full\" src=\"https:\/\/www.erplybooks.com\/wp-content\/uploads\/2022\/11\/Screenshot-2022-10-27-at-12.37.50.png\" alt=\"\" width=\"557\" height=\"246\" srcset=\"https:\/\/www.erplybooks.com\/wp-content\/uploads\/2022\/11\/Screenshot-2022-10-27-at-12.37.50.png 557w, https:\/\/www.erplybooks.com\/wp-content\/uploads\/2022\/11\/Screenshot-2022-10-27-at-12.37.50-480x212.png 480w\" sizes=\"auto, (min-width: 0px) and (max-width: 480px) 480px, (min-width: 481px) 557px, 100vw\" \/><\/p>\n<p>&nbsp;<\/p>\n<p>Kui reeglid on lisatud vajuta \u2018\u2019<strong>Salvesta<\/strong>\u2019\u2019 ja muudatuste rakendumiseks logi kontolt v\u00e4lja ja sisse.<\/p>\n","protected":false},"excerpt":{"rendered":"<p>Veateadete haldamine Erply lao s\u00fcnkroniseerimisel &nbsp; Erply lao s\u00fcnkroniseerimine ERPLY Booksis toimub sellest kuup\u00e4evast, mis on kasutajaliideses m\u00e4\u00e4ratud (automaatne s\u00fcnkroniseerimine v\u00f5tab s\u00fcnkroniseerimise tegemise hetke kuup\u00e4eva &#8211; s\u00fcsteem salvestab viimast s\u00fcnkimise hetke). S\u00fcsteem uuendab ise kuup\u00e4eva peale \u00f5nnestunud s\u00fcnkimist. \u00d5nnestunud s\u00fcnkroniseerimine toimub, kui see j\u00f5uab algusest l\u00f5puni olenemata, kas mingite arvetega esines t\u00f5rkeid. &nbsp; Kuidas seadistada, [&hellip;]<\/p>\n","protected":false},"author":22,"featured_media":0,"parent":3312,"menu_order":0,"comment_status":"closed","ping_status":"closed","template":"","meta":{"_et_pb_use_builder":"","_et_pb_old_content":"","_et_gb_content_width":"","footnotes":""},"categories":[449],"tags":[541,113,786,942,707],"class_list":["post-29146","page","type-page","status-publish","hentry","category-juhendid","tag-haldamine","tag-ladu","tag-sunkroniseerimine","tag-teade","tag-viga"],"_links":{"self":[{"href":"https:\/\/www.erplybooks.com\/et\/wp-json\/wp\/v2\/pages\/29146","targetHints":{"allow":["GET"]}}],"collection":[{"href":"https:\/\/www.erplybooks.com\/et\/wp-json\/wp\/v2\/pages"}],"about":[{"href":"https:\/\/www.erplybooks.com\/et\/wp-json\/wp\/v2\/types\/page"}],"author":[{"embeddable":true,"href":"https:\/\/www.erplybooks.com\/et\/wp-json\/wp\/v2\/users\/22"}],"replies":[{"embeddable":true,"href":"https:\/\/www.erplybooks.com\/et\/wp-json\/wp\/v2\/comments?post=29146"}],"version-history":[{"count":0,"href":"https:\/\/www.erplybooks.com\/et\/wp-json\/wp\/v2\/pages\/29146\/revisions"}],"up":[{"embeddable":true,"href":"https:\/\/www.erplybooks.com\/et\/wp-json\/wp\/v2\/pages\/3312"}],"wp:attachment":[{"href":"https:\/\/www.erplybooks.com\/et\/wp-json\/wp\/v2\/media?parent=29146"}],"wp:term":[{"taxonomy":"category","embeddable":true,"href":"https:\/\/www.erplybooks.com\/et\/wp-json\/wp\/v2\/categories?post=29146"},{"taxonomy":"post_tag","embeddable":true,"href":"https:\/\/www.erplybooks.com\/et\/wp-json\/wp\/v2\/tags?post=29146"}],"curies":[{"name":"wp","href":"https:\/\/api.w.org\/{rel}","templated":true}]}}