{"id":29077,"date":"2022-10-31T13:01:10","date_gmt":"2022-10-31T13:01:10","guid":{"rendered":"https:\/\/www.erplybooks.com\/?page_id=29077"},"modified":"2023-07-04T10:48:14","modified_gmt":"2023-07-04T10:48:14","slug":"kontoplaani-muudatused","status":"publish","type":"page","link":"https:\/\/www.erplybooks.com\/et\/juhendid\/kontoplaani-muudatused\/","title":{"rendered":"Kontoplaani muudatused"},"content":{"rendered":"<h1><span style=\"font-weight: 400;\">Raamatupidamiskontode muudatused<\/span><\/h1>\n<p>&nbsp;<\/p>\n<p><span style=\"font-weight: 400;\">ERPLY Booksis on v\u00f5imalik lisada uusi raamatupidamiskontosid, muuta olemasolevate nime, muuta kontod mitteaktiivseks v\u00f5i need \u00fcldse lukustada. Need protsessid on k\u00e4esolevas juhendis kirjeldatud.\u00a0<\/span><\/p>\n<p>&nbsp;<\/p>\n<h2><span style=\"font-weight: 400;\">Uue konto lisamine kontoplaani<\/span><\/h2>\n<p>&nbsp;<\/p>\n<p><span style=\"font-weight: 400;\">Kontoplaani saad n\u00e4ha kui avad pealehelt men\u00fc\u00fcst <\/span><b>RMP -&gt; Kontoplaan<\/b><span style=\"font-weight: 400;\">. Avanenud moodulis on n\u00e4htavad k\u00f5ik raamatupidamiskontod. Kui soovid lisada uut kontot, siis saad seda teha vajutades paremal all olevale <\/span><b>\u2018\u2019+\u2019\u2019<\/b><span style=\"font-weight: 400;\"> ikoonile:\u00a0<\/span><\/p>\n<p>&nbsp;<\/p>\n<p><img loading=\"lazy\" decoding=\"async\" class=\"alignnone wp-image-29090 size-full\" src=\"https:\/\/www.erplybooks.com\/wp-content\/uploads\/2022\/10\/image8.png\" alt=\"\" width=\"1999\" height=\"364\" srcset=\"https:\/\/www.erplybooks.com\/wp-content\/uploads\/2022\/10\/image8.png 1999w, https:\/\/www.erplybooks.com\/wp-content\/uploads\/2022\/10\/image8-1280x233.png 1280w, https:\/\/www.erplybooks.com\/wp-content\/uploads\/2022\/10\/image8-980x178.png 980w, https:\/\/www.erplybooks.com\/wp-content\/uploads\/2022\/10\/image8-480x87.png 480w\" sizes=\"auto, (min-width: 0px) and (max-width: 480px) 480px, (min-width: 481px) and (max-width: 980px) 980px, (min-width: 981px) and (max-width: 1280px) 1280px, (min-width: 1281px) 1999px, 100vw\" \/><\/p>\n<p>&nbsp;<\/p>\n<p><span style=\"font-weight: 400;\">Avaneb aken, kus tuleb t\u00e4ita uue konto info (konto number, nimi, t\u00fc\u00fcp jne):\u00a0<\/span><\/p>\n<p>&nbsp;<\/p>\n<p><img loading=\"lazy\" decoding=\"async\" class=\"alignnone wp-image-29084 \" src=\"https:\/\/www.erplybooks.com\/wp-content\/uploads\/2022\/10\/image9-e1667219708835.png\" alt=\"\" width=\"291\" height=\"340\" \/><\/p>\n<p>&nbsp;<\/p>\n<p><span style=\"font-weight: 400;\">Kui v\u00e4ljad on t\u00e4idetud, siis vajuta\u00a0 <img loading=\"lazy\" decoding=\"async\" class=\"alignnone wp-image-29108 \" src=\"https:\/\/www.erplybooks.com\/wp-content\/uploads\/2022\/10\/image5-3.png\" alt=\"\" width=\"88\" height=\"26\" \/>\u00a0<\/span><span style=\"font-weight: 400;\"> nuppu ja v\u00e4rskenda lehte.\u00a0<\/span><\/p>\n<p><span style=\"font-weight: 400;\">Juhul, kui teed uue konto ning s\u00fcsteem ei salvesta seda uut kontot \u00e4ra, siis p\u00f5hjus v\u00f5ib olla selles, et uue konto loomisel on valitud ebasobivad t\u00fc\u00fcbid (n\u00e4iteks bilansi t\u00fc\u00fcp v\u00f5i kasumiaruande t\u00fc\u00fcp).\u00a0<\/span><\/p>\n<p>&nbsp;<\/p>\n<h2><span style=\"font-weight: 400;\">Olemasoleva konto nime muutmine\u00a0<\/span><\/h2>\n<p>&nbsp;<\/p>\n<p><span style=\"font-weight: 400;\">Kontoplaanis oleva konto nime muutmine k\u00e4ib samas kohast, kus uue konto lisamine (<\/span><b>RMP -&gt; Kontoplaan<\/b><span style=\"font-weight: 400;\">). Kui soovid muuta olemasoleva konto nime tuleb selleks teha konto nime peal topeltkl\u00f5ps.\u00a0<\/span><\/p>\n<p><span style=\"font-weight: 400;\">Muuda nimi ja seej\u00e4rel salvesta muudatused.<\/span><\/p>\n<p>&nbsp;<\/p>\n<h2><span style=\"font-weight: 400;\">Kontode mitteaktiivseks muutmine\u00a0<\/span><\/h2>\n<p>&nbsp;<\/p>\n<p><span style=\"font-weight: 400;\">Konto mitteaktiivseks muutmisel tuleks enne kontrollida kas antud konto on kasutusel s\u00fcsteemikontode (<\/span><b>S\u00e4tted -&gt; Algandmed -&gt; S\u00fcsteemikontod<\/b><span style=\"font-weight: 400;\">) all v\u00f5i kusagil mujal. Juhul, kui see konto on kusagil mujal kasutusel, tuleks enne selle asemele m\u00e4\u00e4rata teine konto ning alles siis on v\u00f5imalik soovitud konto mitteaktiivseks teha.\u00a0<\/span><\/p>\n<p><span style=\"font-weight: 400;\">Kui soovid raamatupidamiskontosid mitteaktiivseks muuta, siis seda saad teha samuti kontoplaani alt (<\/span><b>RMP -&gt; Kontoplaan<\/b><span style=\"font-weight: 400;\">).\u00a0<\/span><\/p>\n<ol>\n<li><span style=\"font-weight: 400;\">Tee linnuke vastava konto <\/span><b>\u2018\u2019Mitteaktiivne?\u2019\u2019<\/b><span style=\"font-weight: 400;\"> lahtrisse<\/span><\/li>\n<li style=\"font-weight: 400;\" aria-level=\"1\"><span style=\"font-weight: 400;\">Salvesta muudatused<\/span><\/li>\n<\/ol>\n<p>&nbsp;<\/p>\n<p><img loading=\"lazy\" decoding=\"async\" class=\"alignnone wp-image-29126 size-full\" src=\"https:\/\/www.erplybooks.com\/wp-content\/uploads\/2022\/10\/image2-6.png\" alt=\"\" width=\"1999\" height=\"648\" srcset=\"https:\/\/www.erplybooks.com\/wp-content\/uploads\/2022\/10\/image2-6.png 1999w, https:\/\/www.erplybooks.com\/wp-content\/uploads\/2022\/10\/image2-6-1280x415.png 1280w, https:\/\/www.erplybooks.com\/wp-content\/uploads\/2022\/10\/image2-6-980x318.png 980w, https:\/\/www.erplybooks.com\/wp-content\/uploads\/2022\/10\/image2-6-480x156.png 480w\" sizes=\"auto, (min-width: 0px) and (max-width: 480px) 480px, (min-width: 481px) and (max-width: 980px) 980px, (min-width: 981px) and (max-width: 1280px) 1280px, (min-width: 1281px) 1999px, 100vw\" \/><\/p>\n<p>&nbsp;<\/p>\n<h2><span style=\"font-weight: 400;\">Kontode lukustamine<\/span><\/h2>\n<p>&nbsp;<\/p>\n<p><span style=\"font-weight: 400;\">Raamatupidamiskontode lukustamiseks tuleb esmalt avada kontoplaan. J\u00e4rgnevad sammud s\u00f5ltuvad sellest, kas soovid lukustada k\u00f5ik raamatupidamiskontod v\u00f5i \u00fche.\u00a0<\/span><\/p>\n<p><span style=\"font-weight: 400;\">1. Kui soovid lukustada \u00fchte raamatupidamiskontot, siis tuleb m\u00e4\u00e4rata <\/span><b>\u2018\u2019Periood lukustatud kuni\u2019\u2019<\/b><span style=\"font-weight: 400;\"> veergu soovitud lukustamise kuup\u00e4ev. Lahtri saad aktiivseks teha topeltkl\u00f5psuga. Kuup\u00e4eva saad valida kui vajutad kalendri ikoonile.\u00a0<\/span><\/p>\n<p>&nbsp;<\/p>\n<p><img loading=\"lazy\" decoding=\"async\" class=\"alignnone wp-image-29114 size-full\" src=\"https:\/\/www.erplybooks.com\/wp-content\/uploads\/2022\/10\/image4-4.png\" alt=\"\" width=\"1999\" height=\"490\" srcset=\"https:\/\/www.erplybooks.com\/wp-content\/uploads\/2022\/10\/image4-4.png 1999w, https:\/\/www.erplybooks.com\/wp-content\/uploads\/2022\/10\/image4-4-1280x314.png 1280w, https:\/\/www.erplybooks.com\/wp-content\/uploads\/2022\/10\/image4-4-980x240.png 980w, https:\/\/www.erplybooks.com\/wp-content\/uploads\/2022\/10\/image4-4-480x118.png 480w\" sizes=\"auto, (min-width: 0px) and (max-width: 480px) 480px, (min-width: 481px) and (max-width: 980px) 980px, (min-width: 981px) and (max-width: 1280px) 1280px, (min-width: 1281px) 1999px, 100vw\" \/><\/p>\n<p>&nbsp;<\/p>\n<p><span style=\"font-weight: 400;\">Kui kuup\u00e4ev valitud, siis vajuta all paremal rohelist salvestamise nuppu.<\/span><\/p>\n<p><span style=\"font-weight: 400;\">2. K\u00f5ikide kontode lukustamiseks vali all paremal sinine \u2018\u2019<\/span><b>Lukusta\u2019\u2019 <\/b><span style=\"font-weight: 400;\">nupp.\u00a0<\/span><\/p>\n<p>&nbsp;<\/p>\n<p><img loading=\"lazy\" decoding=\"async\" class=\"alignnone wp-image-29102 size-full\" src=\"https:\/\/www.erplybooks.com\/wp-content\/uploads\/2022\/10\/image6-3.png\" alt=\"\" width=\"1999\" height=\"498\" srcset=\"https:\/\/www.erplybooks.com\/wp-content\/uploads\/2022\/10\/image6-3.png 1999w, https:\/\/www.erplybooks.com\/wp-content\/uploads\/2022\/10\/image6-3-1280x319.png 1280w, https:\/\/www.erplybooks.com\/wp-content\/uploads\/2022\/10\/image6-3-980x244.png 980w, https:\/\/www.erplybooks.com\/wp-content\/uploads\/2022\/10\/image6-3-480x120.png 480w\" sizes=\"auto, (min-width: 0px) and (max-width: 480px) 480px, (min-width: 481px) and (max-width: 980px) 980px, (min-width: 981px) and (max-width: 1280px) 1280px, (min-width: 1281px) 1999px, 100vw\" \/><\/p>\n<p>&nbsp;<\/p>\n<p><span style=\"font-weight: 400;\">Avanenud aknas vali kuup\u00e4ev, mis seisuga soovid kontod lukustada ja vajuta <\/span><b>kollast \u2018\u2019Lukusta\u2019\u2019 <\/b><span style=\"font-weight: 400;\">nuppu.\u00a0<\/span><\/p>\n<p>&nbsp;<\/p>\n<p><img loading=\"lazy\" decoding=\"async\" class=\"alignnone wp-image-29132 \" src=\"https:\/\/www.erplybooks.com\/wp-content\/uploads\/2022\/10\/image1-7.png\" alt=\"\" width=\"382\" height=\"145\" \/><\/p>\n<p>&nbsp;<\/p>\n<p><span style=\"font-weight: 400;\">Seej\u00e4rel v\u00e4rskenda lehte ning n\u00fc\u00fcd n\u00e4ed kontoplaanis, et<\/span><b> \u2018\u2019Periood lukustatud kuni\u2019\u2019<\/b><span style=\"font-weight: 400;\"> on kuvatud see kuup\u00e4ev, mis kuup\u00e4eva lahtris m\u00e4\u00e4rasid.\u00a0<\/span><\/p>\n<p>&nbsp;<\/p>\n<p><img loading=\"lazy\" decoding=\"async\" class=\"alignnone wp-image-29120 size-full\" src=\"https:\/\/www.erplybooks.com\/wp-content\/uploads\/2022\/10\/image3-4.png\" alt=\"\" width=\"1999\" height=\"204\" srcset=\"https:\/\/www.erplybooks.com\/wp-content\/uploads\/2022\/10\/image3-4.png 1999w, https:\/\/www.erplybooks.com\/wp-content\/uploads\/2022\/10\/image3-4-1280x131.png 1280w, https:\/\/www.erplybooks.com\/wp-content\/uploads\/2022\/10\/image3-4-980x100.png 980w, https:\/\/www.erplybooks.com\/wp-content\/uploads\/2022\/10\/image3-4-480x49.png 480w\" sizes=\"auto, (min-width: 0px) and (max-width: 480px) 480px, (min-width: 481px) and (max-width: 980px) 980px, (min-width: 981px) and (max-width: 1280px) 1280px, (min-width: 1281px) 1999px, 100vw\" \/><\/p>\n<p>&nbsp;<\/p>\n<h2><span style=\"font-weight: 400;\">Kontode kustutamine<\/span><\/h2>\n<p>&nbsp;<\/p>\n<p><span style=\"font-weight: 400;\">Kontode kustutamisel tuleb silmas pidada, et kustutada on v\u00f5imalik ainult neid kontosid, mis pole kusagil mujal kasutuses (nt s\u00fcsteemikontodes). Juhul, kui konto on kasutusel, siis on soovitatav muuta konto mitteaktiivseks. Mitteaktiivseks muutmise etapid on kirjeldatud \u00fcleval pool.\u00a0<\/span><\/p>\n<p><span style=\"font-weight: 400;\">Raamatupidamiskontode kustutamiseks tuleb esmalt minna kontoplaani (<\/span><b>RMP -&gt; Kontoplaan<\/b><span style=\"font-weight: 400;\">).\u00a0<\/span><\/p>\n<p>&nbsp;<\/p>\n<ol>\n<li style=\"font-weight: 400;\" aria-level=\"1\"><span style=\"font-weight: 400;\">Vali konto (tee nime kast siniseks)\u00a0<\/span><\/li>\n<li style=\"font-weight: 400;\" aria-level=\"1\"><span style=\"font-weight: 400;\">All men\u00fc\u00fcst vali punane pr\u00fcgikasti m\u00e4rk<\/span><\/li>\n<\/ol>\n<p>&nbsp;<\/p>\n<p><img loading=\"lazy\" decoding=\"async\" class=\"alignnone wp-image-29078 size-full\" src=\"https:\/\/www.erplybooks.com\/wp-content\/uploads\/2022\/10\/image10.png\" alt=\"\" width=\"1999\" height=\"501\" srcset=\"https:\/\/www.erplybooks.com\/wp-content\/uploads\/2022\/10\/image10.png 1999w, https:\/\/www.erplybooks.com\/wp-content\/uploads\/2022\/10\/image10-1280x321.png 1280w, https:\/\/www.erplybooks.com\/wp-content\/uploads\/2022\/10\/image10-980x246.png 980w, https:\/\/www.erplybooks.com\/wp-content\/uploads\/2022\/10\/image10-480x120.png 480w\" sizes=\"auto, (min-width: 0px) and (max-width: 480px) 480px, (min-width: 481px) and (max-width: 980px) 980px, (min-width: 981px) and (max-width: 1280px) 1280px, (min-width: 1281px) 1999px, 100vw\" \/><\/p>\n<p>&nbsp;<\/p>\n<p><span style=\"font-weight: 400;\">Avaneb aken, kus tuleb konto kustutamine kinnitada:<\/span><\/p>\n<p>&nbsp;<\/p>\n<p><img loading=\"lazy\" decoding=\"async\" class=\"alignnone wp-image-29096 \" src=\"https:\/\/www.erplybooks.com\/wp-content\/uploads\/2022\/10\/image7-3.png\" alt=\"\" width=\"325\" height=\"143\" \/><\/p>\n","protected":false},"excerpt":{"rendered":"<p>Raamatupidamiskontode muudatused &nbsp; ERPLY Booksis on v\u00f5imalik lisada uusi raamatupidamiskontosid, muuta olemasolevate nime, muuta kontod mitteaktiivseks v\u00f5i need \u00fcldse lukustada. Need protsessid on k\u00e4esolevas juhendis kirjeldatud.\u00a0 &nbsp; Uue konto lisamine kontoplaani &nbsp; Kontoplaani saad n\u00e4ha kui avad pealehelt men\u00fc\u00fcst RMP -&gt; Kontoplaan. Avanenud moodulis on n\u00e4htavad k\u00f5ik raamatupidamiskontod. Kui soovid lisada uut kontot, siis saad [&hellip;]<\/p>\n","protected":false},"author":22,"featured_media":0,"parent":3312,"menu_order":0,"comment_status":"closed","ping_status":"closed","template":"","meta":{"_et_pb_use_builder":"","_et_pb_old_content":"","_et_gb_content_width":"","footnotes":""},"categories":[450],"tags":[542,103],"class_list":["post-29077","page","type-page","status-publish","hentry","category-seadistused","tag-konto","tag-kontoplaan"],"_links":{"self":[{"href":"https:\/\/www.erplybooks.com\/et\/wp-json\/wp\/v2\/pages\/29077","targetHints":{"allow":["GET"]}}],"collection":[{"href":"https:\/\/www.erplybooks.com\/et\/wp-json\/wp\/v2\/pages"}],"about":[{"href":"https:\/\/www.erplybooks.com\/et\/wp-json\/wp\/v2\/types\/page"}],"author":[{"embeddable":true,"href":"https:\/\/www.erplybooks.com\/et\/wp-json\/wp\/v2\/users\/22"}],"replies":[{"embeddable":true,"href":"https:\/\/www.erplybooks.com\/et\/wp-json\/wp\/v2\/comments?post=29077"}],"version-history":[{"count":0,"href":"https:\/\/www.erplybooks.com\/et\/wp-json\/wp\/v2\/pages\/29077\/revisions"}],"up":[{"embeddable":true,"href":"https:\/\/www.erplybooks.com\/et\/wp-json\/wp\/v2\/pages\/3312"}],"wp:attachment":[{"href":"https:\/\/www.erplybooks.com\/et\/wp-json\/wp\/v2\/media?parent=29077"}],"wp:term":[{"taxonomy":"category","embeddable":true,"href":"https:\/\/www.erplybooks.com\/et\/wp-json\/wp\/v2\/categories?post=29077"},{"taxonomy":"post_tag","embeddable":true,"href":"https:\/\/www.erplybooks.com\/et\/wp-json\/wp\/v2\/tags?post=29077"}],"curies":[{"name":"wp","href":"https:\/\/api.w.org\/{rel}","templated":true}]}}