{"id":29037,"date":"2022-10-25T21:57:06","date_gmt":"2022-10-25T21:57:06","guid":{"rendered":"https:\/\/www.erplybooks.com\/?page_id=29037"},"modified":"2023-08-18T05:53:17","modified_gmt":"2023-08-18T05:53:17","slug":"investeerimisettevottele","status":"publish","type":"page","link":"https:\/\/www.erplybooks.com\/et\/investeerimisettevottele\/","title":{"rendered":"Tarkvara investeerimisettev\u00f5ttele"},"content":{"rendered":"<h2><img loading=\"lazy\" decoding=\"async\" class=\"alignnone size-full wp-image-29038\" src=\"https:\/\/www.erplybooks.com\/wp-content\/uploads\/2022\/10\/Untitled-design-5.jpg\" alt=\"\" width=\"1640\" height=\"250\" srcset=\"https:\/\/www.erplybooks.com\/wp-content\/uploads\/2022\/10\/Untitled-design-5.jpg 1640w, https:\/\/www.erplybooks.com\/wp-content\/uploads\/2022\/10\/Untitled-design-5-1280x195.jpg 1280w, https:\/\/www.erplybooks.com\/wp-content\/uploads\/2022\/10\/Untitled-design-5-980x149.jpg 980w, https:\/\/www.erplybooks.com\/wp-content\/uploads\/2022\/10\/Untitled-design-5-480x73.jpg 480w\" sizes=\"auto, (min-width: 0px) and (max-width: 480px) 480px, (min-width: 481px) and (max-width: 980px) 980px, (min-width: 981px) and (max-width: 1280px) 1280px, (min-width: 1281px) 1640px, 100vw\" \/><\/h2>\n<h2 style=\"text-align: center;\"><b>Kuidas t\u00f6\u00f6tab ERPLY Booksi tarkvara investeerimisettev\u00f5tte kasuks k\u00f5ige h\u00f5lpsamini?<\/b><\/h2>\n<p>&nbsp;<\/p>\n<p><span style=\"font-weight: 400;\">Investeerimisvaldkond on kiiresti muutuv, mis t\u00e4hendab, et selles ja sellega t\u00f6\u00f6tavad inimesed peavad olema pidevas arengus. T\u00e4pselt nii nagu on seda ERPLY Booksi raamatupidamistarkvara. Investeerimine v\u00f5imaldab olla pidevalt suurenevast inflatsioonist \u00fcle ning raha v\u00e4\u00e4rtust hoopis suurendada, mis t\u00e4hendab, et inimese\/ettev\u00f5tte ostuj\u00f5ud ei v\u00e4hene. Investeerimisettev\u00f5tte raamatupidaja peab omama teadmisi ning orienteeruma selles mitmek\u00fclgses muutuvas investeeringute maailmas. ERPLY Books saab tulla investeeringute raamatupidajale appi ning aidata niigi keerulist paberimajandust veidi lihtsamini lahendada.<\/span><\/p>\n<table style=\"height: 472px; width: 1111px;\">\n<tbody>\n<tr style=\"height: 121px;\">\n<td style=\"width: 352.65625px; height: 19px;\">\n<p style=\"text-align: center;\"><img loading=\"lazy\" decoding=\"async\" class=\"alignnone size-full wp-image-33344\" src=\"https:\/\/www.erplybooks.com\/wp-content\/uploads\/2023\/08\/Suhtarvud-e1691674070764.png\" alt=\"\" width=\"185\" height=\"185\" \/><\/p>\n<p style=\"text-align: center;\"><strong>J\u00e4lgi ligi 50 erinevat suhtarvu<\/strong><\/p>\n<p><span style=\"font-weight: 400;\">Vastavalt soovile saab graafikutele lisada nt p\u00f5hilisemaid finantssuhtarve:<\/span><\/p>\n<ul>\n<li style=\"font-weight: 400;\" aria-level=\"1\"><span style=\"font-weight: 400;\">ROE; ROA; ROR<\/span><\/li>\n<li style=\"font-weight: 400;\" aria-level=\"1\"><span style=\"font-weight: 400;\">Likviidsuse suhtarvud<\/span><\/li>\n<li style=\"font-weight: 400;\" aria-level=\"1\"><span style=\"font-weight: 400;\">Pankroti suhtarvud<\/span><\/li>\n<\/ul>\n<\/td>\n<td style=\"width: 35.078125px; height: 19px;\"><\/td>\n<td style=\"width: 336.625px; height: 19px;\">\n<p style=\"text-align: center;\"><img loading=\"lazy\" decoding=\"async\" class=\"size-full wp-image-32722 aligncenter\" src=\"https:\/\/www.erplybooks.com\/wp-content\/uploads\/2023\/08\/jalgi-objektide-tulusid-kulusid-e1691576005635.png\" alt=\"\" width=\"185\" height=\"185\" \/><\/p>\n<p style=\"text-align: center;\"><strong>Hoia ettev\u00f5tetel silm peal<\/strong><\/p>\n<p><span style=\"font-weight: 400;\">Kogudes kokku ettev\u00f5tte finants- ja maksuaruanded, saad n\u00e4ha nimekirja ettev\u00f5tetest, kes pole aruandeid esitanud.<\/span><\/td>\n<td style=\"width: 29.0625px; height: 19px;\">\n<p style=\"text-align: center;\"><span style=\"font-weight: 400;\">\u00a0<\/span><\/p>\n<\/td>\n<td style=\"width: 308.578125px; height: 19px;\">\n<p style=\"text-align: center;\"><a href=\"https:\/\/www.erplybooks.com\/et\/juhendid\/kasutajate-haldus\/\"><img loading=\"lazy\" decoding=\"async\" class=\"alignnone size-full wp-image-33308\" src=\"https:\/\/www.erplybooks.com\/wp-content\/uploads\/2023\/08\/mitme-ettevotte-haldamine-e1691671906222.png\" alt=\"\" width=\"185\" height=\"185\" \/><\/a><\/p>\n<p style=\"text-align: center;\"><strong>Halda k\u00f5iki ettev\u00f5tteid \u00fche kasutaja alt<\/strong><\/p>\n<p><span style=\"font-weight: 400;\">Kogu informatsioon ja andmed on \u00fches kohas. Lisaks on v\u00f5imalus kopeerida uus ettev\u00f5te, v\u00f5ttes aluseks juba loodud ettev\u00f5tte seadistused. <\/span><\/td>\n<td style=\"width: 9.03125px;\">\n<p style=\"text-align: center;\"><span style=\"font-weight: 400;\">\u00a0<\/span><\/p>\n<\/td>\n<\/tr>\n<tr style=\"height: 453px;\">\n<td style=\"width: 352.65625px; height: 453px;\">\n<p style=\"text-align: center;\"><a href=\"https:\/\/www.erplybooks.com\/et\/juhendid\/dimensioonid-erply-laost\/\"><img loading=\"lazy\" decoding=\"async\" class=\"alignnone size-full wp-image-33254\" src=\"https:\/\/www.erplybooks.com\/wp-content\/uploads\/2023\/08\/dimensioonid-e1691674144632.png\" alt=\"\" width=\"185\" height=\"185\" \/><\/a><\/p>\n<p style=\"text-align: center;\"><strong>Dimensioonid<\/strong><\/p>\n<p><span style=\"font-weight: 400;\">Filtreeri aruandeid objektide, projektide ning osakondade j\u00e4rgi. ERPLY Books on need koondanud projektideks ja projektigruppideks.<\/span><\/td>\n<td style=\"width: 35.078125px; height: 453px;\"><\/td>\n<td style=\"width: 336.625px; height: 453px;\"><a href=\"https:\/\/www.erplybooks.com\/et\/juhendid\/aruandegeneraatori-valjatruki-valja-saatmine-emailiga\/\"><img loading=\"lazy\" decoding=\"async\" class=\"size-full wp-image-32753 aligncenter\" src=\"https:\/\/www.erplybooks.com\/wp-content\/uploads\/2023\/08\/meeldetuletused-e1691571266328.png\" alt=\"\" width=\"185\" height=\"185\" \/><\/a><\/p>\n<p style=\"text-align: center;\"><strong>M\u00e4rguanded<\/strong><\/p>\n<p><span style=\"font-weight: 400;\">Juhuks, kui soovid e-mailile meeldetuletust \u00fcle t\u00e4htaja l\u00e4inud m\u00fc\u00fcgiarve kohta, saad sa selle seadistada. Teavitus tuleb kasuks ka siis, kui tahad ettev\u00f5tte juhti igakuiselt kursis hoida m\u00fc\u00fckidest.<\/span><span style=\"font-weight: 400;\">\u00a0<\/span><\/td>\n<td style=\"width: 29.0625px; height: 453px;\">\n<p style=\"text-align: center;\"><span style=\"font-weight: 400;\">\u00a0<\/span><\/p>\n<\/td>\n<td style=\"width: 308.578125px; height: 453px;\">\n<p style=\"text-align: center;\"><a href=\"https:\/\/www.erplybooks.com\/et\/integratsioonid\/\"><img loading=\"lazy\" decoding=\"async\" class=\"alignnone size-full wp-image-33278\" src=\"https:\/\/www.erplybooks.com\/wp-content\/uploads\/2023\/08\/integratsioonid-e1691674162934.png\" alt=\"\" width=\"185\" height=\"185\" \/><\/a><\/p>\n<p style=\"text-align: center;\"><strong>Hulgaliselt integratsioone<\/strong><\/p>\n<p><span style=\"font-weight: 400;\">Integreeri arvukate lahendustega, mis v\u00f5imaldavad t\u00f6\u00f6protsesse t\u00e4iendada.<\/span><\/td>\n<td style=\"width: 9.03125px;\">\n<p style=\"text-align: center;\"><span style=\"font-weight: 400;\">\u00a0<\/span><\/p>\n<\/td>\n<\/tr>\n<\/tbody>\n<\/table>\n<p style=\"text-align: center;\">\n<div class=\"et_pb_button_module_wrapper et_pb_button_0_wrapper et_pb_button_alignment_tablet_center et_pb_module \" style=\"text-align: center;\"><a class=\"et_pb_button et_pb_button_0 et_pb_bg_layout_light\" href=\"https:\/\/app.erplybooks.com\/register?origin=erplybooks&amp;lang=et\" target=\"_blank\" rel=\"noopener\">V\u00f5ta 30 p\u00e4evane tasuta prooviperiood!<\/a><\/div>\n","protected":false},"excerpt":{"rendered":"<p>Kuidas t\u00f6\u00f6tab ERPLY Booksi tarkvara investeerimisettev\u00f5tte kasuks k\u00f5ige h\u00f5lpsamini? &nbsp; Investeerimisvaldkond on kiiresti muutuv, mis t\u00e4hendab, et selles ja sellega t\u00f6\u00f6tavad inimesed peavad olema pidevas arengus. T\u00e4pselt nii nagu on seda ERPLY Booksi raamatupidamistarkvara. Investeerimine v\u00f5imaldab olla pidevalt suurenevast inflatsioonist \u00fcle ning raha v\u00e4\u00e4rtust hoopis suurendada, mis t\u00e4hendab, et inimese\/ettev\u00f5tte ostuj\u00f5ud ei v\u00e4hene. Investeerimisettev\u00f5tte raamatupidaja [&hellip;]<\/p>\n","protected":false},"author":21,"featured_media":0,"parent":0,"menu_order":0,"comment_status":"closed","ping_status":"closed","template":"","meta":{"_et_pb_use_builder":"","_et_pb_old_content":"","_et_gb_content_width":"","footnotes":""},"categories":[1165],"tags":[888,821],"class_list":["post-29037","page","type-page","status-publish","hentry","category-tarkvara","tag-investeerimisettevote","tag-tarkvara"],"_links":{"self":[{"href":"https:\/\/www.erplybooks.com\/et\/wp-json\/wp\/v2\/pages\/29037","targetHints":{"allow":["GET"]}}],"collection":[{"href":"https:\/\/www.erplybooks.com\/et\/wp-json\/wp\/v2\/pages"}],"about":[{"href":"https:\/\/www.erplybooks.com\/et\/wp-json\/wp\/v2\/types\/page"}],"author":[{"embeddable":true,"href":"https:\/\/www.erplybooks.com\/et\/wp-json\/wp\/v2\/users\/21"}],"replies":[{"embeddable":true,"href":"https:\/\/www.erplybooks.com\/et\/wp-json\/wp\/v2\/comments?post=29037"}],"version-history":[{"count":0,"href":"https:\/\/www.erplybooks.com\/et\/wp-json\/wp\/v2\/pages\/29037\/revisions"}],"wp:attachment":[{"href":"https:\/\/www.erplybooks.com\/et\/wp-json\/wp\/v2\/media?parent=29037"}],"wp:term":[{"taxonomy":"category","embeddable":true,"href":"https:\/\/www.erplybooks.com\/et\/wp-json\/wp\/v2\/categories?post=29037"},{"taxonomy":"post_tag","embeddable":true,"href":"https:\/\/www.erplybooks.com\/et\/wp-json\/wp\/v2\/tags?post=29037"}],"curies":[{"name":"wp","href":"https:\/\/api.w.org\/{rel}","templated":true}]}}