{"id":29022,"date":"2022-10-20T11:04:05","date_gmt":"2022-10-20T11:04:05","guid":{"rendered":"https:\/\/www.erplybooks.com\/?page_id=29022"},"modified":"2023-08-18T05:51:14","modified_gmt":"2023-08-18T05:51:14","slug":"vabakutselisele","status":"publish","type":"page","link":"https:\/\/www.erplybooks.com\/et\/vabakutselisele\/","title":{"rendered":"Tarkvara vabakutselisele"},"content":{"rendered":"<h2 style=\"text-align: center;\"><b><img loading=\"lazy\" decoding=\"async\" class=\"alignnone size-full wp-image-29023\" src=\"https:\/\/www.erplybooks.com\/wp-content\/uploads\/2022\/10\/Untitled-design-4.jpg\" alt=\"\" width=\"1640\" height=\"250\" srcset=\"https:\/\/www.erplybooks.com\/wp-content\/uploads\/2022\/10\/Untitled-design-4.jpg 1640w, https:\/\/www.erplybooks.com\/wp-content\/uploads\/2022\/10\/Untitled-design-4-1280x195.jpg 1280w, https:\/\/www.erplybooks.com\/wp-content\/uploads\/2022\/10\/Untitled-design-4-980x149.jpg 980w, https:\/\/www.erplybooks.com\/wp-content\/uploads\/2022\/10\/Untitled-design-4-480x73.jpg 480w\" sizes=\"auto, (min-width: 0px) and (max-width: 480px) 480px, (min-width: 481px) and (max-width: 980px) 980px, (min-width: 981px) and (max-width: 1280px) 1280px, (min-width: 1281px) 1640px, 100vw\" \/>Miks armastab vabakutseline inimene ERPLY Booksi raamatupidamistarkvara?<\/b><\/h2>\n<p>&nbsp;<\/p>\n<p><span style=\"font-weight: 400;\">Vabakutselise inimesena on kogu t\u00f6\u00f6 ja vabaaeg Sinu enda k\u00e4tes. Oled mingil m\u00f5juval p\u00f5hjusel otsustanud j\u00e4tta palgat\u00f6\u00f6 ja teha t\u00f6\u00f6d iseendale ja enda ettev\u00f5tte jaoks. ERPLY Books tarkvara on selleks, et aidata Sind raamatupidamisalastes toimetustes, mis vajavad igap\u00e4evaselt Sinu ettev\u00f5ttes tegemist. Meie tarkvara on abiks, et Sa ei peaks rohkem liialt aega kulutama ettev\u00f5tte raamatupidamisele ja saaksid keskenduda enda ettev\u00f5tte p\u00f5hitegevusele.Vabakutseline inimene valib ERPLY Booksi raamatupidamistarkvara, sest ta teab kui oluline on olla ajaefektiivne! Kasvata enda ettev\u00f5tet koos ERPLY Booksiga!<\/span><\/p>\n<table style=\"height: 472px; width: 1111px;\">\n<tbody>\n<tr style=\"height: 121px;\">\n<td style=\"width: 352.65625px; height: 19px;\">\n<p style=\"text-align: center;\"><a href=\"https:\/\/www.erplybooks.com\/et\/juhendid\/arve-mallid\/\"><img loading=\"lazy\" decoding=\"async\" class=\"alignnone size-full wp-image-32697\" src=\"https:\/\/www.erplybooks.com\/wp-content\/uploads\/2023\/08\/ilusad-arve-mallid-e1691575144141.png\" alt=\"\" width=\"185\" height=\"185\" \/><\/a><\/p>\n<p style=\"text-align: center;\"><span style=\"font-weight: 400;\"><strong>Ilusad arve mallid<\/strong><\/span><\/p>\n<p><span style=\"font-weight: 400;\">Arved ei pea sugugi olema igavad. Sul on v\u00f5imalus muuta arve v\u00e4limust vastavalt maitsele. Lisaks saad lisada arvele logo ning muuta keeli.<\/span><\/td>\n<td style=\"width: 35.078125px; height: 19px;\"><\/td>\n<td style=\"width: 336.625px; height: 19px;\">\n<p style=\"text-align: center;\"><a href=\"\/?page_id=32227\"><img loading=\"lazy\" decoding=\"async\" class=\"alignnone size-full wp-image-32691\" src=\"https:\/\/www.erplybooks.com\/wp-content\/uploads\/2023\/08\/hinnapakkumine-e1691575171378.png\" alt=\"\" width=\"185\" height=\"185\" \/><\/a><\/p>\n<p style=\"text-align: center;\"><span style=\"font-weight: 400;\"><strong>Hinnapakkumine<\/strong><\/span><\/p>\n<p><span style=\"font-weight: 400;\">Kaotasid hinnapakkumise? Pane lepingule staatus ,,Tagasi l\u00fckatud\u2019\u2019. Teie hinnapakkumine v\u00f5eti vastu? Lepingust saad arveid koostada ning j\u00e4lgida, milline on projekti kasumlikkus.<\/span><\/p>\n<p style=\"text-align: center;\"><span style=\"font-weight: 400;\">\u00a0<\/span><\/p>\n<\/td>\n<td style=\"width: 29.0625px; height: 19px;\">\n<p style=\"text-align: center;\"><span style=\"font-weight: 400;\">\u00a0<\/span><\/p>\n<\/td>\n<td style=\"width: 308.578125px; height: 19px;\">\n<p style=\"text-align: center;\"><a href=\"https:\/\/app.erplybooks.com\/register?origin=erplybooks&amp;lang=et\"><img loading=\"lazy\" decoding=\"async\" class=\"alignnone size-full wp-image-32715\" src=\"https:\/\/www.erplybooks.com\/wp-content\/uploads\/2023\/08\/taskukohane-e1691575249425.png\" alt=\"\" width=\"185\" height=\"185\" \/><\/a><\/p>\n<p style=\"text-align: center;\"><span style=\"font-weight: 400;\"><strong>Taskukohane<\/strong><\/span><\/p>\n<p><span style=\"font-weight: 400;\">Vabakutselisena m\u00e4ngib suurt rolli iga pisemgi v\u00e4ljaminek. Alusta tasuta ning edaspidiselt maksa ainult funktsioonide eest, mida p\u00e4riselt vajad.<\/span><\/td>\n<td style=\"width: 9.03125px;\">\n<p style=\"text-align: center;\"><span style=\"font-weight: 400;\">\u00a0<\/span><\/p>\n<\/td>\n<\/tr>\n<tr style=\"height: 453px;\">\n<td style=\"width: 352.65625px; height: 453px;\">\n<p style=\"text-align: center;\"><a href=\"https:\/\/www.erplybooks.com\/et\/eterply-books-raamatupidamistarkvara-funktsioonid\/\"><img loading=\"lazy\" decoding=\"async\" class=\"alignnone size-full wp-image-32703\" src=\"https:\/\/www.erplybooks.com\/wp-content\/uploads\/2023\/08\/koik-funktsioonid-uhes-kohas-e1691575556726.png\" alt=\"\" width=\"185\" height=\"185\" \/><\/a><\/p>\n<p style=\"text-align: center;\"><span style=\"font-weight: 400;\"><strong>K\u00f5ik funktsioonid \u00fches kohas<\/strong><\/span><\/p>\n<p><span style=\"font-weight: 400;\">K\u00f5ik vajalik olemas alustades kontoplaanist l\u00f5petades proovibilansiga.<\/span><span style=\"font-weight: 400;\"><br \/>\n<\/span><\/td>\n<td style=\"width: 35.078125px; height: 453px;\"><\/td>\n<td style=\"width: 336.625px; height: 453px;\">\n<p style=\"text-align: center;\"><a href=\"https:\/\/www.erplybooks.com\/et\/automatiseeritud_raamatupidamine\/\"><img loading=\"lazy\" decoding=\"async\" class=\"alignnone size-full wp-image-32685\" src=\"https:\/\/www.erplybooks.com\/wp-content\/uploads\/2023\/08\/automatiseeritud-e1691575572374.png\" alt=\"\" width=\"185\" height=\"185\" \/><\/a><\/p>\n<p style=\"text-align: center;\"><span style=\"font-weight: 400;\"><strong>Automatiseeritud<\/strong><\/span><\/p>\n<p><span style=\"font-weight: 400;\">Erply Books tarkvara on piisavalt nutikas, et suudab enamus toimetusi sinu eest \u00e4ra teha. Seega alustajana \u00e4ra p\u00f5e, et midagi j\u00e4\u00e4ks tegemata.<\/span><\/p>\n<p style=\"text-align: center;\"><span style=\"font-weight: 400;\">\u00a0<\/span><\/p>\n<\/td>\n<td style=\"width: 29.0625px; height: 453px;\">\n<p style=\"text-align: center;\"><span style=\"font-weight: 400;\">\u00a0<\/span><\/p>\n<\/td>\n<td style=\"width: 308.578125px; height: 453px;\">\n<p style=\"text-align: center;\"><img loading=\"lazy\" decoding=\"async\" class=\"alignnone size-full wp-image-32709\" src=\"https:\/\/www.erplybooks.com\/wp-content\/uploads\/2023\/08\/lihtsus-e1691575587668.png\" alt=\"\" width=\"185\" height=\"185\" \/><\/p>\n<p style=\"text-align: center;\"><span style=\"font-weight: 400;\"><strong>Lihtsus<\/strong><\/span><\/p>\n<p><span style=\"font-weight: 400;\">Raamatupidamisega k\u00e4ib kaasas palju n\u00fcannse, millele \u00f5nneks sina oma pead kurnama ei pea. Tarkvara aitab sind h\u00e4dast v\u00e4lja.<\/span><span style=\"font-weight: 400;\"><br \/>\n<\/span><\/td>\n<td style=\"width: 9.03125px;\">\n<p style=\"text-align: center;\"><span style=\"font-weight: 400;\">\u00a0<\/span><\/p>\n<\/td>\n<\/tr>\n<\/tbody>\n<\/table>\n<p>&nbsp;<\/p>\n<p style=\"text-align: center;\">\n<div class=\"et_pb_button_module_wrapper et_pb_button_0_wrapper et_pb_button_alignment_tablet_center et_pb_module \" style=\"text-align: center;\"><a class=\"et_pb_button et_pb_button_0 et_pb_bg_layout_light\" href=\"https:\/\/app.erplybooks.com\/register?origin=erplybooks&amp;lang=et\" target=\"_blank\" rel=\"noopener\">V\u00f5ta 30 p\u00e4evane tasuta prooviperiood!<\/a><\/div>\n","protected":false},"excerpt":{"rendered":"<p>Miks armastab vabakutseline inimene ERPLY Booksi raamatupidamistarkvara? &nbsp; Vabakutselise inimesena on kogu t\u00f6\u00f6 ja vabaaeg Sinu enda k\u00e4tes. Oled mingil m\u00f5juval p\u00f5hjusel otsustanud j\u00e4tta palgat\u00f6\u00f6 ja teha t\u00f6\u00f6d iseendale ja enda ettev\u00f5tte jaoks. ERPLY Books tarkvara on selleks, et aidata Sind raamatupidamisalastes toimetustes, mis vajavad igap\u00e4evaselt Sinu ettev\u00f5ttes tegemist. Meie tarkvara on abiks, et Sa [&hellip;]<\/p>\n","protected":false},"author":21,"featured_media":0,"parent":0,"menu_order":0,"comment_status":"closed","ping_status":"closed","template":"","meta":{"_et_pb_use_builder":"","_et_pb_old_content":"","_et_gb_content_width":"","footnotes":""},"categories":[1165],"tags":[821,893],"class_list":["post-29022","page","type-page","status-publish","hentry","category-tarkvara","tag-tarkvara","tag-vabakutseline"],"_links":{"self":[{"href":"https:\/\/www.erplybooks.com\/et\/wp-json\/wp\/v2\/pages\/29022","targetHints":{"allow":["GET"]}}],"collection":[{"href":"https:\/\/www.erplybooks.com\/et\/wp-json\/wp\/v2\/pages"}],"about":[{"href":"https:\/\/www.erplybooks.com\/et\/wp-json\/wp\/v2\/types\/page"}],"author":[{"embeddable":true,"href":"https:\/\/www.erplybooks.com\/et\/wp-json\/wp\/v2\/users\/21"}],"replies":[{"embeddable":true,"href":"https:\/\/www.erplybooks.com\/et\/wp-json\/wp\/v2\/comments?post=29022"}],"version-history":[{"count":0,"href":"https:\/\/www.erplybooks.com\/et\/wp-json\/wp\/v2\/pages\/29022\/revisions"}],"wp:attachment":[{"href":"https:\/\/www.erplybooks.com\/et\/wp-json\/wp\/v2\/media?parent=29022"}],"wp:term":[{"taxonomy":"category","embeddable":true,"href":"https:\/\/www.erplybooks.com\/et\/wp-json\/wp\/v2\/categories?post=29022"},{"taxonomy":"post_tag","embeddable":true,"href":"https:\/\/www.erplybooks.com\/et\/wp-json\/wp\/v2\/tags?post=29022"}],"curies":[{"name":"wp","href":"https:\/\/api.w.org\/{rel}","templated":true}]}}