{"id":29012,"date":"2022-10-20T09:54:57","date_gmt":"2022-10-20T09:54:57","guid":{"rendered":"https:\/\/www.erplybooks.com\/?page_id=29012"},"modified":"2023-07-12T11:03:23","modified_gmt":"2023-07-12T11:03:23","slug":"sektoripohine-avaleht","status":"publish","type":"page","link":"https:\/\/www.erplybooks.com\/et\/sektoripohine-avaleht\/","title":{"rendered":"Millises valdkonnas t\u00f6\u00f6tate?"},"content":{"rendered":"<h2><strong><img loading=\"lazy\" decoding=\"async\" class=\"alignnone size-full wp-image-29013\" src=\"https:\/\/www.erplybooks.com\/wp-content\/uploads\/2022\/10\/Untitled-design-3.jpg\" alt=\"\" width=\"1640\" height=\"250\" srcset=\"https:\/\/www.erplybooks.com\/wp-content\/uploads\/2022\/10\/Untitled-design-3.jpg 1640w, https:\/\/www.erplybooks.com\/wp-content\/uploads\/2022\/10\/Untitled-design-3-1280x195.jpg 1280w, https:\/\/www.erplybooks.com\/wp-content\/uploads\/2022\/10\/Untitled-design-3-980x149.jpg 980w, https:\/\/www.erplybooks.com\/wp-content\/uploads\/2022\/10\/Untitled-design-3-480x73.jpg 480w\" sizes=\"auto, (min-width: 0px) and (max-width: 480px) 480px, (min-width: 481px) and (max-width: 980px) 980px, (min-width: 981px) and (max-width: 1280px) 1280px, (min-width: 1281px) 1640px, 100vw\" \/><\/strong><\/h2>\n<h2 style=\"text-align: center;\"><strong>Kuidas saab ERPLY Books aidata Teid igap\u00e4evat\u00f6\u00f6s ja -tegemistes?<\/strong><\/h2>\n<p>Millises valdkonnas t\u00f6\u00f6tate?<\/p>\n<ul>\n<li><a href=\"https:\/\/www.erplybooks.com\/et\/raamatupidamisettevottele\/\">Raamatupidamisettev\u00f5te<\/a><\/li>\n<li><a href=\"https:\/\/www.erplybooks.com\/et\/vabakutselisele\/\">Vabakutseline<\/a><\/li>\n<li><a href=\"https:\/\/www.erplybooks.com\/et\/ehitusettevottele\/\">Ehitusettev\u00f5te<\/a><\/li>\n<li><a href=\"https:\/\/www.erplybooks.com\/et\/investeerimisettevottele\/\">Investeerimisettev\u00f5te<\/a><\/li>\n<li><a href=\"https:\/\/www.erplybooks.com\/et\/e-kaubandus\/\">E-kaubandus<\/a><\/li>\n<li><a href=\"https:\/\/www.erplybooks.com\/et\/jae-ja-hulgikaubandusettevottele\/\">Jae- ja\/v\u00f5i hulgikaubandus<\/a><\/li>\n<li><a href=\"https:\/\/www.erplybooks.com\/et\/teenusettevottele\/\">Teenusettev\u00f5te<\/a><\/li>\n<li><a href=\"https:\/\/www.erplybooks.com\/et\/renditeenuste-pakkujale\/\">Renditeenuste ettev\u00f5te<\/a><\/li>\n<li><a href=\"https:\/\/www.erplybooks.com\/et\/jaatmekaitlusettevottele\/\">J\u00e4\u00e4tmek\u00e4itlusettev\u00f5te<\/a><\/li>\n<li><a href=\"https:\/\/www.erplybooks.com\/software-law-firm\/\">Advokaadib\u00fcroo<\/a><\/li>\n<\/ul>\n","protected":false},"excerpt":{"rendered":"<p>Kuidas saab ERPLY Books aidata Teid igap\u00e4evat\u00f6\u00f6s ja -tegemistes? Millises valdkonnas t\u00f6\u00f6tate? Raamatupidamisettev\u00f5te Vabakutseline Ehitusettev\u00f5te Investeerimisettev\u00f5te E-kaubandus Jae- ja\/v\u00f5i hulgikaubandus Teenusettev\u00f5te Renditeenuste ettev\u00f5te J\u00e4\u00e4tmek\u00e4itlusettev\u00f5te Advokaadib\u00fcroo<\/p>\n","protected":false},"author":21,"featured_media":0,"parent":0,"menu_order":0,"comment_status":"closed","ping_status":"closed","template":"","meta":{"_et_pb_use_builder":"","_et_pb_old_content":"","_et_gb_content_width":"","footnotes":""},"categories":[1165],"tags":[852,851],"class_list":["post-29012","page","type-page","status-publish","hentry","category-tarkvara","tag-too","tag-valdkond"],"_links":{"self":[{"href":"https:\/\/www.erplybooks.com\/et\/wp-json\/wp\/v2\/pages\/29012","targetHints":{"allow":["GET"]}}],"collection":[{"href":"https:\/\/www.erplybooks.com\/et\/wp-json\/wp\/v2\/pages"}],"about":[{"href":"https:\/\/www.erplybooks.com\/et\/wp-json\/wp\/v2\/types\/page"}],"author":[{"embeddable":true,"href":"https:\/\/www.erplybooks.com\/et\/wp-json\/wp\/v2\/users\/21"}],"replies":[{"embeddable":true,"href":"https:\/\/www.erplybooks.com\/et\/wp-json\/wp\/v2\/comments?post=29012"}],"version-history":[{"count":0,"href":"https:\/\/www.erplybooks.com\/et\/wp-json\/wp\/v2\/pages\/29012\/revisions"}],"wp:attachment":[{"href":"https:\/\/www.erplybooks.com\/et\/wp-json\/wp\/v2\/media?parent=29012"}],"wp:term":[{"taxonomy":"category","embeddable":true,"href":"https:\/\/www.erplybooks.com\/et\/wp-json\/wp\/v2\/categories?post=29012"},{"taxonomy":"post_tag","embeddable":true,"href":"https:\/\/www.erplybooks.com\/et\/wp-json\/wp\/v2\/tags?post=29012"}],"curies":[{"name":"wp","href":"https:\/\/api.w.org\/{rel}","templated":true}]}}