{"id":28738,"date":"2022-10-07T10:10:34","date_gmt":"2022-10-07T10:10:34","guid":{"rendered":"https:\/\/www.erplybooks.com\/?page_id=28738"},"modified":"2023-07-04T11:08:49","modified_gmt":"2023-07-04T11:08:49","slug":"aruandegeneraatori-paringud-standardaruannetes","status":"publish","type":"page","link":"https:\/\/www.erplybooks.com\/et\/juhendid\/aruandegeneraatori-paringud-standardaruannetes\/","title":{"rendered":"Aruandegeneraatori p\u00e4ringud standardaruannetes"},"content":{"rendered":"<h1><span style=\"font-weight: 400;\">Aruandegeneraatori p\u00e4ringud standardaruannetes<\/span><\/h1>\n<p>&nbsp;<\/p>\n<p><span style=\"font-weight: 400;\">Kui Sinu paketis sisaldub ligip\u00e4\u00e4s Aruandegeneraatorile, siis on lisaks Aruandegeneraatori aruannetele v\u00f5imalik teha aruandegeneraatori p\u00e4ringuid ka standardaruannetes.\u00a0<\/span><\/p>\n<p><span style=\"font-weight: 400;\">Selleks on standardaruannetes olemas <\/span><b>\u2018\u2019Lisa filter\u2019\u2019 <\/b><span style=\"font-weight: 400;\">nupp:\u00a0<\/span><\/p>\n<p>&nbsp;<\/p>\n<p><img loading=\"lazy\" decoding=\"async\" class=\"alignnone wp-image-28769 \" src=\"https:\/\/www.erplybooks.com\/wp-content\/uploads\/2022\/10\/image2-2.png\" alt=\"\" width=\"392\" height=\"41\" \/><\/p>\n<p>&nbsp;<\/p>\n<p><span style=\"font-weight: 400;\">Sellist v\u00f5imalust on v\u00f5imalik kasutada j\u00e4rgnevates moodulites:\u00a0<\/span><\/p>\n<ul>\n<li style=\"font-weight: 400;\" aria-level=\"1\"><span style=\"font-weight: 400;\">K\u00f5ik arvete otsingud (n\u00e4iteks m\u00fc\u00fcgiarved, ostuarved)<\/span><\/li>\n<li style=\"font-weight: 400;\" aria-level=\"1\"><span style=\"font-weight: 400;\">Laekumiste- maksmiste otsing<\/span><\/li>\n<li style=\"font-weight: 400;\" aria-level=\"1\"><span style=\"font-weight: 400;\">Kliendi ja hankija raport (lisab p\u00e4ringu arvete otsingusse)<\/span><\/li>\n<li style=\"font-weight: 400;\" aria-level=\"1\"><span style=\"font-weight: 400;\">Pearaaamat<\/span><\/li>\n<\/ul>\n<p>&nbsp;<\/p>\n<p><b>M\u00fc\u00fcgiarvete mooduli n\u00e4ide\u00a0<\/b><\/p>\n<p><span style=\"font-weight: 400;\">Avades n\u00e4iteks M\u00fc\u00fcgiarvete mooduli (<\/span><b>M\u00fc\u00fck -&gt; M\u00fc\u00fcgiarved<\/b><span style=\"font-weight: 400;\">), n\u00e4eme et seal on olemas see sama <\/span><b>\u2018\u2019Lisa filter\u2019\u2019 <\/b><span style=\"font-weight: 400;\">nupp:\u00a0<\/span><\/p>\n<p>&nbsp;<\/p>\n<p><img loading=\"lazy\" decoding=\"async\" class=\"alignnone wp-image-28739 size-full\" src=\"https:\/\/www.erplybooks.com\/wp-content\/uploads\/2022\/10\/image7-1.png\" alt=\"\" width=\"1999\" height=\"463\" srcset=\"https:\/\/www.erplybooks.com\/wp-content\/uploads\/2022\/10\/image7-1.png 1999w, https:\/\/www.erplybooks.com\/wp-content\/uploads\/2022\/10\/image7-1-1280x296.png 1280w, https:\/\/www.erplybooks.com\/wp-content\/uploads\/2022\/10\/image7-1-980x227.png 980w, https:\/\/www.erplybooks.com\/wp-content\/uploads\/2022\/10\/image7-1-480x111.png 480w\" sizes=\"auto, (min-width: 0px) and (max-width: 480px) 480px, (min-width: 481px) and (max-width: 980px) 980px, (min-width: 981px) and (max-width: 1280px) 1280px, (min-width: 1281px) 1999px, 100vw\" \/><\/p>\n<p>&nbsp;<\/p>\n<p><span style=\"font-weight: 400;\">Kui vajutada <\/span><b>\u2018\u2019Lisa filter\u2019\u2019 <\/b><span style=\"font-weight: 400;\">nupule, siis avaneb aken, kus saad m\u00e4\u00e4rata erinevaid parameetreid, mille j\u00e4rgi m\u00fc\u00fcgiarveid otsida:\u00a0<\/span><\/p>\n<p>&nbsp;<\/p>\n<p><img loading=\"lazy\" decoding=\"async\" class=\"alignnone wp-image-28763 \" src=\"https:\/\/www.erplybooks.com\/wp-content\/uploads\/2022\/10\/image3-1.png\" alt=\"\" width=\"323\" height=\"282\" \/><\/p>\n<p>&nbsp;<\/p>\n<p><span style=\"font-weight: 400;\">N\u00e4iteks soovid m\u00fc\u00fcgiarvete moodulist otsida arveid ainult \u00fche kindla kliendi kohta, siis tuleb lahtritesse valida j\u00e4rgnevad valikud:\u00a0<\/span><\/p>\n<ul>\n<li><b>Parameeter<\/b><span style=\"font-weight: 400;\">: Arved.Klient\/Hankija<\/span><\/li>\n<li><b>T\u00fc\u00fcp<\/b><span style=\"font-weight: 400;\">: v\u00f5rdub<\/span><\/li>\n<li><b>Klient\/Hankija<\/b><span style=\"font-weight: 400;\">: Michael<\/span><\/li>\n<\/ul>\n<p>&nbsp;<\/p>\n<p><img loading=\"lazy\" decoding=\"async\" class=\"alignnone wp-image-28745 \" src=\"https:\/\/www.erplybooks.com\/wp-content\/uploads\/2022\/10\/image6-1.png\" alt=\"\" width=\"299\" height=\"262\" \/><\/p>\n<p>&nbsp;<\/p>\n<p><span style=\"font-weight: 400;\">Seej\u00e4rel vajuta<\/span><b> \u2018\u2019Tehtud\u2019<\/b><span style=\"font-weight: 400;\">\u2019 nuppu ja siis kollast \u2018<\/span><b>\u2019Otsi\u2019\u2019<\/b><span style=\"font-weight: 400;\"> nuppu\u00a0<\/span><\/p>\n<p>&nbsp;<\/p>\n<p><img loading=\"lazy\" decoding=\"async\" class=\"alignnone wp-image-28775 size-full\" src=\"https:\/\/www.erplybooks.com\/wp-content\/uploads\/2022\/10\/image1-3.png\" alt=\"\" width=\"1999\" height=\"668\" srcset=\"https:\/\/www.erplybooks.com\/wp-content\/uploads\/2022\/10\/image1-3.png 1999w, https:\/\/www.erplybooks.com\/wp-content\/uploads\/2022\/10\/image1-3-1280x428.png 1280w, https:\/\/www.erplybooks.com\/wp-content\/uploads\/2022\/10\/image1-3-980x327.png 980w, https:\/\/www.erplybooks.com\/wp-content\/uploads\/2022\/10\/image1-3-480x160.png 480w\" sizes=\"auto, (min-width: 0px) and (max-width: 480px) 480px, (min-width: 481px) and (max-width: 980px) 980px, (min-width: 981px) and (max-width: 1280px) 1280px, (min-width: 1281px) 1999px, 100vw\" \/><\/p>\n<p>&nbsp;<\/p>\n<p><span style=\"font-weight: 400;\">N\u00fc\u00fcd kuvatakse k\u00f5ik filtreeritud m\u00fc\u00fcgiarved m\u00e4\u00e4ratud parameetritega:\u00a0<\/span><\/p>\n<p>&nbsp;<\/p>\n<p><img loading=\"lazy\" decoding=\"async\" class=\"alignnone wp-image-28757 size-full\" src=\"https:\/\/www.erplybooks.com\/wp-content\/uploads\/2022\/10\/image4-1.png\" alt=\"\" width=\"1999\" height=\"511\" srcset=\"https:\/\/www.erplybooks.com\/wp-content\/uploads\/2022\/10\/image4-1.png 1999w, https:\/\/www.erplybooks.com\/wp-content\/uploads\/2022\/10\/image4-1-1280x327.png 1280w, https:\/\/www.erplybooks.com\/wp-content\/uploads\/2022\/10\/image4-1-980x251.png 980w, https:\/\/www.erplybooks.com\/wp-content\/uploads\/2022\/10\/image4-1-480x123.png 480w\" sizes=\"auto, (min-width: 0px) and (max-width: 480px) 480px, (min-width: 481px) and (max-width: 980px) 980px, (min-width: 981px) and (max-width: 1280px) 1280px, (min-width: 1281px) 1999px, 100vw\" \/><\/p>\n<p>&nbsp;<\/p>\n<p><span style=\"font-weight: 400;\">Erinevaid filtreid on v\u00f5imalik lisada nii palju kui soovid. Kui soovid filtrid eemaldada, siis vajuta filtri lisamise aknas <\/span><b>\u2018\u2019T\u00fchjenda k\u00f5ik\u2019\u2019 <\/b><span style=\"font-weight: 400;\">nuppu.\u00a0<\/span><\/p>\n<p>&nbsp;<\/p>\n<p><img loading=\"lazy\" decoding=\"async\" class=\"alignnone wp-image-28751 \" src=\"https:\/\/www.erplybooks.com\/wp-content\/uploads\/2022\/10\/image5-1.png\" alt=\"\" width=\"329\" height=\"284\" srcset=\"https:\/\/www.erplybooks.com\/wp-content\/uploads\/2022\/10\/image5-1.png 379w, https:\/\/www.erplybooks.com\/wp-content\/uploads\/2022\/10\/image5-1-300x259.png 300w\" sizes=\"auto, (max-width: 329px) 100vw, 329px\" \/><\/p>\n<p>&nbsp;<\/p>\n<p>&nbsp;<\/p>\n<p>&nbsp;<\/p>\n<p>&nbsp;<\/p>\n<p>&nbsp;<\/p>\n","protected":false},"excerpt":{"rendered":"<p>Aruandegeneraatori p\u00e4ringud standardaruannetes &nbsp; Kui Sinu paketis sisaldub ligip\u00e4\u00e4s Aruandegeneraatorile, siis on lisaks Aruandegeneraatori aruannetele v\u00f5imalik teha aruandegeneraatori p\u00e4ringuid ka standardaruannetes.\u00a0 Selleks on standardaruannetes olemas \u2018\u2019Lisa filter\u2019\u2019 nupp:\u00a0 &nbsp; &nbsp; Sellist v\u00f5imalust on v\u00f5imalik kasutada j\u00e4rgnevates moodulites:\u00a0 K\u00f5ik arvete otsingud (n\u00e4iteks m\u00fc\u00fcgiarved, ostuarved) Laekumiste- maksmiste otsing Kliendi ja hankija raport (lisab p\u00e4ringu arvete otsingusse) Pearaaamat [&hellip;]<\/p>\n","protected":false},"author":22,"featured_media":0,"parent":3312,"menu_order":0,"comment_status":"closed","ping_status":"closed","template":"","meta":{"_et_pb_use_builder":"","_et_pb_old_content":"","_et_gb_content_width":"","footnotes":""},"categories":[451],"tags":[602,610,609],"class_list":["post-28738","page","type-page","status-publish","hentry","category-aruandlus","tag-aruandegeneraator","tag-aruanne","tag-paring"],"_links":{"self":[{"href":"https:\/\/www.erplybooks.com\/et\/wp-json\/wp\/v2\/pages\/28738","targetHints":{"allow":["GET"]}}],"collection":[{"href":"https:\/\/www.erplybooks.com\/et\/wp-json\/wp\/v2\/pages"}],"about":[{"href":"https:\/\/www.erplybooks.com\/et\/wp-json\/wp\/v2\/types\/page"}],"author":[{"embeddable":true,"href":"https:\/\/www.erplybooks.com\/et\/wp-json\/wp\/v2\/users\/22"}],"replies":[{"embeddable":true,"href":"https:\/\/www.erplybooks.com\/et\/wp-json\/wp\/v2\/comments?post=28738"}],"version-history":[{"count":0,"href":"https:\/\/www.erplybooks.com\/et\/wp-json\/wp\/v2\/pages\/28738\/revisions"}],"up":[{"embeddable":true,"href":"https:\/\/www.erplybooks.com\/et\/wp-json\/wp\/v2\/pages\/3312"}],"wp:attachment":[{"href":"https:\/\/www.erplybooks.com\/et\/wp-json\/wp\/v2\/media?parent=28738"}],"wp:term":[{"taxonomy":"category","embeddable":true,"href":"https:\/\/www.erplybooks.com\/et\/wp-json\/wp\/v2\/categories?post=28738"},{"taxonomy":"post_tag","embeddable":true,"href":"https:\/\/www.erplybooks.com\/et\/wp-json\/wp\/v2\/tags?post=28738"}],"curies":[{"name":"wp","href":"https:\/\/api.w.org\/{rel}","templated":true}]}}