{"id":28730,"date":"2022-10-07T09:21:59","date_gmt":"2022-10-07T09:21:59","guid":{"rendered":"https:\/\/www.erplybooks.com\/?page_id=28730"},"modified":"2023-08-11T11:53:56","modified_gmt":"2023-08-11T11:53:56","slug":"aruandegeneraatori-valjatruki-valja-saatmine-emailiga","status":"publish","type":"page","link":"https:\/\/www.erplybooks.com\/et\/juhendid\/aruandegeneraatori-valjatruki-valja-saatmine-emailiga\/","title":{"rendered":"Aruandegeneraatori v\u00e4ljatr\u00fcki v\u00e4lja saatmine emailiga"},"content":{"rendered":"<h1><span style=\"font-weight: 400;\">Aruandegeneraatori v\u00e4ljatr\u00fcki saatmine emailiga<\/span><\/h1>\n<p>&nbsp;<\/p>\n<p><strong>NB! Meiepoolne seadistamine on 75EUR\/h+KM ja miinimum arve 75EUR+KM.\u00a0<\/strong><\/p>\n<p><span style=\"font-weight: 400;\">Teatavasti saab massiliselt v\u00e4lja saata p\u00f5hifunktsioonidega seotud v\u00e4ljatr\u00fckke seotud osapooltele.\u00a0<\/span><\/p>\n<p><span style=\"font-weight: 400;\">Nendeks on:\u00a0<\/span><\/p>\n<ul>\n<li style=\"font-weight: 400;\" aria-level=\"1\"><span style=\"font-weight: 400;\">Saldoteatised<\/span><\/li>\n<li style=\"font-weight: 400;\" aria-level=\"1\"><span style=\"font-weight: 400;\">Maksemeenutused<\/span><\/li>\n<li style=\"font-weight: 400;\" aria-level=\"1\"><span style=\"font-weight: 400;\">Palgalehed<\/span><\/li>\n<li style=\"font-weight: 400;\" aria-level=\"1\"><span style=\"font-weight: 400;\">Hankijate makstud arved (remittance advice)<\/span><\/li>\n<\/ul>\n<p><span style=\"font-weight: 400;\">K\u00fcll aga mida teha siis, kui on vaja v\u00e4lja saata aruandegeneraatori v\u00e4ljatr\u00fckk klientidele, hankijatele v\u00f5i t\u00f6\u00f6tajatele ehk siis mis iganes v\u00e4ljatr\u00fckk kontaktidele. <\/span><span style=\"font-weight: 400;\">L\u00fchidalt on see saldoteatiste saatmiseks (nt koguste v\u00f5rdlemiseks)<\/span><\/p>\n<ul>\n<li style=\"font-weight: 400;\" aria-level=\"1\"><span style=\"font-weight: 400;\">N\u00e4iteks soovid v\u00f5rrelda ostetud koguseid hankijatega (vajalik j\u00e4\u00e4tmemajanduses)<\/span><\/li>\n<li style=\"font-weight: 400;\" aria-level=\"1\"><span style=\"font-weight: 400;\">V\u00f5i soovid saata klientidele v\u00f5rdlemiseks spetsiaalses formaadis perioodi m\u00fc\u00fcgid koos allahindluste summadega<\/span><\/li>\n<\/ul>\n<p><span style=\"font-weight: 400;\">Selline lahendus toimib Aruandegeneraatori abil ja selleks tuleb <\/span><b>Globaalsete Atribuutide<\/b><span style=\"font-weight: 400;\"> alla lisada reegel. Otsi pealehelt <\/span><b>\u2018\u2019Globaalsed Atribuudid\u2019\u2019<\/b><span style=\"font-weight: 400;\"> ja lisa j\u00e4rgnev reegel:\u00a0<\/span><\/p>\n<ul>\n<li style=\"font-weight: 400;\" aria-level=\"1\"><b>Nimi<\/b><span style=\"font-weight: 400;\">=GLOBAL_GENERATOR_EMAIL<\/span><\/li>\n<li style=\"font-weight: 400;\" aria-level=\"1\"><b>V\u00e4\u00e4rtus<\/b><span style=\"font-weight: 400;\">=emaili sisu HTML (kirjeldatud allpool)<\/span><\/li>\n<li style=\"font-weight: 400;\" aria-level=\"1\"><b>AltValue<\/b><span style=\"font-weight: 400;\">=millise v\u00e4lja pealt v\u00f5tta kontakti email<\/span><\/li>\n<li style=\"font-weight: 400;\" aria-level=\"1\"><b>Value2<\/b><span style=\"font-weight: 400;\">=millise v\u00e4lja kaudu \u00fchendada kontakti kirjed (n\u00e4iteks ENTITY.REGISTRATION_CODE &#8211; kui sama registrikoodiga on 20 rida, siis need 20 rida agregeeritakse \u00fchte emaili)<\/span><\/li>\n<\/ul>\n<p><span style=\"font-weight: 400;\">Peale reegli lisamist salvesta muudatused ja seadistuste rakendumiseks logige programmist v\u00e4lja ning uuesti sisse.\u00a0<\/span><\/p>\n<p>&nbsp;<\/p>\n<h2><span style=\"font-weight: 400;\">T\u00e4psem reeglite kirjeldus\u00a0<\/span><\/h2>\n<p>&nbsp;<\/p>\n<ul>\n<li style=\"font-weight: 400;\" aria-level=\"1\"><b>Nimi<\/b><span style=\"font-weight: 400;\">: GLOBAL_GENERATOR_EMAIL<\/span><\/li>\n<\/ul>\n<ul>\n<li style=\"font-weight: 400;\" aria-level=\"1\"><b>V\u00e4\u00e4rtus<\/b><span style=\"font-weight: 400;\">: emaili osad<\/span><\/li>\n<\/ul>\n<p><span style=\"font-weight: 400;\">N\u00e4iteks: <\/span><span style=\"font-weight: 400;\">Tere!&lt;br&gt;&lt;br&gt;Saadame uued dokumendid. |&lt;br&gt;&lt;br&gt;&lt;table style=&#8221;border:1px solid black;width:100%;border-collapse: collapse&#8221;&gt;&lt;tbody&gt;&lt;tr&gt;&lt;th&gt;Nr&lt;\/th&gt;&lt;th&gt;Kp&lt;\/th&gt;&lt;th&gt;Sum&lt;\/th&gt;&lt;\/tr&gt;|ALL:DOCUMENT.NUMBER,DOCUMENT.DATETIME,DOCUMENT.SUM_NO_VAT|&lt;\/tbody&gt;&lt;\/table&gt;|&lt;br&gt;&lt;br&gt;Soovime teile ilusat p\u00e4eva, &lt;br&gt;&lt;br&gt;Teie partner<\/span><\/p>\n<ul>\n<li style=\"font-weight: 400;\" aria-level=\"1\"><b>AltValue<\/b><span style=\"font-weight: 400;\">: kust email v\u00f5etakse. Kui seal on juba email, siis saadetakse email sellele samale emaili aadressile.\u00a0<\/span><\/li>\n<\/ul>\n<p><span style=\"font-weight: 400;\">N\u00e4iteks: BooksContactPersonEmail<\/span><\/p>\n<ul>\n<li style=\"font-weight: 400;\" aria-level=\"1\"><b>AltValue2<\/b><span style=\"font-weight: 400;\">: grupeerimise alus<\/span><\/li>\n<\/ul>\n<p><span style=\"font-weight: 400;\">N\u00e4iteks: BooksContactRegistrationCode<\/span><\/p>\n<ul>\n<li style=\"font-weight: 400;\" aria-level=\"1\"><b>AltValue3<\/b><span style=\"font-weight: 400;\">: emaili pealkiri<\/span><\/li>\n<\/ul>\n<p><span style=\"font-weight: 400;\">N\u00e4iteks: Koguste saldoteatis<\/span><\/p>\n<ul>\n<li style=\"font-weight: 400;\" aria-level=\"1\"><b>AltValue4:<\/b><span style=\"font-weight: 400;\"> saada k\u00f5ikidele emailidele. Kui selles grupis leidub mitu emali, siis:<\/span><\/li>\n<\/ul>\n<ul>\n<li style=\"font-weight: 400;\" aria-level=\"1\"><span style=\"font-weight: 400;\">Kui kirjutad \u2018\u2019<strong>True<\/strong>\u2019\u2019 -&gt; saadab emaili nendele k\u00f5ikidele\u00a0<\/span><\/li>\n<li style=\"font-weight: 400;\" aria-level=\"1\"><span style=\"font-weight: 400;\">Kui kirjutad \u2018\u2019<strong>False<\/strong>\u2019\u2019 ja saajate arv &gt; 1, siis error<\/span><\/li>\n<\/ul>\n<ul>\n<li style=\"font-weight: 400;\" aria-level=\"1\"><b>AltValue5<\/b><span style=\"font-weight: 400;\">: entity field name. Vajalik ainult selleks, et teada saada, kes meili saanud v\u00f5i mitte (email.entityId).<\/span><\/li>\n<li style=\"font-weight: 400;\" aria-level=\"1\"><b>AltValue6<\/b><span style=\"font-weight: 400;\">: see v\u00e4li on summeriva funktsiooni jaoks\u00a0<\/span><\/li>\n<\/ul>\n<p><span style=\"font-weight: 400;\">N\u00e4iteks:\u00a0 purchasedQuantity<\/span><\/p>\n<ul>\n<li style=\"font-weight: 400;\" aria-level=\"1\"><b>AltValue7<\/b><span style=\"font-weight: 400;\">: global = not used, scheduled job = mapper for filter values.\u00a0<\/span><\/li>\n<\/ul>\n<p><span style=\"font-weight: 400;\">N\u00e4ide eelmise kuu kohta: year=CURRENT_YEAR|month=MONTH_MINUS1<\/span><\/p>\n","protected":false},"excerpt":{"rendered":"<p>Aruandegeneraatori v\u00e4ljatr\u00fcki saatmine emailiga &nbsp; NB! Meiepoolne seadistamine on 75EUR\/h+KM ja miinimum arve 75EUR+KM.\u00a0 Teatavasti saab massiliselt v\u00e4lja saata p\u00f5hifunktsioonidega seotud v\u00e4ljatr\u00fckke seotud osapooltele.\u00a0 Nendeks on:\u00a0 Saldoteatised Maksemeenutused Palgalehed Hankijate makstud arved (remittance advice) K\u00fcll aga mida teha siis, kui on vaja v\u00e4lja saata aruandegeneraatori v\u00e4ljatr\u00fckk klientidele, hankijatele v\u00f5i t\u00f6\u00f6tajatele ehk siis mis iganes v\u00e4ljatr\u00fckk [&hellip;]<\/p>\n","protected":false},"author":22,"featured_media":0,"parent":3312,"menu_order":0,"comment_status":"closed","ping_status":"closed","template":"","meta":{"_et_pb_use_builder":"","_et_pb_old_content":"","_et_gb_content_width":"","footnotes":""},"categories":[451],"tags":[602,594],"class_list":["post-28730","page","type-page","status-publish","hentry","category-aruandlus","tag-aruandegeneraator","tag-email-2"],"_links":{"self":[{"href":"https:\/\/www.erplybooks.com\/et\/wp-json\/wp\/v2\/pages\/28730","targetHints":{"allow":["GET"]}}],"collection":[{"href":"https:\/\/www.erplybooks.com\/et\/wp-json\/wp\/v2\/pages"}],"about":[{"href":"https:\/\/www.erplybooks.com\/et\/wp-json\/wp\/v2\/types\/page"}],"author":[{"embeddable":true,"href":"https:\/\/www.erplybooks.com\/et\/wp-json\/wp\/v2\/users\/22"}],"replies":[{"embeddable":true,"href":"https:\/\/www.erplybooks.com\/et\/wp-json\/wp\/v2\/comments?post=28730"}],"version-history":[{"count":0,"href":"https:\/\/www.erplybooks.com\/et\/wp-json\/wp\/v2\/pages\/28730\/revisions"}],"up":[{"embeddable":true,"href":"https:\/\/www.erplybooks.com\/et\/wp-json\/wp\/v2\/pages\/3312"}],"wp:attachment":[{"href":"https:\/\/www.erplybooks.com\/et\/wp-json\/wp\/v2\/media?parent=28730"}],"wp:term":[{"taxonomy":"category","embeddable":true,"href":"https:\/\/www.erplybooks.com\/et\/wp-json\/wp\/v2\/categories?post=28730"},{"taxonomy":"post_tag","embeddable":true,"href":"https:\/\/www.erplybooks.com\/et\/wp-json\/wp\/v2\/tags?post=28730"}],"curies":[{"name":"wp","href":"https:\/\/api.w.org\/{rel}","templated":true}]}}