{"id":28596,"date":"2022-09-20T08:54:50","date_gmt":"2022-09-20T08:54:50","guid":{"rendered":"https:\/\/www.erplybooks.com\/?page_id=28596"},"modified":"2023-07-05T18:03:28","modified_gmt":"2023-07-05T18:03:28","slug":"tarkpay-integratsioon","status":"publish","type":"page","link":"https:\/\/www.erplybooks.com\/et\/tarkpay-integratsioon\/","title":{"rendered":"Tarkpay integratsioon"},"content":{"rendered":"<h2><strong>Tarkpay integratsioon<\/strong><\/h2>\n<p><span style=\"font-weight: 400;\">Sinu ja kliendivaheline makseprotsess kiireks, lihtsaks ja soodsaks!<\/span><\/p>\n<p>&nbsp;<\/p>\n<p><span style=\"font-weight: 400;\">ERPLY Booksis arveid koostades on v\u00f5imalik arvele lisada makselink. See sisaldab pangale makse vormistamiseks vajalikku infot &#8211; arve numbrit, ettev\u00f5tte infot, summat ning viitenumbri olemasolul ka seda.\u00a0<\/span><\/p>\n<p><span style=\"font-weight: 400;\">T\u00e4nu sellele funktsioonile, on v\u00f5imalik arve saajal makse kiiresti ja mugavalt teostada. Arve saaja saab arvele lisatud makselingile vajutada, panka sisse logida ning automaatselt vormistatud makse lihtsalt ja kiirelt kinnitada.\u00a0<\/span><\/p>\n<p><span style=\"font-weight: 400;\">Funktsioon toimib Eestis, L\u00e4tis ja Leedus, kuid seda riigip\u00f5hiselt, mis t\u00e4hendab, et Eesti ettev\u00f5ttena L\u00e4tti v\u00f5i Leetu arveid saates makselinki kasutada ei saa ning vastupidi.\u00a0<\/span><\/p>\n<p><span style=\"font-weight: 400;\">Makselingi lisamise funktsiooni saavad kasutada n\u00e4iteks:\u00a0<\/span><\/p>\n<ol>\n<li style=\"font-weight: 400;\" aria-level=\"1\"><span style=\"font-weight: 400;\">Korteri\u00fchistud;<\/span><\/li>\n<li style=\"font-weight: 400;\" aria-level=\"1\"><span style=\"font-weight: 400;\">Kinnisvaraettev\u00f5tted;<\/span><\/li>\n<li style=\"font-weight: 400;\" aria-level=\"1\"><span style=\"font-weight: 400;\">Kuutasuga ettev\u00f5tted, nagu spordiklubid, tantsustuudiod jne;<\/span><\/li>\n<li style=\"font-weight: 400;\" aria-level=\"1\"><span style=\"font-weight: 400;\">Lasteaiad, koolid, huvikoolid ja -grupid<\/span><\/li>\n<\/ol>\n<p><span style=\"font-weight: 400;\">Need on ainult loetud n\u00e4ited nendest paljudest ettev\u00f5tetest, kes saaksid klientidega arveldamise mitmeid kordi lihtsamaks ja kiiremaks protsessiks muuta. V\u00e4hem aegan\u00f5udev tegevus nii ettev\u00f5ttele, kes arve esitab ning isikule, kes arve saab.\u00a0<\/span><\/p>\n<p><span style=\"font-weight: 400;\">Millistel viisidel makselinki kasutada saab?\u00a0<\/span><\/p>\n<p><span style=\"font-weight: 400;\">Makselingi saab lisada nii arvele kui ka e-kirjale ning see v\u00f5ib olla nii makse&#8221;nupu&#8221; kujul v\u00f5i URL-lingina.\u00a0<\/span><\/p>\n<p><span style=\"font-weight: 400;\">Makse&#8221;nupp&#8221;<\/span><\/p>\n<p><img loading=\"lazy\" decoding=\"async\" class=\"alignnone wp-image-28598 size-full\" src=\"https:\/\/www.erplybooks.com\/wp-content\/uploads\/2022\/09\/Screenshot-2022-09-13-at-12.15.14-PM.png\" alt=\"\" width=\"904\" height=\"130\" srcset=\"https:\/\/www.erplybooks.com\/wp-content\/uploads\/2022\/09\/Screenshot-2022-09-13-at-12.15.14-PM.png 904w, https:\/\/www.erplybooks.com\/wp-content\/uploads\/2022\/09\/Screenshot-2022-09-13-at-12.15.14-PM-480x69.png 480w\" sizes=\"auto, (min-width: 0px) and (max-width: 480px) 480px, (min-width: 481px) 904px, 100vw\" \/><\/p>\n<ul>\n<li>Makselingi tasu per link 0.1\u20ac, esimesed 10 makset on TASUTA<\/li>\n<\/ul>\n<h2><\/h2>\n<h2><strong>Tarkpay seadistamine<\/strong><\/h2>\n<p><span style=\"font-weight: 400;\">Tarkpay makselingi lahendust on v\u00f5imalik seadistada e-mailidele, millega saadetakse v\u00e4lja m\u00fc\u00fcgiarved ning samuti arve PDF formaadile.<\/span><\/p>\n<p><strong>M\u00fc\u00fcgiarve e-mailiga<\/strong><\/p>\n<p><span style=\"font-weight: 400;\">Selle seadistamiseks tuleb:<\/span><\/p>\n<ol>\n<li style=\"font-weight: 400;\" aria-level=\"1\"><span style=\"font-weight: 400;\">\u00a0<\/span><b>\u2018\u2019\u00dcldiste s\u00e4tete\u2019\u2019<\/b><span style=\"font-weight: 400;\"> (S\u00e4tted -&gt; \u00dcldised s\u00e4tted) all aktiveerida reegel <\/span><b>\u2018\u2019Lisa Tarkpay makse lingid\u2019\u2019. <\/b><span style=\"font-weight: 400;\">Seej\u00e4rel genereeritakse igale m\u00fc\u00fcgiarvele uus link, ku kliendi riigiks on m\u00e4\u00e4ratud Eesti v\u00f5i kui kliendi riik on t\u00fchi.\u00a0<\/span><\/li>\n<\/ol>\n<p><img loading=\"lazy\" decoding=\"async\" class=\"alignnone wp-image-28567 \" src=\"https:\/\/www.erplybooks.com\/wp-content\/uploads\/2022\/09\/image5-1.png\" alt=\"\" width=\"729\" height=\"117\" \/><\/p>\n<p><span style=\"font-weight: 400;\">NB! Kui kontot ei vali, siis makset arvele koheselt ei lisata ja makse toimub alles pangaimpordiga. Kui aga lisad reegli aktiveerimisel ka konto, siis m\u00e4rgitakse arve s\u00fcsteemis makstuks.\u00a0<\/span><\/p>\n<p><span style=\"font-weight: 400;\">Kui reegel on aktiveeritud, siis salvesta muudatused ja v\u00e4rskenda lehte, et muudatused rakenduksid.\u00a0<\/span><\/p>\n<ol>\n<li style=\"font-weight: 400;\" aria-level=\"1\"><span style=\"font-weight: 400;\">Teise sammuna lisa E-maili tekstile <\/span><span style=\"font-weight: 400;\">parameeter, millega lisatakse e-mailidele Tarkpay makselingid. Selleks tee j\u00e4rgnevalt:<\/span><\/li>\n<\/ol>\n<ul>\n<li style=\"font-weight: 400;\" aria-level=\"1\"><span style=\"font-weight: 400;\">Ava \u00dcldised s\u00e4tted (<strong>S\u00e4tted -&gt; \u00dcldised s\u00e4tted<\/strong>)<\/span><\/li>\n<li style=\"font-weight: 400;\" aria-level=\"1\"><span style=\"font-weight: 400;\">Paremal n\u00e4ed <strong>\u2018\u2019Arve e-maili tekst\u2019\u2019<\/strong> kastikest, kuhu tuleb lisada |PAYMENT_LINKS|<\/span><\/li>\n<\/ul>\n<p><img loading=\"lazy\" decoding=\"async\" class=\"alignnone wp-image-28573 \" src=\"https:\/\/www.erplybooks.com\/wp-content\/uploads\/2022\/09\/image4-1.png\" alt=\"\" width=\"909\" height=\"386\" \/><\/p>\n<p><span style=\"font-weight: 400;\">Lisa teksti kastikesse:\u00a0<\/span><\/p>\n<p><img loading=\"lazy\" decoding=\"async\" class=\"alignnone wp-image-28585 \" src=\"https:\/\/www.erplybooks.com\/wp-content\/uploads\/2022\/09\/image2-1.png\" alt=\"\" width=\"454\" height=\"235\" \/><\/p>\n<p><span style=\"font-weight: 400;\">Peale lisamist salvesta muudatused ja v\u00e4rskenda lehte muudatuste rakendamiseks.\u00a0<\/span><\/p>\n<p><span style=\"font-weight: 400;\">Kui |PAYMENT_LINKS| on lisatud e-maili tekstile \u00fcleval n\u00e4idatud kastikesse, siis asendatakse need m\u00fc\u00fcgiarve saatmisel automaatselt Tarkpay makselinkidega.<\/span><\/p>\n<p><span style=\"font-weight: 400;\">N\u00fc\u00fcd kui saadad kliendile e-mailiga arve, siis kuvatakse Tarkpay makselingid e-mailis nii:\u00a0<\/span><\/p>\n<p><img loading=\"lazy\" decoding=\"async\" class=\"alignnone wp-image-28591 \" src=\"https:\/\/www.erplybooks.com\/wp-content\/uploads\/2022\/09\/image1-1.png\" alt=\"\" width=\"821\" height=\"342\" \/><\/p>\n<p><strong>Tarkpay makselingid arve PDF formaadile<\/strong><\/p>\n<p><span style=\"font-weight: 400;\">Kui soovid seadistada Tarkpay makselingid arve PDF failile, siis tuleb selleks lisada uus arve mall. Arve malli seadistamiseks ava <strong>S\u00e4tted -&gt; Algandmed<\/strong>.\u00a0<\/span><\/p>\n<p><span style=\"font-weight: 400;\">Lisa uus rida ning sisesta j\u00e4rgnev info:<\/span><\/p>\n<ul>\n<li style=\"font-weight: 400;\" aria-level=\"1\"><span style=\"font-weight: 400;\">ID &#8211; genereeritakse automaatselt<\/span><\/li>\n<li style=\"font-weight: 400;\" aria-level=\"1\"><span style=\"font-weight: 400;\">Arve keel &#8211; eesti keel<\/span><\/li>\n<li style=\"font-weight: 400;\" aria-level=\"1\"><span style=\"font-weight: 400;\">Dokumendi mall &#8211; 467558<\/span><\/li>\n<li style=\"font-weight: 400;\" aria-level=\"1\"><span style=\"font-weight: 400;\">Nimi &#8211; n\u00e4iteks Tarkpay makselingid<\/span><\/li>\n<\/ul>\n<p><img loading=\"lazy\" decoding=\"async\" class=\"alignnone wp-image-28579 size-full\" src=\"https:\/\/www.erplybooks.com\/wp-content\/uploads\/2022\/09\/image3-1.png\" alt=\"\" width=\"526\" height=\"48\" srcset=\"https:\/\/www.erplybooks.com\/wp-content\/uploads\/2022\/09\/image3-1.png 526w, https:\/\/www.erplybooks.com\/wp-content\/uploads\/2022\/09\/image3-1-480x44.png 480w\" sizes=\"auto, (min-width: 0px) and (max-width: 480px) 480px, (min-width: 481px) 526px, 100vw\" \/><\/p>\n<p><span style=\"font-weight: 400;\">Vajuta salvesta nuppu ning v\u00e4rskenda lehte muudatuste rakendumiseks. Uue m\u00fc\u00fcgiarve koostamisel on v\u00f5imalik n\u00fc\u00fcd valida Tarkpay makselinkidega arve mall. Koostades arve selle malliga, kuvatakse arve peal erinevate pankade makselingid nupukestena.\u00a0<\/span><\/p>\n<p><span style=\"font-weight: 400;\">T\u00e4psemat infot arve mallide seadistamise kohta saad lugeda <\/span><a href=\"https:\/\/www.erplybooks.com\/et\/juhendid\/arve-mallid\/\"><span style=\"font-weight: 400;\">siit<\/span><\/a><span style=\"font-weight: 400;\">.\u00a0<\/span><\/p>\n<p><b>Kui teil on lisak\u00fcsimusi, v\u00f5tke meiega \u00fchendust aadressil <\/b><a href=\"mailto:info@erplybooks.com\"><b>info@erplybooks.com<\/b><\/a><\/p>\n","protected":false},"excerpt":{"rendered":"<p>Tarkpay integratsioon Sinu ja kliendivaheline makseprotsess kiireks, lihtsaks ja soodsaks! &nbsp; ERPLY Booksis arveid koostades on v\u00f5imalik arvele lisada makselink. See sisaldab pangale makse vormistamiseks vajalikku infot &#8211; arve numbrit, ettev\u00f5tte infot, summat ning viitenumbri olemasolul ka seda.\u00a0 T\u00e4nu sellele funktsioonile, on v\u00f5imalik arve saajal makse kiiresti ja mugavalt teostada. Arve saaja saab arvele lisatud [&hellip;]<\/p>\n","protected":false},"author":21,"featured_media":0,"parent":0,"menu_order":0,"comment_status":"closed","ping_status":"closed","template":"","meta":{"_et_pb_use_builder":"","_et_pb_old_content":"","_et_gb_content_width":"","footnotes":""},"categories":[459],"tags":[750,774],"class_list":["post-28596","page","type-page","status-publish","hentry","category-integratsioonid","tag-integratsioon-2","tag-tarkpay-2"],"_links":{"self":[{"href":"https:\/\/www.erplybooks.com\/et\/wp-json\/wp\/v2\/pages\/28596","targetHints":{"allow":["GET"]}}],"collection":[{"href":"https:\/\/www.erplybooks.com\/et\/wp-json\/wp\/v2\/pages"}],"about":[{"href":"https:\/\/www.erplybooks.com\/et\/wp-json\/wp\/v2\/types\/page"}],"author":[{"embeddable":true,"href":"https:\/\/www.erplybooks.com\/et\/wp-json\/wp\/v2\/users\/21"}],"replies":[{"embeddable":true,"href":"https:\/\/www.erplybooks.com\/et\/wp-json\/wp\/v2\/comments?post=28596"}],"version-history":[{"count":0,"href":"https:\/\/www.erplybooks.com\/et\/wp-json\/wp\/v2\/pages\/28596\/revisions"}],"wp:attachment":[{"href":"https:\/\/www.erplybooks.com\/et\/wp-json\/wp\/v2\/media?parent=28596"}],"wp:term":[{"taxonomy":"category","embeddable":true,"href":"https:\/\/www.erplybooks.com\/et\/wp-json\/wp\/v2\/categories?post=28596"},{"taxonomy":"post_tag","embeddable":true,"href":"https:\/\/www.erplybooks.com\/et\/wp-json\/wp\/v2\/tags?post=28596"}],"curies":[{"name":"wp","href":"https:\/\/api.w.org\/{rel}","templated":true}]}}