{"id":27895,"date":"2022-08-01T07:42:59","date_gmt":"2022-08-01T07:42:59","guid":{"rendered":"https:\/\/www.erplybooks.com\/?page_id=27895"},"modified":"2023-07-05T18:17:49","modified_gmt":"2023-07-05T18:17:49","slug":"viivisarved","status":"publish","type":"page","link":"https:\/\/www.erplybooks.com\/et\/viivisarved\/","title":{"rendered":"Viivisarved"},"content":{"rendered":"<h1><span style=\"font-weight: 400;\">Viivisarved\u00a0<\/span><\/h1>\n<p>&nbsp;<\/p>\n<p><b>Viiviste mooduli seadistamine ERPLY Booksi poolt on tasuline teenus ja selle hind on 599 eur + KM.<\/b><\/p>\n<p><b>Viiviste mooduli seadistamiseks kirjuta meile support@erplybooks.com<\/b><\/p>\n<p><span style=\"font-weight: 400;\">J\u00e4rgnevalt kirjeldatakse viiviste mooduli kasutamist.<\/span><\/p>\n<p>&nbsp;<\/p>\n<h1><span style=\"font-weight: 400;\">Viivise protsendi m\u00e4\u00e4ramine<\/span><\/h1>\n<p>&nbsp;<\/p>\n<p><span style=\"font-weight: 400;\">Viivise arved saadetakse kliendile v\u00e4lja sel juhul, kui arve t\u00e4htaeg on juba m\u00f6\u00f6das ning klient pole veel arvet tasunud. Iga t\u00e4htajaks tasumata arve kohta arvestatakse kindel viivise protsent, mis arvestatakse tasumata summalt ja t\u00e4htaja \u00fcletanud p\u00e4evade eest. ERPLY Booksis saab m\u00e4\u00e4rata viivise protsendi k\u00f5ikidele klientidele vaikimisi \u00dcldiste s\u00e4tete alt (<\/span><b>S\u00e4tted -&gt; \u00dcldised s\u00e4tted<\/b><span style=\"font-weight: 400;\">).<\/span><\/p>\n<p>&nbsp;<\/p>\n<p><img loading=\"lazy\" decoding=\"async\" class=\"alignnone wp-image-27932 \" src=\"https:\/\/www.erplybooks.com\/wp-content\/uploads\/2022\/08\/image7.png\" alt=\"\" width=\"303\" height=\"348\" \/><\/p>\n<p><span style=\"font-weight: 400;\">Kui soovid klientidele m\u00e4\u00e4rata eraldi viivise protsendi, siis saad seda teha kontaktikaardi<\/span> <span style=\"font-weight: 400;\">alt. Selle leiad, kui avad \u2018<\/span><b>\u2019M\u00fc\u00fck -&gt; Kontkatid\u2019\u2019<\/b><span style=\"font-weight: 400;\"> ning vajutad soovitud kliendi nime ees olevale mustale ringikujulisele ikoonile. Avaneb kogu info kliendi kohta ning seal saab m\u00e4\u00e4rata ka viivise protsendi:<\/span><\/p>\n<p>&nbsp;<\/p>\n<p><img loading=\"lazy\" decoding=\"async\" class=\"alignnone wp-image-27908 \" src=\"https:\/\/www.erplybooks.com\/wp-content\/uploads\/2022\/08\/image3.png\" alt=\"\" width=\"726\" height=\"352\" \/><\/p>\n<p>&nbsp;<\/p>\n<p>Kui soovid kliendi viivise protsenti muuta k\u00f5ikidel \u00fcleval olevatel arvetel, siis tuleb kontaktikaardil valida <strong>&#8221;Veel -&gt; Muuda: Viivis&#8221;\u00a0<\/strong>ning vajutada kinnitamise aknas <strong>&#8221;Jah&#8221;<\/strong>.<\/p>\n<p><img loading=\"lazy\" decoding=\"async\" class=\"alignnone wp-image-30297 \" src=\"https:\/\/www.erplybooks.com\/wp-content\/uploads\/2023\/04\/Screenshot-2023-04-14-at-16.34.57.png\" alt=\"\" width=\"256\" height=\"258\" \/><\/p>\n<p>&nbsp;<\/p>\n<p>&nbsp;<\/p>\n<h1><span style=\"font-weight: 400;\">Viiviste arvestus<\/span><\/h1>\n<p>&nbsp;<\/p>\n<p><span style=\"font-weight: 400;\">Viiviste arvestus k\u00e4ib Kliendi raporti kaudu (<\/span><b>\u201cM\u00fc\u00fck\u201d -&gt; \u201cKliendi raport\u201d<\/b><span style=\"font-weight: 400;\">). Kui Sa kasutad viiviste moodulit, siis on seal n\u00e4ha viiviste veerud:\u00a0<\/span><\/p>\n<p>&nbsp;<\/p>\n<p><img loading=\"lazy\" decoding=\"async\" class=\"alignnone wp-image-27914 size-full\" src=\"https:\/\/www.erplybooks.com\/wp-content\/uploads\/2022\/08\/image4.png\" alt=\"\" width=\"1999\" height=\"633\" srcset=\"https:\/\/www.erplybooks.com\/wp-content\/uploads\/2022\/08\/image4.png 1999w, https:\/\/www.erplybooks.com\/wp-content\/uploads\/2022\/08\/image4-1280x405.png 1280w, https:\/\/www.erplybooks.com\/wp-content\/uploads\/2022\/08\/image4-980x310.png 980w, https:\/\/www.erplybooks.com\/wp-content\/uploads\/2022\/08\/image4-480x152.png 480w\" sizes=\"auto, (min-width: 0px) and (max-width: 480px) 480px, (min-width: 481px) and (max-width: 980px) 980px, (min-width: 981px) and (max-width: 1280px) 1280px, (min-width: 1281px) 1999px, 100vw\" \/><\/p>\n<ul>\n<li><b>Viivis &#8211;<\/b><span style=\"font-weight: 400;\">\u00a0 n\u00e4itab, kui palju viivist on v\u00f5imalik arvestada t\u00e4htajaks laekumata arvete pealt<\/span><\/li>\n<li><b>Viivis-Makstud &#8211;<\/b><span style=\"font-weight: 400;\">\u00a0 see n\u00e4itab, kui palju on viivist makstud arvete pealt. Valides alates ja kuni kuup\u00e4eva, siis kuvatakse selles veerus need viivise summad, mis arvutati makstud arvete pealt. N\u00e4iteks arve tasuti, kui arve t\u00e4htaeg oli 20 p\u00e4eva \u00fcle ehk siis see maksti \u00e4ra enne viivisarvete arvestust, siis selle 20 p\u00e4eva eest tuleb siiski viivist arvestada ning see veerg seda summat n\u00e4itabki<\/span><\/li>\n<li><b>Viivis-Arvestatud-<\/b><span style=\"font-weight: 400;\"> n\u00e4itab, kui palju on viiviseid kliendile juba arvestatud ja viivisarveid esitatud<\/span><\/li>\n<\/ul>\n<p>&nbsp;<\/p>\n<h1><span style=\"font-weight: 400;\">Viivisarve koostamine<\/span><\/h1>\n<p>&nbsp;<\/p>\n<p><span style=\"font-weight: 400;\">Viivisarveid saab koostada kahte moodi:\u00a0<\/span><\/p>\n<ul>\n<li style=\"font-weight: 400;\" aria-level=\"1\"><span style=\"font-weight: 400;\">Periooditi<\/span><\/li>\n<li style=\"font-weight: 400;\" aria-level=\"1\"><span style=\"font-weight: 400;\">Lihtsalt arvestades korraga viivised &#8211; lihtsalt vali \u201cKuup\u00e4ev\u201d ja j\u00e4ta teised kuup\u00e4eva lahtrid t\u00fchjaks<\/span><\/li>\n<\/ul>\n<p><span style=\"font-weight: 400;\">Periooditi arvestamisel vali kolm kuup\u00e4eva:\u00a0<\/span><\/p>\n<ul>\n<li style=\"font-weight: 400;\" aria-level=\"1\"><span style=\"font-weight: 400;\">Kuup\u00e4ev &#8211; \u00fcldine v\u00f5lakuup\u00e4ev ehk mis kuup\u00e4eva seisuga v\u00f5lgu kontrollime.\u00a0<\/span><\/li>\n<li style=\"font-weight: 400;\" aria-level=\"1\"><span style=\"font-weight: 400;\">Alates (Viivis) &#8211; arvestab viiviste arvestamisel mis kuup\u00e4evast alates vaata hiljem makstud arveid (ehk mis arved maksti \u00fcle t\u00e4htaja).\u00a0<\/span><\/li>\n<li style=\"font-weight: 400;\" aria-level=\"1\"><span style=\"font-weight: 400;\">Alates (Arve) &#8211; arvestab viiviseid alates sellest kuup\u00e4evast. St kui arve t\u00e4htaeg oli 31\/12\/21, siis otsides kuup\u00e4evaga 01\/07\/22 arvestab arve t\u00e4htajaks 01\/07\/22.\u00a0<\/span><\/li>\n<\/ul>\n<p><span style=\"font-weight: 400;\">N\u00e4iteks kui hetkel on maikuu ja soovid aprillikuu eest arvutada viiviseid, siis tuleks <\/span><b>\u201cAlates (Viivis)\u201d<\/b><span style=\"font-weight: 400;\"> ja \u201c<\/span><b>Alates (Arve)<\/b><span style=\"font-weight: 400;\">\u201d lahtrisse m\u00e4rkida 01.04.2022 ja <\/span><b>\u2018\u2019Kuup\u00e4ev\u2019\u2019 <\/b><span style=\"font-weight: 400;\">lahtrisse 30.04.2022.<\/span><span style=\"font-weight: 400;\"> Seej\u00e4rel vajuta \u201cOtsi\u201d nuppu.<\/span><\/p>\n<p>&nbsp;<\/p>\n<p><img loading=\"lazy\" decoding=\"async\" class=\"alignnone wp-image-27926 size-full\" src=\"https:\/\/www.erplybooks.com\/wp-content\/uploads\/2022\/08\/image6.png\" alt=\"\" width=\"1999\" height=\"486\" srcset=\"https:\/\/www.erplybooks.com\/wp-content\/uploads\/2022\/08\/image6.png 1999w, https:\/\/www.erplybooks.com\/wp-content\/uploads\/2022\/08\/image6-1280x311.png 1280w, https:\/\/www.erplybooks.com\/wp-content\/uploads\/2022\/08\/image6-980x238.png 980w, https:\/\/www.erplybooks.com\/wp-content\/uploads\/2022\/08\/image6-480x117.png 480w\" sizes=\"auto, (min-width: 0px) and (max-width: 480px) 480px, (min-width: 481px) and (max-width: 980px) 980px, (min-width: 981px) and (max-width: 1280px) 1280px, (min-width: 1281px) 1999px, 100vw\" \/><\/p>\n<p>&nbsp;<\/p>\n<p><span style=\"font-weight: 400;\">Viivisarvet on v\u00f5imalik koostada kahel erineval moel. Esmalt tuleb valida klient (tee kliendi nime ette linnuke). Seej\u00e4rel vajuta alamen\u00fc\u00fcst sinist <\/span><b>\u201cViivis\u201d <\/b><span style=\"font-weight: 400;\">nuppu.\u00a0<\/span><\/p>\n<p>&nbsp;<\/p>\n<p><img loading=\"lazy\" decoding=\"async\" class=\"alignnone wp-image-27896 size-full\" src=\"https:\/\/www.erplybooks.com\/wp-content\/uploads\/2022\/08\/image1.png\" alt=\"\" width=\"1999\" height=\"916\" srcset=\"https:\/\/www.erplybooks.com\/wp-content\/uploads\/2022\/08\/image1.png 1999w, https:\/\/www.erplybooks.com\/wp-content\/uploads\/2022\/08\/image1-1280x587.png 1280w, https:\/\/www.erplybooks.com\/wp-content\/uploads\/2022\/08\/image1-980x449.png 980w, https:\/\/www.erplybooks.com\/wp-content\/uploads\/2022\/08\/image1-480x220.png 480w\" sizes=\"auto, (min-width: 0px) and (max-width: 480px) 480px, (min-width: 481px) and (max-width: 980px) 980px, (min-width: 981px) and (max-width: 1280px) 1280px, (min-width: 1281px) 1999px, 100vw\" \/><\/p>\n<p>&nbsp;<\/p>\n<ol>\n<li style=\"font-weight: 400;\" aria-level=\"1\"><span style=\"font-weight: 400;\">Kui valid <\/span><b>\u2018\u2019Detailne\u2019\u2019, <\/b><span style=\"font-weight: 400;\">siis koostatakse viivisarve, milles klient n\u00e4eb t\u00e4psemaid andmeid. See on kliendile parem, sest n\u00e4itab \u00e4ra, kust antud summad tulevad.\u00a0<\/span><\/li>\n<\/ol>\n<p><span style=\"font-weight: 400;\">Viivisarve ridadel n\u00e4idatakse viivise arvutus iga t\u00e4htajaks laekumata arve kohta. Viivisarve artikkel tekib viivisarvele automaatselt. N\u00fc\u00fcd saad arve salvestada ja kliendile saata.<\/span><\/p>\n<p>&nbsp;<\/p>\n<p><img loading=\"lazy\" decoding=\"async\" class=\"alignnone wp-image-27920 size-full\" src=\"https:\/\/www.erplybooks.com\/wp-content\/uploads\/2022\/08\/image5.png\" alt=\"\" width=\"1999\" height=\"941\" srcset=\"https:\/\/www.erplybooks.com\/wp-content\/uploads\/2022\/08\/image5.png 1999w, https:\/\/www.erplybooks.com\/wp-content\/uploads\/2022\/08\/image5-1280x603.png 1280w, https:\/\/www.erplybooks.com\/wp-content\/uploads\/2022\/08\/image5-980x461.png 980w, https:\/\/www.erplybooks.com\/wp-content\/uploads\/2022\/08\/image5-480x226.png 480w\" sizes=\"auto, (min-width: 0px) and (max-width: 480px) 480px, (min-width: 481px) and (max-width: 980px) 980px, (min-width: 981px) and (max-width: 1280px) 1280px, (min-width: 1281px) 1999px, 100vw\" \/><\/p>\n<p>&nbsp;<\/p>\n<ol>\n<li style=\"font-weight: 400;\" aria-level=\"1\"><span style=\"font-weight: 400;\">Teise variandina saad valida <\/span><b>\u2018\u2019Kokku\u2019\u2019<\/b><span style=\"font-weight: 400;\">. Kui valid selle variandi, teeb Books automaatselt viivisarve, kus on n\u00e4idatud viivised koondsummana.<\/span><\/li>\n<\/ol>\n<p>&nbsp;<\/p>\n<p><img loading=\"lazy\" decoding=\"async\" class=\"alignnone wp-image-27902 size-full\" src=\"https:\/\/www.erplybooks.com\/wp-content\/uploads\/2022\/08\/image2.png\" alt=\"\" width=\"1999\" height=\"933\" srcset=\"https:\/\/www.erplybooks.com\/wp-content\/uploads\/2022\/08\/image2.png 1999w, https:\/\/www.erplybooks.com\/wp-content\/uploads\/2022\/08\/image2-1280x597.png 1280w, https:\/\/www.erplybooks.com\/wp-content\/uploads\/2022\/08\/image2-980x457.png 980w, https:\/\/www.erplybooks.com\/wp-content\/uploads\/2022\/08\/image2-480x224.png 480w\" sizes=\"auto, (min-width: 0px) and (max-width: 480px) 480px, (min-width: 481px) and (max-width: 980px) 980px, (min-width: 981px) and (max-width: 1280px) 1280px, (min-width: 1281px) 1999px, 100vw\" \/><\/p>\n","protected":false},"excerpt":{"rendered":"<p>Viivisarved\u00a0 &nbsp; Viiviste mooduli seadistamine ERPLY Booksi poolt on tasuline teenus ja selle hind on 599 eur + KM. Viiviste mooduli seadistamiseks kirjuta meile support@erplybooks.com J\u00e4rgnevalt kirjeldatakse viiviste mooduli kasutamist. &nbsp; Viivise protsendi m\u00e4\u00e4ramine &nbsp; Viivise arved saadetakse kliendile v\u00e4lja sel juhul, kui arve t\u00e4htaeg on juba m\u00f6\u00f6das ning klient pole veel arvet tasunud. Iga [&hellip;]<\/p>\n","protected":false},"author":22,"featured_media":0,"parent":0,"menu_order":0,"comment_status":"closed","ping_status":"closed","template":"","meta":{"_et_pb_use_builder":"","_et_pb_old_content":"","_et_gb_content_width":"","footnotes":""},"categories":[452],"tags":[589,845],"class_list":["post-27895","page","type-page","status-publish","hentry","category-muuk","tag-arve","tag-viivis"],"_links":{"self":[{"href":"https:\/\/www.erplybooks.com\/et\/wp-json\/wp\/v2\/pages\/27895","targetHints":{"allow":["GET"]}}],"collection":[{"href":"https:\/\/www.erplybooks.com\/et\/wp-json\/wp\/v2\/pages"}],"about":[{"href":"https:\/\/www.erplybooks.com\/et\/wp-json\/wp\/v2\/types\/page"}],"author":[{"embeddable":true,"href":"https:\/\/www.erplybooks.com\/et\/wp-json\/wp\/v2\/users\/22"}],"replies":[{"embeddable":true,"href":"https:\/\/www.erplybooks.com\/et\/wp-json\/wp\/v2\/comments?post=27895"}],"version-history":[{"count":0,"href":"https:\/\/www.erplybooks.com\/et\/wp-json\/wp\/v2\/pages\/27895\/revisions"}],"wp:attachment":[{"href":"https:\/\/www.erplybooks.com\/et\/wp-json\/wp\/v2\/media?parent=27895"}],"wp:term":[{"taxonomy":"category","embeddable":true,"href":"https:\/\/www.erplybooks.com\/et\/wp-json\/wp\/v2\/categories?post=27895"},{"taxonomy":"post_tag","embeddable":true,"href":"https:\/\/www.erplybooks.com\/et\/wp-json\/wp\/v2\/tags?post=27895"}],"curies":[{"name":"wp","href":"https:\/\/api.w.org\/{rel}","templated":true}]}}