{"id":27170,"date":"2022-06-06T07:23:50","date_gmt":"2022-06-06T07:23:50","guid":{"rendered":"https:\/\/www.erplybooks.com\/?page_id=27170"},"modified":"2023-08-23T07:26:24","modified_gmt":"2023-08-23T07:26:24","slug":"tugikasutaja-lisamine","status":"publish","type":"page","link":"https:\/\/www.erplybooks.com\/et\/juhendid\/tugikasutaja-lisamine\/","title":{"rendered":"Tugikasutaja lisamine"},"content":{"rendered":"<h1><span style=\"font-weight: 400;\">Tugikasutaja\u00a0<\/span><\/h1>\n<p>&nbsp;<\/p>\n<p><span style=\"font-weight: 400;\">Antud juhend kirjeldab kuidas lisada tugikasutajat Sinu ERPLY Books kontole. Tugikasutaja annab ERPLY Booksi kasutajatoele loa n\u00e4gemaks Sinu andmeid ja dokumente. Juhul, kui Sul ilmneb Booksi kasutades probleeme on t\u00e4nu sellele kergem vigu leida.<\/span><\/p>\n<p>&nbsp;<\/p>\n<p>&nbsp;<\/p>\n<h2><span style=\"font-weight: 400;\">Tugikasutaja lisamine<\/span><\/h2>\n<p>&nbsp;<\/p>\n<p><span style=\"font-weight: 400;\">Kui p\u00f6\u00f6rdud kasutajatoe poole k\u00fcsimusega, siis ilmselt on kasutajatoel vaja vaadata Sinu kontot, et probleemi paremini m\u00f5ista ning kasutajatugi palub Sul lisada tugikasutaja. <\/span><span style=\"font-weight: 400;\">Tugikasutaja lisamiseks ava <\/span><b>S\u00e4tted -&gt; \u00dcldised S\u00e4tted<\/b><span style=\"font-weight: 400;\"> ja leia sinine nupuke nimega \u2018\u2019Lisa tugikasutaja\u2019\u2019 ja seej\u00e4rel kinnita valik.\u00a0<\/span><\/p>\n<p><img loading=\"lazy\" decoding=\"async\" class=\"alignnone wp-image-27171 size-full\" src=\"https:\/\/www.erplybooks.com\/wp-content\/uploads\/2022\/06\/image1.png\" alt=\"\" width=\"630\" height=\"78\" srcset=\"https:\/\/www.erplybooks.com\/wp-content\/uploads\/2022\/06\/image1.png 630w, https:\/\/www.erplybooks.com\/wp-content\/uploads\/2022\/06\/image1-480x59.png 480w\" sizes=\"auto, (min-width: 0px) and (max-width: 480px) 480px, (min-width: 481px) 630px, 100vw\" \/><\/p>\n<p><span style=\"font-weight: 400;\">Kui tugikasutaja lisamine on kinnitatud on kasutajatoel Sinu kontole ligip\u00e4\u00e4s olemas. Tugikasutaja lisamiseks peavad olema Sul administraatori \u00f5igused, sest vastasel juhul kuvab tugikasutaja lisamise nupule vajutades veateate.<\/span><\/p>\n<p>&nbsp;<\/p>\n<p><iframe loading=\"lazy\" title=\"How to add support user to ERPLY Books\" width=\"1080\" height=\"608\" src=\"https:\/\/www.youtube.com\/embed\/FIeyvcqKJoY?feature=oembed\"  allow=\"accelerometer; autoplay; clipboard-write; encrypted-media; gyroscope; picture-in-picture; web-share\" allowfullscreen><\/iframe><\/p>\n","protected":false},"excerpt":{"rendered":"<p>Tugikasutaja\u00a0 &nbsp; Antud juhend kirjeldab kuidas lisada tugikasutajat Sinu ERPLY Books kontole. Tugikasutaja annab ERPLY Booksi kasutajatoele loa n\u00e4gemaks Sinu andmeid ja dokumente. Juhul, kui Sul ilmneb Booksi kasutades probleeme on t\u00e4nu sellele kergem vigu leida. &nbsp; &nbsp; Tugikasutaja lisamine &nbsp; Kui p\u00f6\u00f6rdud kasutajatoe poole k\u00fcsimusega, siis ilmselt on kasutajatoel vaja vaadata Sinu kontot, et [&hellip;]<\/p>\n","protected":false},"author":22,"featured_media":0,"parent":3312,"menu_order":0,"comment_status":"closed","ping_status":"closed","template":"","meta":{"_et_pb_use_builder":"","_et_pb_old_content":"","_et_gb_content_width":"","footnotes":""},"categories":[450],"tags":[503,502,444],"class_list":["post-27170","page","type-page","status-publish","hentry","category-seadistused","tag-kasutaja","tag-tugi","tag-tugikasutaja"],"_links":{"self":[{"href":"https:\/\/www.erplybooks.com\/et\/wp-json\/wp\/v2\/pages\/27170","targetHints":{"allow":["GET"]}}],"collection":[{"href":"https:\/\/www.erplybooks.com\/et\/wp-json\/wp\/v2\/pages"}],"about":[{"href":"https:\/\/www.erplybooks.com\/et\/wp-json\/wp\/v2\/types\/page"}],"author":[{"embeddable":true,"href":"https:\/\/www.erplybooks.com\/et\/wp-json\/wp\/v2\/users\/22"}],"replies":[{"embeddable":true,"href":"https:\/\/www.erplybooks.com\/et\/wp-json\/wp\/v2\/comments?post=27170"}],"version-history":[{"count":0,"href":"https:\/\/www.erplybooks.com\/et\/wp-json\/wp\/v2\/pages\/27170\/revisions"}],"up":[{"embeddable":true,"href":"https:\/\/www.erplybooks.com\/et\/wp-json\/wp\/v2\/pages\/3312"}],"wp:attachment":[{"href":"https:\/\/www.erplybooks.com\/et\/wp-json\/wp\/v2\/media?parent=27170"}],"wp:term":[{"taxonomy":"category","embeddable":true,"href":"https:\/\/www.erplybooks.com\/et\/wp-json\/wp\/v2\/categories?post=27170"},{"taxonomy":"post_tag","embeddable":true,"href":"https:\/\/www.erplybooks.com\/et\/wp-json\/wp\/v2\/tags?post=27170"}],"curies":[{"name":"wp","href":"https:\/\/api.w.org\/{rel}","templated":true}]}}