{"id":27026,"date":"2022-05-24T11:35:45","date_gmt":"2022-05-24T11:35:45","guid":{"rendered":"https:\/\/www.erplybooks.com\/?page_id=27026"},"modified":"2023-07-05T17:41:42","modified_gmt":"2023-07-05T17:41:42","slug":"lao-kontode-seadistamine","status":"publish","type":"page","link":"https:\/\/www.erplybooks.com\/et\/lao-kontode-seadistamine\/","title":{"rendered":"Lao kontode seadistamine"},"content":{"rendered":"<h1>Lao kontode seadistamine<\/h1>\n<p>&nbsp;<\/p>\n<p>&nbsp;<\/p>\n<p>Lao kontode seadistamiseks ava <b>\u201cS\u00e4tted\u201d &gt; \u201cAlgandmed\u201d &gt; \u201cS\u00fcsteemikontod\u201d. <\/b>Vajadusel saad siia lisada vajalikud lao vahekontod. Lisa selleks uus rida, vali s\u00fcsteemikonto t\u00fc\u00fcp ja raamatupidamise konto.<\/p>\n<p>&nbsp;<\/p>\n<p><strong>1. &#8220;Lao vahekonto&#8221;<\/strong> (n\u00e4iteks transpordikulu)<strong>:<\/strong><\/p>\n<p><img loading=\"lazy\" decoding=\"async\" class=\"alignnone wp-image-27017\" src=\"https:\/\/www.erplybooks.com\/wp-content\/uploads\/2022\/05\/Screenshot-2022-05-24-at-13.32.27.png\" alt=\"\" width=\"540\" height=\"27\" \/><\/p>\n<p>&nbsp;<\/p>\n<p><b>2. &#8220;Vaheladu ostu-saatelehtede jaoks&#8221;:<\/b><\/p>\n<p><img loading=\"lazy\" decoding=\"async\" class=\"alignnone size-full wp-image-21722\" src=\"https:\/\/www.erplybooks.com\/wp-content\/uploads\/2021\/06\/Screenshot-2021-06-22-at-12.52.02.png\" alt=\"\" width=\"448\" height=\"22\" srcset=\"https:\/\/www.erplybooks.com\/wp-content\/uploads\/2021\/06\/Screenshot-2021-06-22-at-12.52.02.png 448w, https:\/\/www.erplybooks.com\/wp-content\/uploads\/2021\/06\/Screenshot-2021-06-22-at-12.52.02-300x15.png 300w\" sizes=\"auto, (max-width: 448px) 100vw, 448px\" \/><\/p>\n<p>&nbsp;<\/p>\n<p><b>3. &#8220;Lao arvelev\u00f5tmiste kreeditkonto&#8221;<\/b><\/p>\n<p><img loading=\"lazy\" decoding=\"async\" class=\"alignnone wp-image-27027 size-full\" src=\"https:\/\/www.erplybooks.com\/wp-content\/uploads\/2022\/05\/Screenshot-2022-05-24-at-15.11.32.png\" alt=\"\" width=\"453\" height=\"22\" srcset=\"https:\/\/www.erplybooks.com\/wp-content\/uploads\/2022\/05\/Screenshot-2022-05-24-at-15.11.32.png 453w, https:\/\/www.erplybooks.com\/wp-content\/uploads\/2022\/05\/Screenshot-2022-05-24-at-15.11.32-300x15.png 300w\" sizes=\"auto, (max-width: 453px) 100vw, 453px\" \/><\/p>\n<p>&nbsp;<\/p>\n<p><b>4. &#8220;Ladudevaheliste liikumise vahekonto&#8221;<\/b><\/p>\n<p><img loading=\"lazy\" decoding=\"async\" class=\"alignnone size-full wp-image-21729\" src=\"https:\/\/www.erplybooks.com\/wp-content\/uploads\/2021\/06\/Screenshot-2021-06-22-at-12.51.21.png\" alt=\"\" width=\"450\" height=\"18\" srcset=\"https:\/\/www.erplybooks.com\/wp-content\/uploads\/2021\/06\/Screenshot-2021-06-22-at-12.51.21.png 450w, https:\/\/www.erplybooks.com\/wp-content\/uploads\/2021\/06\/Screenshot-2021-06-22-at-12.51.21-300x12.png 300w\" sizes=\"auto, (max-width: 450px) 100vw, 450px\" \/><\/p>\n<p>&nbsp;<\/p>\n<p><b>5. &#8220;ERPLY mahakandmine&#8221;<\/b><\/p>\n<p>Juhul, kui Sul on erinevad mahakandmiste p\u00f5hjused ja soovid neid n\u00e4ha eraldi kontodel, siis ava <b>\u201cS\u00e4tted\u201d &gt; \u201cERPLY lao ja kassa s\u00e4tted\u201d &gt; \u201cLisa reeglid kontodele\u201d.<\/b> Otsi \u00fcles read, millel on t\u00fc\u00fcbiks <b>\u201cERPLY laomahakandmine\u201d<\/b> ja m\u00e4\u00e4ra neile kontod. N\u00e4iteks saad m\u00e4\u00e4rata eraldi kontod n\u00e4idistele, allahindlustele, katkistele kaupadele, laoj\u00e4\u00e4kidele.<\/p>\n<p><img loading=\"lazy\" decoding=\"async\" class=\"alignnone size-full wp-image-21735\" src=\"https:\/\/www.erplybooks.com\/wp-content\/uploads\/2021\/06\/Screenshot-2021-06-22-at-12.51.00.png\" alt=\"\" width=\"450\" height=\"44\" srcset=\"https:\/\/www.erplybooks.com\/wp-content\/uploads\/2021\/06\/Screenshot-2021-06-22-at-12.51.00.png 450w, https:\/\/www.erplybooks.com\/wp-content\/uploads\/2021\/06\/Screenshot-2021-06-22-at-12.51.00-300x29.png 300w\" sizes=\"auto, (max-width: 450px) 100vw, 450px\" \/><\/p>\n<p>&nbsp;<\/p>\n<p>Peale kontode m\u00e4\u00e4ramist s\u00fcsteemikontode all salvesta ja uuenda lehte (refresh).<\/p>\n","protected":false},"excerpt":{"rendered":"<p>Lao kontode seadistamine &nbsp; &nbsp; Lao kontode seadistamiseks ava \u201cS\u00e4tted\u201d &gt; \u201cAlgandmed\u201d &gt; \u201cS\u00fcsteemikontod\u201d. Vajadusel saad siia lisada vajalikud lao vahekontod. Lisa selleks uus rida, vali s\u00fcsteemikonto t\u00fc\u00fcp ja raamatupidamise konto. &nbsp; 1. &#8220;Lao vahekonto&#8221; (n\u00e4iteks transpordikulu): &nbsp; 2. &#8220;Vaheladu ostu-saatelehtede jaoks&#8221;: &nbsp; 3. &#8220;Lao arvelev\u00f5tmiste kreeditkonto&#8221; &nbsp; 4. &#8220;Ladudevaheliste liikumise vahekonto&#8221; &nbsp; 5. &#8220;ERPLY [&hellip;]<\/p>\n","protected":false},"author":22,"featured_media":0,"parent":0,"menu_order":0,"comment_status":"closed","ping_status":"closed","template":"","meta":{"_et_pb_use_builder":"","_et_pb_old_content":"","_et_gb_content_width":"","footnotes":""},"categories":[450],"tags":[101,113,744],"class_list":["post-27026","page","type-page","status-publish","hentry","category-seadistused","tag-kontod","tag-ladu","tag-seadistamine"],"_links":{"self":[{"href":"https:\/\/www.erplybooks.com\/et\/wp-json\/wp\/v2\/pages\/27026","targetHints":{"allow":["GET"]}}],"collection":[{"href":"https:\/\/www.erplybooks.com\/et\/wp-json\/wp\/v2\/pages"}],"about":[{"href":"https:\/\/www.erplybooks.com\/et\/wp-json\/wp\/v2\/types\/page"}],"author":[{"embeddable":true,"href":"https:\/\/www.erplybooks.com\/et\/wp-json\/wp\/v2\/users\/22"}],"replies":[{"embeddable":true,"href":"https:\/\/www.erplybooks.com\/et\/wp-json\/wp\/v2\/comments?post=27026"}],"version-history":[{"count":0,"href":"https:\/\/www.erplybooks.com\/et\/wp-json\/wp\/v2\/pages\/27026\/revisions"}],"wp:attachment":[{"href":"https:\/\/www.erplybooks.com\/et\/wp-json\/wp\/v2\/media?parent=27026"}],"wp:term":[{"taxonomy":"category","embeddable":true,"href":"https:\/\/www.erplybooks.com\/et\/wp-json\/wp\/v2\/categories?post=27026"},{"taxonomy":"post_tag","embeddable":true,"href":"https:\/\/www.erplybooks.com\/et\/wp-json\/wp\/v2\/tags?post=27026"}],"curies":[{"name":"wp","href":"https:\/\/api.w.org\/{rel}","templated":true}]}}