{"id":26465,"date":"2022-05-02T08:14:37","date_gmt":"2022-05-02T08:14:37","guid":{"rendered":"https:\/\/www.erplybooks.com\/?page_id=26465"},"modified":"2023-07-06T06:43:22","modified_gmt":"2023-07-06T06:43:22","slug":"kliendi-saldovaljavote","status":"publish","type":"page","link":"https:\/\/www.erplybooks.com\/et\/juhendid\/kliendi-saldovaljavote\/","title":{"rendered":"Kliendi saldov\u00e4ljav\u00f5te"},"content":{"rendered":"<h1><span style=\"font-weight: 400;\">Kliendi saldov\u00e4ljav\u00f5te\u00a0<\/span><\/h1>\n<p>&nbsp;<\/p>\n<p><b>Saldov\u00e4ljav\u00f5te <\/b><span style=\"font-weight: 400;\">annab meile k\u00f5ik tehingud, mis on kliendi v\u00f5i hankijaga seotud.\u00a0<\/span><\/p>\n<p><span style=\"font-weight: 400;\">Tehingud on:<\/span><\/p>\n<ul>\n<li style=\"font-weight: 400;\" aria-level=\"1\"><span style=\"font-weight: 400;\">Arved<\/span><\/li>\n<li style=\"font-weight: 400;\" aria-level=\"1\"><span style=\"font-weight: 400;\">Ettemaksed<\/span><\/li>\n<li style=\"font-weight: 400;\" aria-level=\"1\"><span style=\"font-weight: 400;\">Arvete laekumised\/maksmised<\/span><\/li>\n<\/ul>\n<p><span style=\"font-weight: 400;\">Saldov\u00e4ljav\u00f5ttes on v\u00f5imalik n\u00e4ha maksimaalselt 10 000 rida ning s<\/span><span style=\"font-weight: 400;\">aldov\u00e4ljav\u00f5ttes ei saa vaadata neid kliente, kes kasutavad kassat, kuna nende arved on agregeeritud (k\u00f5ik kassas \u00fchel p\u00e4eval tehtud arved on Booksis kokku koondatud \u00fchele arvele eraldi ridadena)<\/span><\/p>\n<p><span style=\"font-weight: 400;\">Saldo v\u00e4ljav\u00f5tte saad avada kliendi raportis kindla kuup\u00e4eva ja kliendi l\u00f5ikes. <\/span><span style=\"font-weight: 400;\">Avame n\u00e4itena \u00fche kliendi saldov\u00e4ljav\u00f5tte, et n\u00e4ha t\u00e4psemalt, mis infot sellest v\u00f5imalik n\u00e4ha on. <\/span><\/p>\n<p><span style=\"font-weight: 400;\">Saldov\u00e4ljav\u00f5tte avamiseks vajuta kliendi nimele, mis on kirjutatud siniselt:\u00a0<\/span><\/p>\n<p>&nbsp;<\/p>\n<p><img loading=\"lazy\" decoding=\"async\" class=\"alignnone wp-image-26496 size-full\" src=\"https:\/\/www.erplybooks.com\/wp-content\/uploads\/2022\/05\/image6.png\" alt=\"\" width=\"1999\" height=\"611\" srcset=\"https:\/\/www.erplybooks.com\/wp-content\/uploads\/2022\/05\/image6.png 1999w, https:\/\/www.erplybooks.com\/wp-content\/uploads\/2022\/05\/image6-1280x391.png 1280w, https:\/\/www.erplybooks.com\/wp-content\/uploads\/2022\/05\/image6-980x300.png 980w, https:\/\/www.erplybooks.com\/wp-content\/uploads\/2022\/05\/image6-480x147.png 480w\" sizes=\"auto, (min-width: 0px) and (max-width: 480px) 480px, (min-width: 481px) and (max-width: 980px) 980px, (min-width: 981px) and (max-width: 1280px) 1280px, (min-width: 1281px) 1999px, 100vw\" \/><\/p>\n<p>&nbsp;<\/p>\n<p><span style=\"font-weight: 400;\">Avanenud saldov\u00e4ljav\u00f5ttes n\u00e4eme erineva v\u00e4rviga ridu.\u00a0<\/span><\/p>\n<p>&nbsp;<\/p>\n<p><img loading=\"lazy\" decoding=\"async\" class=\"alignnone wp-image-26490 size-full\" src=\"https:\/\/www.erplybooks.com\/wp-content\/uploads\/2022\/05\/image5.png\" alt=\"\" width=\"1999\" height=\"954\" srcset=\"https:\/\/www.erplybooks.com\/wp-content\/uploads\/2022\/05\/image5.png 1999w, https:\/\/www.erplybooks.com\/wp-content\/uploads\/2022\/05\/image5-1280x611.png 1280w, https:\/\/www.erplybooks.com\/wp-content\/uploads\/2022\/05\/image5-980x468.png 980w, https:\/\/www.erplybooks.com\/wp-content\/uploads\/2022\/05\/image5-480x229.png 480w\" sizes=\"auto, (min-width: 0px) and (max-width: 480px) 480px, (min-width: 481px) and (max-width: 980px) 980px, (min-width: 981px) and (max-width: 1280px) 1280px, (min-width: 1281px) 1999px, 100vw\" \/><\/p>\n<ul>\n<li><span style=\"font-weight: 400;\">Punase v\u00e4rviga read t\u00e4histavad arveid, mis on veel maksmata.\u00a0<\/span><\/li>\n<li><span style=\"font-weight: 400;\">Rohelise v\u00e4rviga read t\u00e4histavad ettemakseid, mis on kasutamata.\u00a0<\/span><\/li>\n<li><span style=\"font-weight: 400;\">K\u00f5ige viimased kaks veergu (Kliendi v\u00f5lg \u20ac ja Ettemaks \u20ac) n\u00e4itavad kliendi v\u00f5lga kokku\u00a0 ja ettemaksu kokku.\u00a0<\/span><\/li>\n<\/ul>\n<p><span style=\"font-weight: 400;\">Saldov\u00e4ljav\u00f5ttes saad arve v\u00f5i arve laekumise avada, kui vajutad Nime veerus siniselt kirjutatud arve nimele. Samuti saab saldov\u00e4ljav\u00f5ttes valida kuup\u00e4evavahemiku, mis perioodi tehinguid n\u00e4ha soovid.\u00a0<\/span><\/p>\n<p><span style=\"font-weight: 400;\">Ettemaksu real kliendi nimele vajutades avaneb aken, kus on v\u00f5imalik ettemaksu muuta:<\/span><\/p>\n<p><img loading=\"lazy\" decoding=\"async\" class=\"alignnone wp-image-26562 size-full\" src=\"https:\/\/www.erplybooks.com\/wp-content\/uploads\/2022\/05\/image17.png\" alt=\"\" width=\"1999\" height=\"801\" srcset=\"https:\/\/www.erplybooks.com\/wp-content\/uploads\/2022\/05\/image17.png 1999w, https:\/\/www.erplybooks.com\/wp-content\/uploads\/2022\/05\/image17-1280x513.png 1280w, https:\/\/www.erplybooks.com\/wp-content\/uploads\/2022\/05\/image17-980x393.png 980w, https:\/\/www.erplybooks.com\/wp-content\/uploads\/2022\/05\/image17-480x192.png 480w\" sizes=\"auto, (min-width: 0px) and (max-width: 480px) 480px, (min-width: 481px) and (max-width: 980px) 980px, (min-width: 981px) and (max-width: 1280px) 1280px, (min-width: 1281px) 1999px, 100vw\" \/><\/p>\n<p><span style=\"font-weight: 400;\">Kui soovid saldov\u00e4ljav\u00f5ttes n\u00e4ha ainult neid arveid, mis on veel maksmata, siis tuleb linnuke panna lahtrisse <\/span><b>\u2018\u2019N\u00e4ita ainult maksmata\u2019\u2019<\/b><span style=\"font-weight: 400;\">.\u00a0<\/span><\/p>\n<p><span style=\"font-weight: 400;\">Aktiveerime selle valiku ja n\u00e4eme, et perioodil 01.01.2022-13.04.2022 on \u00fcleval \u00fcks maksmata arve:<\/span><\/p>\n<p><img loading=\"lazy\" decoding=\"async\" class=\"alignnone wp-image-26508 size-full\" src=\"https:\/\/www.erplybooks.com\/wp-content\/uploads\/2022\/05\/image8.png\" alt=\"\" width=\"1999\" height=\"387\" srcset=\"https:\/\/www.erplybooks.com\/wp-content\/uploads\/2022\/05\/image8.png 1999w, https:\/\/www.erplybooks.com\/wp-content\/uploads\/2022\/05\/image8-1280x248.png 1280w, https:\/\/www.erplybooks.com\/wp-content\/uploads\/2022\/05\/image8-980x190.png 980w, https:\/\/www.erplybooks.com\/wp-content\/uploads\/2022\/05\/image8-480x93.png 480w\" sizes=\"auto, (min-width: 0px) and (max-width: 480px) 480px, (min-width: 481px) and (max-width: 980px) 980px, (min-width: 981px) and (max-width: 1280px) 1280px, (min-width: 1281px) 1999px, 100vw\" \/><\/p>\n<p>&nbsp;<\/p>\n<p>&nbsp;<\/p>\n<h2><span style=\"font-weight: 400;\">Saldov\u00e4ljav\u00f5te ettemaksu kasutamisel<\/span><\/h2>\n<p>&nbsp;<\/p>\n<p><span style=\"font-weight: 400;\">Teeme teise kliendiga n\u00e4ite, kus kliendil on \u00fcleval maksmata arve ning teeme sellele kliendile ka ettemaksu.\u00a0<\/span><\/p>\n<p><span style=\"font-weight: 400;\">Uus m\u00fc\u00fcgiarve:<\/span><\/p>\n<p><img loading=\"lazy\" decoding=\"async\" class=\"alignnone wp-image-26514 size-full\" src=\"https:\/\/www.erplybooks.com\/wp-content\/uploads\/2022\/05\/image9.png\" alt=\"\" width=\"1999\" height=\"939\" srcset=\"https:\/\/www.erplybooks.com\/wp-content\/uploads\/2022\/05\/image9.png 1999w, https:\/\/www.erplybooks.com\/wp-content\/uploads\/2022\/05\/image9-1280x601.png 1280w, https:\/\/www.erplybooks.com\/wp-content\/uploads\/2022\/05\/image9-980x460.png 980w, https:\/\/www.erplybooks.com\/wp-content\/uploads\/2022\/05\/image9-480x225.png 480w\" sizes=\"auto, (min-width: 0px) and (max-width: 480px) 480px, (min-width: 481px) and (max-width: 980px) 980px, (min-width: 981px) and (max-width: 1280px) 1280px, (min-width: 1281px) 1999px, 100vw\" \/><\/p>\n<p><span style=\"font-weight: 400;\">N\u00fc\u00fcd teeme kliendile ettemaksu. Ettemaksu saad lisada Laekumata arved alt. Vajutades <\/span><b>\u2018\u2019Lisa makse\u2019\u2019<\/b><span style=\"font-weight: 400;\"> peale avaneb aken, kus saad valida kliendi, kellele ettemaks l\u00e4heb ning summa.\u00a0<\/span><\/p>\n<p>&nbsp;<\/p>\n<p><img loading=\"lazy\" decoding=\"async\" class=\"alignnone wp-image-26550 size-full\" src=\"https:\/\/www.erplybooks.com\/wp-content\/uploads\/2022\/05\/image15.png\" alt=\"\" width=\"1999\" height=\"911\" srcset=\"https:\/\/www.erplybooks.com\/wp-content\/uploads\/2022\/05\/image15.png 1999w, https:\/\/www.erplybooks.com\/wp-content\/uploads\/2022\/05\/image15-1280x583.png 1280w, https:\/\/www.erplybooks.com\/wp-content\/uploads\/2022\/05\/image15-980x447.png 980w, https:\/\/www.erplybooks.com\/wp-content\/uploads\/2022\/05\/image15-480x219.png 480w\" sizes=\"auto, (min-width: 0px) and (max-width: 480px) 480px, (min-width: 481px) and (max-width: 980px) 980px, (min-width: 981px) and (max-width: 1280px) 1280px, (min-width: 1281px) 1999px, 100vw\" \/><\/p>\n<p>&nbsp;<\/p>\n<p><span style=\"font-weight: 400;\">Avades Klient 2 saldov\u00e4ljav\u00f5tte n\u00e4eme, et n\u00fc\u00fcd on olemas nii arve kui ka ettemaks.<\/span><\/p>\n<p><img loading=\"lazy\" decoding=\"async\" class=\"alignnone wp-image-26478 size-full\" src=\"https:\/\/www.erplybooks.com\/wp-content\/uploads\/2022\/05\/image3-1.png\" alt=\"\" width=\"1999\" height=\"365\" srcset=\"https:\/\/www.erplybooks.com\/wp-content\/uploads\/2022\/05\/image3-1.png 1999w, https:\/\/www.erplybooks.com\/wp-content\/uploads\/2022\/05\/image3-1-1280x234.png 1280w, https:\/\/www.erplybooks.com\/wp-content\/uploads\/2022\/05\/image3-1-980x179.png 980w, https:\/\/www.erplybooks.com\/wp-content\/uploads\/2022\/05\/image3-1-480x88.png 480w\" sizes=\"auto, (min-width: 0px) and (max-width: 480px) 480px, (min-width: 481px) and (max-width: 980px) 980px, (min-width: 981px) and (max-width: 1280px) 1280px, (min-width: 1281px) 1999px, 100vw\" \/><\/p>\n<p>&nbsp;<\/p>\n<p><span style=\"font-weight: 400;\">Seome n\u00fc\u00fcd selle ettemaksu arvega \u00e4ra. Selleks mine <\/span><b>M\u00fc\u00fck -&gt; M\u00fc\u00fcgiarved -&gt; Laekumata arved.<\/b><span style=\"font-weight: 400;\"> Pane linnuke selle arve ette, mile soovid ettemaksuga siduda ning vajuta all paremas nurgas <\/span><b>\u2018\u2019Seo ettemaksuga\u2019\u2019<\/b><span style=\"font-weight: 400;\">.\u00a0<\/span><\/p>\n<p><img loading=\"lazy\" decoding=\"async\" class=\"alignnone wp-image-26466 size-full\" src=\"https:\/\/www.erplybooks.com\/wp-content\/uploads\/2022\/05\/image1-1.png\" alt=\"\" width=\"1999\" height=\"912\" srcset=\"https:\/\/www.erplybooks.com\/wp-content\/uploads\/2022\/05\/image1-1.png 1999w, https:\/\/www.erplybooks.com\/wp-content\/uploads\/2022\/05\/image1-1-1280x584.png 1280w, https:\/\/www.erplybooks.com\/wp-content\/uploads\/2022\/05\/image1-1-980x447.png 980w, https:\/\/www.erplybooks.com\/wp-content\/uploads\/2022\/05\/image1-1-480x219.png 480w\" sizes=\"auto, (min-width: 0px) and (max-width: 480px) 480px, (min-width: 481px) and (max-width: 980px) 980px, (min-width: 981px) and (max-width: 1280px) 1280px, (min-width: 1281px) 1999px, 100vw\" \/><\/p>\n<p><img loading=\"lazy\" decoding=\"async\" class=\"alignnone wp-image-26472 \" src=\"https:\/\/www.erplybooks.com\/wp-content\/uploads\/2022\/05\/image2-1.png\" alt=\"\" width=\"428\" height=\"266\" \/><\/p>\n<p>&nbsp;<\/p>\n<p><span style=\"font-weight: 400;\">V\u00f5tame uuesti lahti Kliendi raportist Klient 2 ja vaatame n\u00fc\u00fcd saldot. N\u00e4eme, et <\/span><b>Makstud<\/b> <b>summa<\/b><span style=\"font-weight: 400;\"> veerus on summa 180\u20ac, kuigi maksti 90\u20ac.<\/span><\/p>\n<p><img loading=\"lazy\" decoding=\"async\" class=\"alignnone wp-image-26484 size-full\" src=\"https:\/\/www.erplybooks.com\/wp-content\/uploads\/2022\/05\/image4.png\" alt=\"\" width=\"1999\" height=\"419\" srcset=\"https:\/\/www.erplybooks.com\/wp-content\/uploads\/2022\/05\/image4.png 1999w, https:\/\/www.erplybooks.com\/wp-content\/uploads\/2022\/05\/image4-1280x268.png 1280w, https:\/\/www.erplybooks.com\/wp-content\/uploads\/2022\/05\/image4-980x205.png 980w, https:\/\/www.erplybooks.com\/wp-content\/uploads\/2022\/05\/image4-480x101.png 480w\" sizes=\"auto, (min-width: 0px) and (max-width: 480px) 480px, (min-width: 481px) and (max-width: 980px) 980px, (min-width: 981px) and (max-width: 1280px) 1280px, (min-width: 1281px) 1999px, 100vw\" \/><\/p>\n<p>&nbsp;<\/p>\n<p><span style=\"font-weight: 400;\">See tuleneb sellest, et viimane rida n\u00e4itab ettemaksu kasutamist. Kui panna linnukene lahtrisse <\/span><b>\u2018\u2019\u00c4ra n\u00e4ita kasutatud ettemakse?\u2019\u2019<\/b><span style=\"font-weight: 400;\">, siis kuvatakse read ilma ettemakseteta ja Makstud veerus on summa 90\u20ac.\u00a0<\/span><\/p>\n<p><img loading=\"lazy\" decoding=\"async\" class=\"alignnone wp-image-26502 size-full\" src=\"https:\/\/www.erplybooks.com\/wp-content\/uploads\/2022\/05\/image7.png\" alt=\"\" width=\"1999\" height=\"401\" srcset=\"https:\/\/www.erplybooks.com\/wp-content\/uploads\/2022\/05\/image7.png 1999w, https:\/\/www.erplybooks.com\/wp-content\/uploads\/2022\/05\/image7-1280x257.png 1280w, https:\/\/www.erplybooks.com\/wp-content\/uploads\/2022\/05\/image7-980x197.png 980w, https:\/\/www.erplybooks.com\/wp-content\/uploads\/2022\/05\/image7-480x96.png 480w\" sizes=\"auto, (min-width: 0px) and (max-width: 480px) 480px, (min-width: 481px) and (max-width: 980px) 980px, (min-width: 981px) and (max-width: 1280px) 1280px, (min-width: 1281px) 1999px, 100vw\" \/><\/p>\n<p>&nbsp;<\/p>\n<p>&nbsp;<\/p>\n<h2><span style=\"font-weight: 400;\">Kui tehingud toimuvad erinevates valuutades<\/span><\/h2>\n<p>&nbsp;<\/p>\n<p><span style=\"font-weight: 400;\">Kliendiga arveldamise v\u00f5i hankijaga hangeldamise puhul v\u00f5ib olla olukord, kus Sinu ettev\u00f5tte peamine valuuta on erinev arveldamise valuutast, st tehinguid tehakse erinevate valuutadega. Sellisel juhul tulebki kliendile \u00f6elda saldo kahes summas, n\u00e4iteks eurodes ja ka dollarites.\u00a0<\/span><\/p>\n<p><span style=\"font-weight: 400;\">Kui avad Kliendi raportis kliendi saldov\u00e4ljav\u00f5tte PDF formaadis, siis n\u00e4idatakse kliendi alg- ja l\u00f5ppsaldosid iga valuuta l\u00f5ikes.\u00a0<\/span><\/p>\n<p><span style=\"font-weight: 400;\">Selle jaoks, et saldosid n\u00e4idataks k\u00f5ikide valuutade l\u00f5ikes, peab olema <\/span><b>\u00dcldised s\u00e4tted<\/b><span style=\"font-weight: 400;\"> all aktiveeritud reegel number 56 <\/span><b>\u2018\u2019N\u00e4ita kasumit\/kahjumit valuutakursi muutusest\u2019\u2019<\/b><\/p>\n<p><span style=\"font-weight: 400;\">Juhul, kui Sa ei soovi saldov\u00e4ljav\u00f5tet valuutade l\u00f5ikes n\u00e4ha, siis selle jaoks tuleb Globaalsete atribuutide alt lisada uus parameeter.\u00a0<\/span><\/p>\n<p><strong>Nime veergu: <\/strong><b>GLOBAL_DO_NOT_USE_CURRENCIES_IN_CUSTOMER_REPORT.\u00a0<\/b><\/p>\n<p><span style=\"font-weight: 400;\"><strong>V\u00e4\u00e4rtuse veergu:<\/strong> true<\/span><\/p>\n<p><span style=\"font-weight: 400;\">Globaalsed atribuudid leiad, kui otsid pealehel otsingukastist \u2018\u2019Globaalsed atribuudid\u2019\u2019.\u00a0<\/span><\/p>\n<p>&nbsp;<\/p>\n<p>&nbsp;<\/p>\n<h2><span style=\"font-weight: 400;\">Kohandatud saldov\u00e4ljav\u00f5te<\/span><\/h2>\n<p>&nbsp;<\/p>\n<p><span style=\"font-weight: 400;\">V\u00f5imalik on seadistada ka rohkemate v\u00e4ljadega saldov\u00e4ljav\u00f5te (arve atribuudid, makset\u00e4htaeg, projektigrupi ID, t\u0161eki number jne).<\/span><\/p>\n<p><span style=\"font-weight: 400;\">Seda on v\u00f5imalik seadistada parameetriga <\/span><b>GLOBAL_CUSTOMER_STATEMENT_ADDITIONAL.\u00a0<\/b><\/p>\n<p><span style=\"font-weight: 400;\">Siia on V\u00e4\u00e4rtuse veergu v\u00f5imalik meie poolt seadistada mall (\u00fcldiselt kasutaja seda ise seadistama ei pea). Kui soovid meie poolset seadistamist, siis palun v\u00f5ta \u00fchendust klienditoega <\/span><a href=\"mailto:support@erplybooks.com\"><span style=\"font-weight: 400;\">support@erplybooks.com<\/span><\/a><span style=\"font-weight: 400;\">.\u00a0<\/span><\/p>\n<p><span style=\"font-weight: 400;\">N\u00e4iteks v\u00f5ib v\u00e4\u00e4rtuse veerus olla selline rida:\u00a0<\/span><\/p>\n<p><span style=\"font-weight: 400;\">attribute:invoicePeriod=Billing period|referringIdentifier=Webshop order nr|deadlineDate=Deadline|projects:1579=Location|projects:1574=Project|projects:1700=Department|projects:1578=CustomerManager|prepaymentGroupAccountId:3753275=PDC|prepaymentGroupAccountId:3779637=PC|prepaymentGroupAccountId:3779658=LC|paymentCode=Check#|reconciliationDate=Checkdate|partnerPaymentId=Receipt no#|attribute:customerPo=Customer PO#<\/span><\/p>\n<p><span style=\"font-weight: 400;\">Kirjeldame lahti:<\/span><\/p>\n<p><span style=\"font-weight: 400;\">attribute &#8211; mingi arve atribuut (antud juhul arve periood) ehk siis arve pealt atribuudi nimega invoice period ja saldov\u00e4ljav\u00f5ttes l\u00e4heb veeru nimeks Billing period\u00a0\u00a0<\/span><\/p>\n<p>&nbsp;<\/p>\n<p><img loading=\"lazy\" decoding=\"async\" class=\"alignnone wp-image-26526 size-full\" src=\"https:\/\/www.erplybooks.com\/wp-content\/uploads\/2022\/05\/image11.png\" alt=\"\" width=\"1999\" height=\"141\" srcset=\"https:\/\/www.erplybooks.com\/wp-content\/uploads\/2022\/05\/image11.png 1999w, https:\/\/www.erplybooks.com\/wp-content\/uploads\/2022\/05\/image11-1280x90.png 1280w, https:\/\/www.erplybooks.com\/wp-content\/uploads\/2022\/05\/image11-980x69.png 980w, https:\/\/www.erplybooks.com\/wp-content\/uploads\/2022\/05\/image11-480x34.png 480w\" sizes=\"auto, (min-width: 0px) and (max-width: 480px) 480px, (min-width: 481px) and (max-width: 980px) 980px, (min-width: 981px) and (max-width: 1280px) 1280px, (min-width: 1281px) 1999px, 100vw\" \/><\/p>\n<p><span style=\"font-weight: 400;\">referringIdentifier &#8211; arve pealt viitava lingi lahter<\/span><\/p>\n<p>&nbsp;<\/p>\n<p><img loading=\"lazy\" decoding=\"async\" class=\"alignnone wp-image-26556 size-full\" src=\"https:\/\/www.erplybooks.com\/wp-content\/uploads\/2022\/05\/image16.png\" alt=\"\" width=\"1999\" height=\"740\" srcset=\"https:\/\/www.erplybooks.com\/wp-content\/uploads\/2022\/05\/image16.png 1999w, https:\/\/www.erplybooks.com\/wp-content\/uploads\/2022\/05\/image16-1280x474.png 1280w, https:\/\/www.erplybooks.com\/wp-content\/uploads\/2022\/05\/image16-980x363.png 980w, https:\/\/www.erplybooks.com\/wp-content\/uploads\/2022\/05\/image16-480x178.png 480w\" sizes=\"auto, (min-width: 0px) and (max-width: 480px) 480px, (min-width: 481px) and (max-width: 980px) 980px, (min-width: 981px) and (max-width: 1280px) 1280px, (min-width: 1281px) 1999px, 100vw\" \/><\/p>\n<p><span style=\"font-weight: 400;\">deadlineDate &#8211; makset\u00e4htaeg\u00a0<\/span><\/p>\n<p><span style=\"font-weight: 400;\">Projects: &#8211; projektigrupi ID ja peale v\u00f5rdusm\u00e4rki tuleb see, mis l\u00e4heb veeru pealkirjaks (antud juhul Location, mis vastab sellele projektigrupi ID-le)<\/span><\/p>\n<p>&nbsp;<\/p>\n<p><img loading=\"lazy\" decoding=\"async\" class=\"alignnone wp-image-26520 size-full\" src=\"https:\/\/www.erplybooks.com\/wp-content\/uploads\/2022\/05\/image10.png\" alt=\"\" width=\"1999\" height=\"737\" srcset=\"https:\/\/www.erplybooks.com\/wp-content\/uploads\/2022\/05\/image10.png 1999w, https:\/\/www.erplybooks.com\/wp-content\/uploads\/2022\/05\/image10-1280x472.png 1280w, https:\/\/www.erplybooks.com\/wp-content\/uploads\/2022\/05\/image10-980x361.png 980w, https:\/\/www.erplybooks.com\/wp-content\/uploads\/2022\/05\/image10-480x177.png 480w\" sizes=\"auto, (min-width: 0px) and (max-width: 480px) 480px, (min-width: 481px) and (max-width: 980px) 980px, (min-width: 981px) and (max-width: 1280px) 1280px, (min-width: 1281px) 1999px, 100vw\" \/><\/p>\n<p><span style=\"font-weight: 400;\">prepaymentGroupAccountId &#8211; saab sisestada ettemaksugrupi ja peale koolonit l\u00e4heb selle konto ID<\/span><\/p>\n<p><span style=\"font-weight: 400;\">paymentCode &#8211; laekumiste raportis on \u2018\u2019Kood\u2019\u2019 lahter ning see lisab siis selle ka saldov\u00e4ljav\u00f5ttesse<\/span><\/p>\n<p><img loading=\"lazy\" decoding=\"async\" class=\"alignnone wp-image-26538 size-full\" src=\"https:\/\/www.erplybooks.com\/wp-content\/uploads\/2022\/05\/image13.png\" alt=\"\" width=\"1999\" height=\"296\" srcset=\"https:\/\/www.erplybooks.com\/wp-content\/uploads\/2022\/05\/image13.png 1999w, https:\/\/www.erplybooks.com\/wp-content\/uploads\/2022\/05\/image13-1280x190.png 1280w, https:\/\/www.erplybooks.com\/wp-content\/uploads\/2022\/05\/image13-980x145.png 980w, https:\/\/www.erplybooks.com\/wp-content\/uploads\/2022\/05\/image13-480x71.png 480w\" sizes=\"auto, (min-width: 0px) and (max-width: 480px) 480px, (min-width: 481px) and (max-width: 980px) 980px, (min-width: 981px) and (max-width: 1280px) 1280px, (min-width: 1281px) 1999px, 100vw\" \/><\/p>\n<p><span style=\"font-weight: 400;\">reconciliationDate &#8211; t\u0161eki kuup\u00e4ev (seda n\u00e4ed kui lisad makse)<\/span><\/p>\n<p><img loading=\"lazy\" decoding=\"async\" class=\"alignnone wp-image-26568 \" src=\"https:\/\/www.erplybooks.com\/wp-content\/uploads\/2022\/05\/image18.png\" alt=\"\" width=\"383\" height=\"444\" \/><\/p>\n<p>&nbsp;<\/p>\n<p><span style=\"font-weight: 400;\">partnerPaymentId &#8211; kui tahad n\u00e4idata Erply lao makse ID-d n\u00e4idata<\/span><\/p>\n<p>&nbsp;<\/p>\n<p>&nbsp;<\/p>\n<h2><span style=\"font-weight: 400;\">Kuidas n\u00e4ha hankija ja kliendi saldosid korraga?<\/span><\/h2>\n<p>&nbsp;<\/p>\n<p><span style=\"font-weight: 400;\">Selline vajadus v\u00f5ib tekkida, kui ettev\u00f5ttel on mingi klient, kuid samas ostab ka ettev\u00f5te ise sellelt samalt kliendilt kaupa. ERPLY Booksis on v\u00f5imalik teha koondv\u00e4ljav\u00f5te hankija ja kliendi kohta.<\/span><\/p>\n<p><span style=\"font-weight: 400;\">Selleks otsi pealehelt Globaalsed Parameetrid ning lisa uus parameeter, kus<\/span><\/p>\n<p><span style=\"font-weight: 400;\">Nime veergu:<\/span><b> GLOBAL_SHOW_SUPPLIER_CUSTOMER_COMBINED_REPORT.\u00a0<\/b><\/p>\n<p><span style=\"font-weight: 400;\">V\u00e4\u00e4rtuse veergu: true<\/span><\/p>\n<p><span style=\"font-weight: 400;\">Seej\u00e4rel logida kontolt v\u00e4lja ja tagasi sisse.\u00a0<\/span><\/p>\n<p><span style=\"font-weight: 400;\">N\u00fc\u00fcd avades saldov\u00e4ljav\u00f5tte n\u00e4eme, et l\u00f5pus on neli erinevat veergu, milles kaks esimest on kliendi v\u00f5lg ja ettemaks ning kaks viimast on hankija v\u00f5lg ja ettemaks.\u00a0<\/span><\/p>\n<p>&nbsp;<\/p>\n<p><img loading=\"lazy\" decoding=\"async\" class=\"alignnone wp-image-26544 size-full\" src=\"https:\/\/www.erplybooks.com\/wp-content\/uploads\/2022\/05\/image14.png\" alt=\"\" width=\"1999\" height=\"170\" srcset=\"https:\/\/www.erplybooks.com\/wp-content\/uploads\/2022\/05\/image14.png 1999w, https:\/\/www.erplybooks.com\/wp-content\/uploads\/2022\/05\/image14-1280x109.png 1280w, https:\/\/www.erplybooks.com\/wp-content\/uploads\/2022\/05\/image14-980x83.png 980w, https:\/\/www.erplybooks.com\/wp-content\/uploads\/2022\/05\/image14-480x41.png 480w\" sizes=\"auto, (min-width: 0px) and (max-width: 480px) 480px, (min-width: 481px) and (max-width: 980px) 980px, (min-width: 981px) and (max-width: 1280px) 1280px, (min-width: 1281px) 1999px, 100vw\" \/><\/p>\n<p><span style=\"font-weight: 400;\">Raporti l\u00f5pus n\u00e4eme ka, et eraldi on Kliendi v\u00f5lg ja Hankija v\u00f5lg.\u00a0<\/span><\/p>\n<p><img loading=\"lazy\" decoding=\"async\" class=\"alignnone wp-image-26532 size-full\" src=\"https:\/\/www.erplybooks.com\/wp-content\/uploads\/2022\/05\/image12.png\" alt=\"\" width=\"1999\" height=\"935\" srcset=\"https:\/\/www.erplybooks.com\/wp-content\/uploads\/2022\/05\/image12.png 1999w, https:\/\/www.erplybooks.com\/wp-content\/uploads\/2022\/05\/image12-1280x599.png 1280w, https:\/\/www.erplybooks.com\/wp-content\/uploads\/2022\/05\/image12-980x458.png 980w, https:\/\/www.erplybooks.com\/wp-content\/uploads\/2022\/05\/image12-480x225.png 480w\" sizes=\"auto, (min-width: 0px) and (max-width: 480px) 480px, (min-width: 481px) and (max-width: 980px) 980px, (min-width: 981px) and (max-width: 1280px) 1280px, (min-width: 1281px) 1999px, 100vw\" \/><\/p>\n","protected":false},"excerpt":{"rendered":"<p>Kliendi saldov\u00e4ljav\u00f5te\u00a0 &nbsp; Saldov\u00e4ljav\u00f5te annab meile k\u00f5ik tehingud, mis on kliendi v\u00f5i hankijaga seotud.\u00a0 Tehingud on: Arved Ettemaksed Arvete laekumised\/maksmised Saldov\u00e4ljav\u00f5ttes on v\u00f5imalik n\u00e4ha maksimaalselt 10 000 rida ning saldov\u00e4ljav\u00f5ttes ei saa vaadata neid kliente, kes kasutavad kassat, kuna nende arved on agregeeritud (k\u00f5ik kassas \u00fchel p\u00e4eval tehtud arved on Booksis kokku koondatud \u00fchele arvele [&hellip;]<\/p>\n","protected":false},"author":22,"featured_media":0,"parent":3312,"menu_order":0,"comment_status":"closed","ping_status":"closed","template":"","meta":{"_et_pb_use_builder":"","_et_pb_old_content":"","_et_gb_content_width":"","footnotes":""},"categories":[453],"tags":[802,665,934],"class_list":["post-26465","page","type-page","status-publish","hentry","category-nouded-ja-volad","tag-klient","tag-saldo","tag-valjavote"],"_links":{"self":[{"href":"https:\/\/www.erplybooks.com\/et\/wp-json\/wp\/v2\/pages\/26465","targetHints":{"allow":["GET"]}}],"collection":[{"href":"https:\/\/www.erplybooks.com\/et\/wp-json\/wp\/v2\/pages"}],"about":[{"href":"https:\/\/www.erplybooks.com\/et\/wp-json\/wp\/v2\/types\/page"}],"author":[{"embeddable":true,"href":"https:\/\/www.erplybooks.com\/et\/wp-json\/wp\/v2\/users\/22"}],"replies":[{"embeddable":true,"href":"https:\/\/www.erplybooks.com\/et\/wp-json\/wp\/v2\/comments?post=26465"}],"version-history":[{"count":0,"href":"https:\/\/www.erplybooks.com\/et\/wp-json\/wp\/v2\/pages\/26465\/revisions"}],"up":[{"embeddable":true,"href":"https:\/\/www.erplybooks.com\/et\/wp-json\/wp\/v2\/pages\/3312"}],"wp:attachment":[{"href":"https:\/\/www.erplybooks.com\/et\/wp-json\/wp\/v2\/media?parent=26465"}],"wp:term":[{"taxonomy":"category","embeddable":true,"href":"https:\/\/www.erplybooks.com\/et\/wp-json\/wp\/v2\/categories?post=26465"},{"taxonomy":"post_tag","embeddable":true,"href":"https:\/\/www.erplybooks.com\/et\/wp-json\/wp\/v2\/tags?post=26465"}],"curies":[{"name":"wp","href":"https:\/\/api.w.org\/{rel}","templated":true}]}}