{"id":25819,"date":"2022-04-12T07:30:05","date_gmt":"2022-04-12T07:30:05","guid":{"rendered":"https:\/\/www.erplybooks.com\/?page_id=25819"},"modified":"2023-07-04T11:30:52","modified_gmt":"2023-07-04T11:30:52","slug":"valisvaluuta-aruanne","status":"publish","type":"page","link":"https:\/\/www.erplybooks.com\/et\/juhendid\/valisvaluuta-aruanne\/","title":{"rendered":"V\u00e4lisvaluuta aruanne"},"content":{"rendered":"<h1><strong>V\u00e4lisvaluuta aruanne<\/strong><\/h1>\n<p>&nbsp;<\/p>\n<p><span style=\"font-weight: 400;\">ERPLY Booksis on v\u00e4lisvaluutad need valuutad, mis pole vaikimisi peamiseks valuutaks m\u00e4\u00e4ratud. Enda organisatsiooni peamist valuutat on v\u00f5imalik n\u00e4ha ja muuta kui l\u00e4hed <\/span><b>S\u00e4tted -&gt; \u00dcldised s\u00e4tted<\/b><span style=\"font-weight: 400;\">.<\/span><\/p>\n<p><img loading=\"lazy\" decoding=\"async\" class=\"alignnone wp-image-25856\" src=\"https:\/\/www.erplybooks.com\/wp-content\/uploads\/2022\/04\/image7-1.png\" alt=\"\" width=\"500\" height=\"324\" \/><\/p>\n<p><span style=\"font-weight: 400;\">Kui tehing on tehtud \u00fcksk\u00f5ik millises muus valuutas, siis on tegemist v\u00e4lisvaluutaga.<\/span><\/p>\n<p><span style=\"font-weight: 400;\">ERPLY Booksis on v\u00f5imalik kajastada v\u00e4lisvaluutatehinguid arvete ja laekumiste peal.\u00a0<\/span><\/p>\n<p>&nbsp;<\/p>\n<h2><strong>Arved<\/strong><\/h2>\n<p>&nbsp;<\/p>\n<p><span style=\"font-weight: 400;\">Arve koostamisel on v\u00f5imalik valida valuuta. Avame n\u00e4itena uue ostuarve, et n\u00e4ha kust on v\u00f5imalik valuutat muuta. Valuuta valik asub vasakul pool info reas.\u00a0 Kui valid siin mingi teise valuuta, mis ei ole p\u00f5hivaluuta, siis see j\u00f5uab kohe v\u00e4lisvaluuta aruandesse.\u00a0<\/span><\/p>\n<p><img loading=\"lazy\" decoding=\"async\" class=\"alignnone wp-image-25838 size-full\" src=\"https:\/\/www.erplybooks.com\/wp-content\/uploads\/2022\/04\/image4-1.png\" alt=\"\" width=\"1999\" height=\"730\" srcset=\"https:\/\/www.erplybooks.com\/wp-content\/uploads\/2022\/04\/image4-1.png 1999w, https:\/\/www.erplybooks.com\/wp-content\/uploads\/2022\/04\/image4-1-1280x467.png 1280w, https:\/\/www.erplybooks.com\/wp-content\/uploads\/2022\/04\/image4-1-980x358.png 980w, https:\/\/www.erplybooks.com\/wp-content\/uploads\/2022\/04\/image4-1-480x175.png 480w\" sizes=\"auto, (min-width: 0px) and (max-width: 480px) 480px, (min-width: 481px) and (max-width: 980px) 980px, (min-width: 981px) and (max-width: 1280px) 1280px, (min-width: 1281px) 1999px, 100vw\" \/><\/p>\n<h2><\/h2>\n<p>&nbsp;<\/p>\n<h2><strong>Maksed\u00a0<\/strong><\/h2>\n<p>&nbsp;<\/p>\n<p><span style=\"font-weight: 400;\">Laekumistel saab olla v\u00e4lisvaluuta siis, kui laekumise kontoks on valitud valuutakonto.\u00a0<\/span><\/p>\n<p><span style=\"font-weight: 400;\">Avades kontoplaani\u00a0 (<\/span><b>RMP -&gt; Kontoplaan<\/b><span style=\"font-weight: 400;\">) n\u00e4eme, et seal on n\u00e4ha iga konto kohta, millises valuutas selle konto arveldus toimub. Kui mingil kontol on teine valuuta kui p\u00f5hivaluuta, siis l\u00e4heb see v\u00e4lisvaluuta aruandesse.\u00a0<\/span><\/p>\n<p><img loading=\"lazy\" decoding=\"async\" class=\"alignnone wp-image-25820 size-full\" src=\"https:\/\/www.erplybooks.com\/wp-content\/uploads\/2022\/04\/image1-1.png\" alt=\"\" width=\"1999\" height=\"867\" srcset=\"https:\/\/www.erplybooks.com\/wp-content\/uploads\/2022\/04\/image1-1.png 1999w, https:\/\/www.erplybooks.com\/wp-content\/uploads\/2022\/04\/image1-1-1280x555.png 1280w, https:\/\/www.erplybooks.com\/wp-content\/uploads\/2022\/04\/image1-1-980x425.png 980w, https:\/\/www.erplybooks.com\/wp-content\/uploads\/2022\/04\/image1-1-480x208.png 480w\" sizes=\"auto, (min-width: 0px) and (max-width: 480px) 480px, (min-width: 481px) and (max-width: 980px) 980px, (min-width: 981px) and (max-width: 1280px) 1280px, (min-width: 1281px) 1999px, 100vw\" \/><\/p>\n<p><span style=\"font-weight: 400;\">V\u00e4lisvaluuta aruandesse j\u00f5uavad:<\/span><\/p>\n<ol>\n<li style=\"font-weight: 400;\" aria-level=\"1\"><span style=\"font-weight: 400;\">Need arved, mis on teises valuutas\u00a0<\/span><\/li>\n<li style=\"font-weight: 400;\" aria-level=\"1\"><span style=\"font-weight: 400;\">Need laekumised ja maksmised, mis on valuuta konto peal.\u00a0<\/span><\/li>\n<\/ol>\n<p>&nbsp;<\/p>\n<h2><strong>V\u00e4lisvaluuta aruanne\u00a0<\/strong><\/h2>\n<p>&nbsp;<\/p>\n<p><span style=\"font-weight: 400;\">V\u00e4lisvaluuta aruande leiad, kui l\u00e4hed<\/span><b> RMP -&gt; V\u00e4lisvaluuta<\/b><span style=\"font-weight: 400;\">. Teeme n\u00e4itena \u00fche ostuarve dollarites, et n\u00e4ha millist infot on v\u00f5imalik valuuta aruandest selle arve kohta teada saada.\u00a0<\/span><\/p>\n<p><img loading=\"lazy\" decoding=\"async\" class=\"alignnone wp-image-25832 size-full\" src=\"https:\/\/www.erplybooks.com\/wp-content\/uploads\/2022\/04\/image3-1.png\" alt=\"\" width=\"1541\" height=\"836\" srcset=\"https:\/\/www.erplybooks.com\/wp-content\/uploads\/2022\/04\/image3-1.png 1541w, https:\/\/www.erplybooks.com\/wp-content\/uploads\/2022\/04\/image3-1-1280x694.png 1280w, https:\/\/www.erplybooks.com\/wp-content\/uploads\/2022\/04\/image3-1-980x532.png 980w, https:\/\/www.erplybooks.com\/wp-content\/uploads\/2022\/04\/image3-1-480x260.png 480w\" sizes=\"auto, (min-width: 0px) and (max-width: 480px) 480px, (min-width: 481px) and (max-width: 980px) 980px, (min-width: 981px) and (max-width: 1280px) 1280px, (min-width: 1281px) 1541px, 100vw\" \/><\/p>\n<p><span style=\"font-weight: 400;\">Kui arve on \u00e4ra tehtud, siis valime V\u00e4lisvaluuta aruandest<\/span><b> \u2018\u2019Alates\u2019\u2019<\/b><span style=\"font-weight: 400;\"> lahtrist kuup\u00e4eva, mis ajast me tehinguid otsime. Samuti on v\u00e4lisvaluuta aruandes t\u00e4psustada kontosid ja projekte. Allolevalt pildilt n\u00e4eme infot, mida kuvab meile v\u00e4lisvaluuta aruanne selle sama ostuarve kohta.\u00a0<\/span><span style=\"font-weight: 400;\">Me n\u00e4eme tehingu summat dollarites, eurodes ja samuti n\u00e4eme ka saldot.\u00a0<\/span><\/p>\n<p><img loading=\"lazy\" decoding=\"async\" class=\"alignnone wp-image-25850 size-full\" src=\"https:\/\/www.erplybooks.com\/wp-content\/uploads\/2022\/04\/image6-1.png\" alt=\"\" width=\"1999\" height=\"666\" srcset=\"https:\/\/www.erplybooks.com\/wp-content\/uploads\/2022\/04\/image6-1.png 1999w, https:\/\/www.erplybooks.com\/wp-content\/uploads\/2022\/04\/image6-1-1280x426.png 1280w, https:\/\/www.erplybooks.com\/wp-content\/uploads\/2022\/04\/image6-1-980x327.png 980w, https:\/\/www.erplybooks.com\/wp-content\/uploads\/2022\/04\/image6-1-480x160.png 480w\" sizes=\"auto, (min-width: 0px) and (max-width: 480px) 480px, (min-width: 481px) and (max-width: 980px) 980px, (min-width: 981px) and (max-width: 1280px) 1280px, (min-width: 1281px) 1999px, 100vw\" \/><\/p>\n<p><span style=\"font-weight: 400;\">Kuna valuutakursid on pidevas muutuses, siis siin kuvatakse saldo selle kursiga, mis oli tehingu tegemise hetkel. Seda kurssi n\u00e4eb ka selle sama osturve pealt (n\u00e4idatud alumisel pildil punase kastikesega). Kuna aga ostuarve koostamine ei t\u00e4henda koheselt ka selle makse laekumist, siis v\u00f5ib hiljem makse laekumise ajal olla V\u00f5lad tarnijatele kontol teine euro kurss. Sel juhul tuleb teha kursi muutuse kanne.<\/span><\/p>\n<p><img loading=\"lazy\" decoding=\"async\" class=\"alignnone wp-image-25844 size-full\" src=\"https:\/\/www.erplybooks.com\/wp-content\/uploads\/2022\/04\/image5-1.png\" alt=\"\" width=\"1999\" height=\"752\" srcset=\"https:\/\/www.erplybooks.com\/wp-content\/uploads\/2022\/04\/image5-1.png 1999w, https:\/\/www.erplybooks.com\/wp-content\/uploads\/2022\/04\/image5-1-1280x482.png 1280w, https:\/\/www.erplybooks.com\/wp-content\/uploads\/2022\/04\/image5-1-980x369.png 980w, https:\/\/www.erplybooks.com\/wp-content\/uploads\/2022\/04\/image5-1-480x181.png 480w\" sizes=\"auto, (min-width: 0px) and (max-width: 480px) 480px, (min-width: 481px) and (max-width: 980px) 980px, (min-width: 981px) and (max-width: 1280px) 1280px, (min-width: 1281px) 1999px, 100vw\" \/><\/p>\n<p><span style=\"font-weight: 400;\">V\u00e4lisvaluuta kursi muutuste n\u00e4gemise jaoks, peab <\/span><b>\u00dcldised s\u00e4tted<\/b><span style=\"font-weight: 400;\"> (S\u00e4tted -&gt; \u00dcldised s\u00e4tted) all olema aktiveeritud reegel <\/span><b>nr 56<\/b><span style=\"font-weight: 400;\">. Kui see pole varem aktiveeritud, siis pange linnukene, vajutage salvestamise nupp ja logige korraks kontolt v\u00e4lja ja tagasi sisse.\u00a0<\/span><\/p>\n<p>&nbsp;<\/p>\n<p><img loading=\"lazy\" decoding=\"async\" class=\"alignnone wp-image-25862 \" src=\"https:\/\/www.erplybooks.com\/wp-content\/uploads\/2022\/04\/image8-1.png\" alt=\"\" width=\"493\" height=\"46\" srcset=\"https:\/\/www.erplybooks.com\/wp-content\/uploads\/2022\/04\/image8-1.png 493w, https:\/\/www.erplybooks.com\/wp-content\/uploads\/2022\/04\/image8-1-480x45.png 480w\" sizes=\"auto, (min-width: 0px) and (max-width: 480px) 480px, (min-width: 481px) 493px, 100vw\" \/><\/p>\n<p>&nbsp;<\/p>\n<p><span style=\"font-weight: 400;\">Kui see reegel on aktiveeritud, siis saame teha valuutakursi muutuste aruande. Esiteks vali soovitud kande rida ja vajuta all paremal nurgas sinist nuppu<\/span><b> \u2018\u2019Veel\u2019\u2019<\/b><span style=\"font-weight: 400;\"> ja seej\u00e4rel <\/span><b>\u2018\u2019N\u00e4ita kasumit\/kahjumit valuutakursi muutusest\u2019\u2019.<\/b><span style=\"font-weight: 400;\">\u00a0<\/span><\/p>\n<p><span style=\"font-weight: 400;\">Avaneb aken, kuhu tuleb valida, millise kuup\u00e4eva seisuga soovid vahesid korrigeerida. Sealt vali kuup\u00e4ev ning vajuta kollasele nupule <\/span><b>\u2018\u2019Otsi\u2019\u2019<\/b><span style=\"font-weight: 400;\">. Siis kuvatakse valuutakurssidest tulenev vahe ja vajutades <\/span><b>\u2018\u2019Muuda\u2019\u2019<\/b><span style=\"font-weight: 400;\"> peale korrigeeritakse vahed automaatselt \u00e4ra.<\/span><\/p>\n<p><img loading=\"lazy\" decoding=\"async\" class=\"alignnone wp-image-25826 size-full\" src=\"https:\/\/www.erplybooks.com\/wp-content\/uploads\/2022\/04\/image2-1.png\" alt=\"\" width=\"1999\" height=\"912\" srcset=\"https:\/\/www.erplybooks.com\/wp-content\/uploads\/2022\/04\/image2-1.png 1999w, https:\/\/www.erplybooks.com\/wp-content\/uploads\/2022\/04\/image2-1-1280x584.png 1280w, https:\/\/www.erplybooks.com\/wp-content\/uploads\/2022\/04\/image2-1-980x447.png 980w, https:\/\/www.erplybooks.com\/wp-content\/uploads\/2022\/04\/image2-1-480x219.png 480w\" sizes=\"auto, (min-width: 0px) and (max-width: 480px) 480px, (min-width: 481px) and (max-width: 980px) 980px, (min-width: 981px) and (max-width: 1280px) 1280px, (min-width: 1281px) 1999px, 100vw\" \/><\/p>\n<p>&nbsp;<\/p>\n<h2>Saldo korrigeerimine perioodi l\u00f5pus<\/h2>\n<p>&nbsp;<\/p>\n<p><strong>Kui soovid perioodi l\u00f5pus konto saldot korrigeerida, siis tuleb valida viimane rida ning seej\u00e4rel valida Veel -&gt; N\u00e4ita kasumit\/kahjumit valuutakursimuutusest.\u00a0<\/strong><\/p>\n<p>N\u00e4ide<\/p>\n<p>&nbsp;<\/p>\n<p><img loading=\"lazy\" decoding=\"async\" class=\"alignnone wp-image-30530 size-full\" src=\"https:\/\/www.erplybooks.com\/wp-content\/uploads\/2023\/05\/image.png\" alt=\"\" width=\"1631\" height=\"761\" srcset=\"https:\/\/www.erplybooks.com\/wp-content\/uploads\/2023\/05\/image.png 1631w, https:\/\/www.erplybooks.com\/wp-content\/uploads\/2023\/05\/image-1280x597.png 1280w, https:\/\/www.erplybooks.com\/wp-content\/uploads\/2023\/05\/image-980x457.png 980w, https:\/\/www.erplybooks.com\/wp-content\/uploads\/2023\/05\/image-480x224.png 480w\" sizes=\"auto, (min-width: 0px) and (max-width: 480px) 480px, (min-width: 481px) and (max-width: 980px) 980px, (min-width: 981px) and (max-width: 1280px) 1280px, (min-width: 1281px) 1631px, 100vw\" \/><\/p>\n<p>Antud n\u00e4ites 47.64 on vahe reaalse valuutakursi ja siis tehingutest tekkinud eurosumma vahel. Selle jaoks, et seda korrigeerida, teeb s\u00fcsteem kaks tehingut, millest esimesega kannab saldo nulli ja teisega v\u00f5tab arvele korrektse valuutasaldo &#8211; seep\u00e4rast kaks kannet antud n\u00e4ites, mis on umbes 7500 USD.<\/p>\n<p>Kui summa tundub suur, siis on v\u00f5imalik teha Aruandegeneraatoris teha otsing, et aru saada kas antud kontol on tehtud muus valuutas tehinguid. Selle jaoks tuleb teha Aruandegenraatoris j\u00e4rgnev aruanne:<\/p>\n<p><strong>Tabelid<\/strong>: Pearaamat<\/p>\n<p><strong>V\u00e4ljundid<\/strong>:<\/p>\n<p>Pearaamat. DeebetGeneral Ledger.Debit<br \/>\nPearaamat.KreeditGeneral Ledgercreon<br \/>\nPearaamat.Kirjeldus<br \/>\nPearaamat.Kuup\u00e4ev<br \/>\nPearaamat.Valuuta<\/p>\n<p><strong>Lisa ka kaks filtrit:<\/strong><\/p>\n<ol>\n<li>Konto v\u00f5rdub valuutakonto<\/li>\n<li>Valuuta ei v\u00f5rdu US dollar<\/li>\n<\/ol>\n<p>&nbsp;<\/p>\n<p><img loading=\"lazy\" decoding=\"async\" class=\"alignnone wp-image-30536 size-full\" src=\"https:\/\/www.erplybooks.com\/wp-content\/uploads\/2023\/05\/Kuvato\u0303mmis-2023-05-03-153224.png\" alt=\"\" width=\"1667\" height=\"536\" srcset=\"https:\/\/www.erplybooks.com\/wp-content\/uploads\/2023\/05\/Kuvato\u0303mmis-2023-05-03-153224.png 1667w, https:\/\/www.erplybooks.com\/wp-content\/uploads\/2023\/05\/Kuvato\u0303mmis-2023-05-03-153224-300x96.png 300w, https:\/\/www.erplybooks.com\/wp-content\/uploads\/2023\/05\/Kuvato\u0303mmis-2023-05-03-153224-1024x329.png 1024w, https:\/\/www.erplybooks.com\/wp-content\/uploads\/2023\/05\/Kuvato\u0303mmis-2023-05-03-153224-768x247.png 768w, https:\/\/www.erplybooks.com\/wp-content\/uploads\/2023\/05\/Kuvato\u0303mmis-2023-05-03-153224-1536x494.png 1536w, https:\/\/www.erplybooks.com\/wp-content\/uploads\/2023\/05\/Kuvato\u0303mmis-2023-05-03-153224-1080x347.png 1080w, https:\/\/www.erplybooks.com\/wp-content\/uploads\/2023\/05\/Kuvato\u0303mmis-2023-05-03-153224-1280x412.png 1280w, https:\/\/www.erplybooks.com\/wp-content\/uploads\/2023\/05\/Kuvato\u0303mmis-2023-05-03-153224-980x315.png 980w, https:\/\/www.erplybooks.com\/wp-content\/uploads\/2023\/05\/Kuvato\u0303mmis-2023-05-03-153224-480x154.png 480w\" sizes=\"auto, (max-width: 1667px) 100vw, 1667px\" \/><\/p>\n<p><span style=\"font-weight: 400;\">Saldo korrigeerimise puhul on oluline v\u00f5tta saldod iga valuuta l\u00f5ikes eraldi lahti. N\u00e4iteks kui on tehinguid viies erinevas kursis, siis tuleb v\u00f5tta k\u00f5ikide valuutade saldod eraldi lahti ja hakata neid eraldi korrigeerima.\u00a0<\/span><\/p>\n<p><strong>NB!<\/strong> Valuutasaldode korrigeerimine t\u00f6\u00f6tab laitmatult \u00fcksnes siis kui konto k\u00f5ik tehingud on selles kindlas v\u00e4lisvaluutas. Ehk siis kui teil tuleb korrigeerimisel korrigeeritavaks summaks v\u00e4ga suur summa, siis ongi t\u00f5en\u00e4oline p\u00f5hjus, et osa tehingud on olnud muus valuutas. K\u00f5ige lihtsam on kontrollida kontoga seotud tehingute valuutasid aruandegeneraatorist. Kui teil on selline juhus, siis on soovitav eelnevalt muudes valuutades tehingud antud kontolt \u00e4ra nullida.<\/p>\n<p>Oletame, et teil on perioodi l\u00f5pus k\u00e4es 2000 USD. Kuid see on koosnenud 1000-st erinevast tehingust ning kokku on eurodes see teinud pearaamatusse 1877.51 EUR. Oletame, et perioodi l\u00f5pukurss on 1.14748 EUR \/ USD. Seega tegelikult on k\u00e4es eurov\u00e4\u00e4rtuses 2000\/1.14748=1742.95 EUR. Vahe 1877.51-1742.95=134.56 EUR. Selle vahe kohta tehaksegi kaks kannet, et v\u00e4lisvaluuta n\u00e4itaks korrektset saldot ja samal ajal euro summad oleks korrigeeritud.<\/p>\n","protected":false},"excerpt":{"rendered":"<p>V\u00e4lisvaluuta aruanne &nbsp; ERPLY Booksis on v\u00e4lisvaluutad need valuutad, mis pole vaikimisi peamiseks valuutaks m\u00e4\u00e4ratud. Enda organisatsiooni peamist valuutat on v\u00f5imalik n\u00e4ha ja muuta kui l\u00e4hed S\u00e4tted -&gt; \u00dcldised s\u00e4tted. Kui tehing on tehtud \u00fcksk\u00f5ik millises muus valuutas, siis on tegemist v\u00e4lisvaluutaga. ERPLY Booksis on v\u00f5imalik kajastada v\u00e4lisvaluutatehinguid arvete ja laekumiste peal.\u00a0 &nbsp; Arved &nbsp; [&hellip;]<\/p>\n","protected":false},"author":22,"featured_media":0,"parent":3312,"menu_order":0,"comment_status":"closed","ping_status":"closed","template":"","meta":{"_et_pb_use_builder":"","_et_pb_old_content":"","_et_gb_content_width":"","footnotes":""},"categories":[451],"tags":[610,628],"class_list":["post-25819","page","type-page","status-publish","hentry","category-aruandlus","tag-aruanne","tag-valisvaluuta"],"_links":{"self":[{"href":"https:\/\/www.erplybooks.com\/et\/wp-json\/wp\/v2\/pages\/25819","targetHints":{"allow":["GET"]}}],"collection":[{"href":"https:\/\/www.erplybooks.com\/et\/wp-json\/wp\/v2\/pages"}],"about":[{"href":"https:\/\/www.erplybooks.com\/et\/wp-json\/wp\/v2\/types\/page"}],"author":[{"embeddable":true,"href":"https:\/\/www.erplybooks.com\/et\/wp-json\/wp\/v2\/users\/22"}],"replies":[{"embeddable":true,"href":"https:\/\/www.erplybooks.com\/et\/wp-json\/wp\/v2\/comments?post=25819"}],"version-history":[{"count":0,"href":"https:\/\/www.erplybooks.com\/et\/wp-json\/wp\/v2\/pages\/25819\/revisions"}],"up":[{"embeddable":true,"href":"https:\/\/www.erplybooks.com\/et\/wp-json\/wp\/v2\/pages\/3312"}],"wp:attachment":[{"href":"https:\/\/www.erplybooks.com\/et\/wp-json\/wp\/v2\/media?parent=25819"}],"wp:term":[{"taxonomy":"category","embeddable":true,"href":"https:\/\/www.erplybooks.com\/et\/wp-json\/wp\/v2\/categories?post=25819"},{"taxonomy":"post_tag","embeddable":true,"href":"https:\/\/www.erplybooks.com\/et\/wp-json\/wp\/v2\/tags?post=25819"}],"curies":[{"name":"wp","href":"https:\/\/api.w.org\/{rel}","templated":true}]}}