{"id":25812,"date":"2022-04-11T12:57:41","date_gmt":"2022-04-11T12:57:41","guid":{"rendered":"https:\/\/www.erplybooks.com\/?page_id=25812"},"modified":"2023-07-04T12:33:47","modified_gmt":"2023-07-04T12:33:47","slug":"arve-mallid","status":"publish","type":"page","link":"https:\/\/www.erplybooks.com\/et\/juhendid\/arve-mallid\/","title":{"rendered":"Arve mallid"},"content":{"rendered":"<h1><strong>Arve mallid ERPLY Booksis<\/strong><\/h1>\n<p>&nbsp;<\/p>\n<p><span style=\"font-weight: 400;\">ERPLY Booksis on v\u00f5imalik teha selline arve mall nagu soovid. Kui soovid arve malli muudatusi (nt lisada logo, teha eriline disain), siis palun v\u00f5ta meiega \u00fchendust <\/span><a href=\"mailto:support@erplybooks.com\"><span style=\"font-weight: 400;\">support@erplybooks.com<\/span><\/a><span style=\"font-weight: 400;\">.<\/span><\/p>\n<p><span style=\"font-weight: 400;\">K\u00f5iki Sinu firmale seadistatud arve malle n\u00e4ed, kui avad <\/span><b>S\u00e4tted -&gt; Algandmed -&gt; Arve kohandamine<\/b><\/p>\n<p>&nbsp;<\/p>\n<p><img loading=\"lazy\" decoding=\"async\" class=\"alignnone wp-image-25813\" src=\"https:\/\/www.erplybooks.com\/wp-content\/uploads\/2022\/04\/uus.png\" alt=\"\" width=\"600\" height=\"317\" \/><\/p>\n<p>&nbsp;<\/p>\n<p><span style=\"font-weight: 400;\">Booksis on v\u00f5imalik moodustada arve PDF faili erinevates keeltes. Kui soovid arveid printida m\u00f5nes muus keeles, siis on v\u00f5imalik siia lisada uus mall. Kui soovitud keel on olemas \u00fcldises ERPLY Booksi keele nimekirjas, siis on seda keelt v\u00f5imalik t\u00f5lkida. Vaikimisi sisaldavad ERPLY Booksis arve mallid t\u00f5lkev\u00f5tmeid, mis v\u00f5imaldavad \u00f5ige malli ja keele valikul t\u00f5lkida arve PDF vormingu.\u00a0<\/span><\/p>\n<p><span style=\"font-weight: 400;\">Need keeled, mida t\u00f5lkev\u00f5tmete abil t\u00f5lgitakse, leiad \u00fclevalt men\u00fc\u00fc valikust:<\/span><\/p>\n<p>&nbsp;<\/p>\n<p><img loading=\"lazy\" decoding=\"async\" class=\"alignnone wp-image-25752 size-full\" src=\"https:\/\/www.erplybooks.com\/wp-content\/uploads\/2022\/04\/image5.png\" alt=\"\" width=\"1999\" height=\"678\" srcset=\"https:\/\/www.erplybooks.com\/wp-content\/uploads\/2022\/04\/image5.png 1999w, https:\/\/www.erplybooks.com\/wp-content\/uploads\/2022\/04\/image5-1280x434.png 1280w, https:\/\/www.erplybooks.com\/wp-content\/uploads\/2022\/04\/image5-980x332.png 980w, https:\/\/www.erplybooks.com\/wp-content\/uploads\/2022\/04\/image5-480x163.png 480w\" sizes=\"auto, (min-width: 0px) and (max-width: 480px) 480px, (min-width: 481px) and (max-width: 980px) 980px, (min-width: 981px) and (max-width: 1280px) 1280px, (min-width: 1281px) 1999px, 100vw\" \/><\/p>\n<p><span style=\"font-weight: 400;\">Uue malli rea saad lisada, kui teed viimase rea aktiivseks ja vajutad klaviatuuril alumist noolt.<\/span><\/p>\n<ul>\n<li><b>Dokumendi malli <\/b><span style=\"font-weight: 400;\">veergu sisestad 30013\u00a0<\/span><\/li>\n<li><b>Arve keele <\/b><span style=\"font-weight: 400;\">veergu keele nimi (nt Soome keel)<\/span><\/li>\n<li><b>Nime<\/b><span style=\"font-weight: 400;\"> veergu malli nimi (nt Soome mall)<\/span><\/li>\n<li><span style=\"font-weight: 400;\"><strong>ID<\/strong> tekib automaatselt<\/span><\/li>\n<\/ul>\n<p><span style=\"font-weight: 400;\">N\u00fc\u00fcd vajuta rohelist salvestamise nuppu (all paremas nurgas) ja tee lehele refresh.\u00a0<\/span><\/p>\n<p><span style=\"font-weight: 400;\">Tehes uue m\u00fc\u00fcgiarve on n\u00fc\u00fcd keele valikus ka Soome keele mall, mille just lisasime.\u00a0<\/span><\/p>\n<p>&nbsp;<\/p>\n<p><img loading=\"lazy\" decoding=\"async\" class=\"alignnone wp-image-25746 size-full\" src=\"https:\/\/www.erplybooks.com\/wp-content\/uploads\/2022\/04\/image4.png\" alt=\"\" width=\"1999\" height=\"1028\" srcset=\"https:\/\/www.erplybooks.com\/wp-content\/uploads\/2022\/04\/image4.png 1999w, https:\/\/www.erplybooks.com\/wp-content\/uploads\/2022\/04\/image4-1280x658.png 1280w, https:\/\/www.erplybooks.com\/wp-content\/uploads\/2022\/04\/image4-980x504.png 980w, https:\/\/www.erplybooks.com\/wp-content\/uploads\/2022\/04\/image4-480x247.png 480w\" sizes=\"auto, (min-width: 0px) and (max-width: 480px) 480px, (min-width: 481px) and (max-width: 980px) 980px, (min-width: 981px) and (max-width: 1280px) 1280px, (min-width: 1281px) 1999px, 100vw\" \/><\/p>\n<p>&nbsp;<\/p>\n<p><span style=\"font-weight: 400;\">Salvesta arve \u00e4ra ja avanenud aknas vajuta PDF nupule:\u00a0<\/span><\/p>\n<p>&nbsp;<\/p>\n<p><img loading=\"lazy\" decoding=\"async\" class=\"alignnone wp-image-25764 size-full\" src=\"https:\/\/www.erplybooks.com\/wp-content\/uploads\/2022\/04\/image7.png\" alt=\"\" width=\"1999\" height=\"971\" srcset=\"https:\/\/www.erplybooks.com\/wp-content\/uploads\/2022\/04\/image7.png 1999w, https:\/\/www.erplybooks.com\/wp-content\/uploads\/2022\/04\/image7-1280x622.png 1280w, https:\/\/www.erplybooks.com\/wp-content\/uploads\/2022\/04\/image7-980x476.png 980w, https:\/\/www.erplybooks.com\/wp-content\/uploads\/2022\/04\/image7-480x233.png 480w\" sizes=\"auto, (min-width: 0px) and (max-width: 480px) 480px, (min-width: 481px) and (max-width: 980px) 980px, (min-width: 981px) and (max-width: 1280px) 1280px, (min-width: 1281px) 1999px, 100vw\" \/><\/p>\n<p>&nbsp;<\/p>\n<p><span style=\"font-weight: 400;\">Arve PDF formaadi saad avada ka <\/span><b>\u2018\u2019Muu\u2019\u2019<\/b><span style=\"font-weight: 400;\"> alt.\u00a0<\/span><\/p>\n<p>&nbsp;<\/p>\n<p><img loading=\"lazy\" decoding=\"async\" class=\"alignnone wp-image-25800 size-full\" src=\"https:\/\/www.erplybooks.com\/wp-content\/uploads\/2022\/04\/image13.png\" alt=\"\" width=\"1999\" height=\"924\" srcset=\"https:\/\/www.erplybooks.com\/wp-content\/uploads\/2022\/04\/image13.png 1999w, https:\/\/www.erplybooks.com\/wp-content\/uploads\/2022\/04\/image13-1280x592.png 1280w, https:\/\/www.erplybooks.com\/wp-content\/uploads\/2022\/04\/image13-980x453.png 980w, https:\/\/www.erplybooks.com\/wp-content\/uploads\/2022\/04\/image13-480x222.png 480w\" sizes=\"auto, (min-width: 0px) and (max-width: 480px) 480px, (min-width: 481px) and (max-width: 980px) 980px, (min-width: 981px) and (max-width: 1280px) 1280px, (min-width: 1281px) 1999px, 100vw\" \/><\/p>\n<p>&nbsp;<\/p>\n<p><span style=\"font-weight: 400;\">N\u00e4eme, et PDF vormingus arve avaneb soome keeles.<\/span><\/p>\n<p>&nbsp;<\/p>\n<p><img loading=\"lazy\" decoding=\"async\" class=\"alignnone wp-image-25788\" src=\"https:\/\/www.erplybooks.com\/wp-content\/uploads\/2022\/04\/image11-1024x645.png\" alt=\"\" width=\"700\" height=\"441\" \/><\/p>\n<p><span style=\"font-weight: 400;\">Vaikimisi on kaks erinevat arve formaati &#8211; Invoice ja Invoice 2 ning veel kaks eraldi malli on selle jaoks, et mitte n\u00e4idata allahindlust v\u00f5i siis allkirja.\u00a0<\/span><span style=\"font-weight: 400;\">Juhul, kui malli lahter on t\u00fchi, t\u00e4hendab see seda, et kasutusel on v\u00e4ga vana versiooniga mall ning <\/span><b>Dokumendi malli<\/b><span style=\"font-weight: 400;\"> lahtrisse tuleb kirjutada 30013.\u00a0<\/span><\/p>\n<p><span style=\"font-weight: 400;\">Kui soovid m\u00e4\u00e4rata kindlat arve malli, mida kasutataks vaikimisi iga kord uue m\u00fc\u00fcgiarve puhul, siis seda on v\u00f5imalik m\u00e4\u00e4rata, kui kirjutad arve malli nime lahtrisse malli nime ette MAIN<\/span><span style=\"font-weight: 400;\">|. Seej\u00e4rel salvesta ja tee lehele refresh. Uut m\u00fc\u00fcgiarvet koostades valitakse vaikimisi peamiseks malliks m\u00e4\u00e4ratud arve mall (antud n\u00e4ite puhul soome keel).<\/span><\/p>\n<p>&nbsp;<\/p>\n<p><img loading=\"lazy\" decoding=\"async\" class=\"alignnone wp-image-25806 size-full\" src=\"https:\/\/www.erplybooks.com\/wp-content\/uploads\/2022\/04\/image14.png\" alt=\"\" width=\"756\" height=\"416\" srcset=\"https:\/\/www.erplybooks.com\/wp-content\/uploads\/2022\/04\/image14.png 756w, https:\/\/www.erplybooks.com\/wp-content\/uploads\/2022\/04\/image14-480x264.png 480w\" sizes=\"auto, (min-width: 0px) and (max-width: 480px) 480px, (min-width: 481px) 756px, 100vw\" \/><\/p>\n<p>&nbsp;<\/p>\n<p><span style=\"font-weight: 400;\">Uus m\u00fc\u00fcgiarve:\u00a0<\/span><\/p>\n<p>&nbsp;<\/p>\n<p><img loading=\"lazy\" decoding=\"async\" class=\"alignnone wp-image-25782 size-full\" src=\"https:\/\/www.erplybooks.com\/wp-content\/uploads\/2022\/04\/image10.png\" alt=\"\" width=\"1859\" height=\"837\" srcset=\"https:\/\/www.erplybooks.com\/wp-content\/uploads\/2022\/04\/image10.png 1859w, https:\/\/www.erplybooks.com\/wp-content\/uploads\/2022\/04\/image10-1280x576.png 1280w, https:\/\/www.erplybooks.com\/wp-content\/uploads\/2022\/04\/image10-980x441.png 980w, https:\/\/www.erplybooks.com\/wp-content\/uploads\/2022\/04\/image10-480x216.png 480w\" sizes=\"auto, (min-width: 0px) and (max-width: 480px) 480px, (min-width: 481px) and (max-width: 980px) 980px, (min-width: 981px) and (max-width: 1280px) 1280px, (min-width: 1281px) 1859px, 100vw\" \/><\/p>\n<p>&nbsp;<\/p>\n<h2><strong>Peamise arveldusarve lisamine\u00a0<\/strong><\/h2>\n<p>&nbsp;<\/p>\n<p><span style=\"font-weight: 400;\">Juhul kui ettev\u00f5ttel on kasutusel mitu arveldusarvet, kuid soovid, et m\u00fc\u00fcgiarvel kuvatakse ainult \u00fchte kindlat arveldusarvet, siis tuleb selle jaoks lisada reegel.\u00a0<\/span><\/p>\n<p><span style=\"font-weight: 400;\">Selleks otsi pealehelt <\/span><b>\u2018\u2019Globaalsed Atribuudid\u2019\u2019<\/b><span style=\"font-weight: 400;\"> ning lisa uus rida (vajuta sinisele <\/span><b>\u2018\u2019Lisa\u2019\u2019<\/b><span style=\"font-weight: 400;\"> nupule):<\/span><\/p>\n<ul>\n<li style=\"font-weight: 400;\" aria-level=\"1\"><span style=\"font-weight: 400;\"><strong>Nimi<\/strong>: GLOBAL_GET_ONLY_MAIN_BANK_ACCOUNT<\/span><\/li>\n<li style=\"font-weight: 400;\" aria-level=\"1\"><span style=\"font-weight: 400;\"><strong>V\u00e4\u00e4rtus<\/strong>: true<\/span><\/li>\n<\/ul>\n<p><span style=\"font-weight: 400;\">Kui soovid aga arveldusarveid riigip\u00f5hiselt lisada (n\u00e4iteks Eestile \u00fcks, L\u00e4tile teine), siis tuleb lisada j\u00e4rgnev reegel:\u00a0<\/span><\/p>\n<ul>\n<li style=\"font-weight: 400;\" aria-level=\"1\"><span style=\"font-weight: 400;\"><strong>Nimi<\/strong>: GLOBAL_COUNTRY_BASED_BANK_ACCOUNT<\/span><\/li>\n<li style=\"font-weight: 400;\" aria-level=\"1\"><span style=\"font-weight: 400;\"><strong>V\u00e4\u00e4rtus<\/strong>: riigi ISO 2- t\u00e4heline kood (nt EE, LV)<\/span><\/li>\n<li style=\"font-weight: 400;\" aria-level=\"1\"><span style=\"font-weight: 400;\"><strong>AltValue<\/strong>: pangakonto ID<\/span><\/li>\n<\/ul>\n<p><span style=\"font-weight: 400;\">Peale reeglite lisamist salvesta muudatused ja v\u00e4rskenda lehte.\u00a0<\/span><\/p>\n<p>&nbsp;<\/p>\n<h2><strong>Kui kasutad ERPLY ladu<\/strong><\/h2>\n<p>&nbsp;<\/p>\n<p><span style=\"font-weight: 400;\">Kui kasutad Erply ladu, siis saab m\u00e4\u00e4rata, et kasutataks Erply laos olevaid arve malle. Selle jaoks saab seadistada \u00dcldiste s\u00e4tete alt ActualReports Serveri. Kui seadistate ActualReports Serveri, siis arve mallid tulevad Erply laost. Erply Booksis pannakse info kokku ja saadetakse Erply lattu ning see annab meile PDF arve formaadi.\u00a0<\/span><\/p>\n<p><span style=\"font-weight: 400;\">ActualReports serveri reegli leiad, kui l\u00e4hed \u00dcldiste s\u00e4tete alla ja otsid \u2018\u2019ActualReports server\u2019\u2019. Kui aktiveerida ActualReportsi reegel, siis \u00fckski ERPLY Booksi arve mall enam ei t\u00f6\u00f6ta, seega tuleb siin k\u00f5ik mallid \u00fcmber kirjutada ehk Erply laost peab v\u00f5tma \u00f5iged malli ID-d.\u00a0<\/span><\/p>\n<p>&nbsp;<\/p>\n<p><img loading=\"lazy\" decoding=\"async\" class=\"alignnone wp-image-25728 size-full\" src=\"https:\/\/www.erplybooks.com\/wp-content\/uploads\/2022\/04\/image1.png\" alt=\"\" width=\"799\" height=\"102\" srcset=\"https:\/\/www.erplybooks.com\/wp-content\/uploads\/2022\/04\/image1.png 799w, https:\/\/www.erplybooks.com\/wp-content\/uploads\/2022\/04\/image1-480x61.png 480w\" sizes=\"auto, (min-width: 0px) and (max-width: 480px) 480px, (min-width: 481px) 799px, 100vw\" \/><\/p>\n<p>&nbsp;<\/p>\n<p><span style=\"font-weight: 400;\">Vaikimisi v\u00e4\u00e4rtused ActualReportsi v\u00e4ljades on:\u00a0<\/span><\/p>\n<ul>\n<li><span style=\"font-weight: 400;\"><strong>Aadress:<\/strong> https:\/\/ar1.erply.com\/api\/v2\/template\/<\/span><\/li>\n<li><strong>E-mail: <\/strong><a href=\"mailto:kliendikood@ar.erply.com\"><span style=\"font-weight: 400;\">kliendikood@ar.erply.com<\/span><\/a><\/li>\n<li><span style=\"font-weight: 400;\"><strong>Resource:<\/strong> see v\u00e4li on vaikimisi t\u00fchi, tuleb t\u00e4ita vaid siis kui ActualReports server seda eraldi vajab<\/span><\/li>\n<\/ul>\n<p><span style=\"font-weight: 400;\">Kliendikoodi leiad Erply kassa &amp; lao s\u00e4tete alt (<\/span><b>S\u00e4tted -&gt; Erply kassa ja lao s\u00e4tted)<\/b><\/p>\n<p>&nbsp;<\/p>\n<p><img loading=\"lazy\" decoding=\"async\" class=\"alignnone wp-image-25740\" src=\"https:\/\/www.erplybooks.com\/wp-content\/uploads\/2022\/04\/image3.png\" alt=\"\" width=\"500\" height=\"385\" srcset=\"https:\/\/www.erplybooks.com\/wp-content\/uploads\/2022\/04\/image3.png 500w, https:\/\/www.erplybooks.com\/wp-content\/uploads\/2022\/04\/image3-480x369.png 480w\" sizes=\"auto, (min-width: 0px) and (max-width: 480px) 480px, (min-width: 481px) 500px, 100vw\" \/><\/p>\n<p>&nbsp;<\/p>\n<p><strong><span style=\"text-decoration: underline;\">Kui kasutad ERPLY ladu ja soovid kasutada arve malli, kus kuvatakse toote kood ja kauba saaja, siis selle malli ID on 650903. Mall tuleb seadistada nii nagu \u00fcleval juhendi alguses kirjeldatud on.\u00a0<\/span><\/strong><\/p>\n<p>&nbsp;<\/p>\n<h2><strong>Arve malli m\u00e4\u00e4raja<\/strong><\/h2>\n<p>&nbsp;<\/p>\n<p><span style=\"font-weight: 400;\">Arve malli m\u00e4\u00e4raja seadistuse alt on v\u00f5imalik seadistada reeglid automaatsete mallide m\u00e4\u00e4ramiseks. Arve malli m\u00e4\u00e4raja leiad <\/span><b>Muud v\u00f5imalused<\/b><span style=\"font-weight: 400;\"> alt kui avad <\/span><b>Erply kassa &amp; lao s\u00e4tted.<\/b><\/p>\n<p>&nbsp;<\/p>\n<p><span style=\"font-weight: 400;\"> <img loading=\"lazy\" decoding=\"async\" class=\"alignnone wp-image-25758 size-full\" src=\"https:\/\/www.erplybooks.com\/wp-content\/uploads\/2022\/04\/image6.png\" alt=\"\" width=\"743\" height=\"139\" srcset=\"https:\/\/www.erplybooks.com\/wp-content\/uploads\/2022\/04\/image6.png 743w, https:\/\/www.erplybooks.com\/wp-content\/uploads\/2022\/04\/image6-480x90.png 480w\" sizes=\"auto, (min-width: 0px) and (max-width: 480px) 480px, (min-width: 481px) 743px, 100vw\" \/><\/span><\/p>\n<p>&nbsp;<\/p>\n<p><span style=\"font-weight: 400;\">Vajutades \u2018<\/span><b>\u2019Halda\u2019\u2019<\/b><span style=\"font-weight: 400;\"> nupule, avaneb j\u00e4rgnev aken:<\/span><\/p>\n<p>&nbsp;<\/p>\n<p><img loading=\"lazy\" decoding=\"async\" class=\"alignnone wp-image-25734 size-full\" src=\"https:\/\/www.erplybooks.com\/wp-content\/uploads\/2022\/04\/image2.png\" alt=\"\" width=\"839\" height=\"93\" srcset=\"https:\/\/www.erplybooks.com\/wp-content\/uploads\/2022\/04\/image2.png 839w, https:\/\/www.erplybooks.com\/wp-content\/uploads\/2022\/04\/image2-480x53.png 480w\" sizes=\"auto, (min-width: 0px) and (max-width: 480px) 480px, (min-width: 481px) 839px, 100vw\" \/><\/p>\n<p>&nbsp;<\/p>\n<p><span style=\"font-weight: 400;\">N\u00e4eme, et esimeses veerus on dokumendi mall, mis valitakse j\u00e4rgnevate veergude sisu j\u00e4rgi. V\u00f5imalik on m\u00e4\u00e4rata reegleid grupi, toote kategooria\/seeria j\u00e4rgi, kliendi atribuudi, arve t\u00fc\u00fcbi j\u00e4rgi ja t\u00fc\u00fcbi j\u00e4rgi.\u00a0<\/span><\/p>\n<p><span style=\"font-weight: 400;\">Arve ERPLY laost tuleb selles keeles,\u00a0 mis on vaikimisi ERPLY Booksis arve peal m\u00e4\u00e4ratud. Kui vaikimisi mallides on m\u00e4\u00e4ratud n\u00e4iteks eesti keel, siis tulevad arved Erply laost ka eesti keeles.<\/span><\/p>\n<p><span style=\"font-weight: 400;\">Erply lao porgrammis on olemas tootekaardidel toodete nimed erinevates keeltes:\u00a0<\/span><\/p>\n<p>&nbsp;<\/p>\n<p><img loading=\"lazy\" decoding=\"async\" class=\"alignnone wp-image-25776 size-full\" src=\"https:\/\/www.erplybooks.com\/wp-content\/uploads\/2022\/04\/image9.png\" alt=\"\" width=\"1831\" height=\"912\" srcset=\"https:\/\/www.erplybooks.com\/wp-content\/uploads\/2022\/04\/image9.png 1831w, https:\/\/www.erplybooks.com\/wp-content\/uploads\/2022\/04\/image9-1280x638.png 1280w, https:\/\/www.erplybooks.com\/wp-content\/uploads\/2022\/04\/image9-980x488.png 980w, https:\/\/www.erplybooks.com\/wp-content\/uploads\/2022\/04\/image9-480x239.png 480w\" sizes=\"auto, (min-width: 0px) and (max-width: 480px) 480px, (min-width: 481px) and (max-width: 980px) 980px, (min-width: 981px) and (max-width: 1280px) 1280px, (min-width: 1281px) 1831px, 100vw\" \/><\/p>\n<p><img loading=\"lazy\" decoding=\"async\" class=\"alignnone wp-image-25770 size-full\" src=\"https:\/\/www.erplybooks.com\/wp-content\/uploads\/2022\/04\/image8.png\" alt=\"\" width=\"1656\" height=\"654\" srcset=\"https:\/\/www.erplybooks.com\/wp-content\/uploads\/2022\/04\/image8.png 1656w, https:\/\/www.erplybooks.com\/wp-content\/uploads\/2022\/04\/image8-1280x506.png 1280w, https:\/\/www.erplybooks.com\/wp-content\/uploads\/2022\/04\/image8-980x387.png 980w, https:\/\/www.erplybooks.com\/wp-content\/uploads\/2022\/04\/image8-480x190.png 480w\" sizes=\"auto, (min-width: 0px) and (max-width: 480px) 480px, (min-width: 481px) and (max-width: 980px) 980px, (min-width: 981px) and (max-width: 1280px) 1280px, (min-width: 1281px) 1656px, 100vw\" \/><\/p>\n","protected":false},"excerpt":{"rendered":"<p>Arve mallid ERPLY Booksis &nbsp; ERPLY Booksis on v\u00f5imalik teha selline arve mall nagu soovid. Kui soovid arve malli muudatusi (nt lisada logo, teha eriline disain), siis palun v\u00f5ta meiega \u00fchendust support@erplybooks.com. K\u00f5iki Sinu firmale seadistatud arve malle n\u00e4ed, kui avad S\u00e4tted -&gt; Algandmed -&gt; Arve kohandamine &nbsp; &nbsp; Booksis on v\u00f5imalik moodustada arve PDF [&hellip;]<\/p>\n","protected":false},"author":22,"featured_media":0,"parent":3312,"menu_order":0,"comment_status":"closed","ping_status":"closed","template":"","meta":{"_et_pb_use_builder":"","_et_pb_old_content":"","_et_gb_content_width":"","footnotes":""},"categories":[452],"tags":[589,647,556],"class_list":["post-25812","page","type-page","status-publish","hentry","category-muuk","tag-arve","tag-arve-mallid","tag-mallid"],"_links":{"self":[{"href":"https:\/\/www.erplybooks.com\/et\/wp-json\/wp\/v2\/pages\/25812","targetHints":{"allow":["GET"]}}],"collection":[{"href":"https:\/\/www.erplybooks.com\/et\/wp-json\/wp\/v2\/pages"}],"about":[{"href":"https:\/\/www.erplybooks.com\/et\/wp-json\/wp\/v2\/types\/page"}],"author":[{"embeddable":true,"href":"https:\/\/www.erplybooks.com\/et\/wp-json\/wp\/v2\/users\/22"}],"replies":[{"embeddable":true,"href":"https:\/\/www.erplybooks.com\/et\/wp-json\/wp\/v2\/comments?post=25812"}],"version-history":[{"count":0,"href":"https:\/\/www.erplybooks.com\/et\/wp-json\/wp\/v2\/pages\/25812\/revisions"}],"up":[{"embeddable":true,"href":"https:\/\/www.erplybooks.com\/et\/wp-json\/wp\/v2\/pages\/3312"}],"wp:attachment":[{"href":"https:\/\/www.erplybooks.com\/et\/wp-json\/wp\/v2\/media?parent=25812"}],"wp:term":[{"taxonomy":"category","embeddable":true,"href":"https:\/\/www.erplybooks.com\/et\/wp-json\/wp\/v2\/categories?post=25812"},{"taxonomy":"post_tag","embeddable":true,"href":"https:\/\/www.erplybooks.com\/et\/wp-json\/wp\/v2\/tags?post=25812"}],"curies":[{"name":"wp","href":"https:\/\/api.w.org\/{rel}","templated":true}]}}