{"id":25548,"date":"2022-03-31T07:30:20","date_gmt":"2022-03-31T07:30:20","guid":{"rendered":"https:\/\/www.erplybooks.com\/?page_id=25548"},"modified":"2023-07-04T10:21:54","modified_gmt":"2023-07-04T10:21:54","slug":"arve-kannete-koondamine","status":"publish","type":"page","link":"https:\/\/www.erplybooks.com\/et\/juhendid\/arve-kannete-koondamine\/","title":{"rendered":"Kannete koondamine"},"content":{"rendered":"<h1><span style=\"font-weight: 400;\">Kannete koondamine\u00a0<\/span><\/h1>\n<p>&nbsp;<\/p>\n<p><span style=\"font-weight: 400;\"><strong>NB! Kui soovid kasutada &#8220;Koonda projektid&#8221; v\u00f5imalust, siis on vaja kasutusele v\u00f5tta ka <\/strong><a href=\"https:\/\/www.erplybooks.com\/et\/lisamoodulid\/koosta-ise-juhtimisaruanded-ja-kiirenda-paringute-kiirust-kumnetes-kordades\/\"><strong>optimeerimispluginad!<\/strong> <\/a><\/span><\/p>\n<p><span style=\"font-weight: 400;\">ERPLY Booksis on v\u00f5imalik seadistada arve kannete koondamine. Kui muidu tehakse iga arve rea kohta eraldi kanne, siis selle reegli aktiveerimisel koondatakse iga arve rida \u00fche kande peale kokku. Selle saab lisada \u00dcldiste s\u00e4tete (<\/span><b>S\u00e4tted -&gt; \u00dcldised s\u00e4tted<\/b><span style=\"font-weight: 400;\">) alt.\u00a0<\/span><\/p>\n<p><span style=\"font-weight: 400;\">\u00dcldiste s\u00e4tete alt leiate reegli <\/span><b>\u2018\u2019Koonda kanded- koosta v\u00e4him v\u00f5imalik hulk kandeid\u2019<\/b><span style=\"font-weight: 400;\">\u2019. Kui seda reeglit aktiveeritud pole, siis tekitatakse iga arve rea kohta eraldi kande. N\u00e4iteks kui arvel on 100 rida, siis tehakse ka 100 eraldi kannet. Kui aga nendel k\u00f5ikidel on sama k\u00e4ibemaks, siis saaks teha need k\u00f5ik \u00fche kandega ning selle reegliga on seda v\u00f5imalik ka teha.\u00a0<\/span><\/p>\n<p><span style=\"font-weight: 400;\">Loome n\u00e4itena \u00fche ostuarve, kus on kaks rida. Sisestame tooted ja summad \u00e4ra, siis vajutame salvesta nupule, seej\u00e4rel valime <\/span><b>\u2018\u2019Muu\u2019\u2019<\/b><span style=\"font-weight: 400;\"> ja valime sealt <\/span><b>\u2018\u2019Kanded\u2019\u2019<\/b><span style=\"font-weight: 400;\">.\u00a0<\/span><\/p>\n<p>&nbsp;<\/p>\n<p><span style=\"font-weight: 400;\">\u00a0\u00a0<\/span><img loading=\"lazy\" decoding=\"async\" class=\"alignnone wp-image-25567 size-full\" src=\"https:\/\/www.erplybooks.com\/wp-content\/uploads\/2022\/03\/image4-4.png\" alt=\"\" width=\"1496\" height=\"836\" srcset=\"https:\/\/www.erplybooks.com\/wp-content\/uploads\/2022\/03\/image4-4.png 1496w, https:\/\/www.erplybooks.com\/wp-content\/uploads\/2022\/03\/image4-4-1280x715.png 1280w, https:\/\/www.erplybooks.com\/wp-content\/uploads\/2022\/03\/image4-4-980x548.png 980w, https:\/\/www.erplybooks.com\/wp-content\/uploads\/2022\/03\/image4-4-480x268.png 480w\" sizes=\"auto, (min-width: 0px) and (max-width: 480px) 480px, (min-width: 481px) and (max-width: 980px) 980px, (min-width: 981px) and (max-width: 1280px) 1280px, (min-width: 1281px) 1496px, 100vw\" \/><\/p>\n<p><span style=\"font-weight: 400;\">N\u00e4eme, et kahe tooterea t\u00f5ttu tekitati kaks eraldi kannet:\u00a0<\/span><\/p>\n<p><img loading=\"lazy\" decoding=\"async\" class=\"alignnone wp-image-25561 size-full\" src=\"https:\/\/www.erplybooks.com\/wp-content\/uploads\/2022\/03\/image3-4.png\" alt=\"\" width=\"1473\" height=\"325\" srcset=\"https:\/\/www.erplybooks.com\/wp-content\/uploads\/2022\/03\/image3-4.png 1473w, https:\/\/www.erplybooks.com\/wp-content\/uploads\/2022\/03\/image3-4-1280x282.png 1280w, https:\/\/www.erplybooks.com\/wp-content\/uploads\/2022\/03\/image3-4-980x216.png 980w, https:\/\/www.erplybooks.com\/wp-content\/uploads\/2022\/03\/image3-4-480x106.png 480w\" sizes=\"auto, (min-width: 0px) and (max-width: 480px) 480px, (min-width: 481px) and (max-width: 980px) 980px, (min-width: 981px) and (max-width: 1280px) 1280px, (min-width: 1281px) 1473px, 100vw\" \/><\/p>\n<p><span style=\"font-weight: 400;\">N\u00fc\u00fcd l\u00e4hme seadistame \u00dcldiste s\u00e4tete all <\/span><b>\u2018\u2019Koonda kanded- koosta v\u00e4him v\u00f5imalik<\/b><b>hulk kandeid\u2019\u2019 <\/b>reegli ja teeme ostuarve uuesti ning kontrollime kandeid. Esiteks <b>\u2018\u2019Aktiveeri\u2019\u2019<\/b> lahtrisse valime <b>\u2018\u2019Jah\u2019\u2019<\/b>.<\/p>\n<p><span style=\"font-weight: 400;\">Soovituslik on aktiveerida ka lahter <\/span><b>\u2018\u2019Kasuta ainult arvete peal?\u2019\u2019<\/b><span style=\"font-weight: 400;\">, sest muidu koondatakse kanded ka laekumiste peal. Ilma seda aktiveerimata on olukorras, kus panka makstakse k\u00fcmne erineva arve eest, keeruline j\u00e4lgida \u00fche kindla arve laekumist, sest k\u00f5ik need k\u00fcmne arve kanded koondatakse \u00fchte kandesse kokku.\u00a0<\/span><\/p>\n<p><span style=\"font-weight: 400;\">K\u00f5ige olulisem on kuup\u00e4eva ehk siis <\/span><b>\u2018\u2019Alates\u2019\u2019<\/b><span style=\"font-weight: 400;\"> lahter. See on oluline, sest sellega m\u00e4\u00e4rad \u00e4ra, mis hetkest alates kanded koondatakse. N\u00e4iteks jooksva kuu kanded tehakse veel ilma koondamata ja koondamise reegel aktiveeritakse j\u00e4rgmise kuu algusest. Oletame, et he<\/span>tkel on veel m\u00e4rtsikuu, siis saame m\u00e4\u00e4rata, et kannete koondamise reegel hakkab kehtima alates 01.04.2022.<\/p>\n<p><span style=\"font-weight: 400;\">Kui vastavad valikud on tehtud, siis vajutada rohelist salvestamise nuppu , logida kontolt korraks v\u00e4lja ja siis logida uuesti sisse.\u00a0<\/span><\/p>\n<p><img loading=\"lazy\" decoding=\"async\" class=\"alignnone wp-image-25555 size-full\" src=\"https:\/\/www.erplybooks.com\/wp-content\/uploads\/2022\/03\/image2-5.png\" alt=\"\" width=\"1539\" height=\"835\" srcset=\"https:\/\/www.erplybooks.com\/wp-content\/uploads\/2022\/03\/image2-5.png 1539w, https:\/\/www.erplybooks.com\/wp-content\/uploads\/2022\/03\/image2-5-1280x694.png 1280w, https:\/\/www.erplybooks.com\/wp-content\/uploads\/2022\/03\/image2-5-980x532.png 980w, https:\/\/www.erplybooks.com\/wp-content\/uploads\/2022\/03\/image2-5-480x260.png 480w\" sizes=\"auto, (min-width: 0px) and (max-width: 480px) 480px, (min-width: 481px) and (max-width: 980px) 980px, (min-width: 981px) and (max-width: 1280px) 1280px, (min-width: 1281px) 1539px, 100vw\" \/><\/p>\n<p><span style=\"font-weight: 400;\">Teeme n\u00fc\u00fcd n\u00e4itena eelneva ostuarve uuesti 05.04.2022 kuup\u00e4evaga, vajutam<\/span>e salvestamise nupule ning vaatame siis uuesti arve kandeid (<b>Muu -&gt; Kanded<\/b>).<\/p>\n<p><img loading=\"lazy\" decoding=\"async\" class=\"alignnone wp-image-25549 size-full\" src=\"https:\/\/www.erplybooks.com\/wp-content\/uploads\/2022\/03\/image1-3.png\" alt=\"\" width=\"1493\" height=\"831\" srcset=\"https:\/\/www.erplybooks.com\/wp-content\/uploads\/2022\/03\/image1-3.png 1493w, https:\/\/www.erplybooks.com\/wp-content\/uploads\/2022\/03\/image1-3-1280x712.png 1280w, https:\/\/www.erplybooks.com\/wp-content\/uploads\/2022\/03\/image1-3-980x545.png 980w, https:\/\/www.erplybooks.com\/wp-content\/uploads\/2022\/03\/image1-3-480x267.png 480w\" sizes=\"auto, (min-width: 0px) and (max-width: 480px) 480px, (min-width: 481px) and (max-width: 980px) 980px, (min-width: 981px) and (max-width: 1280px) 1280px, (min-width: 1281px) 1493px, 100vw\" \/><\/p>\n<p><span style=\"font-weight: 400;\">N\u00e4eme, et read on n\u00fc\u00fcdsest kokku koondatud \u00fchele kandele:<\/span><\/p>\n<p><img loading=\"lazy\" decoding=\"async\" class=\"alignnone wp-image-25573 size-full\" src=\"https:\/\/www.erplybooks.com\/wp-content\/uploads\/2022\/03\/image5-3-e1648711453413.png\" alt=\"\" width=\"1484\" height=\"222\" srcset=\"https:\/\/www.erplybooks.com\/wp-content\/uploads\/2022\/03\/image5-3-e1648711453413.png 1484w, https:\/\/www.erplybooks.com\/wp-content\/uploads\/2022\/03\/image5-3-e1648711453413-1280x222.png 1280w, https:\/\/www.erplybooks.com\/wp-content\/uploads\/2022\/03\/image5-3-e1648711453413-980x222.png 980w, https:\/\/www.erplybooks.com\/wp-content\/uploads\/2022\/03\/image5-3-e1648711453413-480x222.png 480w\" sizes=\"auto, (min-width: 0px) and (max-width: 480px) 480px, (min-width: 481px) and (max-width: 980px) 980px, (min-width: 981px) and (max-width: 1280px) 1280px, (min-width: 1281px) 1484px, 100vw\" \/><\/p>\n<p><b>Veel selgitusi kannete koondamise reegli lahtrite kohta:<\/b><\/p>\n<p><b>\u2018\u2019Koonda projektid\u2019\u2019<\/b><span style=\"font-weight: 400;\"> lahter- selle aktiveerimise korral erineva k\u00e4ibemaksu puhul tehakse eraldi kanded ja kande rea p\u00f5hjal m\u00e4\u00e4ratakse projektid. Kui soovid kasutada koonda projektid v\u00f5imalust, siis on vaja kasutusele v\u00f5tta ka <a href=\"https:\/\/www.erplybooks.com\/et\/lisamoodulid\/koosta-ise-juhtimisaruanded-ja-kiirenda-paringute-kiirust-kumnetes-kordades\/\">optimeerimispluginad<\/a>.\u00a0<\/span><\/p>\n<p><b>\u2018\u2019\u00dcmarda kokku summa enne \u00fcmarduse summa lisamist\u2019\u2019<\/b><span style=\"font-weight: 400;\"> lahter- kui kanded koondatakse, siis kas \u00fcmardamine tehakse enne kokku summa arvutamist v\u00f5i p\u00e4rast seda (sest kande deebet ja kreedit peavad j\u00e4\u00e4vad samaks).<\/span><\/p>\n","protected":false},"excerpt":{"rendered":"<p>Kannete koondamine\u00a0 &nbsp; NB! Kui soovid kasutada &#8220;Koonda projektid&#8221; v\u00f5imalust, siis on vaja kasutusele v\u00f5tta ka optimeerimispluginad! ERPLY Booksis on v\u00f5imalik seadistada arve kannete koondamine. Kui muidu tehakse iga arve rea kohta eraldi kanne, siis selle reegli aktiveerimisel koondatakse iga arve rida \u00fche kande peale kokku. Selle saab lisada \u00dcldiste s\u00e4tete (S\u00e4tted -&gt; \u00dcldised s\u00e4tted) [&hellip;]<\/p>\n","protected":false},"author":22,"featured_media":0,"parent":3312,"menu_order":0,"comment_status":"closed","ping_status":"closed","template":"","meta":{"_et_pb_use_builder":"","_et_pb_old_content":"","_et_gb_content_width":"","footnotes":""},"categories":[450],"tags":[561,562],"class_list":["post-25548","page","type-page","status-publish","hentry","category-seadistused","tag-kanded","tag-koondamine"],"_links":{"self":[{"href":"https:\/\/www.erplybooks.com\/et\/wp-json\/wp\/v2\/pages\/25548","targetHints":{"allow":["GET"]}}],"collection":[{"href":"https:\/\/www.erplybooks.com\/et\/wp-json\/wp\/v2\/pages"}],"about":[{"href":"https:\/\/www.erplybooks.com\/et\/wp-json\/wp\/v2\/types\/page"}],"author":[{"embeddable":true,"href":"https:\/\/www.erplybooks.com\/et\/wp-json\/wp\/v2\/users\/22"}],"replies":[{"embeddable":true,"href":"https:\/\/www.erplybooks.com\/et\/wp-json\/wp\/v2\/comments?post=25548"}],"version-history":[{"count":0,"href":"https:\/\/www.erplybooks.com\/et\/wp-json\/wp\/v2\/pages\/25548\/revisions"}],"up":[{"embeddable":true,"href":"https:\/\/www.erplybooks.com\/et\/wp-json\/wp\/v2\/pages\/3312"}],"wp:attachment":[{"href":"https:\/\/www.erplybooks.com\/et\/wp-json\/wp\/v2\/media?parent=25548"}],"wp:term":[{"taxonomy":"category","embeddable":true,"href":"https:\/\/www.erplybooks.com\/et\/wp-json\/wp\/v2\/categories?post=25548"},{"taxonomy":"post_tag","embeddable":true,"href":"https:\/\/www.erplybooks.com\/et\/wp-json\/wp\/v2\/tags?post=25548"}],"curies":[{"name":"wp","href":"https:\/\/api.w.org\/{rel}","templated":true}]}}