{"id":25545,"date":"2022-03-30T10:37:02","date_gmt":"2022-03-30T10:37:02","guid":{"rendered":"https:\/\/www.erplybooks.com\/?page_id=25545"},"modified":"2023-07-11T11:15:59","modified_gmt":"2023-07-11T11:15:59","slug":"palgamooduli-juhendid","status":"publish","type":"page","link":"https:\/\/www.erplybooks.com\/et\/palgamooduli-juhendid\/","title":{"rendered":"Palgamooduli juhendid"},"content":{"rendered":"<h5><strong>Palgamoodulit kasutama hakates kirjutage palun support@erplybooks.com aadressile, et saaksime Teie ettev\u00f5tte seadistused \u00fcle vaadata.<\/strong><\/h5>\n<p>&nbsp;<\/p>\n<p><a href=\"https:\/\/www.erplybooks.com\/et\/juhendid\/palgamoodul-erply-booksis\/\">Palgamooduli t\u00e4ispikk juhend<\/a><\/p>\n<p>&nbsp;<\/p>\n<ol>\n<li><a href=\"https:\/\/www.erplybooks.com\/et\/tootajate-lisamine\/\"><span style=\"color: #000000;\">T\u00f6\u00f6tajate lisamine<\/span><\/a><\/li>\n<li><a href=\"https:\/\/www.erplybooks.com\/et\/tasude-liigid\/\"><span style=\"color: #000000;\">Tasude liigid<\/span><\/a><\/li>\n<li><a href=\"https:\/\/www.erplybooks.com\/et\/toolepingud\/\"><span style=\"color: #000000;\">T\u00f6\u00f6lepingud<\/span><\/a><\/li>\n<li><a href=\"https:\/\/www.erplybooks.com\/et\/palgakontod\/\"><span style=\"color: #000000;\">Palgakontod<\/span><\/a><\/li>\n<li><a href=\"https:\/\/www.erplybooks.com\/et\/palgamaksude-kontod\/\"><span style=\"color: #000000;\">Palgamaksude kontod<\/span><\/a><\/li>\n<li><a href=\"https:\/\/www.erplybooks.com\/et\/palgamaksude-erandid\/\"><span style=\"color: #000000;\">Palgamaksude erandid<\/span><\/a><\/li>\n<li><a href=\"https:\/\/www.erplybooks.com\/et\/riigipuhad\/\"><span style=\"color: #000000;\">Riigip\u00fchad<\/span><\/a><\/li>\n<li><a href=\"https:\/\/www.erplybooks.com\/et\/puudumised\/\"><span style=\"color: #000000;\">Puudumised<\/span><\/a><\/li>\n<li><a href=\"https:\/\/www.erplybooks.com\/et\/kinnipidamised\/\"><span style=\"color: #000000;\">Kinnipidamised<\/span><\/a><\/li>\n<li><a href=\"https:\/\/www.erplybooks.com\/et\/palga-arvestamine\/\"><span style=\"color: #000000;\">Palga arvestamine<\/span><\/a><\/li>\n<li><a href=\"https:\/\/www.erplybooks.com\/et\/tunnipalga-arvestamine\/\"><span style=\"color: #000000;\">Tunnipalga arvestamine<\/span><\/a><\/li>\n<li><a href=\"https:\/\/www.erplybooks.com\/et\/palgakannete-vaatamine\/\"><span style=\"color: #000000;\">Palgakannete vaatamine<\/span><\/a><\/li>\n<li><a href=\"https:\/\/www.erplybooks.com\/et\/tasude-lisamine-muutmine-ja-kustutamine\/\"><span style=\"color: #000000;\">Tasude lisamine, muutmine ja kustutamine<\/span><\/a><\/li>\n<li><a href=\"https:\/\/www.erplybooks.com\/et\/maksete-tegemine\/\"><span style=\"color: #000000;\">Maksete tegemine<\/span><\/a><\/li>\n<li><a href=\"https:\/\/www.erplybooks.com\/et\/palgateatised\/\"><span style=\"color: #000000;\">Palgateatised<\/span><\/a><\/li>\n<li><a href=\"https:\/\/www.erplybooks.com\/et\/puhkusetasu-arvestamine\/\"><span style=\"color: #000000;\">Puhkusetasu arvestamine<\/span><\/a><\/li>\n<li><a href=\"https:\/\/www.erplybooks.com\/et\/haigushuvitise-arvestus\/\"><span style=\"color: #000000;\">Haigush\u00fcvitise arvestamine<\/span><\/a><\/li>\n<li><a href=\"https:\/\/www.erplybooks.com\/et\/puhkusepaevade-jaak\/\"><span style=\"color: #000000;\">Puhkusep\u00e4evade j\u00e4\u00e4k<\/span><\/a><\/li>\n<li><a href=\"https:\/\/www.erplybooks.com\/et\/puhkusereserv\/\"><span style=\"color: #000000;\">Puhkusereserv<\/span><\/a><\/li>\n<li><a href=\"https:\/\/www.erplybooks.com\/et\/20-tootukassa-huvitis-ja-palga-kajastamine-covid-19-eriolukord\/\"><span style=\"color: #000000;\">T\u00f6\u00f6tukassa h\u00fcvitise ja palga kajastamine (Covid 19 eriolukord)<\/span><\/a><\/li>\n<li><a href=\"https:\/\/www.erplybooks.com\/et\/tsd-esitamine\/\"><span style=\"color: #000000;\">TSD esitamine<\/span><\/a><\/li>\n<\/ol>\n","protected":false},"excerpt":{"rendered":"<p>Palgamoodulit kasutama hakates kirjutage palun support@erplybooks.com aadressile, et saaksime Teie ettev\u00f5tte seadistused \u00fcle vaadata. &nbsp; Palgamooduli t\u00e4ispikk juhend &nbsp; T\u00f6\u00f6tajate lisamine Tasude liigid T\u00f6\u00f6lepingud Palgakontod Palgamaksude kontod Palgamaksude erandid Riigip\u00fchad Puudumised Kinnipidamised Palga arvestamine Tunnipalga arvestamine Palgakannete vaatamine Tasude lisamine, muutmine ja kustutamine Maksete tegemine Palgateatised Puhkusetasu arvestamine Haigush\u00fcvitise arvestamine Puhkusep\u00e4evade j\u00e4\u00e4k Puhkusereserv T\u00f6\u00f6tukassa h\u00fcvitise [&hellip;]<\/p>\n","protected":false},"author":14,"featured_media":0,"parent":0,"menu_order":0,"comment_status":"closed","ping_status":"closed","template":"","meta":{"_et_pb_use_builder":"","_et_pb_old_content":"","_et_gb_content_width":"","footnotes":""},"categories":[457],"tags":[584,147],"class_list":["post-25545","page","type-page","status-publish","hentry","category-palk","tag-moodul","tag-palk"],"_links":{"self":[{"href":"https:\/\/www.erplybooks.com\/et\/wp-json\/wp\/v2\/pages\/25545","targetHints":{"allow":["GET"]}}],"collection":[{"href":"https:\/\/www.erplybooks.com\/et\/wp-json\/wp\/v2\/pages"}],"about":[{"href":"https:\/\/www.erplybooks.com\/et\/wp-json\/wp\/v2\/types\/page"}],"author":[{"embeddable":true,"href":"https:\/\/www.erplybooks.com\/et\/wp-json\/wp\/v2\/users\/14"}],"replies":[{"embeddable":true,"href":"https:\/\/www.erplybooks.com\/et\/wp-json\/wp\/v2\/comments?post=25545"}],"version-history":[{"count":0,"href":"https:\/\/www.erplybooks.com\/et\/wp-json\/wp\/v2\/pages\/25545\/revisions"}],"wp:attachment":[{"href":"https:\/\/www.erplybooks.com\/et\/wp-json\/wp\/v2\/media?parent=25545"}],"wp:term":[{"taxonomy":"category","embeddable":true,"href":"https:\/\/www.erplybooks.com\/et\/wp-json\/wp\/v2\/categories?post=25545"},{"taxonomy":"post_tag","embeddable":true,"href":"https:\/\/www.erplybooks.com\/et\/wp-json\/wp\/v2\/tags?post=25545"}],"curies":[{"name":"wp","href":"https:\/\/api.w.org\/{rel}","templated":true}]}}