{"id":25543,"date":"2022-03-30T10:29:33","date_gmt":"2022-03-30T10:29:33","guid":{"rendered":"https:\/\/www.erplybooks.com\/?page_id=25543"},"modified":"2023-07-06T06:08:44","modified_gmt":"2023-07-06T06:08:44","slug":"20-tootukassa-huvitis-ja-palga-kajastamine-covid-19-eriolukord","status":"publish","type":"page","link":"https:\/\/www.erplybooks.com\/et\/20-tootukassa-huvitis-ja-palga-kajastamine-covid-19-eriolukord\/","title":{"rendered":"20. T\u00f6\u00f6tukassa h\u00fcvitis ja palga kajastamine (Covid 19 eriolukord)"},"content":{"rendered":"<h3>20. T\u00f6\u00f6tukassa h\u00fcvitis ja palga kajastamine (Covid 19 eriolukord)<\/h3>\n<p>Kui T\u00f6\u00f6tukassa maksab Sinu t\u00f6\u00f6tajatele h\u00fcvitist ja k\u00f5ik h\u00fcvitise tingimused on kindlalt t\u00e4idetud, siis saad brutosummad \u00fcles v\u00f5tta \u00fchelt poolt sihtfinantseerimise tuluna ja teiselt poolt palgakuluna. Selleks tuleb luua uus tasu liik. Ava\u00a0<strong>&#8220;Palk&#8221; &gt; &#8220;Palgaarvestuse reeglid&#8221; &gt; &#8220;Tasude liigid&#8221; <\/strong>ja lisa uus\u00a0tasu liik, n\u00e4iteks <strong>&#8220;T\u00f6\u00f6tukassa h\u00fcvitis&#8221;.<\/strong> Maksum\u00e4\u00e4radeks m\u00e4\u00e4ra nullid ja salvesta.<\/p>\n<p><img loading=\"lazy\" decoding=\"async\" class=\"alignnone wp-image-21157 size-full\" src=\"https:\/\/www.erplybooks.com\/wp-content\/uploads\/2021\/05\/Screen-Shot-2021-05-06-at-14.40.19-1.png\" alt=\"Palgamoodul\" width=\"935\" height=\"339\" srcset=\"https:\/\/www.erplybooks.com\/wp-content\/uploads\/2021\/05\/Screen-Shot-2021-05-06-at-14.40.19-1.png 935w, https:\/\/www.erplybooks.com\/wp-content\/uploads\/2021\/05\/Screen-Shot-2021-05-06-at-14.40.19-1-300x109.png 300w, https:\/\/www.erplybooks.com\/wp-content\/uploads\/2021\/05\/Screen-Shot-2021-05-06-at-14.40.19-1-768x278.png 768w\" sizes=\"auto, (max-width: 935px) 100vw, 935px\" \/><\/p>\n<p>&nbsp;<\/p>\n<p>Seej\u00e4rel ava\u00a0<strong>&#8220;Palk&#8221; &gt; &#8220;Palgaarvestuse reeglid&#8221; &gt; &#8220;Palgakontode erandid&#8221;\u00a0<\/strong>ja m\u00e4\u00e4ra iga t\u00f6\u00f6taja jaoks raamatupidamise kontod ning m\u00e4\u00e4ra <strong>&#8220;Palgaarvestuse reeglid&#8221;<\/strong> veergu <strong>&#8220;T\u00f6\u00f6tukassa h\u00fcvitis&#8221;.<\/strong><\/p>\n<p><img loading=\"lazy\" decoding=\"async\" class=\"alignnone wp-image-21163 size-full\" src=\"https:\/\/www.erplybooks.com\/wp-content\/uploads\/2021\/05\/Screenshot-2021-05-05-at-15.14.56.png\" alt=\"Palgamoodul\" width=\"905\" height=\"235\" srcset=\"https:\/\/www.erplybooks.com\/wp-content\/uploads\/2021\/05\/Screenshot-2021-05-05-at-15.14.56.png 905w, https:\/\/www.erplybooks.com\/wp-content\/uploads\/2021\/05\/Screenshot-2021-05-05-at-15.14.56-300x78.png 300w, https:\/\/www.erplybooks.com\/wp-content\/uploads\/2021\/05\/Screenshot-2021-05-05-at-15.14.56-768x199.png 768w\" sizes=\"auto, (max-width: 905px) 100vw, 905px\" \/><\/p>\n<p>Seej\u00e4rel tee palgaarvestus. Lisa uus rida, kuhu vali t\u00f6\u00f6taja, tasu liigiks <strong>&#8220;T\u00f6\u00f6tukassa h\u00fcvitis&#8221;, <\/strong> sisesta h\u00fcvitise bruto summa ning vajuta<strong> &#8220;Arvuta maksud&#8221;<\/strong> nuppu. Palgamaksusid sellelt tasu liigilt ei arvestata ja need peavad olema nullid. Vajuta\u00a0<strong>&#8220;Salvesta&#8221;<\/strong> nuppu ja raamatupidamisse koostatakse j\u00e4rgnev kanne:<\/p>\n<p>D: Palgakulu<br \/>\nK: Muud \u00e4ritulud (tulu sihtfinantseerimisest)<\/p>\n","protected":false},"excerpt":{"rendered":"<p>20. T\u00f6\u00f6tukassa h\u00fcvitis ja palga kajastamine (Covid 19 eriolukord) Kui T\u00f6\u00f6tukassa maksab Sinu t\u00f6\u00f6tajatele h\u00fcvitist ja k\u00f5ik h\u00fcvitise tingimused on kindlalt t\u00e4idetud, siis saad brutosummad \u00fcles v\u00f5tta \u00fchelt poolt sihtfinantseerimise tuluna ja teiselt poolt palgakuluna. Selleks tuleb luua uus tasu liik. Ava\u00a0&#8220;Palk&#8221; &gt; &#8220;Palgaarvestuse reeglid&#8221; &gt; &#8220;Tasude liigid&#8221; ja lisa uus\u00a0tasu liik, n\u00e4iteks &#8220;T\u00f6\u00f6tukassa h\u00fcvitis&#8221;. [&hellip;]<\/p>\n","protected":false},"author":14,"featured_media":0,"parent":0,"menu_order":4,"comment_status":"closed","ping_status":"closed","template":"","meta":{"_et_pb_use_builder":"","_et_pb_old_content":"","_et_gb_content_width":"","footnotes":""},"categories":[457],"tags":[907,906,828,867,147,905],"class_list":["post-25543","page","type-page","status-publish","hentry","category-palk","tag-covid","tag-covid-19","tag-huvitis","tag-kajastamine","tag-palk","tag-tootukassa"],"_links":{"self":[{"href":"https:\/\/www.erplybooks.com\/et\/wp-json\/wp\/v2\/pages\/25543","targetHints":{"allow":["GET"]}}],"collection":[{"href":"https:\/\/www.erplybooks.com\/et\/wp-json\/wp\/v2\/pages"}],"about":[{"href":"https:\/\/www.erplybooks.com\/et\/wp-json\/wp\/v2\/types\/page"}],"author":[{"embeddable":true,"href":"https:\/\/www.erplybooks.com\/et\/wp-json\/wp\/v2\/users\/14"}],"replies":[{"embeddable":true,"href":"https:\/\/www.erplybooks.com\/et\/wp-json\/wp\/v2\/comments?post=25543"}],"version-history":[{"count":0,"href":"https:\/\/www.erplybooks.com\/et\/wp-json\/wp\/v2\/pages\/25543\/revisions"}],"wp:attachment":[{"href":"https:\/\/www.erplybooks.com\/et\/wp-json\/wp\/v2\/media?parent=25543"}],"wp:term":[{"taxonomy":"category","embeddable":true,"href":"https:\/\/www.erplybooks.com\/et\/wp-json\/wp\/v2\/categories?post=25543"},{"taxonomy":"post_tag","embeddable":true,"href":"https:\/\/www.erplybooks.com\/et\/wp-json\/wp\/v2\/tags?post=25543"}],"curies":[{"name":"wp","href":"https:\/\/api.w.org\/{rel}","templated":true}]}}