{"id":25540,"date":"2022-03-30T10:26:28","date_gmt":"2022-03-30T10:26:28","guid":{"rendered":"https:\/\/www.erplybooks.com\/?page_id=25540"},"modified":"2023-07-05T17:48:52","modified_gmt":"2023-07-05T17:48:52","slug":"puhkusepaevade-jaak","status":"publish","type":"page","link":"https:\/\/www.erplybooks.com\/et\/puhkusepaevade-jaak\/","title":{"rendered":"Puhkusep\u00e4evade j\u00e4\u00e4k"},"content":{"rendered":"<h3>18. <span style=\"font-weight: 400;\">Puhkusep\u00e4evade j\u00e4\u00e4k<\/span><\/h3>\n<p><span style=\"font-weight: 400;\">Puhkusep\u00e4evade j\u00e4\u00e4ki n\u00e4eb palgaraportist, kui valid <\/span><b>\u201cKuni\u201d <\/b><span style=\"font-weight: 400;\">kuup\u00e4eva ja vajutad <\/span><b>\u201cOtsi\u201d<\/b><span style=\"font-weight: 400;\"> nuppu. Kasutamata puhkusep\u00e4evade andmed kuvatakse veerus <\/span><b>\u201cPuhkusej\u00e4\u00e4k\u201d<\/b><span style=\"font-weight: 400;\">.<\/span><\/p>\n<p><span style=\"font-weight: 400;\">Puhkusej\u00e4\u00e4k arvutatakse Puudumiste moodulisse sisestatud andmete alusel. <\/span><b>\u00a0<\/b><span style=\"font-weight: 400;\">Ava <\/span><b>\u201cPalk\u201d &gt; \u201dT\u00f6\u00f6ajad\u201d &gt; \u201cPuudumised\u201d. <\/b><span style=\"font-weight: 400;\">Andmed tuleb t\u00e4ita j\u00e4rgnevalt.<\/span><\/p>\n<p><strong>1. Lisa igale t\u00f6\u00f6tajale kogutud puhkuse p\u00e4evad<\/strong><\/p>\n<p><span style=\"font-weight: 400;\">Kui t\u00f6\u00f6tajal on ERPLY Booksi palgamooduli kasutamise alustamise hetkeks kogunenud puhkusep\u00e4evad, siis sisesta p\u00e4evade arv.\u00a0<\/span><\/p>\n<p><img loading=\"lazy\" decoding=\"async\" class=\"alignnone wp-image-24452\" src=\"https:\/\/www.erplybooks.com\/wp-content\/uploads\/2021\/11\/Screenshot-2021-11-29-at-14.26.34.png\" alt=\"\" width=\"728\" height=\"49\" \/><\/p>\n<p><span style=\"font-weight: 400;\">Uue t\u00f6\u00f6taja puhul lisa kogutud puhkuse p\u00e4evadeks null.<\/span><\/p>\n<p><img loading=\"lazy\" decoding=\"async\" class=\"alignnone wp-image-24464\" src=\"https:\/\/www.erplybooks.com\/wp-content\/uploads\/2021\/11\/Screenshot-2021-11-29-at-14.27.45-1.png\" alt=\"\" width=\"720\" height=\"23\" \/><\/p>\n<p><strong>2. Lisa igale t\u00f6\u00f6tajale puhkused algus- ja l\u00f5pukuup\u00e4evadega.<\/strong><\/p>\n<p><span style=\"font-weight: 400;\">Nende andmete alusel arvutatakse palgaraportis puhkusej\u00e4\u00e4gi arv.<\/span><\/p>\n<p>&nbsp;<\/p>\n","protected":false},"excerpt":{"rendered":"<p>18. Puhkusep\u00e4evade j\u00e4\u00e4k Puhkusep\u00e4evade j\u00e4\u00e4ki n\u00e4eb palgaraportist, kui valid \u201cKuni\u201d kuup\u00e4eva ja vajutad \u201cOtsi\u201d nuppu. Kasutamata puhkusep\u00e4evade andmed kuvatakse veerus \u201cPuhkusej\u00e4\u00e4k\u201d. Puhkusej\u00e4\u00e4k arvutatakse Puudumiste moodulisse sisestatud andmete alusel. \u00a0Ava \u201cPalk\u201d &gt; \u201dT\u00f6\u00f6ajad\u201d &gt; \u201cPuudumised\u201d. Andmed tuleb t\u00e4ita j\u00e4rgnevalt. 1. Lisa igale t\u00f6\u00f6tajale kogutud puhkuse p\u00e4evad Kui t\u00f6\u00f6tajal on ERPLY Booksi palgamooduli kasutamise alustamise hetkeks kogunenud [&hellip;]<\/p>\n","protected":false},"author":14,"featured_media":0,"parent":0,"menu_order":0,"comment_status":"closed","ping_status":"closed","template":"","meta":{"_et_pb_use_builder":"","_et_pb_old_content":"","_et_gb_content_width":"","footnotes":""},"categories":[457],"tags":[875,874],"class_list":["post-25540","page","type-page","status-publish","hentry","category-palk","tag-jaak","tag-puhukusepaevad"],"_links":{"self":[{"href":"https:\/\/www.erplybooks.com\/et\/wp-json\/wp\/v2\/pages\/25540","targetHints":{"allow":["GET"]}}],"collection":[{"href":"https:\/\/www.erplybooks.com\/et\/wp-json\/wp\/v2\/pages"}],"about":[{"href":"https:\/\/www.erplybooks.com\/et\/wp-json\/wp\/v2\/types\/page"}],"author":[{"embeddable":true,"href":"https:\/\/www.erplybooks.com\/et\/wp-json\/wp\/v2\/users\/14"}],"replies":[{"embeddable":true,"href":"https:\/\/www.erplybooks.com\/et\/wp-json\/wp\/v2\/comments?post=25540"}],"version-history":[{"count":0,"href":"https:\/\/www.erplybooks.com\/et\/wp-json\/wp\/v2\/pages\/25540\/revisions"}],"wp:attachment":[{"href":"https:\/\/www.erplybooks.com\/et\/wp-json\/wp\/v2\/media?parent=25540"}],"wp:term":[{"taxonomy":"category","embeddable":true,"href":"https:\/\/www.erplybooks.com\/et\/wp-json\/wp\/v2\/categories?post=25540"},{"taxonomy":"post_tag","embeddable":true,"href":"https:\/\/www.erplybooks.com\/et\/wp-json\/wp\/v2\/tags?post=25540"}],"curies":[{"name":"wp","href":"https:\/\/api.w.org\/{rel}","templated":true}]}}