{"id":25531,"date":"2022-03-30T09:28:34","date_gmt":"2022-03-30T09:28:34","guid":{"rendered":"https:\/\/www.erplybooks.com\/?page_id=25531"},"modified":"2023-07-05T17:49:46","modified_gmt":"2023-07-05T17:49:46","slug":"puhkusetasu-arvestamine","status":"publish","type":"page","link":"https:\/\/www.erplybooks.com\/et\/puhkusetasu-arvestamine\/","title":{"rendered":"Puhkusetasu arvestamine"},"content":{"rendered":"<h3>16. Puhkusetasu arvestamine<\/h3>\n<p>Kirjuta pealehe otsingukasti <strong>&#8220;Palga puudumiste reeglid&#8221;<\/strong>. Siin moodulis saab m\u00e4\u00e4rata puhkusetasu arvestamise meetodi, kuidas arvestatakse kalendrip\u00e4evatasu. Puhkuste kalendrip\u00e4evatasu arvestamisel ei v\u00f5eta arvesse riigip\u00fchasid. Lisa uus rida (+Lisa) ja vali palgaliigiks <strong>&#8220;Puhkusetasu&#8221; , <\/strong>t\u00fc\u00fcbiks vali <strong>&#8220;6 kuud p\u00e4evakeskmine&#8221;\u00a0<\/strong>ja salvesta.<\/p>\n<p><img loading=\"lazy\" decoding=\"async\" class=\"alignnone wp-image-23634\" src=\"https:\/\/www.erplybooks.com\/wp-content\/uploads\/2021\/08\/Screenshot-2021-08-26-at-16.16.18.png\" alt=\"\" width=\"700\" height=\"164\" \/><\/p>\n<p>N\u00fc\u00fcd sisesta t\u00f6\u00f6taja puhkuse perioodid. Ava <strong>&#8220;Palk&#8221; &gt; &#8220;T\u00f6\u00f6ajad&#8221; &gt; &#8220;Puudumised&#8221;<\/strong> .Vali t\u00f6\u00f6taja, puhkuse algus- ja l\u00f5pukuup\u00e4ev, puudumise t\u00fc\u00fcbiks <strong>&#8220;Puhkus&#8221;\u00a0<\/strong>ja palgaliigiks <strong>&#8220;Puhkusetasu&#8221;<\/strong> ning salvesta.<\/p>\n<p><img loading=\"lazy\" decoding=\"async\" class=\"alignnone size-full wp-image-23610\" src=\"https:\/\/www.erplybooks.com\/wp-content\/uploads\/2021\/08\/Screenshot-2021-08-26-at-12.44.19.png\" alt=\"\" width=\"2234\" height=\"520\" srcset=\"https:\/\/www.erplybooks.com\/wp-content\/uploads\/2021\/08\/Screenshot-2021-08-26-at-12.44.19.png 2234w, https:\/\/www.erplybooks.com\/wp-content\/uploads\/2021\/08\/Screenshot-2021-08-26-at-12.44.19-1280x298.png 1280w, https:\/\/www.erplybooks.com\/wp-content\/uploads\/2021\/08\/Screenshot-2021-08-26-at-12.44.19-980x228.png 980w, https:\/\/www.erplybooks.com\/wp-content\/uploads\/2021\/08\/Screenshot-2021-08-26-at-12.44.19-480x112.png 480w\" sizes=\"auto, (min-width: 0px) and (max-width: 480px) 480px, (min-width: 481px) and (max-width: 980px) 980px, (min-width: 981px) and (max-width: 1280px) 1280px, (min-width: 1281px) 2234px, 100vw\" \/><\/p>\n<p>J\u00e4rgnevalt saad t\u00f6\u00f6tajale puhkusetasu arvestada. Selleks ava <strong>&#8220;Palk&#8221; &gt; &#8220;Palgaraport&#8221;.\u00a0<\/strong> Vali t\u00f6\u00f6taja ning vajuta alamen\u00fc\u00fcst <strong>&#8220;Arvesta palgad&#8221;<\/strong> nuppu. Avanenud aknas vali periood, kande kuup\u00e4ev ja makse kuup\u00e4ev ning vajuta <strong>&#8220;Otsi&#8221;<\/strong> nuppu.<\/p>\n<p><img loading=\"lazy\" decoding=\"async\" class=\"alignnone size-full wp-image-23616\" src=\"https:\/\/www.erplybooks.com\/wp-content\/uploads\/2021\/08\/Screenshot-2021-08-26-at-13.05.38.png\" alt=\"\" width=\"2806\" height=\"1478\" srcset=\"https:\/\/www.erplybooks.com\/wp-content\/uploads\/2021\/08\/Screenshot-2021-08-26-at-13.05.38.png 2806w, https:\/\/www.erplybooks.com\/wp-content\/uploads\/2021\/08\/Screenshot-2021-08-26-at-13.05.38-1280x674.png 1280w, https:\/\/www.erplybooks.com\/wp-content\/uploads\/2021\/08\/Screenshot-2021-08-26-at-13.05.38-980x516.png 980w, https:\/\/www.erplybooks.com\/wp-content\/uploads\/2021\/08\/Screenshot-2021-08-26-at-13.05.38-480x253.png 480w\" sizes=\"auto, (min-width: 0px) and (max-width: 480px) 480px, (min-width: 481px) and (max-width: 980px) 980px, (min-width: 981px) and (max-width: 1280px) 1280px, (min-width: 1281px) 2806px, 100vw\" \/><\/p>\n<p>&nbsp;<\/p>\n<p>Seej\u00e4rel kuvatakse valitud perioodi kohta t\u00f6\u00f6tajale arvestatud tasude arvestus (sh t\u00f6\u00f6tasu). Kui t\u00f6\u00f6tasu makstakse kuu l\u00f5pus ja Sa ei soovi veel seda v\u00e4lja maksta, siis vajuta t\u00f6\u00f6tasu reale ning kustuta see rida, vajutades alamen\u00fc\u00fcst punast kustutamise nuppu.<\/p>\n<p>Kirjuta puhkusetasu arvestamise reale puhkusep\u00e4evade arv (p\u00e4evade lahtrisse). Programm arvutab selle j\u00e4rgi bruto puhkusetasu. All paremas nurgas ilmuvad puhkusetasu arvestuse baasandmed eelneva 6 kuu kohta. Kui oled arvestuse \u00fcle kontrollinud, vajuta <strong>&#8220;Arvuta maksud&#8221;<\/strong> nuppu, et programm teeks \u00f5ige maksuarvestuse ja seej\u00e4rel <strong>&#8220;Salvesta&#8221;<\/strong> nuppu, millega tehakse programmi kanded.<\/p>\n<p><img loading=\"lazy\" decoding=\"async\" class=\"alignnone wp-image-23628 size-full\" src=\"https:\/\/www.erplybooks.com\/wp-content\/uploads\/2021\/08\/Screenshot-2021-08-26-at-15.25.38.png\" alt=\"\" width=\"2860\" height=\"1474\" srcset=\"https:\/\/www.erplybooks.com\/wp-content\/uploads\/2021\/08\/Screenshot-2021-08-26-at-15.25.38.png 2860w, https:\/\/www.erplybooks.com\/wp-content\/uploads\/2021\/08\/Screenshot-2021-08-26-at-15.25.38-1280x660.png 1280w, https:\/\/www.erplybooks.com\/wp-content\/uploads\/2021\/08\/Screenshot-2021-08-26-at-15.25.38-980x505.png 980w, https:\/\/www.erplybooks.com\/wp-content\/uploads\/2021\/08\/Screenshot-2021-08-26-at-15.25.38-480x247.png 480w\" sizes=\"auto, (min-width: 0px) and (max-width: 480px) 480px, (min-width: 481px) and (max-width: 980px) 980px, (min-width: 981px) and (max-width: 1280px) 1280px, (min-width: 1281px) 2860px, 100vw\" \/><\/p>\n<p>&nbsp;<\/p>\n<p><strong>NB!<\/strong> Kui palgad on arvestatud eelmise kuu eest ja v\u00e4lja makstud samal arvestuskuul, kus puhkusetasu arvustad, siis ava <strong>&#8220;Palk&#8221; &gt; &#8220;Palgaraport&#8221;<\/strong> ja toimi j\u00e4rgnevalt:<\/p>\n<ul>\n<li>vali t\u00f6\u00f6taja<\/li>\n<li><strong>&#8220;Alates&#8221; <\/strong>ja<strong> &#8220;Kuni&#8221;<\/strong> kuup\u00e4evad tee t\u00fchjaks<\/li>\n<li><strong>&#8220;Makse kuup\u00e4ev- Alates&#8221;<\/strong> ja <strong>&#8220;Makse kuup\u00e4ev &#8211; Kuni&#8221;<\/strong> &#8211; vali k\u00e4esolev kuu, milles haigush\u00fcvitist arvestad (pildil 01.08-31.08)<\/li>\n<li>vajuta <strong>&#8220;Otsi&#8221;<\/strong> nuppu<\/li>\n<li>vajuta <strong>&#8220;Muuda&#8221;<\/strong> nuppu<\/li>\n<\/ul>\n<p><img loading=\"lazy\" decoding=\"async\" class=\"alignnone wp-image-24947 size-full\" src=\"https:\/\/www.erplybooks.com\/wp-content\/uploads\/2022\/03\/Screenshot-2021-08-27-at-11.19.20.png\" alt=\"\" width=\"2872\" height=\"1484\" srcset=\"https:\/\/www.erplybooks.com\/wp-content\/uploads\/2022\/03\/Screenshot-2021-08-27-at-11.19.20.png 2872w, https:\/\/www.erplybooks.com\/wp-content\/uploads\/2022\/03\/Screenshot-2021-08-27-at-11.19.20-1280x661.png 1280w, https:\/\/www.erplybooks.com\/wp-content\/uploads\/2022\/03\/Screenshot-2021-08-27-at-11.19.20-980x506.png 980w, https:\/\/www.erplybooks.com\/wp-content\/uploads\/2022\/03\/Screenshot-2021-08-27-at-11.19.20-480x248.png 480w\" sizes=\"auto, (min-width: 0px) and (max-width: 480px) 480px, (min-width: 481px) and (max-width: 980px) 980px, (min-width: 981px) and (max-width: 1280px) 1280px, (min-width: 1281px) 2872px, 100vw\" \/><\/p>\n<p>J\u00e4rgmises aknas kuvatakse eelmise kuu palgaarvestus, mis on jooksval kuu alguses v\u00e4lja makstud. See on oluline, et maksuarvestus tuleks korrektne, kuna maksuarvestus k\u00e4ib v\u00e4ljamakse kuu p\u00f5hiselt. Lisa uus rida puhkusetasu kohta, vali kuup\u00e4evad\u00a0 ja sisesta puhkuse p\u00e4evade arv. Vajuta <strong>&#8220;Arvuta maksud&#8221;\u00a0<\/strong>nuppu ja seej\u00e4rel salvesta.<\/p>\n<p><img loading=\"lazy\" decoding=\"async\" class=\"alignnone size-full wp-image-23676\" src=\"https:\/\/www.erplybooks.com\/wp-content\/uploads\/2021\/08\/Screenshot-2021-08-27-at-11.19.04.png\" alt=\"\" width=\"2880\" height=\"1482\" srcset=\"https:\/\/www.erplybooks.com\/wp-content\/uploads\/2021\/08\/Screenshot-2021-08-27-at-11.19.04.png 2880w, https:\/\/www.erplybooks.com\/wp-content\/uploads\/2021\/08\/Screenshot-2021-08-27-at-11.19.04-1280x659.png 1280w, https:\/\/www.erplybooks.com\/wp-content\/uploads\/2021\/08\/Screenshot-2021-08-27-at-11.19.04-980x504.png 980w, https:\/\/www.erplybooks.com\/wp-content\/uploads\/2021\/08\/Screenshot-2021-08-27-at-11.19.04-480x247.png 480w\" sizes=\"auto, (min-width: 0px) and (max-width: 480px) 480px, (min-width: 481px) and (max-width: 980px) 980px, (min-width: 981px) and (max-width: 1280px) 1280px, (min-width: 1281px) 2880px, 100vw\" \/><\/p>\n<p>&nbsp;<\/p>\n","protected":false},"excerpt":{"rendered":"<p>16. Puhkusetasu arvestamine Kirjuta pealehe otsingukasti &#8220;Palga puudumiste reeglid&#8221;. Siin moodulis saab m\u00e4\u00e4rata puhkusetasu arvestamise meetodi, kuidas arvestatakse kalendrip\u00e4evatasu. Puhkuste kalendrip\u00e4evatasu arvestamisel ei v\u00f5eta arvesse riigip\u00fchasid. Lisa uus rida (+Lisa) ja vali palgaliigiks &#8220;Puhkusetasu&#8221; , t\u00fc\u00fcbiks vali &#8220;6 kuud p\u00e4evakeskmine&#8221;\u00a0ja salvesta. N\u00fc\u00fcd sisesta t\u00f6\u00f6taja puhkuse perioodid. Ava &#8220;Palk&#8221; &gt; &#8220;T\u00f6\u00f6ajad&#8221; &gt; &#8220;Puudumised&#8221; .Vali t\u00f6\u00f6taja, puhkuse [&hellip;]<\/p>\n","protected":false},"author":14,"featured_media":0,"parent":0,"menu_order":0,"comment_status":"closed","ping_status":"closed","template":"","meta":{"_et_pb_use_builder":"","_et_pb_old_content":"","_et_gb_content_width":"","footnotes":""},"categories":[457],"tags":[876,878,879],"class_list":["post-25531","page","type-page","status-publish","hentry","category-palk","tag-puhkus","tag-puhkusetasu","tag-tasu"],"_links":{"self":[{"href":"https:\/\/www.erplybooks.com\/et\/wp-json\/wp\/v2\/pages\/25531","targetHints":{"allow":["GET"]}}],"collection":[{"href":"https:\/\/www.erplybooks.com\/et\/wp-json\/wp\/v2\/pages"}],"about":[{"href":"https:\/\/www.erplybooks.com\/et\/wp-json\/wp\/v2\/types\/page"}],"author":[{"embeddable":true,"href":"https:\/\/www.erplybooks.com\/et\/wp-json\/wp\/v2\/users\/14"}],"replies":[{"embeddable":true,"href":"https:\/\/www.erplybooks.com\/et\/wp-json\/wp\/v2\/comments?post=25531"}],"version-history":[{"count":0,"href":"https:\/\/www.erplybooks.com\/et\/wp-json\/wp\/v2\/pages\/25531\/revisions"}],"wp:attachment":[{"href":"https:\/\/www.erplybooks.com\/et\/wp-json\/wp\/v2\/media?parent=25531"}],"wp:term":[{"taxonomy":"category","embeddable":true,"href":"https:\/\/www.erplybooks.com\/et\/wp-json\/wp\/v2\/categories?post=25531"},{"taxonomy":"post_tag","embeddable":true,"href":"https:\/\/www.erplybooks.com\/et\/wp-json\/wp\/v2\/tags?post=25531"}],"curies":[{"name":"wp","href":"https:\/\/api.w.org\/{rel}","templated":true}]}}